{"id":1169996,"date":"2024-08-02T07:13:38","date_gmt":"2024-08-02T06:13:38","guid":{"rendered":"https:\/\/positiveprints.com\/?post_type=product&#038;p=1169996"},"modified":"2026-04-18T03:27:41","modified_gmt":"2026-04-18T02:27:41","slug":"luna-speciale-di-papa-con-foto","status":"publish","type":"product","link":"https:\/\/positiveprints.com\/it\/prodotto\/luna-speciale-di-papa-con-foto\/","title":{"rendered":"Luna Speciale di Pap\u00e0 con Foto"},"content":{"rendered":"<p>Cerchi un regalo speciale che toccher\u00e0 il cuore di Pap\u00e0? La Luna Speciale di Pap\u00e0 con Foto \u00e8 una stampa o tela personalizzata che combina la magia delle fasi lunari con la tua foto preferita. Questa opera d&#8217;arte unica presenta una fase lunare del giorno in cui un figlio o una figlia \u00e8 nato, insieme a una foto preziosa di Pap\u00e0 e figlio. \u00c8 il modo perfetto per celebrare quei momenti indimenticabili e mostrare a Pap\u00e0 quanto significhi per te.<\/p>\r\n\r\n<h2>Luna Speciale di Pap\u00e0 con Foto<\/h2>\r\n\r\n<p>&#8220;Luna Speciale di Pap\u00e0 con Foto&#8221; \u00e8 una bellissima opera d&#8217;arte personalizzata che mette in mostra una fase lunare e una foto personale. Per creare questo ricordo sentimentale, visita semplicemente il nostro editor online. Inizia selezionando uno sfondo. Scegli tra le opzioni predefinite o crea la tua combinazione di colori. Successivamente, aggiungi un titolo alla tua opera \u2013 un messaggio speciale o un sentimento che sar\u00e0 mostrato sopra la luna e la foto.<\/p>\r\n\r\n<p>Dopo aver impostato il titolo, inserisci la data e il luogo per visualizzare la fase lunare del giorno in cui \u00e8 nato tuo figlio. Sotto la luna e la foto, puoi aggiungere nomi o qualsiasi altro testo che preferisci per renderlo ancora pi\u00f9 personale. Infine, scegli il formato della tua opera. Offriamo varie dimensioni e stili, inclusi stampe poster stampate o incorniciate, tele e download digitali istantanei.<\/p>\r\n\r\n<h2>Perch\u00e9 Luna Speciale di Pap\u00e0 con Foto \u00e8 il Regalo Perfetto<\/h2>\r\n\r\n<p>Trovare un regalo significativo per Pap\u00e0 pu\u00f2 essere una sfida, ma Luna Speciale di Pap\u00e0 con Foto \u00e8 la soluzione perfetta. Questa opera d&#8217;arte non \u00e8 solo un piacere visivo. \u00c8 un ricordo sentimentale del giorno in cui \u00e8 diventato padre. Ideale per compleanni, Festa del Pap\u00e0 o qualsiasi occasione speciale, questo regalo mostra a Pap\u00e0 quanto quei momenti significano per te.<\/p>\r\n<p>La natura personalizzata di questa opera garantisce che ogni pezzo sia unico. Ogni volta che Pap\u00e0 la vedr\u00e0, gli ricorder\u00e0 l&#8217;amore e la gioia che suo figlio porta nella sua vita. \u00c8 un regalo che porta un significato profondo e che sicuramente diventer\u00e0 una parte preziosa della tua casa.<\/p>\r\n\r\n<h2>Inizia a Personalizzare il Tuo Regalo Oggi<\/h2>\r\n\r\n<p>Pronto a creare un regalo memorabile e toccante per Pap\u00e0? Inizia a personalizzare oggi stesso la tua opera d&#8217;arte Luna Speciale di Pap\u00e0 con Foto.<\/p>\r\n\r\n<p>Non aspettare \u2013 trasforma quei momenti speciali in un\u2019opera d&#8217;arte straordinaria che Pap\u00e0 conserver\u00e0 per sempre. Ordina ora la tua Luna Speciale di Pap\u00e0 con Foto personalizzata e regala un dono davvero fuori dal comune.<\/p>","protected":false},"excerpt":{"rendered":"<ul class=\"check-list\">\n<li>Ricorda un momento speciale con una stampa della fase lunare della tua data e luogo<\/li>\n<li>Personalizza in 3 semplici passaggi<\/li>\n<li>Scegli tra una gamma di design straordinari<\/li>\n<li>Includi un testo personalizzato significativo<\/li>\n<li>Anteprima del tuo design ad ogni passaggio<\/li>\n<\/ul>\n","protected":false},"featured_media":1175636,"template":"","meta":[],"product_brand":[],"product_cat":[11125,4449,7338,5269,11421,7976],"product_tag":[8554,12599,9797,13631,11761],"class_list":{"0":"post-1169996","1":"product","2":"type-product","3":"status-publish","4":"has-post-thumbnail","6":"product_cat-doppia-luna","7":"product_cat-tutti-i-prodotti","8":"product_cat-regali-per-la-festa-del-papa","9":"product_cat-regali-di-natale","10":"product_cat-regali-di-natale-per-papa","11":"product_cat-regali-per-il-papa","12":"product_tag-father-it","13":"product_tag-festa-del-papa","14":"product_tag-luna","15":"product_tag-moon-phase-it","16":"product_tag-regali-di-natale-per-papa","18":"first","19":"instock","20":"sale","21":"taxable","22":"shipping-taxable","23":"purchasable","24":"product-type-variable"},"yoast_head":"<!-- This site is optimized with the Yoast SEO Premium plugin v27.2 (Yoast SEO v27.2) - https:\/\/yoast.com\/product\/yoast-seo-premium-wordpress\/ -->\n<title>Luna Speciale di Pap\u00e0 con Foto - Positive Prints<\/title>\n<meta name=\"description\" content=\"Pronto a creare un regalo memorabile e toccante per Pap\u00e0? Inizia a personalizzare la tua opera d&#039;arte Luna Speciale di Pap\u00e0 con Foto oggi stesso.\" \/>\n<meta name=\"robots\" content=\"index, follow, max-snippet:-1, max-image-preview:large, max-video-preview:-1\" \/>\n<link rel=\"canonical\" href=\"https:\/\/positiveprints.com\/it\/prodotto\/luna-speciale-di-papa-con-foto\/\" \/>\n<meta property=\"og:locale\" content=\"it_IT\" \/>\n<meta property=\"og:type\" content=\"article\" \/>\n<meta property=\"og:title\" content=\"Luna Speciale di Pap\u00e0 con Foto\" \/>\n<meta property=\"og:description\" content=\"Ricorda un momento speciale con una stampa della fase lunare della tua data e luogo Personalizza in 3 semplici passaggi Scegli tra una gamma di design straordinari Includi un testo personalizzato significativo Anteprima del tuo design ad ogni passaggio\" \/>\n<meta property=\"og:url\" content=\"https:\/\/positiveprints.com\/it\/prodotto\/luna-speciale-di-papa-con-foto\/\" \/>\n<meta property=\"og:site_name\" content=\"Positive Prints\" \/>\n<meta property=\"article:publisher\" content=\"https:\/\/www.facebook.com\/positiveprintscom\" \/>\n<meta property=\"article:modified_time\" content=\"2026-04-18T02:27:41+00:00\" \/>\n<meta property=\"og:image\" content=\"https:\/\/positiveprints.com\/wp-content\/uploads\/2024\/08\/Luna-Speciale-di-Papa\u0300-con-Foto.jpg\" \/>\n\t<meta property=\"og:image:width\" content=\"1080\" \/>\n\t<meta property=\"og:image:height\" content=\"1080\" \/>\n\t<meta property=\"og:image:type\" content=\"image\/jpeg\" \/>\n<meta name=\"twitter:card\" content=\"summary_large_image\" \/>\n<!-- \/ Yoast SEO Premium plugin. -->","yoast_head_json":{"title":"Luna Speciale di Pap\u00e0 con Foto - Positive Prints","description":"Pronto a creare un regalo memorabile e toccante per Pap\u00e0? Inizia a personalizzare la tua opera d'arte Luna Speciale di Pap\u00e0 con Foto oggi stesso.","robots":{"index":"index","follow":"follow","max-snippet":"max-snippet:-1","max-image-preview":"max-image-preview:large","max-video-preview":"max-video-preview:-1"},"canonical":"https:\/\/positiveprints.com\/it\/prodotto\/luna-speciale-di-papa-con-foto\/","og_locale":"it_IT","og_type":"article","og_title":"Luna Speciale di Pap\u00e0 con Foto","og_description":"Ricorda un momento speciale con una stampa della fase lunare della tua data e luogo Personalizza in 3 semplici passaggi Scegli tra una gamma di design straordinari Includi un testo personalizzato significativo Anteprima del tuo design ad ogni passaggio","og_url":"https:\/\/positiveprints.com\/it\/prodotto\/luna-speciale-di-papa-con-foto\/","og_site_name":"Positive Prints","article_publisher":"https:\/\/www.facebook.com\/positiveprintscom","article_modified_time":"2026-04-18T02:27:41+00:00","og_image":[{"width":1080,"height":1080,"url":"https:\/\/positiveprints.com\/wp-content\/uploads\/2024\/08\/Luna-Speciale-di-Papa\u0300-con-Foto.jpg","type":"image\/jpeg"}],"twitter_card":"summary_large_image","schema":{"@context":"https:\/\/schema.org","@graph":[{"@type":["WebPage","ItemPage"],"@id":"https:\/\/positiveprints.com\/it\/prodotto\/luna-speciale-di-papa-con-foto\/","url":"https:\/\/positiveprints.com\/it\/prodotto\/luna-speciale-di-papa-con-foto\/","name":"Luna Speciale di Pap\u00e0 con Foto - Positive Prints","isPartOf":{"@id":"https:\/\/positiveprints.com\/it\/#website"},"primaryImageOfPage":{"@id":"https:\/\/positiveprints.com\/it\/prodotto\/luna-speciale-di-papa-con-foto\/#primaryimage"},"image":{"@id":"https:\/\/positiveprints.com\/it\/prodotto\/luna-speciale-di-papa-con-foto\/#primaryimage"},"thumbnailUrl":"https:\/\/positiveprints.com\/wp-content\/uploads\/2024\/08\/Luna-Speciale-di-Papa\u0300-con-Foto.jpg","datePublished":"2024-08-02T06:13:38+00:00","dateModified":"2026-04-18T02:27:41+00:00","description":"Pronto a creare un regalo memorabile e toccante per Pap\u00e0? Inizia a personalizzare la tua opera d'arte Luna Speciale di Pap\u00e0 con Foto oggi stesso.","breadcrumb":{"@id":"https:\/\/positiveprints.com\/it\/prodotto\/luna-speciale-di-papa-con-foto\/#breadcrumb"},"inLanguage":"it-IT","potentialAction":[{"@type":"ReadAction","target":["https:\/\/positiveprints.com\/it\/prodotto\/luna-speciale-di-papa-con-foto\/"]}]},{"@type":"ImageObject","inLanguage":"it-IT","@id":"https:\/\/positiveprints.com\/it\/prodotto\/luna-speciale-di-papa-con-foto\/#primaryimage","url":"https:\/\/positiveprints.com\/wp-content\/uploads\/2024\/08\/Luna-Speciale-di-Papa\u0300-con-Foto.jpg","contentUrl":"https:\/\/positiveprints.com\/wp-content\/uploads\/2024\/08\/Luna-Speciale-di-Papa\u0300-con-Foto.jpg","width":1080,"height":1080},{"@type":"BreadcrumbList","@id":"https:\/\/positiveprints.com\/it\/prodotto\/luna-speciale-di-papa-con-foto\/#breadcrumb","itemListElement":[{"@type":"ListItem","position":1,"name":"Home","item":"https:\/\/positiveprints.com\/it\/"},{"@type":"ListItem","position":2,"name":"Prodotti","item":"https:\/\/positiveprints.com\/it\/shop\/"},{"@type":"ListItem","position":3,"name":"Luna Speciale di Pap\u00e0 con Foto"}]},{"@type":"WebSite","@id":"https:\/\/positiveprints.com\/it\/#website","url":"https:\/\/positiveprints.com\/it\/","name":"Positive Prints","description":"Amazing Custom Personalized Gifts","publisher":{"@id":"https:\/\/positiveprints.com\/it\/#organization"},"potentialAction":[{"@type":"SearchAction","target":{"@type":"EntryPoint","urlTemplate":"https:\/\/positiveprints.com\/it\/?s={search_term_string}"},"query-input":{"@type":"PropertyValueSpecification","valueRequired":true,"valueName":"search_term_string"}}],"inLanguage":"it-IT"},{"@type":"Organization","@id":"https:\/\/positiveprints.com\/it\/#organization","name":"Positive Prints","alternateName":"Positive Prints","url":"https:\/\/positiveprints.com\/it\/","logo":{"@type":"ImageObject","inLanguage":"it-IT","@id":"https:\/\/positiveprints.com\/it\/#\/schema\/logo\/image\/","url":"https:\/\/positiveprints.com\/wp-content\/uploads\/2026\/03\/245815646_1337939713319158_5671353136411139666_n.png","contentUrl":"https:\/\/positiveprints.com\/wp-content\/uploads\/2026\/03\/245815646_1337939713319158_5671353136411139666_n.png","width":800,"height":800,"caption":"Positive Prints"},"image":{"@id":"https:\/\/positiveprints.com\/it\/#\/schema\/logo\/image\/"},"sameAs":["https:\/\/www.facebook.com\/positiveprintscom","https:\/\/www.instagram.com\/positiveprintscom\/","https:\/\/www.tiktok.com\/@positiveprintscom","https:\/\/www.pinterest.com\/positiveprintscom\/"]}]}},"jetpack_sharing_enabled":true,"_links":{"self":[{"href":"https:\/\/positiveprints.com\/it\/wp-json\/wp\/v2\/product\/1169996","targetHints":{"allow":["GET"]}}],"collection":[{"href":"https:\/\/positiveprints.com\/it\/wp-json\/wp\/v2\/product"}],"about":[{"href":"https:\/\/positiveprints.com\/it\/wp-json\/wp\/v2\/types\/product"}],"wp:featuredmedia":[{"embeddable":true,"href":"https:\/\/positiveprints.com\/it\/wp-json\/wp\/v2\/media\/1175636"}],"wp:attachment":[{"href":"https:\/\/positiveprints.com\/it\/wp-json\/wp\/v2\/media?parent=1169996"}],"wp:term":[{"taxonomy":"product_brand","embeddable":true,"href":"https:\/\/positiveprints.com\/it\/wp-json\/wp\/v2\/product_brand?post=1169996"},{"taxonomy":"product_cat","embeddable":true,"href":"https:\/\/positiveprints.com\/it\/wp-json\/wp\/v2\/product_cat?post=1169996"},{"taxonomy":"product_tag","embeddable":true,"href":"https:\/\/positiveprints.com\/it\/wp-json\/wp\/v2\/product_tag?post=1169996"}],"curies":[{"name":"wp","href":"https:\/\/api.w.org\/{rel}","templated":true}]}}