{"id":1169838,"date":"2024-08-01T10:56:20","date_gmt":"2024-08-01T09:56:20","guid":{"rendered":"https:\/\/positiveprints.com\/?post_type=product&#038;p=1169838"},"modified":"2026-04-03T02:40:18","modified_gmt":"2026-04-03T01:40:18","slug":"fasi-lunari-dei-migliori-amici","status":"publish","type":"product","link":"https:\/\/positiveprints.com\/it\/prodotto\/fasi-lunari-dei-migliori-amici\/","title":{"rendered":"Fasi Lunari dei Migliori Amici"},"content":{"rendered":"<p>Cerchi un modo speciale per celebrare la tua amicizia? *Fasi Lunari dei Migliori Amici* \u00e8 una stampa personalizzata che cattura magnificamente il legame unico tra migliori amici. Questa opera d&#8217;arte squisita presenta due fasi lunari: una dal tuo compleanno e una da quello del tuo migliore amico. \u00c8 un modo affettuoso per onorare i momenti speciali che definiscono la tua amicizia e creare un ricordo duraturo della vostra connessione.<\/p>\r\n\r\n<h2>Fasi Lunari dei Migliori Amici<\/h2>\r\n\r\n<p>*Fasi Lunari dei Migliori Amici* \u00e8 un&#8217;opera d&#8217;arte personalizzata stupefacente che mostra due fasi lunari, ciascuna rappresentante i compleanni tuoi e del tuo migliore amico. Per creare questo ricordo memorabile, visita semplicemente il nostro editor online. Inizia scegliendo uno sfondo; opta tra opzioni predefinite o crea il tuo schema di colori. Poi, aggiungi un titolo alla tua opera \u2014 un messaggio speciale o un sentimento che verr\u00e0 visualizzato sopra le lune.<\/p>\r\n\r\n<p>Una volta impostato il titolo, inserisci le date e i luoghi per ciascuna fase lunare. Questo riveler\u00e0 come appariva la luna nei giorni in cui tu e il tuo migliore amico siete nati. Sotto ogni luna, puoi aggiungere nomi o qualsiasi altro testo preferisci. Infine, seleziona il formato della tua opera. Offriamo varie dimensioni e stili, tra cui stampe o manifesti incorniciati, tele e download digitali istantanei.<\/p>\r\n\r\n<h2>Perch\u00e9 *Fasi Lunari dei Migliori Amici* \u00e8 il Regalo Perfetto<\/h2>\r\n\r\n<p>Trovare un regalo significativo per celebrare la tua amicizia pu\u00f2 essere una sfida, ma *Fasi Lunari dei Migliori Amici* \u00e8 la soluzione perfetta. Quest&#8217;opera d&#8217;arte non \u00e8 solo un piacere visivo. \u00c8 un ricordo sentimentale dei giorni speciali che hanno segnato i vostri inizi. Ideale per compleanni, la Giornata dell&#8217;Amicizia o qualsiasi occasione speciale, questo regalo mostra al tuo migliore amico quanto lui sia importante per te.<\/p>\r\n\r\n<p>Il carattere personalizzato di quest&#8217;opera garantisce che ogni pezzo sia unico. Ogni volta che tu e il tuo migliore amico la vedrete, vi ricorder\u00e0 l&#8217;amore e la connessione che condividete. \u00c8 un regalo che porta un significato profondo e che sicuramente diventer\u00e0 una parte preziosa delle vostre case.<\/p>\r\n\r\n<h2>Inizia a Personalizzare il Tuo Regalo Oggi<\/h2>\r\n\r\n<p>Pronto a creare un regalo memorabile e sincero per il tuo migliore amico? Inizia a personalizzare oggi stesso la tua opera *Fasi Lunari dei Migliori Amici*.<\/p>\r\n\r\n<p>Non perdere l&#8217;occasione \u2014 trasforma quei momenti speciali in un&#8217;opera d&#8217;arte straordinaria che tu e il tuo migliore amico custodirete per sempre. Ordina ora il tuo *Fasi Lunari dei Migliori Amici* personalizzato e regala un dono veramente unico.<\/p>","protected":false},"excerpt":{"rendered":"<ul class=\"check-list\">\n<li>Cattura due momenti speciali e mostra come appariva la luna in quei giorni<\/li>\n<li>Personalizza in 3 semplici passaggi<\/li>\n<li>Scegli tra una gamma di design straordinari<\/li>\n<li>Includi un testo personalizzato significativo<\/li>\n<li>Anteprima del tuo design ad ogni passaggio<\/li>\n<\/ul>\n","protected":false},"featured_media":1174353,"template":"","meta":[],"product_brand":[],"product_cat":[11125,9763,4449,5269,15043,7832],"product_tag":[8629,11868,15184,15232,15185,9386,15227,15186,15233,15187,15225,15226,15228,13490,9797,9374,13631,13476],"class_list":{"0":"post-1169838","1":"product","2":"type-product","3":"status-publish","4":"has-post-thumbnail","6":"product_cat-doppia-luna","7":"product_cat-trending-label-it","8":"product_cat-tutti-i-prodotti","9":"product_cat-regali-di-natale","10":"product_cat-regali-di-natale-per-gli-amici","11":"product_cat-regali-per-gli-amici","12":"product_tag-amiche","13":"product_tag-amicizia","14":"product_tag-best-friend-it","15":"product_tag-best-friends-it","16":"product_tag-best-friends-forever-it","17":"product_tag-bestie","18":"product_tag-besties-it","19":"product_tag-bff-it","20":"product_tag-christmas-gifts-for-friends-it","21":"product_tag-friend-it","22":"product_tag-friends-it","23":"product_tag-friendship-it","24":"product_tag-galentines-day-it-2","25":"product_tag-galentines-day-it","26":"product_tag-luna","27":"product_tag-migliori-amici","28":"product_tag-moon-phase-it","29":"product_tag-regali-di-natale-per-gli-amici","31":"first","32":"instock","33":"sale","34":"taxable","35":"shipping-taxable","36":"purchasable","37":"product-type-variable"},"yoast_head":"<!-- This site is optimized with the Yoast SEO Premium plugin v27.2 (Yoast SEO v27.2) - https:\/\/yoast.com\/product\/yoast-seo-premium-wordpress\/ -->\n<title>Fasi Lunari dei Migliori Amici - Positive Prints<\/title>\n<meta name=\"description\" content=\"Cerchi un modo speciale per celebrare la tua amicizia? Fasi Lunari dei Migliori Amici \u00e8 una stampa personalizzata che cattura il legame unico tra migliori amici.\" \/>\n<meta name=\"robots\" content=\"index, follow, max-snippet:-1, max-image-preview:large, max-video-preview:-1\" \/>\n<link rel=\"canonical\" href=\"https:\/\/positiveprints.com\/it\/prodotto\/fasi-lunari-dei-migliori-amici\/\" \/>\n<meta property=\"og:locale\" content=\"it_IT\" \/>\n<meta property=\"og:type\" content=\"article\" \/>\n<meta property=\"og:title\" content=\"Fasi Lunari dei Migliori Amici\" \/>\n<meta property=\"og:description\" content=\"Cattura due momenti speciali e mostra come appariva la luna in quei giorni Personalizza in 3 semplici passaggi Scegli tra una gamma di design straordinari Includi un testo personalizzato significativo Anteprima del tuo design ad ogni passaggio\" \/>\n<meta property=\"og:url\" content=\"https:\/\/positiveprints.com\/it\/prodotto\/fasi-lunari-dei-migliori-amici\/\" \/>\n<meta property=\"og:site_name\" content=\"Positive Prints\" \/>\n<meta property=\"article:publisher\" content=\"https:\/\/www.facebook.com\/positiveprintscom\" \/>\n<meta property=\"article:modified_time\" content=\"2026-04-03T01:40:18+00:00\" \/>\n<meta property=\"og:image\" content=\"https:\/\/positiveprints.com\/wp-content\/uploads\/2024\/08\/Fasi-Lunari-dei-Migliori-Amici.jpg\" \/>\n\t<meta property=\"og:image:width\" content=\"1080\" \/>\n\t<meta property=\"og:image:height\" content=\"1080\" \/>\n\t<meta property=\"og:image:type\" content=\"image\/jpeg\" \/>\n<meta name=\"twitter:card\" content=\"summary_large_image\" \/>\n<!-- \/ Yoast SEO Premium plugin. -->","yoast_head_json":{"title":"Fasi Lunari dei Migliori Amici - Positive Prints","description":"Cerchi un modo speciale per celebrare la tua amicizia? Fasi Lunari dei Migliori Amici \u00e8 una stampa personalizzata che cattura il legame unico tra migliori amici.","robots":{"index":"index","follow":"follow","max-snippet":"max-snippet:-1","max-image-preview":"max-image-preview:large","max-video-preview":"max-video-preview:-1"},"canonical":"https:\/\/positiveprints.com\/it\/prodotto\/fasi-lunari-dei-migliori-amici\/","og_locale":"it_IT","og_type":"article","og_title":"Fasi Lunari dei Migliori Amici","og_description":"Cattura due momenti speciali e mostra come appariva la luna in quei giorni Personalizza in 3 semplici passaggi Scegli tra una gamma di design straordinari Includi un testo personalizzato significativo Anteprima del tuo design ad ogni passaggio","og_url":"https:\/\/positiveprints.com\/it\/prodotto\/fasi-lunari-dei-migliori-amici\/","og_site_name":"Positive Prints","article_publisher":"https:\/\/www.facebook.com\/positiveprintscom","article_modified_time":"2026-04-03T01:40:18+00:00","og_image":[{"width":1080,"height":1080,"url":"https:\/\/positiveprints.com\/wp-content\/uploads\/2024\/08\/Fasi-Lunari-dei-Migliori-Amici.jpg","type":"image\/jpeg"}],"twitter_card":"summary_large_image","schema":{"@context":"https:\/\/schema.org","@graph":[{"@type":["WebPage","ItemPage"],"@id":"https:\/\/positiveprints.com\/it\/prodotto\/fasi-lunari-dei-migliori-amici\/","url":"https:\/\/positiveprints.com\/it\/prodotto\/fasi-lunari-dei-migliori-amici\/","name":"Fasi Lunari dei Migliori Amici - Positive Prints","isPartOf":{"@id":"https:\/\/positiveprints.com\/it\/#website"},"primaryImageOfPage":{"@id":"https:\/\/positiveprints.com\/it\/prodotto\/fasi-lunari-dei-migliori-amici\/#primaryimage"},"image":{"@id":"https:\/\/positiveprints.com\/it\/prodotto\/fasi-lunari-dei-migliori-amici\/#primaryimage"},"thumbnailUrl":"https:\/\/positiveprints.com\/wp-content\/uploads\/2024\/08\/Fasi-Lunari-dei-Migliori-Amici.jpg","datePublished":"2024-08-01T09:56:20+00:00","dateModified":"2026-04-03T01:40:18+00:00","description":"Cerchi un modo speciale per celebrare la tua amicizia? Fasi Lunari dei Migliori Amici \u00e8 una stampa personalizzata che cattura il legame unico tra migliori amici.","breadcrumb":{"@id":"https:\/\/positiveprints.com\/it\/prodotto\/fasi-lunari-dei-migliori-amici\/#breadcrumb"},"inLanguage":"it-IT","potentialAction":[{"@type":"ReadAction","target":["https:\/\/positiveprints.com\/it\/prodotto\/fasi-lunari-dei-migliori-amici\/"]}]},{"@type":"ImageObject","inLanguage":"it-IT","@id":"https:\/\/positiveprints.com\/it\/prodotto\/fasi-lunari-dei-migliori-amici\/#primaryimage","url":"https:\/\/positiveprints.com\/wp-content\/uploads\/2024\/08\/Fasi-Lunari-dei-Migliori-Amici.jpg","contentUrl":"https:\/\/positiveprints.com\/wp-content\/uploads\/2024\/08\/Fasi-Lunari-dei-Migliori-Amici.jpg","width":1080,"height":1080},{"@type":"BreadcrumbList","@id":"https:\/\/positiveprints.com\/it\/prodotto\/fasi-lunari-dei-migliori-amici\/#breadcrumb","itemListElement":[{"@type":"ListItem","position":1,"name":"Home","item":"https:\/\/positiveprints.com\/it\/"},{"@type":"ListItem","position":2,"name":"Prodotti","item":"https:\/\/positiveprints.com\/it\/shop\/"},{"@type":"ListItem","position":3,"name":"Fasi Lunari dei Migliori Amici"}]},{"@type":"WebSite","@id":"https:\/\/positiveprints.com\/it\/#website","url":"https:\/\/positiveprints.com\/it\/","name":"Positive Prints","description":"Amazing Custom Personalized Gifts","publisher":{"@id":"https:\/\/positiveprints.com\/it\/#organization"},"potentialAction":[{"@type":"SearchAction","target":{"@type":"EntryPoint","urlTemplate":"https:\/\/positiveprints.com\/it\/?s={search_term_string}"},"query-input":{"@type":"PropertyValueSpecification","valueRequired":true,"valueName":"search_term_string"}}],"inLanguage":"it-IT"},{"@type":"Organization","@id":"https:\/\/positiveprints.com\/it\/#organization","name":"Positive Prints","alternateName":"Positive Prints","url":"https:\/\/positiveprints.com\/it\/","logo":{"@type":"ImageObject","inLanguage":"it-IT","@id":"https:\/\/positiveprints.com\/it\/#\/schema\/logo\/image\/","url":"https:\/\/positiveprints.com\/wp-content\/uploads\/2026\/03\/245815646_1337939713319158_5671353136411139666_n.png","contentUrl":"https:\/\/positiveprints.com\/wp-content\/uploads\/2026\/03\/245815646_1337939713319158_5671353136411139666_n.png","width":800,"height":800,"caption":"Positive Prints"},"image":{"@id":"https:\/\/positiveprints.com\/it\/#\/schema\/logo\/image\/"},"sameAs":["https:\/\/www.facebook.com\/positiveprintscom","https:\/\/www.instagram.com\/positiveprintscom\/","https:\/\/www.tiktok.com\/@positiveprintscom","https:\/\/www.pinterest.com\/positiveprintscom\/"]}]}},"jetpack_sharing_enabled":true,"_links":{"self":[{"href":"https:\/\/positiveprints.com\/it\/wp-json\/wp\/v2\/product\/1169838","targetHints":{"allow":["GET"]}}],"collection":[{"href":"https:\/\/positiveprints.com\/it\/wp-json\/wp\/v2\/product"}],"about":[{"href":"https:\/\/positiveprints.com\/it\/wp-json\/wp\/v2\/types\/product"}],"wp:featuredmedia":[{"embeddable":true,"href":"https:\/\/positiveprints.com\/it\/wp-json\/wp\/v2\/media\/1174353"}],"wp:attachment":[{"href":"https:\/\/positiveprints.com\/it\/wp-json\/wp\/v2\/media?parent=1169838"}],"wp:term":[{"taxonomy":"product_brand","embeddable":true,"href":"https:\/\/positiveprints.com\/it\/wp-json\/wp\/v2\/product_brand?post=1169838"},{"taxonomy":"product_cat","embeddable":true,"href":"https:\/\/positiveprints.com\/it\/wp-json\/wp\/v2\/product_cat?post=1169838"},{"taxonomy":"product_tag","embeddable":true,"href":"https:\/\/positiveprints.com\/it\/wp-json\/wp\/v2\/product_tag?post=1169838"}],"curies":[{"name":"wp","href":"https:\/\/api.w.org\/{rel}","templated":true}]}}