{"id":1169828,"date":"2024-08-01T10:14:47","date_gmt":"2024-08-01T09:14:47","guid":{"rendered":"https:\/\/positiveprints.com\/?post_type=product&#038;p=1169828"},"modified":"2026-04-23T10:49:41","modified_gmt":"2026-04-23T09:49:41","slug":"anime-gemelle-delle-fasi-lunari","status":"publish","type":"product","link":"https:\/\/positiveprints.com\/it\/prodotto\/anime-gemelle-delle-fasi-lunari\/","title":{"rendered":"Anime Gemelle delle Fasi Lunari"},"content":{"rendered":"<p>Cerchi un regalo unico e significativo per celebrare il tuo amore? *Anime Gemelle delle Fasi Lunari* \u00e8 una stampa personalizzata che cattura magnificamente la connessione tra te e la tua anima gemella. Questa opera d&#8217;arte squisita presenta due fasi lunari: una dal tuo compleanno e una da quello della tua anima gemella. \u00c8 un modo affettuoso per onorare il legame speciale che condividete e celebrare i momenti che vi hanno uniti.<\/p>\r\n\r\n<h2>Anime Gemelle delle Fasi Lunari<\/h2>\r\n\r\n<p>*Anime Gemelle delle Fasi Lunari* \u00e8 un&#8217;opera d&#8217;arte personalizzata stupefacente che mostra due fasi lunari, ciascuna rappresentante i compleanni tuoi e della tua anima gemella. Per creare questo ricordo romantico, visita semplicemente il nostro editor online. Inizia scegliendo uno sfondo; opta tra opzioni predefinite o crea il tuo schema di colori. Poi, aggiungi un titolo alla tua opera \u2014 un messaggio speciale o un sentimento che verr\u00e0 visualizzato sopra le lune.<\/p>\r\n\r\n<p>Una volta impostato il titolo, inserisci le date e i luoghi per ciascuna fase lunare. Questo riveler\u00e0 come appariva la luna nei giorni in cui tu e la tua anima gemella siete nati. Sotto ogni luna, puoi aggiungere nomi o qualsiasi altro testo preferisci. Infine, seleziona il formato della tua opera. Offriamo varie dimensioni e stili, tra cui stampe o manifesti incorniciati, tele e download digitali istantanei.<\/p>\r\n\r\n<h2>Perch\u00e9 *Anime Gemelle delle Fasi Lunari* \u00e8 il Regalo Perfetto<\/h2>\r\n\r\n<p>Trovare un regalo significativo che celebri il tuo amore pu\u00f2 essere una sfida, ma *Anime Gemelle delle Fasi Lunari* \u00e8 la soluzione perfetta. Questa opera d&#8217;arte non \u00e8 solo un piacere visivo. \u00c8 un ricordo sentimentale dei giorni speciali che hanno segnato i vostri inizi. Ideale per anniversari, San Valentino o qualsiasi occasione romantica, questo regalo mostra alla tua anima gemella quanto lei sia importante per te.<\/p>\r\n\r\n<p>Il carattere personalizzato di quest&#8217;opera garantisce che ogni pezzo sia unico. Ogni volta che tu e la tua anima gemella la vedrete, vi ricorder\u00e0 l&#8217;amore e la connessione che condividete. \u00c8 un regalo che porta un significato profondo e che sicuramente diventer\u00e0 una parte preziosa della vostra casa.<\/p>\r\n\r\n<h2>Inizia a Personalizzare il Tuo Regalo Oggi<\/h2>\r\n\r\n<p>Pronto a creare un regalo memorabile e sincero per la tua anima gemella? Inizia a personalizzare oggi stesso la tua opera *Anime Gemelle delle Fasi Lunari*.<\/p>\r\n\r\n<p>Non perdere l&#8217;occasione \u2014 trasforma quei momenti speciali in una straordinaria opera d&#8217;arte che tu e la tua anima gemella custodirete per sempre. Ordina ora il tuo *Anime Gemelle delle Fasi Lunari* personalizzato e regala un dono veramente fuori dal comune.<\/p>","protected":false},"excerpt":{"rendered":"<ul class=\"check-list\">\n<li>Cattura due momenti speciali e mostra come appariva la luna in quei giorni<\/li>\n<li>Personalizza in 3 semplici passaggi<\/li>\n<li>Scegli tra una gamma di design straordinari<\/li>\n<li>Includi un testo personalizzato significativo<\/li>\n<li>Anteprima del tuo design ad ogni passaggio<\/li>\n<\/ul>\n","protected":false},"featured_media":1174092,"template":"","meta":[],"product_brand":[],"product_cat":[11125,8191,8216,4449,5331,11182,11181,11183,5343,11215,11216,5281,5269,11431,11419,11428,8008,7673,7624,7656,7688,7768,7784,7737,7800,7848,5315,11243,11244],"product_tag":[9797,13631,13456,15950,13427],"class_list":{"0":"post-1169828","1":"product","2":"type-product","3":"status-publish","4":"has-post-thumbnail","6":"product_cat-doppia-luna","7":"product_cat-per-lei","8":"product_cat-per-lui","9":"product_cat-tutti-i-prodotti","10":"product_cat-regali-di-anniversario","11":"product_cat-regali-di-anniversario-per-coppie","12":"product_cat-regali-di-anniversario-per-lei","13":"product_cat-regali-di-anniversario-per-lui","14":"product_cat-regali-di-compleanno","15":"product_cat-regali-di-compleanno-per-lei","16":"product_cat-regali-di-compleanno-per-lui","17":"product_cat-regali-di-fidanzamento","18":"product_cat-regali-di-natale","19":"product_cat-regali-di-natale-per-la-sorella","20":"product_cat-regali-di-natale-per-il-fratello-regali-di-natale-idee-regalo","21":"product_cat-regali-di-natale-per-i-bambini","22":"product_cat-regali-da-uomo","23":"product_cat-regali-per-il-fidanzato","24":"product_cat-regali-per-un-fratello","25":"product_cat-regali-per-un-figlio","26":"product_cat-regali-da-donna","27":"product_cat-regali-per-una-figlia","28":"product_cat-regali-per-la-fidanzata","29":"product_cat-regali-per-una-sorella","30":"product_cat-regali-per-una-coppia","31":"product_cat-regali-per-la-famiglia","32":"product_cat-regali-di-san-valentino","33":"product_cat-regali-di-san-valentino-per-lei","34":"product_cat-regali-di-san-valentino-per-lui","35":"product_tag-luna","36":"product_tag-moon-phase-it","37":"product_tag-regali-di-natale-per-il-fratello","38":"product_tag-regalo-di-natale-per-bambini","39":"product_tag-regalo-di-natale-per-la-sorella","41":"first","42":"instock","43":"sale","44":"taxable","45":"shipping-taxable","46":"purchasable","47":"product-type-variable"},"yoast_head":"<!-- This site is optimized with the Yoast SEO Premium plugin v27.2 (Yoast SEO v27.2) - https:\/\/yoast.com\/product\/yoast-seo-premium-wordpress\/ -->\n<title>Anime Gemelle delle Fasi Lunari - Positive Prints<\/title>\n<meta name=\"description\" content=\"Cerchi un regalo unico e significativo per celebrare il tuo amore? Anime Gemelle delle Fasi Lunari cattura la connessione tra te e la tua anima gemella.\" \/>\n<meta name=\"robots\" content=\"index, follow, max-snippet:-1, max-image-preview:large, max-video-preview:-1\" \/>\n<link rel=\"canonical\" href=\"https:\/\/positiveprints.com\/it\/prodotto\/anime-gemelle-delle-fasi-lunari\/\" \/>\n<meta property=\"og:locale\" content=\"it_IT\" \/>\n<meta property=\"og:type\" content=\"article\" \/>\n<meta property=\"og:title\" content=\"Anime Gemelle delle Fasi Lunari\" \/>\n<meta property=\"og:description\" content=\"Cattura due momenti speciali e mostra come appariva la luna in quei giorni Personalizza in 3 semplici passaggi Scegli tra una gamma di design straordinari Includi un testo personalizzato significativo Anteprima del tuo design ad ogni passaggio\" \/>\n<meta property=\"og:url\" content=\"https:\/\/positiveprints.com\/it\/prodotto\/anime-gemelle-delle-fasi-lunari\/\" \/>\n<meta property=\"og:site_name\" content=\"Positive Prints\" \/>\n<meta property=\"article:publisher\" content=\"https:\/\/www.facebook.com\/positiveprintscom\" \/>\n<meta property=\"article:modified_time\" content=\"2026-04-23T09:49:41+00:00\" \/>\n<meta property=\"og:image\" content=\"https:\/\/positiveprints.com\/wp-content\/uploads\/2024\/08\/Anime-Gemelle-delle-Fasi-Lunari.jpg\" \/>\n\t<meta property=\"og:image:width\" content=\"1080\" \/>\n\t<meta property=\"og:image:height\" content=\"1080\" \/>\n\t<meta property=\"og:image:type\" content=\"image\/jpeg\" \/>\n<meta name=\"twitter:card\" content=\"summary_large_image\" \/>\n<!-- \/ Yoast SEO Premium plugin. -->","yoast_head_json":{"title":"Anime Gemelle delle Fasi Lunari - Positive Prints","description":"Cerchi un regalo unico e significativo per celebrare il tuo amore? Anime Gemelle delle Fasi Lunari cattura la connessione tra te e la tua anima gemella.","robots":{"index":"index","follow":"follow","max-snippet":"max-snippet:-1","max-image-preview":"max-image-preview:large","max-video-preview":"max-video-preview:-1"},"canonical":"https:\/\/positiveprints.com\/it\/prodotto\/anime-gemelle-delle-fasi-lunari\/","og_locale":"it_IT","og_type":"article","og_title":"Anime Gemelle delle Fasi Lunari","og_description":"Cattura due momenti speciali e mostra come appariva la luna in quei giorni Personalizza in 3 semplici passaggi Scegli tra una gamma di design straordinari Includi un testo personalizzato significativo Anteprima del tuo design ad ogni passaggio","og_url":"https:\/\/positiveprints.com\/it\/prodotto\/anime-gemelle-delle-fasi-lunari\/","og_site_name":"Positive Prints","article_publisher":"https:\/\/www.facebook.com\/positiveprintscom","article_modified_time":"2026-04-23T09:49:41+00:00","og_image":[{"width":1080,"height":1080,"url":"https:\/\/positiveprints.com\/wp-content\/uploads\/2024\/08\/Anime-Gemelle-delle-Fasi-Lunari.jpg","type":"image\/jpeg"}],"twitter_card":"summary_large_image","schema":{"@context":"https:\/\/schema.org","@graph":[{"@type":["WebPage","ItemPage"],"@id":"https:\/\/positiveprints.com\/it\/prodotto\/anime-gemelle-delle-fasi-lunari\/","url":"https:\/\/positiveprints.com\/it\/prodotto\/anime-gemelle-delle-fasi-lunari\/","name":"Anime Gemelle delle Fasi Lunari - Positive Prints","isPartOf":{"@id":"https:\/\/positiveprints.com\/it\/#website"},"primaryImageOfPage":{"@id":"https:\/\/positiveprints.com\/it\/prodotto\/anime-gemelle-delle-fasi-lunari\/#primaryimage"},"image":{"@id":"https:\/\/positiveprints.com\/it\/prodotto\/anime-gemelle-delle-fasi-lunari\/#primaryimage"},"thumbnailUrl":"https:\/\/positiveprints.com\/wp-content\/uploads\/2024\/08\/Anime-Gemelle-delle-Fasi-Lunari.jpg","datePublished":"2024-08-01T09:14:47+00:00","dateModified":"2026-04-23T09:49:41+00:00","description":"Cerchi un regalo unico e significativo per celebrare il tuo amore? Anime Gemelle delle Fasi Lunari cattura la connessione tra te e la tua anima gemella.","breadcrumb":{"@id":"https:\/\/positiveprints.com\/it\/prodotto\/anime-gemelle-delle-fasi-lunari\/#breadcrumb"},"inLanguage":"it-IT","potentialAction":[{"@type":"ReadAction","target":["https:\/\/positiveprints.com\/it\/prodotto\/anime-gemelle-delle-fasi-lunari\/"]}]},{"@type":"ImageObject","inLanguage":"it-IT","@id":"https:\/\/positiveprints.com\/it\/prodotto\/anime-gemelle-delle-fasi-lunari\/#primaryimage","url":"https:\/\/positiveprints.com\/wp-content\/uploads\/2024\/08\/Anime-Gemelle-delle-Fasi-Lunari.jpg","contentUrl":"https:\/\/positiveprints.com\/wp-content\/uploads\/2024\/08\/Anime-Gemelle-delle-Fasi-Lunari.jpg","width":1080,"height":1080},{"@type":"BreadcrumbList","@id":"https:\/\/positiveprints.com\/it\/prodotto\/anime-gemelle-delle-fasi-lunari\/#breadcrumb","itemListElement":[{"@type":"ListItem","position":1,"name":"Home","item":"https:\/\/positiveprints.com\/it\/"},{"@type":"ListItem","position":2,"name":"Prodotti","item":"https:\/\/positiveprints.com\/it\/shop\/"},{"@type":"ListItem","position":3,"name":"Anime Gemelle delle Fasi Lunari"}]},{"@type":"WebSite","@id":"https:\/\/positiveprints.com\/it\/#website","url":"https:\/\/positiveprints.com\/it\/","name":"Positive Prints","description":"Amazing Custom Personalized Gifts","publisher":{"@id":"https:\/\/positiveprints.com\/it\/#organization"},"potentialAction":[{"@type":"SearchAction","target":{"@type":"EntryPoint","urlTemplate":"https:\/\/positiveprints.com\/it\/?s={search_term_string}"},"query-input":{"@type":"PropertyValueSpecification","valueRequired":true,"valueName":"search_term_string"}}],"inLanguage":"it-IT"},{"@type":"Organization","@id":"https:\/\/positiveprints.com\/it\/#organization","name":"Positive Prints","alternateName":"Positive Prints","url":"https:\/\/positiveprints.com\/it\/","logo":{"@type":"ImageObject","inLanguage":"it-IT","@id":"https:\/\/positiveprints.com\/it\/#\/schema\/logo\/image\/","url":"https:\/\/positiveprints.com\/wp-content\/uploads\/2026\/03\/245815646_1337939713319158_5671353136411139666_n.png","contentUrl":"https:\/\/positiveprints.com\/wp-content\/uploads\/2026\/03\/245815646_1337939713319158_5671353136411139666_n.png","width":800,"height":800,"caption":"Positive Prints"},"image":{"@id":"https:\/\/positiveprints.com\/it\/#\/schema\/logo\/image\/"},"sameAs":["https:\/\/www.facebook.com\/positiveprintscom","https:\/\/www.instagram.com\/positiveprintscom\/","https:\/\/www.tiktok.com\/@positiveprintscom","https:\/\/www.pinterest.com\/positiveprintscom\/"]}]}},"jetpack_sharing_enabled":true,"_links":{"self":[{"href":"https:\/\/positiveprints.com\/it\/wp-json\/wp\/v2\/product\/1169828","targetHints":{"allow":["GET"]}}],"collection":[{"href":"https:\/\/positiveprints.com\/it\/wp-json\/wp\/v2\/product"}],"about":[{"href":"https:\/\/positiveprints.com\/it\/wp-json\/wp\/v2\/types\/product"}],"wp:featuredmedia":[{"embeddable":true,"href":"https:\/\/positiveprints.com\/it\/wp-json\/wp\/v2\/media\/1174092"}],"wp:attachment":[{"href":"https:\/\/positiveprints.com\/it\/wp-json\/wp\/v2\/media?parent=1169828"}],"wp:term":[{"taxonomy":"product_brand","embeddable":true,"href":"https:\/\/positiveprints.com\/it\/wp-json\/wp\/v2\/product_brand?post=1169828"},{"taxonomy":"product_cat","embeddable":true,"href":"https:\/\/positiveprints.com\/it\/wp-json\/wp\/v2\/product_cat?post=1169828"},{"taxonomy":"product_tag","embeddable":true,"href":"https:\/\/positiveprints.com\/it\/wp-json\/wp\/v2\/product_tag?post=1169828"}],"curies":[{"name":"wp","href":"https:\/\/api.w.org\/{rel}","templated":true}]}}