{"id":1169791,"date":"2024-07-29T11:43:07","date_gmt":"2024-07-29T10:43:07","guid":{"rendered":"https:\/\/positiveprints.com\/?post_type=product&#038;p=1169791"},"modified":"2026-04-18T03:30:42","modified_gmt":"2026-04-18T02:30:42","slug":"due-lune-per-nonno","status":"publish","type":"product","link":"https:\/\/positiveprints.com\/it\/prodotto\/due-lune-per-nonno\/","title":{"rendered":"Due Lune per Nonno"},"content":{"rendered":"<p>Cerchi un regalo speciale per il nonno? Due Lune per Nonno \u00e8 un dono unico e sentito che toccher\u00e0 il suo cuore. Questa stampa o tela personalizzata presenta le fasi lunari di due date importanti, come le date di nascita dei suoi nipoti. \u00c8 un modo bellissimo per celebrare e onorare i momenti preziosi che lui tiene cari.<\/p>\r\n\r\n<h2>Due Lune per Nonno<\/h2>\r\n\r\n<p>&#8220;Due Lune per Nonno&#8221; \u00e8 un&#8217;opera d&#8217;arte personalizzata straordinaria che mostra due fasi lunari, ciascuna rappresentante una data significativa. Per creare questo regalo memorabile, basta visitare il nostro editor online. Inizia selezionando uno sfondo; scegli tra opzioni predefinite o crea la tua combinazione di colori. Poi, aggiungi un titolo alla tua opera d&#8217;arte\u2014un messaggio speciale o un pensiero che sar\u00e0 visualizzato sopra le lune.<\/p>\r\n\r\n<p>Una volta impostato il titolo, inserisci l&#8217;ora e il luogo per ciascuna fase lunare. Questo riveler\u00e0 come appariva la luna in quei giorni speciali, come le date di nascita dei suoi nipoti. Sotto ogni luna, puoi aggiungere nomi o qualsiasi altro testo che preferisci. Infine, scegli il formato della tua opera d&#8217;arte. Offriamo varie dimensioni e stili, inclusi stampe su poster stampate o incorniciate, tele e download digitali istantanei.<\/p>\r\n\r\n<h2>Perch\u00e9 Due Lune per Nonno \u00e8 il Regalo Perfetto<\/h2>\r\n\r\n<p>Trovare un regalo significativo per il nonno pu\u00f2 essere una sfida, ma Due Lune per Nonno \u00e8 la soluzione perfetta. Quest&#8217;opera non \u00e8 solo una delizia visiva. \u00c8 un ricordo sentimentale di due dei giorni pi\u00f9 felici della sua vita. Ideale per compleanni, la Giornata dei Nonni o qualsiasi occasione speciale, questo regalo mostra al nonno quanto significhi per te.<\/p>\r\n\r\n<p>L&#8217;aspetto personalizzato di quest&#8217;opera garantisce che ogni pezzo sia unico. Ogni volta che il nonno lo guarda, sar\u00e0 ricordato della gioia e dell&#8217;amore che i suoi nipoti portano nella sua vita. \u00c8 un regalo che ha un significato profondo e che sicuramente diventer\u00e0 una parte preziosa della sua casa.<\/p>\r\n\r\n<h2>Inizia a Personalizzare il Tuo Regalo Oggi<\/h2>\r\n\r\n<p>Pronto a creare un regalo memorabile e sentito per il nonno? Inizia a personalizzare oggi stesso la tua opera d&#8217;arte Due Lune per Nonno. Visita il nostro editor online per scegliere uno sfondo, aggiungere un titolo speciale, inserire le date e i luoghi per le fasi lunari e personalizzare il testo sotto ogni luna. Seleziona il formato che meglio si adatta allo stile del nonno e sei a posto!<\/p>\r\n\r\n<p>Non perdere l&#8217;occasione\u2014trasforma quei momenti speciali in un pezzo d&#8217;arte straordinario che il nonno apprezzer\u00e0 per sempre. Ordina ora il tuo Due Lune per Nonno personalizzato e regalagli un dono davvero fuori dal comune.<\/p>","protected":false},"excerpt":{"rendered":"<ul class=\"check-list\">\n<li>Cattura due momenti speciali e mostra come appariva la luna in quei giorni<\/li>\n<li>Personalizza in 3 semplici passaggi<\/li>\n<li>Scegli tra una gamma di design straordinari<\/li>\n<li>Includi un testo personalizzato significativo<\/li>\n<li>Anteprima del tuo design ad ogni passaggio<\/li>\n<\/ul>\n","protected":false},"featured_media":1173694,"template":"","meta":[],"product_brand":[],"product_cat":[11125,4449,8999,5269,11422,7608],"product_tag":[8677,9797,13631,13342],"class_list":{"0":"post-1169791","1":"product","2":"type-product","3":"status-publish","4":"has-post-thumbnail","6":"product_cat-doppia-luna","7":"product_cat-tutti-i-prodotti","8":"product_cat-festa-dei-nonni","9":"product_cat-regali-di-natale","10":"product_cat-regali-di-natale-per-nonno","11":"product_cat-regali-per-il-nonno","12":"product_tag-grandparents-it","13":"product_tag-luna","14":"product_tag-moon-phase-it","15":"product_tag-regalo-di-natale-per-un-nonno","17":"first","18":"instock","19":"sale","20":"taxable","21":"shipping-taxable","22":"purchasable","23":"product-type-variable"},"yoast_head":"<!-- This site is optimized with the Yoast SEO Premium plugin v27.2 (Yoast SEO v27.2) - https:\/\/yoast.com\/product\/yoast-seo-premium-wordpress\/ -->\n<title>Due Lune per Nonno - Positive Prints<\/title>\n<meta name=\"description\" content=\"Cerchi un regalo unico e significativo per il nonno? Due Lune per Nonno \u00e8 un regalo pensato e personalizzato che gli far\u00e0 sciogliere il cuore.\" \/>\n<meta name=\"robots\" content=\"index, follow, max-snippet:-1, max-image-preview:large, max-video-preview:-1\" \/>\n<link rel=\"canonical\" href=\"https:\/\/positiveprints.com\/it\/prodotto\/due-lune-per-nonno\/\" \/>\n<meta property=\"og:locale\" content=\"it_IT\" \/>\n<meta property=\"og:type\" content=\"article\" \/>\n<meta property=\"og:title\" content=\"Due Lune per Nonno\" \/>\n<meta property=\"og:description\" content=\"Cattura due momenti speciali e mostra come appariva la luna in quei giorni Personalizza in 3 semplici passaggi Scegli tra una gamma di design straordinari Includi un testo personalizzato significativo Anteprima del tuo design ad ogni passaggio\" \/>\n<meta property=\"og:url\" content=\"https:\/\/positiveprints.com\/it\/prodotto\/due-lune-per-nonno\/\" \/>\n<meta property=\"og:site_name\" content=\"Positive Prints\" \/>\n<meta property=\"article:publisher\" content=\"https:\/\/www.facebook.com\/positiveprintscom\" \/>\n<meta property=\"article:modified_time\" content=\"2026-04-18T02:30:42+00:00\" \/>\n<meta property=\"og:image\" content=\"https:\/\/positiveprints.com\/wp-content\/uploads\/2024\/08\/Due-Lune-per-Nonno.jpg\" \/>\n\t<meta property=\"og:image:width\" content=\"1080\" \/>\n\t<meta property=\"og:image:height\" content=\"1080\" \/>\n\t<meta property=\"og:image:type\" content=\"image\/jpeg\" \/>\n<meta name=\"twitter:card\" content=\"summary_large_image\" \/>\n<!-- \/ Yoast SEO Premium plugin. -->","yoast_head_json":{"title":"Due Lune per Nonno - Positive Prints","description":"Cerchi un regalo unico e significativo per il nonno? Due Lune per Nonno \u00e8 un regalo pensato e personalizzato che gli far\u00e0 sciogliere il cuore.","robots":{"index":"index","follow":"follow","max-snippet":"max-snippet:-1","max-image-preview":"max-image-preview:large","max-video-preview":"max-video-preview:-1"},"canonical":"https:\/\/positiveprints.com\/it\/prodotto\/due-lune-per-nonno\/","og_locale":"it_IT","og_type":"article","og_title":"Due Lune per Nonno","og_description":"Cattura due momenti speciali e mostra come appariva la luna in quei giorni Personalizza in 3 semplici passaggi Scegli tra una gamma di design straordinari Includi un testo personalizzato significativo Anteprima del tuo design ad ogni passaggio","og_url":"https:\/\/positiveprints.com\/it\/prodotto\/due-lune-per-nonno\/","og_site_name":"Positive Prints","article_publisher":"https:\/\/www.facebook.com\/positiveprintscom","article_modified_time":"2026-04-18T02:30:42+00:00","og_image":[{"width":1080,"height":1080,"url":"https:\/\/positiveprints.com\/wp-content\/uploads\/2024\/08\/Due-Lune-per-Nonno.jpg","type":"image\/jpeg"}],"twitter_card":"summary_large_image","schema":{"@context":"https:\/\/schema.org","@graph":[{"@type":["WebPage","ItemPage"],"@id":"https:\/\/positiveprints.com\/it\/prodotto\/due-lune-per-nonno\/","url":"https:\/\/positiveprints.com\/it\/prodotto\/due-lune-per-nonno\/","name":"Due Lune per Nonno - Positive Prints","isPartOf":{"@id":"https:\/\/positiveprints.com\/it\/#website"},"primaryImageOfPage":{"@id":"https:\/\/positiveprints.com\/it\/prodotto\/due-lune-per-nonno\/#primaryimage"},"image":{"@id":"https:\/\/positiveprints.com\/it\/prodotto\/due-lune-per-nonno\/#primaryimage"},"thumbnailUrl":"https:\/\/positiveprints.com\/wp-content\/uploads\/2024\/08\/Due-Lune-per-Nonno.jpg","datePublished":"2024-07-29T10:43:07+00:00","dateModified":"2026-04-18T02:30:42+00:00","description":"Cerchi un regalo unico e significativo per il nonno? Due Lune per Nonno \u00e8 un regalo pensato e personalizzato che gli far\u00e0 sciogliere il cuore.","breadcrumb":{"@id":"https:\/\/positiveprints.com\/it\/prodotto\/due-lune-per-nonno\/#breadcrumb"},"inLanguage":"it-IT","potentialAction":[{"@type":"ReadAction","target":["https:\/\/positiveprints.com\/it\/prodotto\/due-lune-per-nonno\/"]}]},{"@type":"ImageObject","inLanguage":"it-IT","@id":"https:\/\/positiveprints.com\/it\/prodotto\/due-lune-per-nonno\/#primaryimage","url":"https:\/\/positiveprints.com\/wp-content\/uploads\/2024\/08\/Due-Lune-per-Nonno.jpg","contentUrl":"https:\/\/positiveprints.com\/wp-content\/uploads\/2024\/08\/Due-Lune-per-Nonno.jpg","width":1080,"height":1080},{"@type":"BreadcrumbList","@id":"https:\/\/positiveprints.com\/it\/prodotto\/due-lune-per-nonno\/#breadcrumb","itemListElement":[{"@type":"ListItem","position":1,"name":"Home","item":"https:\/\/positiveprints.com\/it\/"},{"@type":"ListItem","position":2,"name":"Prodotti","item":"https:\/\/positiveprints.com\/it\/shop\/"},{"@type":"ListItem","position":3,"name":"Due Lune per Nonno"}]},{"@type":"WebSite","@id":"https:\/\/positiveprints.com\/it\/#website","url":"https:\/\/positiveprints.com\/it\/","name":"Positive Prints","description":"Amazing Custom Personalized Gifts","publisher":{"@id":"https:\/\/positiveprints.com\/it\/#organization"},"potentialAction":[{"@type":"SearchAction","target":{"@type":"EntryPoint","urlTemplate":"https:\/\/positiveprints.com\/it\/?s={search_term_string}"},"query-input":{"@type":"PropertyValueSpecification","valueRequired":true,"valueName":"search_term_string"}}],"inLanguage":"it-IT"},{"@type":"Organization","@id":"https:\/\/positiveprints.com\/it\/#organization","name":"Positive Prints","alternateName":"Positive Prints","url":"https:\/\/positiveprints.com\/it\/","logo":{"@type":"ImageObject","inLanguage":"it-IT","@id":"https:\/\/positiveprints.com\/it\/#\/schema\/logo\/image\/","url":"https:\/\/positiveprints.com\/wp-content\/uploads\/2026\/03\/245815646_1337939713319158_5671353136411139666_n.png","contentUrl":"https:\/\/positiveprints.com\/wp-content\/uploads\/2026\/03\/245815646_1337939713319158_5671353136411139666_n.png","width":800,"height":800,"caption":"Positive Prints"},"image":{"@id":"https:\/\/positiveprints.com\/it\/#\/schema\/logo\/image\/"},"sameAs":["https:\/\/www.facebook.com\/positiveprintscom","https:\/\/www.instagram.com\/positiveprintscom\/","https:\/\/www.tiktok.com\/@positiveprintscom","https:\/\/www.pinterest.com\/positiveprintscom\/"]}]}},"jetpack_sharing_enabled":true,"_links":{"self":[{"href":"https:\/\/positiveprints.com\/it\/wp-json\/wp\/v2\/product\/1169791","targetHints":{"allow":["GET"]}}],"collection":[{"href":"https:\/\/positiveprints.com\/it\/wp-json\/wp\/v2\/product"}],"about":[{"href":"https:\/\/positiveprints.com\/it\/wp-json\/wp\/v2\/types\/product"}],"wp:featuredmedia":[{"embeddable":true,"href":"https:\/\/positiveprints.com\/it\/wp-json\/wp\/v2\/media\/1173694"}],"wp:attachment":[{"href":"https:\/\/positiveprints.com\/it\/wp-json\/wp\/v2\/media?parent=1169791"}],"wp:term":[{"taxonomy":"product_brand","embeddable":true,"href":"https:\/\/positiveprints.com\/it\/wp-json\/wp\/v2\/product_brand?post=1169791"},{"taxonomy":"product_cat","embeddable":true,"href":"https:\/\/positiveprints.com\/it\/wp-json\/wp\/v2\/product_cat?post=1169791"},{"taxonomy":"product_tag","embeddable":true,"href":"https:\/\/positiveprints.com\/it\/wp-json\/wp\/v2\/product_tag?post=1169791"}],"curies":[{"name":"wp","href":"https:\/\/api.w.org\/{rel}","templated":true}]}}