{"id":1169774,"date":"2024-07-29T10:45:33","date_gmt":"2024-07-29T09:45:33","guid":{"rendered":"https:\/\/positiveprints.com\/?post_type=product&#038;p=1169774"},"modified":"2026-04-03T02:40:47","modified_gmt":"2026-04-03T01:40:47","slug":"due-lune-per-mamma","status":"publish","type":"product","link":"https:\/\/positiveprints.com\/it\/prodotto\/due-lune-per-mamma\/","title":{"rendered":"Due Lune per Mamma"},"content":{"rendered":"<p>Stai cercando un regalo speciale per la mamma? Due Lune per Mamma \u00e8 un regalo unico e sentito che le far\u00e0 sorridere. Questa stampa o tela personalizzata mostra le fasi lunari di due date significative, come le date di nascita dei suoi figli. \u00c8 un modo splendido per catturare questi momenti preziosi e ricordarle il legame speciale che condivide con i suoi bambini.<\/p>\r\n\r\n<h2>Due Lune per Mamma<\/h2>\r\n\r\n<p>Due Lune per Mamma \u00e8 un&#8217;opera d&#8217;arte personalizzata straordinaria che presenta due fasi lunari, ciascuna rappresentante una data significativa. Per creare questo capolavoro, basta visitare il nostro editor online. Inizia selezionando uno sfondo. Puoi scegliere tra sfondi predefiniti o creare la tua combinazione di colori. Successivamente, aggiungi un titolo alla tua opera d&#8217;arte\u2014un messaggio personale o un pensiero che apparir\u00e0 sopra le lune.<\/p>\r\n\r\n<p>Dopo aver impostato il titolo, inserisci l&#8217;ora e il luogo per ciascuna fase lunare. Questo mostrer\u00e0 come appariva la luna nei giorni speciali che hai scelto, come le date di nascita dei suoi figli. Sotto ogni luna, puoi aggiungere nomi o qualsiasi altro testo tu desideri. Infine, scegli il formato della tua opera d&#8217;arte. Offriamo varie dimensioni e stili, inclusi stampe su poster stampate o incorniciate, tele e download digitali istantanei.<\/p>\r\n\r\n<h2>Perch\u00e9 Due Lune per Mamma \u00e8 il Regalo Perfetto<\/h2>\r\n\r\n<p>Quando si tratta di regali per la mamma, trovare qualcosa di significativo e unico pu\u00f2 essere una sfida. Due Lune per Mamma non \u00e8 solo un&#8217;opera d&#8217;arte. \u00c8 un ricordo sentimentale di due dei giorni pi\u00f9 felici della sua vita. Questo regalo \u00e8 perfetto per compleanni, la Festa della Mamma, o qualsiasi occasione speciale in cui vuoi mostrare alla mamma quanto significa per te.<\/p>\r\n\r\n<p>La natura personalizzata di questa opera d&#8217;arte garantisce che non ci siano due pezzi uguali. Ogni volta che la mamma lo guarda, sar\u00e0 ricordata dell&#8217;amore e della gioia che i suoi figli portano nella sua vita. \u00c8 un regalo che parla al cuore e che sicuramente diventer\u00e0 un ricordo prezioso nella tua famiglia.<\/p>\r\n\r\n<h2>Inizia a Personalizzare il Tuo Regalo Oggi<\/h2>\r\n\r\n<p>Pronto a creare un regalo memorabile per la mamma? Inizia a personalizzare ora la tua opera d&#8217;arte Due Lune per Mamma.<\/p>\r\n\r\n<p>Non aspettare\u2014trasforma quei momenti speciali in un bellissimo pezzo d&#8217;arte che la mamma apprezzer\u00e0 per sempre. Ordina oggi il tuo Due Lune per Mamma personalizzato e regala un dono che \u00e8 davvero fuori dal comune.<\/p>","protected":false},"excerpt":{"rendered":"<ul class=\"check-list\">\n<li>Cattura due momenti speciali e mostra come appariva la luna in quei giorni<\/li>\n<li>Personalizza in 3 semplici passaggi<\/li>\n<li>Scegli tra una gamma di design straordinari<\/li>\n<li>Includi un testo personalizzato significativo<\/li>\n<li>Anteprima del tuo design ad ogni passaggio<\/li>\n<\/ul>\n","protected":false},"featured_media":1381100,"template":"","meta":[],"product_brand":[],"product_cat":[11125,9763,4449,5269,11429,7704],"product_tag":[12604,9797,12602,13631,8406,11797],"class_list":{"0":"post-1169774","1":"product","2":"type-product","3":"status-publish","4":"has-post-thumbnail","6":"product_cat-doppia-luna","7":"product_cat-trending-label-it","8":"product_cat-tutti-i-prodotti","9":"product_cat-regali-di-natale","10":"product_cat-regali-di-natale-per-mamma","11":"product_cat-regali-per-la-mamma","12":"product_tag-festa-della-mamma","13":"product_tag-luna","14":"product_tag-mamma-it","15":"product_tag-moon-phase-it","16":"product_tag-mother-it","17":"product_tag-regali-di-natale-per-mamma","19":"first","20":"instock","21":"sale","22":"taxable","23":"shipping-taxable","24":"purchasable","25":"product-type-variable"},"yoast_head":"<!-- This site is optimized with the Yoast SEO Premium plugin v27.2 (Yoast SEO v27.2) - https:\/\/yoast.com\/product\/yoast-seo-premium-wordpress\/ -->\n<title>Due Lune per Mamma - Positive Prints<\/title>\n<meta name=\"description\" content=\"Cerchi il regalo perfetto per la mamma? Due Lune per Mamma \u00e8 un regalo unico e pensato che toccher\u00e0 il suo cuore. Ordina il tuo adesso.\" \/>\n<meta name=\"robots\" content=\"index, follow, max-snippet:-1, max-image-preview:large, max-video-preview:-1\" \/>\n<link rel=\"canonical\" href=\"https:\/\/positiveprints.com\/it\/prodotto\/due-lune-per-mamma\/\" \/>\n<meta property=\"og:locale\" content=\"it_IT\" \/>\n<meta property=\"og:type\" content=\"article\" \/>\n<meta property=\"og:title\" content=\"Due Lune per Mamma\" \/>\n<meta property=\"og:description\" content=\"Cattura due momenti speciali e mostra come appariva la luna in quei giorni Personalizza in 3 semplici passaggi Scegli tra una gamma di design straordinari Includi un testo personalizzato significativo Anteprima del tuo design ad ogni passaggio\" \/>\n<meta property=\"og:url\" content=\"https:\/\/positiveprints.com\/it\/prodotto\/due-lune-per-mamma\/\" \/>\n<meta property=\"og:site_name\" content=\"Positive Prints\" \/>\n<meta property=\"article:publisher\" content=\"https:\/\/www.facebook.com\/positiveprintscom\" \/>\n<meta property=\"article:modified_time\" content=\"2026-04-03T01:40:47+00:00\" \/>\n<meta property=\"og:image\" content=\"https:\/\/positiveprints.com\/wp-content\/uploads\/2025\/03\/Due-Lune-per-Mamma-1.webp\" \/>\n\t<meta property=\"og:image:width\" content=\"1450\" \/>\n\t<meta property=\"og:image:height\" content=\"1450\" \/>\n\t<meta property=\"og:image:type\" content=\"image\/webp\" \/>\n<meta name=\"twitter:card\" content=\"summary_large_image\" \/>\n<!-- \/ Yoast SEO Premium plugin. -->","yoast_head_json":{"title":"Due Lune per Mamma - Positive Prints","description":"Cerchi il regalo perfetto per la mamma? Due Lune per Mamma \u00e8 un regalo unico e pensato che toccher\u00e0 il suo cuore. Ordina il tuo adesso.","robots":{"index":"index","follow":"follow","max-snippet":"max-snippet:-1","max-image-preview":"max-image-preview:large","max-video-preview":"max-video-preview:-1"},"canonical":"https:\/\/positiveprints.com\/it\/prodotto\/due-lune-per-mamma\/","og_locale":"it_IT","og_type":"article","og_title":"Due Lune per Mamma","og_description":"Cattura due momenti speciali e mostra come appariva la luna in quei giorni Personalizza in 3 semplici passaggi Scegli tra una gamma di design straordinari Includi un testo personalizzato significativo Anteprima del tuo design ad ogni passaggio","og_url":"https:\/\/positiveprints.com\/it\/prodotto\/due-lune-per-mamma\/","og_site_name":"Positive Prints","article_publisher":"https:\/\/www.facebook.com\/positiveprintscom","article_modified_time":"2026-04-03T01:40:47+00:00","og_image":[{"width":1450,"height":1450,"url":"https:\/\/positiveprints.com\/wp-content\/uploads\/2025\/03\/Due-Lune-per-Mamma-1.webp","type":"image\/webp"}],"twitter_card":"summary_large_image","schema":{"@context":"https:\/\/schema.org","@graph":[{"@type":["WebPage","ItemPage"],"@id":"https:\/\/positiveprints.com\/it\/prodotto\/due-lune-per-mamma\/","url":"https:\/\/positiveprints.com\/it\/prodotto\/due-lune-per-mamma\/","name":"Due Lune per Mamma - Positive Prints","isPartOf":{"@id":"https:\/\/positiveprints.com\/it\/#website"},"primaryImageOfPage":{"@id":"https:\/\/positiveprints.com\/it\/prodotto\/due-lune-per-mamma\/#primaryimage"},"image":{"@id":"https:\/\/positiveprints.com\/it\/prodotto\/due-lune-per-mamma\/#primaryimage"},"thumbnailUrl":"https:\/\/positiveprints.com\/wp-content\/uploads\/2025\/03\/Due-Lune-per-Mamma-1.webp","datePublished":"2024-07-29T09:45:33+00:00","dateModified":"2026-04-03T01:40:47+00:00","description":"Cerchi il regalo perfetto per la mamma? Due Lune per Mamma \u00e8 un regalo unico e pensato che toccher\u00e0 il suo cuore. Ordina il tuo adesso.","breadcrumb":{"@id":"https:\/\/positiveprints.com\/it\/prodotto\/due-lune-per-mamma\/#breadcrumb"},"inLanguage":"it-IT","potentialAction":[{"@type":"ReadAction","target":["https:\/\/positiveprints.com\/it\/prodotto\/due-lune-per-mamma\/"]}]},{"@type":"ImageObject","inLanguage":"it-IT","@id":"https:\/\/positiveprints.com\/it\/prodotto\/due-lune-per-mamma\/#primaryimage","url":"https:\/\/positiveprints.com\/wp-content\/uploads\/2025\/03\/Due-Lune-per-Mamma-1.webp","contentUrl":"https:\/\/positiveprints.com\/wp-content\/uploads\/2025\/03\/Due-Lune-per-Mamma-1.webp","width":1450,"height":1450},{"@type":"BreadcrumbList","@id":"https:\/\/positiveprints.com\/it\/prodotto\/due-lune-per-mamma\/#breadcrumb","itemListElement":[{"@type":"ListItem","position":1,"name":"Home","item":"https:\/\/positiveprints.com\/it\/"},{"@type":"ListItem","position":2,"name":"Prodotti","item":"https:\/\/positiveprints.com\/it\/shop\/"},{"@type":"ListItem","position":3,"name":"Due Lune per Mamma"}]},{"@type":"WebSite","@id":"https:\/\/positiveprints.com\/it\/#website","url":"https:\/\/positiveprints.com\/it\/","name":"Positive Prints","description":"Amazing Custom Personalized Gifts","publisher":{"@id":"https:\/\/positiveprints.com\/it\/#organization"},"potentialAction":[{"@type":"SearchAction","target":{"@type":"EntryPoint","urlTemplate":"https:\/\/positiveprints.com\/it\/?s={search_term_string}"},"query-input":{"@type":"PropertyValueSpecification","valueRequired":true,"valueName":"search_term_string"}}],"inLanguage":"it-IT"},{"@type":"Organization","@id":"https:\/\/positiveprints.com\/it\/#organization","name":"Positive Prints","alternateName":"Positive Prints","url":"https:\/\/positiveprints.com\/it\/","logo":{"@type":"ImageObject","inLanguage":"it-IT","@id":"https:\/\/positiveprints.com\/it\/#\/schema\/logo\/image\/","url":"https:\/\/positiveprints.com\/wp-content\/uploads\/2026\/03\/245815646_1337939713319158_5671353136411139666_n.png","contentUrl":"https:\/\/positiveprints.com\/wp-content\/uploads\/2026\/03\/245815646_1337939713319158_5671353136411139666_n.png","width":800,"height":800,"caption":"Positive Prints"},"image":{"@id":"https:\/\/positiveprints.com\/it\/#\/schema\/logo\/image\/"},"sameAs":["https:\/\/www.facebook.com\/positiveprintscom","https:\/\/www.instagram.com\/positiveprintscom\/","https:\/\/www.tiktok.com\/@positiveprintscom","https:\/\/www.pinterest.com\/positiveprintscom\/"]}]}},"jetpack_sharing_enabled":true,"_links":{"self":[{"href":"https:\/\/positiveprints.com\/it\/wp-json\/wp\/v2\/product\/1169774","targetHints":{"allow":["GET"]}}],"collection":[{"href":"https:\/\/positiveprints.com\/it\/wp-json\/wp\/v2\/product"}],"about":[{"href":"https:\/\/positiveprints.com\/it\/wp-json\/wp\/v2\/types\/product"}],"wp:featuredmedia":[{"embeddable":true,"href":"https:\/\/positiveprints.com\/it\/wp-json\/wp\/v2\/media\/1381100"}],"wp:attachment":[{"href":"https:\/\/positiveprints.com\/it\/wp-json\/wp\/v2\/media?parent=1169774"}],"wp:term":[{"taxonomy":"product_brand","embeddable":true,"href":"https:\/\/positiveprints.com\/it\/wp-json\/wp\/v2\/product_brand?post=1169774"},{"taxonomy":"product_cat","embeddable":true,"href":"https:\/\/positiveprints.com\/it\/wp-json\/wp\/v2\/product_cat?post=1169774"},{"taxonomy":"product_tag","embeddable":true,"href":"https:\/\/positiveprints.com\/it\/wp-json\/wp\/v2\/product_tag?post=1169774"}],"curies":[{"name":"wp","href":"https:\/\/api.w.org\/{rel}","templated":true}]}}