{"id":1151279,"date":"2024-07-06T00:22:46","date_gmt":"2024-07-05T23:22:46","guid":{"rendered":"https:\/\/positiveprints.com\/?post_type=product&#038;p=1151279"},"modified":"2026-04-03T02:47:22","modified_gmt":"2026-04-03T01:47:22","slug":"fase-di-luna-tripla","status":"publish","type":"product","link":"https:\/\/positiveprints.com\/it\/prodotto\/fase-di-luna-tripla\/","title":{"rendered":"Fase di Luna Tripla"},"content":{"rendered":"<p style=\"margin-top: 1rem\">Cerchi un regalo unico e significativo per la persona amata? Il nostro poster &#8220;Fase di Luna Tripla&#8221; \u00e8 la scelta perfetta. Questa stampa personalizzata presenta tre fasi lunari affiancate, catturando momenti speciali della tua vita in modo bello e memorabile.<\/p>\r\n\r\n<h2 class=\"grenB f24 cblue\" style=\"margin-top: 3rem\">Crea il Tuo Poster Fase di Luna Tripla<\/h2>\r\n<p style=\"margin-top: 1rem\">Per iniziare a personalizzare e ordinare il tuo poster, basta andare al nostro editor online. Scegli un colore di sfondo dalle nostre opzioni predefinite o gioca con i colori per trovare la combinazione perfetta. Poi, inserisci il luogo e l&#8217;orario per vedere come apparivano le lune nei giorni speciali. Puoi anche aggiungere un messaggio personale sopra e del testo sotto ogni luna.<\/p>\r\n\r\n<h2 class=\"grenB f24 cblue\" style=\"margin-top: 3rem\">Regalo Perfetto per Occasioni Speciali<\/h2>\r\n<p style=\"margin-top: 1rem\">Il poster &#8220;Fase di Luna Tripla&#8221; \u00e8 un regalo perfetto per anniversari, matrimoni o come pensiero speciale per i genitori. Personalizza le fasi lunari di momenti significativi come la notte in cui vi siete incontrati, fidanzati e sposati. \u00c8 anche ideale per i genitori di tre figli, catturando le fasi lunari dei giorni in cui sono nati i loro bambini. Immagina la loro gioia quando vedranno una stampa personalizzata che celebra la cronologia unica della loro famiglia.<\/p>\r\n\r\n<h2 class=\"grenB f24 cblue\" style=\"margin-top: 3rem\">Scegli Come Vuoi Ricevere il Tuo Poster Fase di Luna Tripla<\/h2>\r\n<p style=\"margin-top: 1rem\">Ordina il tuo poster &#8220;Fase di Luna Tripla&#8221; in vari formati per soddisfare le tue esigenze\u2014scegli tra un poster stampato con o senza cornice, una tela di alta qualit\u00e0, o un file digitale da scaricare istantaneamente. Questa flessibilit\u00e0 assicura che tu possa presentare il tuo regalo unico nel modo che meglio si adatta al tuo stile e all&#8217;occasione.<\/p>\r\n<p style=\"margin-top: 1rem\">Regala un dono che sar\u00e0 apprezzato per sempre. Il poster &#8220;Fase di Luna Tripla&#8221; \u00e8 pi\u00f9 di una semplice stampa; \u00e8 un omaggio duraturo ai tuoi momenti pi\u00f9 preziosi. Celebra i tuoi legami speciali e crea un bellissimo promemoria dell&#8217;amore e dei ricordi che condividi con questo ricordo creativo e significativo.<\/p>","protected":false},"excerpt":{"rendered":"<ul class=\"check-list\">\n<li>Cattura tre momenti speciali e mostra come appariva la luna in quei giorni<\/li>\n<li>Personalizza in 3 semplici passaggi<\/li>\n<li>Scegli tra una gamma di design straordinari<\/li>\n<li>Includi un testo personalizzato significativo<\/li>\n<li>Anteprima del tuo design ad ogni passaggio<\/li>\n<\/ul>\n","protected":false},"featured_media":1480304,"template":"","meta":[],"product_brand":[],"product_cat":[11124,4449,4428,8008,7688],"product_tag":[14884],"class_list":{"0":"post-1151279","1":"product","2":"type-product","3":"status-publish","4":"has-post-thumbnail","6":"product_cat-fasi-della-luna","7":"product_cat-tutti-i-prodotti","8":"product_cat-creators-it-2","9":"product_cat-regali-da-uomo","10":"product_cat-regali-da-donna","11":"product_tag-creators-it-2","13":"first","14":"instock","15":"sale","16":"taxable","17":"shipping-taxable","18":"purchasable","19":"product-type-variable"},"yoast_head":"<!-- This site is optimized with the Yoast SEO Premium plugin v27.2 (Yoast SEO v27.2) - https:\/\/yoast.com\/product\/yoast-seo-premium-wordpress\/ -->\n<title>Fase di Luna Tripla - Positive Prints<\/title>\n<meta name=\"description\" content=\"Cerchi un regalo unico e significativo per la persona amata? Il nostro poster &quot;Fase di Luna Tripla&quot; \u00e8 la scelta perfetta.\" \/>\n<meta name=\"robots\" content=\"index, follow, max-snippet:-1, max-image-preview:large, max-video-preview:-1\" \/>\n<link rel=\"canonical\" href=\"https:\/\/positiveprints.com\/it\/prodotto\/fase-di-luna-tripla\/\" \/>\n<meta property=\"og:locale\" content=\"it_IT\" \/>\n<meta property=\"og:type\" content=\"article\" \/>\n<meta property=\"og:title\" content=\"Fase di Luna Tripla\" \/>\n<meta property=\"og:description\" content=\"Cattura tre momenti speciali e mostra come appariva la luna in quei giorni  Personalizza in 3 semplici passaggi  Scegli tra una gamma di design straordinari  Includi un testo personalizzato significativo  Anteprima del tuo design ad ogni passaggio\" \/>\n<meta property=\"og:url\" content=\"https:\/\/positiveprints.com\/it\/prodotto\/fase-di-luna-tripla\/\" \/>\n<meta property=\"og:site_name\" content=\"Positive Prints\" \/>\n<meta property=\"article:publisher\" content=\"https:\/\/www.facebook.com\/positiveprintscom\" \/>\n<meta property=\"article:modified_time\" content=\"2026-04-03T01:47:22+00:00\" \/>\n<meta property=\"og:image\" content=\"https:\/\/positiveprints.com\/wp-content\/uploads\/2025\/07\/Packshot_IT_Fase-di-Luna-Tripla.webp\" \/>\n\t<meta property=\"og:image:width\" content=\"1450\" \/>\n\t<meta property=\"og:image:height\" content=\"1450\" \/>\n\t<meta property=\"og:image:type\" content=\"image\/webp\" \/>\n<meta name=\"twitter:card\" content=\"summary_large_image\" \/>\n<meta name=\"twitter:label1\" content=\"Tempo di lettura stimato\" \/>\n\t<meta name=\"twitter:data1\" content=\"2 minuti\" \/>\n<!-- \/ Yoast SEO Premium plugin. -->","yoast_head_json":{"title":"Fase di Luna Tripla - Positive Prints","description":"Cerchi un regalo unico e significativo per la persona amata? Il nostro poster \"Fase di Luna Tripla\" \u00e8 la scelta perfetta.","robots":{"index":"index","follow":"follow","max-snippet":"max-snippet:-1","max-image-preview":"max-image-preview:large","max-video-preview":"max-video-preview:-1"},"canonical":"https:\/\/positiveprints.com\/it\/prodotto\/fase-di-luna-tripla\/","og_locale":"it_IT","og_type":"article","og_title":"Fase di Luna Tripla","og_description":"Cattura tre momenti speciali e mostra come appariva la luna in quei giorni  Personalizza in 3 semplici passaggi  Scegli tra una gamma di design straordinari  Includi un testo personalizzato significativo  Anteprima del tuo design ad ogni passaggio","og_url":"https:\/\/positiveprints.com\/it\/prodotto\/fase-di-luna-tripla\/","og_site_name":"Positive Prints","article_publisher":"https:\/\/www.facebook.com\/positiveprintscom","article_modified_time":"2026-04-03T01:47:22+00:00","og_image":[{"width":1450,"height":1450,"url":"https:\/\/positiveprints.com\/wp-content\/uploads\/2025\/07\/Packshot_IT_Fase-di-Luna-Tripla.webp","type":"image\/webp"}],"twitter_card":"summary_large_image","twitter_misc":{"Tempo di lettura stimato":"2 minuti"},"schema":{"@context":"https:\/\/schema.org","@graph":[{"@type":["WebPage","ItemPage"],"@id":"https:\/\/positiveprints.com\/it\/prodotto\/fase-di-luna-tripla\/","url":"https:\/\/positiveprints.com\/it\/prodotto\/fase-di-luna-tripla\/","name":"Fase di Luna Tripla - Positive Prints","isPartOf":{"@id":"https:\/\/positiveprints.com\/it\/#website"},"primaryImageOfPage":{"@id":"https:\/\/positiveprints.com\/it\/prodotto\/fase-di-luna-tripla\/#primaryimage"},"image":{"@id":"https:\/\/positiveprints.com\/it\/prodotto\/fase-di-luna-tripla\/#primaryimage"},"thumbnailUrl":"https:\/\/positiveprints.com\/wp-content\/uploads\/2025\/07\/Packshot_IT_Fase-di-Luna-Tripla.webp","datePublished":"2024-07-05T23:22:46+00:00","dateModified":"2026-04-03T01:47:22+00:00","description":"Cerchi un regalo unico e significativo per la persona amata? Il nostro poster \"Fase di Luna Tripla\" \u00e8 la scelta perfetta.","breadcrumb":{"@id":"https:\/\/positiveprints.com\/it\/prodotto\/fase-di-luna-tripla\/#breadcrumb"},"inLanguage":"it-IT","potentialAction":[{"@type":"ReadAction","target":["https:\/\/positiveprints.com\/it\/prodotto\/fase-di-luna-tripla\/"]}]},{"@type":"ImageObject","inLanguage":"it-IT","@id":"https:\/\/positiveprints.com\/it\/prodotto\/fase-di-luna-tripla\/#primaryimage","url":"https:\/\/positiveprints.com\/wp-content\/uploads\/2025\/07\/Packshot_IT_Fase-di-Luna-Tripla.webp","contentUrl":"https:\/\/positiveprints.com\/wp-content\/uploads\/2025\/07\/Packshot_IT_Fase-di-Luna-Tripla.webp","width":1450,"height":1450},{"@type":"BreadcrumbList","@id":"https:\/\/positiveprints.com\/it\/prodotto\/fase-di-luna-tripla\/#breadcrumb","itemListElement":[{"@type":"ListItem","position":1,"name":"Home","item":"https:\/\/positiveprints.com\/it\/"},{"@type":"ListItem","position":2,"name":"Prodotti","item":"https:\/\/positiveprints.com\/it\/shop\/"},{"@type":"ListItem","position":3,"name":"Fase di Luna Tripla"}]},{"@type":"WebSite","@id":"https:\/\/positiveprints.com\/it\/#website","url":"https:\/\/positiveprints.com\/it\/","name":"Positive Prints","description":"Amazing Custom Personalized Gifts","publisher":{"@id":"https:\/\/positiveprints.com\/it\/#organization"},"potentialAction":[{"@type":"SearchAction","target":{"@type":"EntryPoint","urlTemplate":"https:\/\/positiveprints.com\/it\/?s={search_term_string}"},"query-input":{"@type":"PropertyValueSpecification","valueRequired":true,"valueName":"search_term_string"}}],"inLanguage":"it-IT"},{"@type":"Organization","@id":"https:\/\/positiveprints.com\/it\/#organization","name":"Positive Prints","alternateName":"Positive Prints","url":"https:\/\/positiveprints.com\/it\/","logo":{"@type":"ImageObject","inLanguage":"it-IT","@id":"https:\/\/positiveprints.com\/it\/#\/schema\/logo\/image\/","url":"https:\/\/positiveprints.com\/wp-content\/uploads\/2026\/03\/245815646_1337939713319158_5671353136411139666_n.png","contentUrl":"https:\/\/positiveprints.com\/wp-content\/uploads\/2026\/03\/245815646_1337939713319158_5671353136411139666_n.png","width":800,"height":800,"caption":"Positive Prints"},"image":{"@id":"https:\/\/positiveprints.com\/it\/#\/schema\/logo\/image\/"},"sameAs":["https:\/\/www.facebook.com\/positiveprintscom","https:\/\/www.instagram.com\/positiveprintscom\/","https:\/\/www.tiktok.com\/@positiveprintscom","https:\/\/www.pinterest.com\/positiveprintscom\/"]}]}},"jetpack_sharing_enabled":true,"_links":{"self":[{"href":"https:\/\/positiveprints.com\/it\/wp-json\/wp\/v2\/product\/1151279","targetHints":{"allow":["GET"]}}],"collection":[{"href":"https:\/\/positiveprints.com\/it\/wp-json\/wp\/v2\/product"}],"about":[{"href":"https:\/\/positiveprints.com\/it\/wp-json\/wp\/v2\/types\/product"}],"wp:featuredmedia":[{"embeddable":true,"href":"https:\/\/positiveprints.com\/it\/wp-json\/wp\/v2\/media\/1480304"}],"wp:attachment":[{"href":"https:\/\/positiveprints.com\/it\/wp-json\/wp\/v2\/media?parent=1151279"}],"wp:term":[{"taxonomy":"product_brand","embeddable":true,"href":"https:\/\/positiveprints.com\/it\/wp-json\/wp\/v2\/product_brand?post=1151279"},{"taxonomy":"product_cat","embeddable":true,"href":"https:\/\/positiveprints.com\/it\/wp-json\/wp\/v2\/product_cat?post=1151279"},{"taxonomy":"product_tag","embeddable":true,"href":"https:\/\/positiveprints.com\/it\/wp-json\/wp\/v2\/product_tag?post=1151279"}],"curies":[{"name":"wp","href":"https:\/\/api.w.org\/{rel}","templated":true}]}}