{"id":1137680,"date":"2024-06-18T10:23:26","date_gmt":"2024-06-18T09:23:26","guid":{"rendered":"https:\/\/positiveprints.com\/?post_type=product&#038;p=1137680"},"modified":"2026-04-03T02:49:49","modified_gmt":"2026-04-03T01:49:49","slug":"mappa-con-foto-di-dove-tutto-e-iniziato","status":"publish","type":"product","link":"https:\/\/positiveprints.com\/it\/prodotto\/mappa-con-foto-di-dove-tutto-e-iniziato\/","title":{"rendered":"Mappa con Foto di Dove Tutto \u00e8 Iniziato"},"content":{"rendered":"<p>Celebra il luogo dove \u00e8 iniziata la vostra storia d&#8217;amore con la nostra Mappa con Foto di Dove Tutto \u00c8 Iniziato. Questa stampa personalizzata cattura l&#8217;esatta posizione dove \u00e8 iniziato il vostro viaggio, con una mappa dettagliata, un segnalino a forma di cuore per individuare il punto, la vostra foto e un messaggio personalizzato sotto la mappa e la foto.<\/p>\r\n\r\n<h2>Crea la tua Mappa con Foto di Dove Tutto \u00e8 Iniziato<\/h2>\r\n\r\n<p>Il nostro creatore online rende la personalizzazione semplice. Scegli la forma e i colori della mappa, selezionando tra schemi di colori predefiniti o sperimentando con le tue scelte di colore. Inserisci il luogo speciale, ingrandisci e rimpicciolisci per ottenere la vista perfetta, e aggiungi un segnalino a forma di cuore per individuare il punto esatto. Carica la tua foto preferita e aggiungi un messaggio significativo come &#8220;Dove Tutto \u00c8 Iniziato&#8221;.<\/p>\r\n\r\n<p>Scegli tra una variet\u00e0 di formati: poster stampato o incorniciato, tela o file digitale. Indipendentemente dal formato, la tua mappa personalizzata sar\u00e0 stupenda e servir\u00e0 come un prezioso promemoria del vostro luogo speciale.<\/p>\r\n\r\n<h2>Regalo Perfetto per Occasioni Speciali<\/h2>\r\n\r\n<p>La Mappa con Foto di Dove Tutto \u00c8 Iniziato \u00e8 un regalo unico e premuroso per anniversari, compleanni, San Valentino, matrimoni o qualsiasi altra occasione speciale. Celebra il vostro viaggio insieme regalando qualcosa che cattura l&#8217;essenza della vostra relazione.<\/p>\r\n\r\n<p>Immagina la gioia sul viso della persona amata quando vedr\u00e0 questa mappa bellissimamente realizzata, che segna il punto in cui \u00e8 iniziata la vostra storia d&#8217;amore. La foto aggiunta e il messaggio personale rendono questo regalo veramente unico, mostrando quanto tu apprezzi i vostri ricordi condivisi. Che sia per il tuo partner, i tuoi genitori, amici o fratelli, questo regalo evocer\u00e0 emozioni sincere e diventer\u00e0 un ricordo prezioso.<\/p>\r\n\r\n<h2>Perch\u00e9 Scegliere la Nostra Mappa con Foto di Dove Tutto \u00c8 Iniziato?<\/h2>\r\n\r\n<p>Creare la tua mappa \u00e8 rapido e semplice. Visita il nostro sito web, usa l&#8217;editor online per personalizzare la tua stampa e effettua l&#8217;ordine. Noi ci occupiamo del resto, garantendo che la tua stampa sia realizzata con cura e consegnata tempestivamente.<\/p>","protected":false},"excerpt":{"rendered":"<ul class=\"check-list\">\n<li>Indica il punto preciso con un simbolo a tua scelta<\/li>\n<li>Personalizzala in 3 semplici passaggi<\/li>\n<li>Aggiungi un testo personalizzato<\/li>\n<li>Guarda subito il risultato \u2013 l&#8217;anteprima interattiva ti permette di perfezionare ogni dettaglio<\/li>\n<\/ul>\n","protected":false},"featured_media":1387409,"template":"","meta":[],"product_brand":[],"product_cat":[9763,4449,7190,5269,11425,11426,11424,11418,11432,11427,8008,7688],"product_tag":[14889,14905,14894,14902,9734,14903,15464,14904,14886,14898,14906,11754,11798,11768,11796,11800,11799,14683,14897,14910,14890,14907,14911,14887],"class_list":{"0":"post-1137680","1":"product","2":"type-product","3":"status-publish","4":"has-post-thumbnail","6":"product_cat-trending-label-it","7":"product_cat-tutti-i-prodotti","8":"product_cat-map-it","9":"product_cat-regali-di-natale","10":"product_cat-regali-di-natale-per-lei","11":"product_cat-regali-di-natale-per-lui","12":"product_cat-regali-di-natale-per-la-fidanzata","13":"product_cat-regali-di-natale-per-il-fidanzato","14":"product_cat-regali-di-natale-per-la-moglie","15":"product_cat-regali-di-natale-per-il-marito","16":"product_cat-regali-da-uomo","17":"product_cat-regali-da-donna","18":"product_tag-anniversary-it-2","19":"product_tag-anniversary-gift-it","20":"product_tag-anniversary-gifts-it","21":"product_tag-anniversary-present-it","22":"product_tag-couple-it","23":"product_tag-couple-gift-it","24":"product_tag-cuore-con-foto","25":"product_tag-gift-for-couple-it","26":"product_tag-love-it","27":"product_tag-love-gift-it","28":"product_tag-personalized-gift-it","29":"product_tag-regali-di-natale-per-il-fidanzato","30":"product_tag-regali-di-natale-per-il-marito","31":"product_tag-regali-di-natale-per-la-fidanzata","32":"product_tag-regali-di-natale-per-la-moglie","33":"product_tag-regali-di-natale-per-lei","34":"product_tag-regali-di-natale-per-lui","35":"product_tag-regalo-romantico","36":"product_tag-romantic-gifts-it","37":"product_tag-sentimental-gift-it","38":"product_tag-special-occasion-it","39":"product_tag-thoughtful-gift-it","40":"product_tag-unique-gift-it","41":"product_tag-wedding-anniversary-it","43":"first","44":"instock","45":"sale","46":"taxable","47":"shipping-taxable","48":"purchasable","49":"product-type-variable"},"yoast_head":"<!-- This site is optimized with the Yoast SEO Premium plugin v27.2 (Yoast SEO v27.2) - https:\/\/yoast.com\/product\/yoast-seo-premium-wordpress\/ -->\n<title>Mappa con Foto di Dove Tutto \u00e8 Iniziato - Positive Prints<\/title>\n<meta name=\"description\" content=\"La Mappa con Foto di Dove Tutto \u00c8 Iniziato \u00e8 un regalo unico e premuroso per anniversari, compleanni, San Valentino, matrimoni o qualsiasi occasione speciale.\" \/>\n<meta name=\"robots\" content=\"index, follow, max-snippet:-1, max-image-preview:large, max-video-preview:-1\" \/>\n<link rel=\"canonical\" href=\"https:\/\/positiveprints.com\/it\/prodotto\/mappa-con-foto-di-dove-tutto-e-iniziato\/\" \/>\n<meta property=\"og:locale\" content=\"it_IT\" \/>\n<meta property=\"og:type\" content=\"article\" \/>\n<meta property=\"og:title\" content=\"Mappa con Foto di Dove Tutto \u00e8 Iniziato\" \/>\n<meta property=\"og:description\" content=\"Indica il punto preciso con un simbolo a tua scelta  Personalizzala in 3 semplici passaggi  Aggiungi un testo personalizzato  Guarda subito il risultato \u2013 l&#039;anteprima interattiva ti permette di perfezionare ogni dettaglio\" \/>\n<meta property=\"og:url\" content=\"https:\/\/positiveprints.com\/it\/prodotto\/mappa-con-foto-di-dove-tutto-e-iniziato\/\" \/>\n<meta property=\"og:site_name\" content=\"Positive Prints\" \/>\n<meta property=\"article:publisher\" content=\"https:\/\/www.facebook.com\/positiveprintscom\" \/>\n<meta property=\"article:modified_time\" content=\"2026-04-03T01:49:49+00:00\" \/>\n<meta property=\"og:image\" content=\"https:\/\/positiveprints.com\/wp-content\/uploads\/2025\/03\/Mappa-con-Foto-di-Dove-Tutto-E\u0300-Iniziato-1.webp\" \/>\n\t<meta property=\"og:image:width\" content=\"1450\" \/>\n\t<meta property=\"og:image:height\" content=\"1450\" \/>\n\t<meta property=\"og:image:type\" content=\"image\/webp\" \/>\n<meta name=\"twitter:card\" content=\"summary_large_image\" \/>\n<meta name=\"twitter:label1\" content=\"Tempo di lettura stimato\" \/>\n\t<meta name=\"twitter:data1\" content=\"2 minuti\" \/>\n<!-- \/ Yoast SEO Premium plugin. -->","yoast_head_json":{"title":"Mappa con Foto di Dove Tutto \u00e8 Iniziato - Positive Prints","description":"La Mappa con Foto di Dove Tutto \u00c8 Iniziato \u00e8 un regalo unico e premuroso per anniversari, compleanni, San Valentino, matrimoni o qualsiasi occasione speciale.","robots":{"index":"index","follow":"follow","max-snippet":"max-snippet:-1","max-image-preview":"max-image-preview:large","max-video-preview":"max-video-preview:-1"},"canonical":"https:\/\/positiveprints.com\/it\/prodotto\/mappa-con-foto-di-dove-tutto-e-iniziato\/","og_locale":"it_IT","og_type":"article","og_title":"Mappa con Foto di Dove Tutto \u00e8 Iniziato","og_description":"Indica il punto preciso con un simbolo a tua scelta  Personalizzala in 3 semplici passaggi  Aggiungi un testo personalizzato  Guarda subito il risultato \u2013 l'anteprima interattiva ti permette di perfezionare ogni dettaglio","og_url":"https:\/\/positiveprints.com\/it\/prodotto\/mappa-con-foto-di-dove-tutto-e-iniziato\/","og_site_name":"Positive Prints","article_publisher":"https:\/\/www.facebook.com\/positiveprintscom","article_modified_time":"2026-04-03T01:49:49+00:00","og_image":[{"width":1450,"height":1450,"url":"https:\/\/positiveprints.com\/wp-content\/uploads\/2025\/03\/Mappa-con-Foto-di-Dove-Tutto-E\u0300-Iniziato-1.webp","type":"image\/webp"}],"twitter_card":"summary_large_image","twitter_misc":{"Tempo di lettura stimato":"2 minuti"},"schema":{"@context":"https:\/\/schema.org","@graph":[{"@type":["WebPage","ItemPage"],"@id":"https:\/\/positiveprints.com\/it\/prodotto\/mappa-con-foto-di-dove-tutto-e-iniziato\/","url":"https:\/\/positiveprints.com\/it\/prodotto\/mappa-con-foto-di-dove-tutto-e-iniziato\/","name":"Mappa con Foto di Dove Tutto \u00e8 Iniziato - Positive Prints","isPartOf":{"@id":"https:\/\/positiveprints.com\/it\/#website"},"primaryImageOfPage":{"@id":"https:\/\/positiveprints.com\/it\/prodotto\/mappa-con-foto-di-dove-tutto-e-iniziato\/#primaryimage"},"image":{"@id":"https:\/\/positiveprints.com\/it\/prodotto\/mappa-con-foto-di-dove-tutto-e-iniziato\/#primaryimage"},"thumbnailUrl":"https:\/\/positiveprints.com\/wp-content\/uploads\/2025\/03\/Mappa-con-Foto-di-Dove-Tutto-E\u0300-Iniziato-1.webp","datePublished":"2024-06-18T09:23:26+00:00","dateModified":"2026-04-03T01:49:49+00:00","description":"La Mappa con Foto di Dove Tutto \u00c8 Iniziato \u00e8 un regalo unico e premuroso per anniversari, compleanni, San Valentino, matrimoni o qualsiasi occasione speciale.","breadcrumb":{"@id":"https:\/\/positiveprints.com\/it\/prodotto\/mappa-con-foto-di-dove-tutto-e-iniziato\/#breadcrumb"},"inLanguage":"it-IT","potentialAction":[{"@type":"ReadAction","target":["https:\/\/positiveprints.com\/it\/prodotto\/mappa-con-foto-di-dove-tutto-e-iniziato\/"]}]},{"@type":"ImageObject","inLanguage":"it-IT","@id":"https:\/\/positiveprints.com\/it\/prodotto\/mappa-con-foto-di-dove-tutto-e-iniziato\/#primaryimage","url":"https:\/\/positiveprints.com\/wp-content\/uploads\/2025\/03\/Mappa-con-Foto-di-Dove-Tutto-E\u0300-Iniziato-1.webp","contentUrl":"https:\/\/positiveprints.com\/wp-content\/uploads\/2025\/03\/Mappa-con-Foto-di-Dove-Tutto-E\u0300-Iniziato-1.webp","width":1450,"height":1450},{"@type":"BreadcrumbList","@id":"https:\/\/positiveprints.com\/it\/prodotto\/mappa-con-foto-di-dove-tutto-e-iniziato\/#breadcrumb","itemListElement":[{"@type":"ListItem","position":1,"name":"Home","item":"https:\/\/positiveprints.com\/it\/"},{"@type":"ListItem","position":2,"name":"Prodotti","item":"https:\/\/positiveprints.com\/it\/shop\/"},{"@type":"ListItem","position":3,"name":"Mappa con Foto di Dove Tutto \u00e8 Iniziato"}]},{"@type":"WebSite","@id":"https:\/\/positiveprints.com\/it\/#website","url":"https:\/\/positiveprints.com\/it\/","name":"Positive Prints","description":"Amazing Custom Personalized Gifts","publisher":{"@id":"https:\/\/positiveprints.com\/it\/#organization"},"potentialAction":[{"@type":"SearchAction","target":{"@type":"EntryPoint","urlTemplate":"https:\/\/positiveprints.com\/it\/?s={search_term_string}"},"query-input":{"@type":"PropertyValueSpecification","valueRequired":true,"valueName":"search_term_string"}}],"inLanguage":"it-IT"},{"@type":"Organization","@id":"https:\/\/positiveprints.com\/it\/#organization","name":"Positive Prints","alternateName":"Positive Prints","url":"https:\/\/positiveprints.com\/it\/","logo":{"@type":"ImageObject","inLanguage":"it-IT","@id":"https:\/\/positiveprints.com\/it\/#\/schema\/logo\/image\/","url":"https:\/\/positiveprints.com\/wp-content\/uploads\/2026\/03\/245815646_1337939713319158_5671353136411139666_n.png","contentUrl":"https:\/\/positiveprints.com\/wp-content\/uploads\/2026\/03\/245815646_1337939713319158_5671353136411139666_n.png","width":800,"height":800,"caption":"Positive Prints"},"image":{"@id":"https:\/\/positiveprints.com\/it\/#\/schema\/logo\/image\/"},"sameAs":["https:\/\/www.facebook.com\/positiveprintscom","https:\/\/www.instagram.com\/positiveprintscom\/","https:\/\/www.tiktok.com\/@positiveprintscom","https:\/\/www.pinterest.com\/positiveprintscom\/"]}]}},"jetpack_sharing_enabled":true,"_links":{"self":[{"href":"https:\/\/positiveprints.com\/it\/wp-json\/wp\/v2\/product\/1137680","targetHints":{"allow":["GET"]}}],"collection":[{"href":"https:\/\/positiveprints.com\/it\/wp-json\/wp\/v2\/product"}],"about":[{"href":"https:\/\/positiveprints.com\/it\/wp-json\/wp\/v2\/types\/product"}],"wp:featuredmedia":[{"embeddable":true,"href":"https:\/\/positiveprints.com\/it\/wp-json\/wp\/v2\/media\/1387409"}],"wp:attachment":[{"href":"https:\/\/positiveprints.com\/it\/wp-json\/wp\/v2\/media?parent=1137680"}],"wp:term":[{"taxonomy":"product_brand","embeddable":true,"href":"https:\/\/positiveprints.com\/it\/wp-json\/wp\/v2\/product_brand?post=1137680"},{"taxonomy":"product_cat","embeddable":true,"href":"https:\/\/positiveprints.com\/it\/wp-json\/wp\/v2\/product_cat?post=1137680"},{"taxonomy":"product_tag","embeddable":true,"href":"https:\/\/positiveprints.com\/it\/wp-json\/wp\/v2\/product_tag?post=1137680"}],"curies":[{"name":"wp","href":"https:\/\/api.w.org\/{rel}","templated":true}]}}