{"id":1133504,"date":"2024-06-11T18:38:44","date_gmt":"2024-06-11T17:38:44","guid":{"rendered":"https:\/\/positiveprints.com\/?post_type=product&#038;p=1133504"},"modified":"2026-04-07T13:32:21","modified_gmt":"2026-04-07T12:32:21","slug":"mappa-tela-del-matrimonio","status":"publish","type":"product","link":"https:\/\/positiveprints.com\/it\/prodotto\/mappa-tela-del-matrimonio\/","title":{"rendered":"Mappa Tela del Matrimonio"},"content":{"rendered":"<p>Cerchi un regalo unico e sincero per i neo-sposi? La nostra Mappa Tela del Matrimonio \u00e8 la scelta perfetta. Metti in evidenza il luogo speciale dove la coppia ha detto &#8220;s\u00ec&#8221; con una bellissima mappa personalizzata.<\/p>\r\n\r\n<h2>Crea la Tua Mappa Tela del Matrimonio<\/h2>\r\n\r\n<p>Con la nostra Mappa Tela del Matrimonio, puoi creare un pezzo veramente unico. Entra nel nostro creatore online facile da usare per iniziare. Scegli la forma e i colori della mappa \u2013 usa i nostri schemi di colori predefiniti o personalizza i colori da solo. Successivamente, inserisci il luogo in cui si \u00e8 svolto il matrimonio. Puoi ingrandire e ridurre la mappa per renderla esattamente come desideri. Aggiungi un marcatore a forma di cuore per indicare il punto esatto e includi un messaggio personale sotto, come &#8220;Dove Abbiamo Detto S\u00ec&#8221;.<\/p>\r\n\r\n<h2>Regalo Perfetto per Occasioni Speciali<\/h2>\r\n\r\n<p>La nostra Mappa Tela del Matrimonio \u00e8 un regalo ideale per gli amici appena sposati. Immagina la gioia della coppia felice quando ricever\u00e0 una tela personalizzata che cattura il luogo speciale dove hanno celebrato il loro matrimonio.<\/p>\r\n\r\n<h2>Perch\u00e9 Scegliere la Nostra Mappa Tela del Matrimonio?<\/h2>\r\n\r\n<p>Scegliere il formato giusto \u00e8 facile con la nostra variet\u00e0 di opzioni di tela, garantendo che la tua mappa sar\u00e0 splendida su qualsiasi parete. Ordinare \u00e8 semplice \u2013 basta visitare il nostro sito web, inserire la posizione, personalizzare la mappa, aggiungere il tuo messaggio personale, scegliere il formato della tela e fare l&#8217;ordine. Noi ci occupiamo del resto, assicurando che la tua tela sia realizzata e consegnata con cura.<\/p>\r\n\r\n<p>Regala un dono che sar\u00e0 apprezzato per sempre. La Mappa Tela del Matrimonio serve come tributo duraturo al luogo speciale dove \u00e8 avvenuto il matrimonio, rendendolo un regalo creativo e significativo per ogni coppia appena sposata.<\/p>","protected":false},"excerpt":{"rendered":"<ul class=\"check-list\">\n<li>Commemorate questo giorno speciale creando una tela personalizzata della location del matrimonio<\/li>\n<li>Indica il punto preciso con un simbolo a tua scelta<\/li>\n<li>Personalizzala in 3 semplici passaggi<\/li>\n<li>Aggiungi un testo personalizzato<\/li>\n<li>Guarda subito il risultato \u2013 l&#8217;anteprima interattiva ti permette di perfezionare ogni dettaglio<\/li>\n<\/ul>\n","protected":false},"featured_media":1696578,"template":"","meta":[],"product_brand":[],"product_cat":[7928,11146,4449],"product_tag":[16231,16243],"class_list":{"0":"post-1133504","1":"product","2":"type-product","3":"status-publish","4":"has-post-thumbnail","6":"product_cat-regali-per-laddio-al-nubilato","7":"product_cat-tela","8":"product_cat-tutti-i-prodotti","9":"product_tag-tela","10":"product_tag-tele-personalizzate","12":"first","13":"instock","14":"sale","15":"taxable","16":"shipping-taxable","17":"purchasable","18":"product-type-variable"},"yoast_head":"<!-- This site is optimized with the Yoast SEO Premium plugin v27.2 (Yoast SEO v27.2) - https:\/\/yoast.com\/product\/yoast-seo-premium-wordpress\/ -->\n<title>Mappa Tela del Matrimonio - Positive Prints<\/title>\n<meta name=\"description\" content=\"Cerchi un regalo unico per i neo-sposi? Metti in evidenza il luogo speciale dove la coppia ha detto s\u00ec con una bellissima Mappa Tela del Matrimonio Personalizzata.\" \/>\n<meta name=\"robots\" content=\"index, follow, max-snippet:-1, max-image-preview:large, max-video-preview:-1\" \/>\n<link rel=\"canonical\" href=\"https:\/\/positiveprints.com\/it\/prodotto\/mappa-tela-del-matrimonio\/\" \/>\n<meta property=\"og:locale\" content=\"it_IT\" \/>\n<meta property=\"og:type\" content=\"article\" \/>\n<meta property=\"og:title\" content=\"Mappa Tela del Matrimonio\" \/>\n<meta property=\"og:description\" content=\"Commemorate questo giorno speciale creando una tela personalizzata della location del matrimonio Indica il punto preciso con un simbolo a tua scelta Personalizzala in 3 semplici passaggi Aggiungi un testo personalizzato Guarda subito il risultato \u2013 l&#039;anteprima interattiva ti permette di perfezionare ogni dettaglio\" \/>\n<meta property=\"og:url\" content=\"https:\/\/positiveprints.com\/it\/prodotto\/mappa-tela-del-matrimonio\/\" \/>\n<meta property=\"og:site_name\" content=\"Positive Prints\" \/>\n<meta property=\"article:publisher\" content=\"https:\/\/www.facebook.com\/positiveprintscom\" \/>\n<meta property=\"article:modified_time\" content=\"2026-04-07T12:32:21+00:00\" \/>\n<meta property=\"og:image\" content=\"https:\/\/positiveprints.com\/wp-content\/uploads\/2026\/04\/Packshot_IT_XX-Mappa-di-matrimonio-su-tela.webp\" \/>\n\t<meta property=\"og:image:width\" content=\"1450\" \/>\n\t<meta property=\"og:image:height\" content=\"1450\" \/>\n\t<meta property=\"og:image:type\" content=\"image\/webp\" \/>\n<meta name=\"twitter:card\" content=\"summary_large_image\" \/>\n<meta name=\"twitter:label1\" content=\"Tempo di lettura stimato\" \/>\n\t<meta name=\"twitter:data1\" content=\"2 minuti\" \/>\n<!-- \/ Yoast SEO Premium plugin. -->","yoast_head_json":{"title":"Mappa Tela del Matrimonio - Positive Prints","description":"Cerchi un regalo unico per i neo-sposi? Metti in evidenza il luogo speciale dove la coppia ha detto s\u00ec con una bellissima Mappa Tela del Matrimonio Personalizzata.","robots":{"index":"index","follow":"follow","max-snippet":"max-snippet:-1","max-image-preview":"max-image-preview:large","max-video-preview":"max-video-preview:-1"},"canonical":"https:\/\/positiveprints.com\/it\/prodotto\/mappa-tela-del-matrimonio\/","og_locale":"it_IT","og_type":"article","og_title":"Mappa Tela del Matrimonio","og_description":"Commemorate questo giorno speciale creando una tela personalizzata della location del matrimonio Indica il punto preciso con un simbolo a tua scelta Personalizzala in 3 semplici passaggi Aggiungi un testo personalizzato Guarda subito il risultato \u2013 l'anteprima interattiva ti permette di perfezionare ogni dettaglio","og_url":"https:\/\/positiveprints.com\/it\/prodotto\/mappa-tela-del-matrimonio\/","og_site_name":"Positive Prints","article_publisher":"https:\/\/www.facebook.com\/positiveprintscom","article_modified_time":"2026-04-07T12:32:21+00:00","og_image":[{"width":1450,"height":1450,"url":"https:\/\/positiveprints.com\/wp-content\/uploads\/2026\/04\/Packshot_IT_XX-Mappa-di-matrimonio-su-tela.webp","type":"image\/webp"}],"twitter_card":"summary_large_image","twitter_misc":{"Tempo di lettura stimato":"2 minuti"},"schema":{"@context":"https:\/\/schema.org","@graph":[{"@type":["WebPage","ItemPage"],"@id":"https:\/\/positiveprints.com\/it\/prodotto\/mappa-tela-del-matrimonio\/","url":"https:\/\/positiveprints.com\/it\/prodotto\/mappa-tela-del-matrimonio\/","name":"Mappa Tela del Matrimonio - Positive Prints","isPartOf":{"@id":"https:\/\/positiveprints.com\/it\/#website"},"primaryImageOfPage":{"@id":"https:\/\/positiveprints.com\/it\/prodotto\/mappa-tela-del-matrimonio\/#primaryimage"},"image":{"@id":"https:\/\/positiveprints.com\/it\/prodotto\/mappa-tela-del-matrimonio\/#primaryimage"},"thumbnailUrl":"https:\/\/positiveprints.com\/wp-content\/uploads\/2026\/04\/Packshot_IT_XX-Mappa-di-matrimonio-su-tela.webp","datePublished":"2024-06-11T17:38:44+00:00","dateModified":"2026-04-07T12:32:21+00:00","description":"Cerchi un regalo unico per i neo-sposi? Metti in evidenza il luogo speciale dove la coppia ha detto s\u00ec con una bellissima Mappa Tela del Matrimonio Personalizzata.","breadcrumb":{"@id":"https:\/\/positiveprints.com\/it\/prodotto\/mappa-tela-del-matrimonio\/#breadcrumb"},"inLanguage":"it-IT","potentialAction":[{"@type":"ReadAction","target":["https:\/\/positiveprints.com\/it\/prodotto\/mappa-tela-del-matrimonio\/"]}]},{"@type":"ImageObject","inLanguage":"it-IT","@id":"https:\/\/positiveprints.com\/it\/prodotto\/mappa-tela-del-matrimonio\/#primaryimage","url":"https:\/\/positiveprints.com\/wp-content\/uploads\/2026\/04\/Packshot_IT_XX-Mappa-di-matrimonio-su-tela.webp","contentUrl":"https:\/\/positiveprints.com\/wp-content\/uploads\/2026\/04\/Packshot_IT_XX-Mappa-di-matrimonio-su-tela.webp","width":1450,"height":1450},{"@type":"BreadcrumbList","@id":"https:\/\/positiveprints.com\/it\/prodotto\/mappa-tela-del-matrimonio\/#breadcrumb","itemListElement":[{"@type":"ListItem","position":1,"name":"Home","item":"https:\/\/positiveprints.com\/it\/"},{"@type":"ListItem","position":2,"name":"Prodotti","item":"https:\/\/positiveprints.com\/it\/shop\/"},{"@type":"ListItem","position":3,"name":"Mappa Tela del Matrimonio"}]},{"@type":"WebSite","@id":"https:\/\/positiveprints.com\/it\/#website","url":"https:\/\/positiveprints.com\/it\/","name":"Positive Prints","description":"Amazing Custom Personalized Gifts","publisher":{"@id":"https:\/\/positiveprints.com\/it\/#organization"},"potentialAction":[{"@type":"SearchAction","target":{"@type":"EntryPoint","urlTemplate":"https:\/\/positiveprints.com\/it\/?s={search_term_string}"},"query-input":{"@type":"PropertyValueSpecification","valueRequired":true,"valueName":"search_term_string"}}],"inLanguage":"it-IT"},{"@type":"Organization","@id":"https:\/\/positiveprints.com\/it\/#organization","name":"Positive Prints","alternateName":"Positive Prints","url":"https:\/\/positiveprints.com\/it\/","logo":{"@type":"ImageObject","inLanguage":"it-IT","@id":"https:\/\/positiveprints.com\/it\/#\/schema\/logo\/image\/","url":"https:\/\/positiveprints.com\/wp-content\/uploads\/2026\/03\/245815646_1337939713319158_5671353136411139666_n.png","contentUrl":"https:\/\/positiveprints.com\/wp-content\/uploads\/2026\/03\/245815646_1337939713319158_5671353136411139666_n.png","width":800,"height":800,"caption":"Positive Prints"},"image":{"@id":"https:\/\/positiveprints.com\/it\/#\/schema\/logo\/image\/"},"sameAs":["https:\/\/www.facebook.com\/positiveprintscom","https:\/\/www.instagram.com\/positiveprintscom\/","https:\/\/www.tiktok.com\/@positiveprintscom","https:\/\/www.pinterest.com\/positiveprintscom\/"]}]}},"jetpack_sharing_enabled":true,"_links":{"self":[{"href":"https:\/\/positiveprints.com\/it\/wp-json\/wp\/v2\/product\/1133504","targetHints":{"allow":["GET"]}}],"collection":[{"href":"https:\/\/positiveprints.com\/it\/wp-json\/wp\/v2\/product"}],"about":[{"href":"https:\/\/positiveprints.com\/it\/wp-json\/wp\/v2\/types\/product"}],"wp:featuredmedia":[{"embeddable":true,"href":"https:\/\/positiveprints.com\/it\/wp-json\/wp\/v2\/media\/1696578"}],"wp:attachment":[{"href":"https:\/\/positiveprints.com\/it\/wp-json\/wp\/v2\/media?parent=1133504"}],"wp:term":[{"taxonomy":"product_brand","embeddable":true,"href":"https:\/\/positiveprints.com\/it\/wp-json\/wp\/v2\/product_brand?post=1133504"},{"taxonomy":"product_cat","embeddable":true,"href":"https:\/\/positiveprints.com\/it\/wp-json\/wp\/v2\/product_cat?post=1133504"},{"taxonomy":"product_tag","embeddable":true,"href":"https:\/\/positiveprints.com\/it\/wp-json\/wp\/v2\/product_tag?post=1133504"}],"curies":[{"name":"wp","href":"https:\/\/api.w.org\/{rel}","templated":true}]}}