{"id":1122928,"date":"2023-10-04T13:19:12","date_gmt":"2023-10-04T12:19:12","guid":{"rendered":"https:\/\/positiveprints.com\/?post_type=product&#038;p=1122928"},"modified":"2026-04-03T03:04:52","modified_gmt":"2026-04-03T02:04:52","slug":"collage-di-foto-a-forma-di-lettere-per-la-zia","status":"publish","type":"product","link":"https:\/\/positiveprints.com\/it\/prodotto\/collage-di-foto-a-forma-di-lettere-per-la-zia\/","title":{"rendered":"Collage Fotografico con Lettere Zia"},"content":{"rendered":"Crea un Collage di Foto a Forma di Lettere per la Zia unico come regalo sincero. Realizza un messaggio personalizzato con la parola che preferisci o il nome della tua zia, aggiungi le foto e seleziona i colori dei contorni. Esprimi il tuo amore con una stampa unica per Natale, compleanni o qualsiasi occasione speciale.\r\n<h2>Realizzazione di un Collage di Foto a Forma di Lettere Personalizzato per la Zia<\/h2>\r\nEleva il tuo modo di fare regali con il nostro Collage di Foto a Forma di Lettere per la Zia. \u00c8 facile creare un magnifico <a href=\"https:\/\/positiveprints.com\/it\/prodotto\/collage-di-foto-a-forma-di-lettere\/\">collage di lettere<\/a> che compone &#8220;zia&#8221;, &#8220;zia Carla&#8221;, &#8220;zia Maria&#8221; o il nome della tua zia. Personalizzalo scegliendo i colori dei contorni per ogni lettera, aggiungendo testo in alto e in basso per renderlo ancora pi\u00f9 personale. Condividi un messaggio sincero che tocchi il cuore.\r\n\r\nLa vera magia avviene quando carichi le foto per ogni lettera. Ingrandisci, regola le posizioni e guarda i tuoi preziosi ricordi formare un bellissimo collage che \u00e8 unico nel suo genere. Una volta finito, seleziona il formato preferito: incorniciato, poster stampato, tela o un file digitale da scaricare istantaneamente.\r\n<h2>Un Regalo Perfetto per la Tua Amata Zia<\/h2>\r\nIl nostro Collage di Foto a Forma di Lettere per la Zia non \u00e8 solo un regalo; \u00e8 un&#8217;espressione d&#8217;amore per una delle persone pi\u00f9 care della tua vita. Questo capolavoro personalizzato \u00e8 ideale per Natale, il compleanno della tua zia o qualsiasi altro momento che desideri rendere ancora pi\u00f9 speciale. Intrecciando i tuoi ricordi preziosi nella parola che preferisci, stai regalando un dono che non \u00e8 solo visivamente splendido ma anche profondamente emotivo.\r\nLa tua zia sentir\u00e0 il calore del tuo amore ogni volta che guarder\u00e0 questa splendida creazione. \u00c8 un gesto sincero che le ricorder\u00e0 il vostro legame e i momenti indimenticabili che avete condiviso. Questo collage unico cattura l&#8217;essenza della vostra relazione e porta gioia e nostalgia in ogni occasione.","protected":false},"excerpt":{"rendered":"<ul class=\"check-list\">\n<li>Aggiungi un messaggio personale<\/li>\n<li>Personalizza in 3 semplici passaggi<\/li>\n<li>Scegli un template preimpostato o libera la tua creativit\u00e0<\/li>\n<li>Guarda subito il risultato \u2013 l&#8217;anteprima interattiva ti permette di perfezionare ogni dettaglio<\/li>\n<\/ul>\n","protected":false},"featured_media":1671015,"template":"","meta":[],"product_brand":[],"product_cat":[8830,4449],"product_tag":[16141,16083,17033,17313,13339,17173,16126],"class_list":{"0":"post-1122928","1":"product","2":"type-product","3":"status-publish","4":"has-post-thumbnail","6":"product_cat-collage-di-foto","7":"product_cat-tutti-i-prodotti","8":"product_tag-auntie-it","9":"product_tag-family-en-gb-it","10":"product_tag-regali-per-zia","11":"product_tag-regalo-di-compleanno-per-zia","12":"product_tag-regalo-di-natale-per-una-zia","13":"product_tag-regalo-per-zia","14":"product_tag-zia","16":"first","17":"instock","18":"sale","19":"taxable","20":"shipping-taxable","21":"purchasable","22":"product-type-variable"},"yoast_head":"<!-- This site is optimized with the Yoast SEO Premium plugin v27.2 (Yoast SEO v27.2) - https:\/\/yoast.com\/product\/yoast-seo-premium-wordpress\/ -->\n<title>Collage Fotografico con Lettere Zia - Positive Prints<\/title>\n<meta name=\"description\" content=\"Mostra alla tua zia quanto significa per te! Crea un fotocollage personalizzato, pieno di ricordi speciali che conserver\u00e0 per sempre.\" \/>\n<meta name=\"robots\" content=\"index, follow, max-snippet:-1, max-image-preview:large, max-video-preview:-1\" \/>\n<link rel=\"canonical\" href=\"https:\/\/positiveprints.com\/it\/prodotto\/collage-di-foto-a-forma-di-lettere-per-la-zia\/\" \/>\n<meta property=\"og:locale\" content=\"it_IT\" \/>\n<meta property=\"og:type\" content=\"article\" \/>\n<meta property=\"og:title\" content=\"Collage Fotografico con Lettere Zia\" \/>\n<meta property=\"og:description\" content=\"Aggiungi un messaggio personale  Personalizza in 3 semplici passaggi  Scegli un template preimpostato o libera la tua creativit\u00e0  Guarda subito il risultato \u2013 l&#039;anteprima interattiva ti permette di perfezionare ogni dettaglio\" \/>\n<meta property=\"og:url\" content=\"https:\/\/positiveprints.com\/it\/prodotto\/collage-di-foto-a-forma-di-lettere-per-la-zia\/\" \/>\n<meta property=\"og:site_name\" content=\"Positive Prints\" \/>\n<meta property=\"article:publisher\" content=\"https:\/\/www.facebook.com\/positiveprintscom\" \/>\n<meta property=\"article:modified_time\" content=\"2026-04-03T02:04:52+00:00\" \/>\n<meta property=\"og:image\" content=\"https:\/\/positiveprints.com\/wp-content\/uploads\/2025\/03\/Packshot_IT_ZIA.webp\" \/>\n\t<meta property=\"og:image:width\" content=\"1450\" \/>\n\t<meta property=\"og:image:height\" content=\"1450\" \/>\n\t<meta property=\"og:image:type\" content=\"image\/webp\" \/>\n<meta name=\"twitter:card\" content=\"summary_large_image\" \/>\n<meta name=\"twitter:label1\" content=\"Tempo di lettura stimato\" \/>\n\t<meta name=\"twitter:data1\" content=\"2 minuti\" \/>\n<!-- \/ Yoast SEO Premium plugin. -->","yoast_head_json":{"title":"Collage Fotografico con Lettere Zia - Positive Prints","description":"Mostra alla tua zia quanto significa per te! Crea un fotocollage personalizzato, pieno di ricordi speciali che conserver\u00e0 per sempre.","robots":{"index":"index","follow":"follow","max-snippet":"max-snippet:-1","max-image-preview":"max-image-preview:large","max-video-preview":"max-video-preview:-1"},"canonical":"https:\/\/positiveprints.com\/it\/prodotto\/collage-di-foto-a-forma-di-lettere-per-la-zia\/","og_locale":"it_IT","og_type":"article","og_title":"Collage Fotografico con Lettere Zia","og_description":"Aggiungi un messaggio personale  Personalizza in 3 semplici passaggi  Scegli un template preimpostato o libera la tua creativit\u00e0  Guarda subito il risultato \u2013 l'anteprima interattiva ti permette di perfezionare ogni dettaglio","og_url":"https:\/\/positiveprints.com\/it\/prodotto\/collage-di-foto-a-forma-di-lettere-per-la-zia\/","og_site_name":"Positive Prints","article_publisher":"https:\/\/www.facebook.com\/positiveprintscom","article_modified_time":"2026-04-03T02:04:52+00:00","og_image":[{"width":1450,"height":1450,"url":"https:\/\/positiveprints.com\/wp-content\/uploads\/2025\/03\/Packshot_IT_ZIA.webp","type":"image\/webp"}],"twitter_card":"summary_large_image","twitter_misc":{"Tempo di lettura stimato":"2 minuti"},"schema":{"@context":"https:\/\/schema.org","@graph":[{"@type":["WebPage","ItemPage"],"@id":"https:\/\/positiveprints.com\/it\/prodotto\/collage-di-foto-a-forma-di-lettere-per-la-zia\/","url":"https:\/\/positiveprints.com\/it\/prodotto\/collage-di-foto-a-forma-di-lettere-per-la-zia\/","name":"Collage Fotografico con Lettere Zia - Positive Prints","isPartOf":{"@id":"https:\/\/positiveprints.com\/it\/#website"},"primaryImageOfPage":{"@id":"https:\/\/positiveprints.com\/it\/prodotto\/collage-di-foto-a-forma-di-lettere-per-la-zia\/#primaryimage"},"image":{"@id":"https:\/\/positiveprints.com\/it\/prodotto\/collage-di-foto-a-forma-di-lettere-per-la-zia\/#primaryimage"},"thumbnailUrl":"https:\/\/positiveprints.com\/wp-content\/uploads\/2026\/03\/zia_IT.webp","datePublished":"2023-10-04T12:19:12+00:00","dateModified":"2026-04-03T02:04:52+00:00","description":"Mostra alla tua zia quanto significa per te! Crea un fotocollage personalizzato, pieno di ricordi speciali che conserver\u00e0 per sempre.","breadcrumb":{"@id":"https:\/\/positiveprints.com\/it\/prodotto\/collage-di-foto-a-forma-di-lettere-per-la-zia\/#breadcrumb"},"inLanguage":"it-IT","potentialAction":[{"@type":"ReadAction","target":["https:\/\/positiveprints.com\/it\/prodotto\/collage-di-foto-a-forma-di-lettere-per-la-zia\/"]}]},{"@type":"ImageObject","inLanguage":"it-IT","@id":"https:\/\/positiveprints.com\/it\/prodotto\/collage-di-foto-a-forma-di-lettere-per-la-zia\/#primaryimage","url":"https:\/\/positiveprints.com\/wp-content\/uploads\/2026\/03\/zia_IT.webp","contentUrl":"https:\/\/positiveprints.com\/wp-content\/uploads\/2026\/03\/zia_IT.webp","width":1450,"height":1450},{"@type":"BreadcrumbList","@id":"https:\/\/positiveprints.com\/it\/prodotto\/collage-di-foto-a-forma-di-lettere-per-la-zia\/#breadcrumb","itemListElement":[{"@type":"ListItem","position":1,"name":"Home","item":"https:\/\/positiveprints.com\/it\/"},{"@type":"ListItem","position":2,"name":"Prodotti","item":"https:\/\/positiveprints.com\/it\/shop\/"},{"@type":"ListItem","position":3,"name":"Collage Fotografico con Lettere Zia"}]},{"@type":"WebSite","@id":"https:\/\/positiveprints.com\/it\/#website","url":"https:\/\/positiveprints.com\/it\/","name":"Positive Prints","description":"Amazing Custom Personalized Gifts","publisher":{"@id":"https:\/\/positiveprints.com\/it\/#organization"},"potentialAction":[{"@type":"SearchAction","target":{"@type":"EntryPoint","urlTemplate":"https:\/\/positiveprints.com\/it\/?s={search_term_string}"},"query-input":{"@type":"PropertyValueSpecification","valueRequired":true,"valueName":"search_term_string"}}],"inLanguage":"it-IT"},{"@type":"Organization","@id":"https:\/\/positiveprints.com\/it\/#organization","name":"Positive Prints","alternateName":"Positive Prints","url":"https:\/\/positiveprints.com\/it\/","logo":{"@type":"ImageObject","inLanguage":"it-IT","@id":"https:\/\/positiveprints.com\/it\/#\/schema\/logo\/image\/","url":"https:\/\/positiveprints.com\/wp-content\/uploads\/2026\/03\/245815646_1337939713319158_5671353136411139666_n.png","contentUrl":"https:\/\/positiveprints.com\/wp-content\/uploads\/2026\/03\/245815646_1337939713319158_5671353136411139666_n.png","width":800,"height":800,"caption":"Positive Prints"},"image":{"@id":"https:\/\/positiveprints.com\/it\/#\/schema\/logo\/image\/"},"sameAs":["https:\/\/www.facebook.com\/positiveprintscom","https:\/\/www.instagram.com\/positiveprintscom\/","https:\/\/www.tiktok.com\/@positiveprintscom","https:\/\/www.pinterest.com\/positiveprintscom\/"]}]}},"jetpack_sharing_enabled":true,"_links":{"self":[{"href":"https:\/\/positiveprints.com\/it\/wp-json\/wp\/v2\/product\/1122928","targetHints":{"allow":["GET"]}}],"collection":[{"href":"https:\/\/positiveprints.com\/it\/wp-json\/wp\/v2\/product"}],"about":[{"href":"https:\/\/positiveprints.com\/it\/wp-json\/wp\/v2\/types\/product"}],"wp:featuredmedia":[{"embeddable":true,"href":"https:\/\/positiveprints.com\/it\/wp-json\/wp\/v2\/media\/1671015"}],"wp:attachment":[{"href":"https:\/\/positiveprints.com\/it\/wp-json\/wp\/v2\/media?parent=1122928"}],"wp:term":[{"taxonomy":"product_brand","embeddable":true,"href":"https:\/\/positiveprints.com\/it\/wp-json\/wp\/v2\/product_brand?post=1122928"},{"taxonomy":"product_cat","embeddable":true,"href":"https:\/\/positiveprints.com\/it\/wp-json\/wp\/v2\/product_cat?post=1122928"},{"taxonomy":"product_tag","embeddable":true,"href":"https:\/\/positiveprints.com\/it\/wp-json\/wp\/v2\/product_tag?post=1122928"}],"curies":[{"name":"wp","href":"https:\/\/api.w.org\/{rel}","templated":true}]}}