{"id":1117261,"date":"2024-01-30T11:06:15","date_gmt":"2024-05-17T13:32:38","guid":{"rendered":"https:\/\/positiveprints.com\/?post_type=product&#038;p=1117261"},"modified":"2026-04-03T02:56:56","modified_gmt":"2026-04-03T01:56:56","slug":"mappa-delle-stelle-per-il-40o-compleanno","status":"publish","type":"product","link":"https:\/\/positiveprints.com\/it\/prodotto\/mappa-delle-stelle-per-il-40o-compleanno\/","title":{"rendered":"Mappa delle Stelle per il 40\u00ba Compleanno"},"content":{"rendered":"<p>Stai cercando un regalo unico per una speciale celebrazione del 40\u00ba compleanno? Ti sei mai chiesto come catturare la magia delle stelle dal giorno in cui \u00e8 nato il tuo caro? Beh, la &#8220;Mappa delle Stelle per il 40\u00ba Compleanno&#8221; ha quello che fa per te!<\/p>\r\n\r\n<h2>Crea il Tuo Capolavoro Celeste<\/h2>\r\n\r\n<p>Immagina di regalare un dono che non sia solo un presente, ma un pezzo di universo su misura per qualcuno a cui tieni. La nostra mappa personalizzata delle stelle ti permette di ricreare il cielo notturno dalla posizione e dalla data esatte della nascita del tuo caro.<\/p>\r\n\r\n<h2>Personalizzazione Facile con il Nostro Editor Online<\/h2>\r\n\r\n<p>Creare la tua <a href=\"https:\/\/positiveprints.com\/it\/prodotto\/mappa-stellare-personalizzata\/\">mappa stellare personalizzata<\/a> \u00e8 facile con il nostro editor online. Inizia scegliendo tra i nostri design predefiniti o libera la tua creativit\u00e0 giocando con i colori. Decidi se vuoi aggiungere pianeti o costellazioni alla tua stampa o tela. Poi, semplicemente inserisci la data di nascita e la posizione della persona cara. Rendila ancora pi\u00f9 speciale aggiungendo un tocco personale con un testo personalizzato.<\/p>\r\n\r\n<h2>Mappa delle Stelle per il 40\u00ba Compleanno: Poster o Tela?<\/h2>\r\n\r\n<p>Ora, ecco la parte divertente! Scegli se desideri ordinare un poster o una tela, incorniciato o non incorniciato. Cerchi un regalo dell&#8217;ultimo minuto? Opta per un download digitale istantaneo e potrai stamparlo localmente.<\/p>\r\n\r\n<h2>Perch\u00e9 la Mappa delle Stelle per il 40\u00ba Compleanno \u00e8 il Regalo Perfetto<\/h2>\r\n\r\n<p>Ti chiedi perch\u00e9 la &#8220;Mappa delle Stelle per il 40\u00ba Compleanno&#8221; \u00e8 il regalo perfetto per il 40\u00ba compleanno? \u00c8 un modo unico e pensato per commemorare un traguardo, permettendo al tuo caro di apprezzare le stelle dal giorno in cui sono entrati in questo mondo. \u00c8 una celebrazione cosmica che sar\u00e0 ricordata per tutta la vita.<\/p>","protected":false},"excerpt":{"rendered":"<ul class=\"check-list\">\n<li>Celebra il compleanno di una persona cara con una mappa delle stelle unica che ricrea il cielo notturno nella data e nell&#8217;ora esatte della nascita<\/li>\n<li>Aggiungi pianeti, costellazioni e la Via Lattea<\/li>\n<li>Personalizzala in 3 semplici passaggi<\/li>\n<li>Aggiungi un testo personalizzato<\/li>\n<li>Guarda subito il risultato \u2013 l&#8217;anteprima interattiva ti permette di perfezionare ogni dettaglio<\/li>\n<\/ul>\n","protected":false},"featured_media":1297891,"template":"","meta":[],"product_brand":[],"product_cat":[11558,4448,4449],"product_tag":[13136],"class_list":{"0":"post-1117261","1":"product","2":"type-product","3":"status-publish","4":"has-post-thumbnail","6":"product_cat-compleanno-40-anni","7":"product_cat-star-it-2","8":"product_cat-tutti-i-prodotti","9":"product_tag-40o-compleanno","11":"first","12":"instock","13":"sale","14":"taxable","15":"shipping-taxable","16":"purchasable","17":"product-type-variable"},"yoast_head":"<!-- This site is optimized with the Yoast SEO Premium plugin v27.2 (Yoast SEO v27.2) - https:\/\/yoast.com\/product\/yoast-seo-premium-wordpress\/ -->\n<title>Mappa delle Stelle per il 40\u00ba Compleanno - Positive Prints<\/title>\n<meta name=\"description\" content=\"La Mappa delle Stelle per il 40\u00ba Compleanno \u00e8 un modo unico e pensato per commemorare un traguardo. \u00c8 una celebrazione cosmica che sar\u00e0 ricordata per tutta la vita.\" \/>\n<meta name=\"robots\" content=\"index, follow, max-snippet:-1, max-image-preview:large, max-video-preview:-1\" \/>\n<link rel=\"canonical\" href=\"https:\/\/positiveprints.com\/it\/prodotto\/mappa-delle-stelle-per-il-40o-compleanno\/\" \/>\n<meta property=\"og:locale\" content=\"it_IT\" \/>\n<meta property=\"og:type\" content=\"article\" \/>\n<meta property=\"og:title\" content=\"Mappa delle Stelle per il 40\u00ba Compleanno\" \/>\n<meta property=\"og:description\" content=\"Celebra il compleanno di una persona cara con una mappa delle stelle unica che ricrea il cielo notturno nella data e nell&#039;ora esatte della nascita Aggiungi pianeti, costellazioni e la Via Lattea Personalizzala in 3 semplici passaggi Aggiungi un testo personalizzato Guarda subito il risultato \u2013 l&#039;anteprima interattiva ti permette di perfezionare ogni dettaglio\" \/>\n<meta property=\"og:url\" content=\"https:\/\/positiveprints.com\/it\/prodotto\/mappa-delle-stelle-per-il-40o-compleanno\/\" \/>\n<meta property=\"og:site_name\" content=\"Positive Prints\" \/>\n<meta property=\"article:publisher\" content=\"https:\/\/www.facebook.com\/positiveprintscom\" \/>\n<meta property=\"article:modified_time\" content=\"2026-04-03T01:56:56+00:00\" \/>\n<meta property=\"og:image\" content=\"https:\/\/positiveprints.com\/wp-content\/uploads\/2024\/12\/Packshot_IT_40th-Birthday-Star-Map-product-image.webp\" \/>\n\t<meta property=\"og:image:width\" content=\"1450\" \/>\n\t<meta property=\"og:image:height\" content=\"1450\" \/>\n\t<meta property=\"og:image:type\" content=\"image\/webp\" \/>\n<meta name=\"twitter:card\" content=\"summary_large_image\" \/>\n<!-- \/ Yoast SEO Premium plugin. -->","yoast_head_json":{"title":"Mappa delle Stelle per il 40\u00ba Compleanno - Positive Prints","description":"La Mappa delle Stelle per il 40\u00ba Compleanno \u00e8 un modo unico e pensato per commemorare un traguardo. \u00c8 una celebrazione cosmica che sar\u00e0 ricordata per tutta la vita.","robots":{"index":"index","follow":"follow","max-snippet":"max-snippet:-1","max-image-preview":"max-image-preview:large","max-video-preview":"max-video-preview:-1"},"canonical":"https:\/\/positiveprints.com\/it\/prodotto\/mappa-delle-stelle-per-il-40o-compleanno\/","og_locale":"it_IT","og_type":"article","og_title":"Mappa delle Stelle per il 40\u00ba Compleanno","og_description":"Celebra il compleanno di una persona cara con una mappa delle stelle unica che ricrea il cielo notturno nella data e nell'ora esatte della nascita Aggiungi pianeti, costellazioni e la Via Lattea Personalizzala in 3 semplici passaggi Aggiungi un testo personalizzato Guarda subito il risultato \u2013 l'anteprima interattiva ti permette di perfezionare ogni dettaglio","og_url":"https:\/\/positiveprints.com\/it\/prodotto\/mappa-delle-stelle-per-il-40o-compleanno\/","og_site_name":"Positive Prints","article_publisher":"https:\/\/www.facebook.com\/positiveprintscom","article_modified_time":"2026-04-03T01:56:56+00:00","og_image":[{"width":1450,"height":1450,"url":"https:\/\/positiveprints.com\/wp-content\/uploads\/2024\/12\/Packshot_IT_40th-Birthday-Star-Map-product-image.webp","type":"image\/webp"}],"twitter_card":"summary_large_image","schema":{"@context":"https:\/\/schema.org","@graph":[{"@type":["WebPage","ItemPage"],"@id":"https:\/\/positiveprints.com\/it\/prodotto\/mappa-delle-stelle-per-il-40o-compleanno\/","url":"https:\/\/positiveprints.com\/it\/prodotto\/mappa-delle-stelle-per-il-40o-compleanno\/","name":"Mappa delle Stelle per il 40\u00ba Compleanno - Positive Prints","isPartOf":{"@id":"https:\/\/positiveprints.com\/it\/#website"},"primaryImageOfPage":{"@id":"https:\/\/positiveprints.com\/it\/prodotto\/mappa-delle-stelle-per-il-40o-compleanno\/#primaryimage"},"image":{"@id":"https:\/\/positiveprints.com\/it\/prodotto\/mappa-delle-stelle-per-il-40o-compleanno\/#primaryimage"},"thumbnailUrl":"https:\/\/positiveprints.com\/wp-content\/uploads\/2024\/12\/Packshot_IT_40th-Birthday-Star-Map-product-image.webp","datePublished":"2024-05-17T13:32:38+00:00","dateModified":"2026-04-03T01:56:56+00:00","description":"La Mappa delle Stelle per il 40\u00ba Compleanno \u00e8 un modo unico e pensato per commemorare un traguardo. \u00c8 una celebrazione cosmica che sar\u00e0 ricordata per tutta la vita.","breadcrumb":{"@id":"https:\/\/positiveprints.com\/it\/prodotto\/mappa-delle-stelle-per-il-40o-compleanno\/#breadcrumb"},"inLanguage":"it-IT","potentialAction":[{"@type":"ReadAction","target":["https:\/\/positiveprints.com\/it\/prodotto\/mappa-delle-stelle-per-il-40o-compleanno\/"]}]},{"@type":"ImageObject","inLanguage":"it-IT","@id":"https:\/\/positiveprints.com\/it\/prodotto\/mappa-delle-stelle-per-il-40o-compleanno\/#primaryimage","url":"https:\/\/positiveprints.com\/wp-content\/uploads\/2024\/12\/Packshot_IT_40th-Birthday-Star-Map-product-image.webp","contentUrl":"https:\/\/positiveprints.com\/wp-content\/uploads\/2024\/12\/Packshot_IT_40th-Birthday-Star-Map-product-image.webp","width":1450,"height":1450,"caption":"Mappa delle Stelle per il 40\u00ba Compleanno"},{"@type":"BreadcrumbList","@id":"https:\/\/positiveprints.com\/it\/prodotto\/mappa-delle-stelle-per-il-40o-compleanno\/#breadcrumb","itemListElement":[{"@type":"ListItem","position":1,"name":"Home","item":"https:\/\/positiveprints.com\/it\/"},{"@type":"ListItem","position":2,"name":"Prodotti","item":"https:\/\/positiveprints.com\/it\/shop\/"},{"@type":"ListItem","position":3,"name":"Mappa delle Stelle per il 40\u00ba Compleanno"}]},{"@type":"WebSite","@id":"https:\/\/positiveprints.com\/it\/#website","url":"https:\/\/positiveprints.com\/it\/","name":"Positive Prints","description":"Amazing Custom Personalized Gifts","publisher":{"@id":"https:\/\/positiveprints.com\/it\/#organization"},"potentialAction":[{"@type":"SearchAction","target":{"@type":"EntryPoint","urlTemplate":"https:\/\/positiveprints.com\/it\/?s={search_term_string}"},"query-input":{"@type":"PropertyValueSpecification","valueRequired":true,"valueName":"search_term_string"}}],"inLanguage":"it-IT"},{"@type":"Organization","@id":"https:\/\/positiveprints.com\/it\/#organization","name":"Positive Prints","alternateName":"Positive Prints","url":"https:\/\/positiveprints.com\/it\/","logo":{"@type":"ImageObject","inLanguage":"it-IT","@id":"https:\/\/positiveprints.com\/it\/#\/schema\/logo\/image\/","url":"https:\/\/positiveprints.com\/wp-content\/uploads\/2026\/03\/245815646_1337939713319158_5671353136411139666_n.png","contentUrl":"https:\/\/positiveprints.com\/wp-content\/uploads\/2026\/03\/245815646_1337939713319158_5671353136411139666_n.png","width":800,"height":800,"caption":"Positive Prints"},"image":{"@id":"https:\/\/positiveprints.com\/it\/#\/schema\/logo\/image\/"},"sameAs":["https:\/\/www.facebook.com\/positiveprintscom","https:\/\/www.instagram.com\/positiveprintscom\/","https:\/\/www.tiktok.com\/@positiveprintscom","https:\/\/www.pinterest.com\/positiveprintscom\/"]}]}},"jetpack_sharing_enabled":true,"_links":{"self":[{"href":"https:\/\/positiveprints.com\/it\/wp-json\/wp\/v2\/product\/1117261","targetHints":{"allow":["GET"]}}],"collection":[{"href":"https:\/\/positiveprints.com\/it\/wp-json\/wp\/v2\/product"}],"about":[{"href":"https:\/\/positiveprints.com\/it\/wp-json\/wp\/v2\/types\/product"}],"wp:featuredmedia":[{"embeddable":true,"href":"https:\/\/positiveprints.com\/it\/wp-json\/wp\/v2\/media\/1297891"}],"wp:attachment":[{"href":"https:\/\/positiveprints.com\/it\/wp-json\/wp\/v2\/media?parent=1117261"}],"wp:term":[{"taxonomy":"product_brand","embeddable":true,"href":"https:\/\/positiveprints.com\/it\/wp-json\/wp\/v2\/product_brand?post=1117261"},{"taxonomy":"product_cat","embeddable":true,"href":"https:\/\/positiveprints.com\/it\/wp-json\/wp\/v2\/product_cat?post=1117261"},{"taxonomy":"product_tag","embeddable":true,"href":"https:\/\/positiveprints.com\/it\/wp-json\/wp\/v2\/product_tag?post=1117261"}],"curies":[{"name":"wp","href":"https:\/\/api.w.org\/{rel}","templated":true}]}}