{"id":1116357,"date":"2024-02-16T09:29:57","date_gmt":"2024-02-16T08:29:57","guid":{"rendered":"https:\/\/positiveprints.com\/?post_type=product&#038;p=1116357"},"modified":"2026-04-18T04:35:23","modified_gmt":"2026-04-18T03:35:23","slug":"la-luna-della-notte-in-cui-ci-siamo-incontrati","status":"publish","type":"product","link":"https:\/\/positiveprints.com\/it\/prodotto\/la-luna-della-notte-in-cui-ci-siamo-incontrati\/","title":{"rendered":"La Luna nella Notte in Cui Ci Siamo Incontrati"},"content":{"rendered":"<p>Vi state chiedendo cosa regalare alla persona amata? Non cercate oltre, scegliete La Luna della Notte in Cui Ci Siamo Incontrati. Questo regalo personalizzato \u00e8 pi\u00f9 di un semplice presente. \u00c8 un tributo sincero alla vostra storia d&#8217;amore, catturando la magia del giorno in cui vi siete incontrati, mostrando come appariva la luna in quella occasione speciale. Ricordate per sempre quel giorno con questo souvenir unico.<\/p>\r\n\r\n<h2>Questo \u00e8 l&#8217;Aspetto della Luna il Giorno in Cui Ci Siamo Incontrati<\/h2>\r\n\r\n<p>La luna occupa un posto speciale nei nostri cuori, soprattutto il giorno in cui ci siamo incontrati. Con La Luna della Notte in Cui Ci Siamo Incontrati, potete visualizzare l&#8217;esatta fase e l&#8217;aspetto della luna che ha illuminato il vostro primo incontro. Che si trattasse di una luna piena che proiettava una luce romantica o di una falce che brillava dolcemente nel cielo notturno, questa stampa cattura l&#8217;essenza di quel momento indimenticabile.<\/p>\r\n\r\n<h2>La Luna della Notte in Cui Ci Siamo Incontrati Personalizzata<\/h2>\r\n\r\n<p>Con il nostro editor online, creare la vostra stampa unica \u00e8 facile. Scegliete tra una selezione di sfondi o personalizzate il colore secondo il vostro stile. Inserite semplicemente la data e il luogo del vostro incontro per vedere esattamente come appariva la luna. Aggiungete un messaggio sincero per rendere la stampa veramente vostra, garantendo che ogni sguardo evochi ricordi preziosi.<\/p>\r\n\r\n<p>Che preferiate un poster stampato o incorniciato, o abbiate bisogno di qualcosa di istantaneo, abbiamo ci\u00f2 che fa per voi. Selezionate il formato che si adatta alle vostre esigenze e, se il tempo \u00e8 essenziale, optate per il download digitale istantaneo per un rapido accesso alla vostra stampa personalizzata. Con la nostra opera d&#8217;arte <a href=\"https:\/\/positiveprints.com\/it\/prodotto\/poster-della-luna-personalizzato\/\">fase lunare personalizzata<\/a>, potete custodire per sempre la vostra storia d&#8217;amore.<\/p>\r\n\r\n<p>Ogni volta che guardate questa stampa, sarete trasportati al momento in cui i vostri cammini si sono incrociati per la prima volta. \u00c8 un bellissimo promemoria del viaggio che avete intrapreso insieme e dell&#8217;amore che continua a crescere. Regalate il dono dei ricordi con La Luna della Notte in Cui Ci Siamo Incontrati.<\/p>","protected":false},"excerpt":{"rendered":"<ul class=\"check-list\">\n<li>Aggiungi l\u2019ombra unica della luna<\/li>\n<li>Personalizza in 3 semplici step<\/li>\n<li>Scegli tra una variet\u00e0 di splendidi design<\/li>\n<li>Guarda subito l&#8217;anteprima interattiva: ti consente di perfezionare ogni dettaglio in modo immediato<\/li>\n<\/ul>\n","protected":false},"featured_media":1688723,"template":"","meta":[],"product_brand":[],"product_cat":[5331,9277,7688,8008,5311,7205,5269,7673,11418,11427,7641,7784,11424,7752,11432,8191,11425,11426,8216,7800,11182,11181,11183,11243,11244,5315,9763,4449],"product_tag":[14889,14905,14894,14902,14903,13760,13750,14904,14886,14898,14906,11802,11754,11798,11768,11796,11800,11799,11801,14683,14897,14910,14890,14907,14911,14893,14912,14909,14887],"class_list":{"0":"post-1116357","1":"product","2":"type-product","3":"status-publish","4":"has-post-thumbnail","6":"product_cat-regali-di-anniversario","7":"product_cat-bestsellers-label-it","8":"product_cat-regali-da-donna","9":"product_cat-regali-da-uomo","10":"product_cat-regali-di-matrimonio","11":"product_cat-moon-it","12":"product_cat-regali-di-natale","13":"product_cat-regali-per-il-fidanzato","14":"product_cat-regali-di-natale-per-il-fidanzato","15":"product_cat-regali-di-natale-per-il-marito","16":"product_cat-regali-per-il-marito","17":"product_cat-regali-per-la-fidanzata","18":"product_cat-regali-di-natale-per-la-fidanzata","19":"product_cat-regali-per-la-moglie","20":"product_cat-regali-di-natale-per-la-moglie","21":"product_cat-per-lei","22":"product_cat-regali-di-natale-per-lei","23":"product_cat-regali-di-natale-per-lui","24":"product_cat-per-lui","25":"product_cat-regali-per-una-coppia","26":"product_cat-regali-di-anniversario-per-coppie","27":"product_cat-regali-di-anniversario-per-lei","28":"product_cat-regali-di-anniversario-per-lui","29":"product_cat-regali-di-san-valentino-per-lei","30":"product_cat-regali-di-san-valentino-per-lui","31":"product_cat-regali-di-san-valentino","32":"product_cat-trending-label-it","33":"product_cat-tutti-i-prodotti","34":"product_tag-anniversary-it-2","35":"product_tag-anniversary-gift-it","36":"product_tag-anniversary-gifts-it","37":"product_tag-anniversary-present-it","38":"product_tag-couple-gift-it","39":"product_tag-fase-lunare-del-giorno-del-matrimonio","40":"product_tag-fase-lunare-dellanniversario","41":"product_tag-gift-for-couple-it","42":"product_tag-love-it","43":"product_tag-love-gift-it","44":"product_tag-personalized-gift-it","45":"product_tag-regali-di-natale-per-donne","46":"product_tag-regali-di-natale-per-il-fidanzato","47":"product_tag-regali-di-natale-per-il-marito","48":"product_tag-regali-di-natale-per-la-fidanzata","49":"product_tag-regali-di-natale-per-la-moglie","50":"product_tag-regali-di-natale-per-lei","51":"product_tag-regali-di-natale-per-lui","52":"product_tag-regali-di-natale-per-uomini","53":"product_tag-regalo-romantico","54":"product_tag-romantic-gifts-it","55":"product_tag-sentimental-gift-it","56":"product_tag-special-occasion-it","57":"product_tag-thoughtful-gift-it","58":"product_tag-unique-gift-it","59":"product_tag-valentines-day-gifts-it","60":"product_tag-valentines-day-it","61":"product_tag-valentines-day-gift-it","62":"product_tag-wedding-anniversary-it","64":"first","65":"instock","66":"sale","67":"taxable","68":"shipping-taxable","69":"purchasable","70":"product-type-variable"},"yoast_head":"<!-- This site is optimized with the Yoast SEO Premium plugin v27.2 (Yoast SEO v27.2) - https:\/\/yoast.com\/product\/yoast-seo-premium-wordpress\/ -->\n<title>La Luna nella Notte in Cui Ci Siamo Incontrati - Positive Prints<\/title>\n<meta name=\"description\" content=\"Scopri la stampa personalizzata La Luna nella Notte in Cui Ci Siamo Incontrati: il regalo romantico perfetto per anniversari, fidanzamenti o momenti speciali.\" \/>\n<meta name=\"robots\" content=\"index, follow, max-snippet:-1, max-image-preview:large, max-video-preview:-1\" \/>\n<link rel=\"canonical\" href=\"https:\/\/positiveprints.com\/it\/prodotto\/la-luna-della-notte-in-cui-ci-siamo-incontrati\/\" \/>\n<meta property=\"og:locale\" content=\"it_IT\" \/>\n<meta property=\"og:type\" content=\"article\" \/>\n<meta property=\"og:title\" content=\"La Luna nella Notte in Cui Ci Siamo Incontrati\" \/>\n<meta property=\"og:description\" content=\"Aggiungi l\u2019ombra unica della luna  Personalizza in 3 semplici step  Scegli tra una variet\u00e0 di splendidi design  Guarda subito l&#039;anteprima interattiva: ti consente di perfezionare ogni dettaglio in modo immediato\" \/>\n<meta property=\"og:url\" content=\"https:\/\/positiveprints.com\/it\/prodotto\/la-luna-della-notte-in-cui-ci-siamo-incontrati\/\" \/>\n<meta property=\"og:site_name\" content=\"Positive Prints\" \/>\n<meta property=\"article:publisher\" content=\"https:\/\/www.facebook.com\/positiveprintscom\" \/>\n<meta property=\"article:modified_time\" content=\"2026-04-18T03:35:23+00:00\" \/>\n<meta property=\"og:image\" content=\"https:\/\/positiveprints.com\/wp-content\/uploads\/2024\/05\/La-Luna-della-Notte-in-Cui-Ci-Siamo-Incontrati.jpg\" \/>\n\t<meta property=\"og:image:width\" content=\"1080\" \/>\n\t<meta property=\"og:image:height\" content=\"1080\" \/>\n\t<meta property=\"og:image:type\" content=\"image\/jpeg\" \/>\n<meta name=\"twitter:card\" content=\"summary_large_image\" \/>\n<meta name=\"twitter:label1\" content=\"Tempo di lettura stimato\" \/>\n\t<meta name=\"twitter:data1\" content=\"2 minuti\" \/>\n<!-- \/ Yoast SEO Premium plugin. -->","yoast_head_json":{"title":"La Luna nella Notte in Cui Ci Siamo Incontrati - Positive Prints","description":"Scopri la stampa personalizzata La Luna nella Notte in Cui Ci Siamo Incontrati: il regalo romantico perfetto per anniversari, fidanzamenti o momenti speciali.","robots":{"index":"index","follow":"follow","max-snippet":"max-snippet:-1","max-image-preview":"max-image-preview:large","max-video-preview":"max-video-preview:-1"},"canonical":"https:\/\/positiveprints.com\/it\/prodotto\/la-luna-della-notte-in-cui-ci-siamo-incontrati\/","og_locale":"it_IT","og_type":"article","og_title":"La Luna nella Notte in Cui Ci Siamo Incontrati","og_description":"Aggiungi l\u2019ombra unica della luna  Personalizza in 3 semplici step  Scegli tra una variet\u00e0 di splendidi design  Guarda subito l'anteprima interattiva: ti consente di perfezionare ogni dettaglio in modo immediato","og_url":"https:\/\/positiveprints.com\/it\/prodotto\/la-luna-della-notte-in-cui-ci-siamo-incontrati\/","og_site_name":"Positive Prints","article_publisher":"https:\/\/www.facebook.com\/positiveprintscom","article_modified_time":"2026-04-18T03:35:23+00:00","og_image":[{"width":1080,"height":1080,"url":"https:\/\/positiveprints.com\/wp-content\/uploads\/2024\/05\/La-Luna-della-Notte-in-Cui-Ci-Siamo-Incontrati.jpg","type":"image\/jpeg"}],"twitter_card":"summary_large_image","twitter_misc":{"Tempo di lettura stimato":"2 minuti"},"schema":{"@context":"https:\/\/schema.org","@graph":[{"@type":["WebPage","ItemPage"],"@id":"https:\/\/positiveprints.com\/it\/prodotto\/la-luna-della-notte-in-cui-ci-siamo-incontrati\/","url":"https:\/\/positiveprints.com\/it\/prodotto\/la-luna-della-notte-in-cui-ci-siamo-incontrati\/","name":"La Luna nella Notte in Cui Ci Siamo Incontrati - Positive Prints","isPartOf":{"@id":"https:\/\/positiveprints.com\/it\/#website"},"primaryImageOfPage":{"@id":"https:\/\/positiveprints.com\/it\/prodotto\/la-luna-della-notte-in-cui-ci-siamo-incontrati\/#primaryimage"},"image":{"@id":"https:\/\/positiveprints.com\/it\/prodotto\/la-luna-della-notte-in-cui-ci-siamo-incontrati\/#primaryimage"},"thumbnailUrl":"https:\/\/positiveprints.com\/wp-content\/uploads\/2026\/03\/Packshot_IT_La-Luna-nella-Notte-in-Cui-Ci-Siamo-Incontrati.webp","datePublished":"2024-02-16T08:29:57+00:00","dateModified":"2026-04-18T03:35:23+00:00","description":"Scopri la stampa personalizzata La Luna nella Notte in Cui Ci Siamo Incontrati: il regalo romantico perfetto per anniversari, fidanzamenti o momenti speciali.","breadcrumb":{"@id":"https:\/\/positiveprints.com\/it\/prodotto\/la-luna-della-notte-in-cui-ci-siamo-incontrati\/#breadcrumb"},"inLanguage":"it-IT","potentialAction":[{"@type":"ReadAction","target":["https:\/\/positiveprints.com\/it\/prodotto\/la-luna-della-notte-in-cui-ci-siamo-incontrati\/"]}]},{"@type":"ImageObject","inLanguage":"it-IT","@id":"https:\/\/positiveprints.com\/it\/prodotto\/la-luna-della-notte-in-cui-ci-siamo-incontrati\/#primaryimage","url":"https:\/\/positiveprints.com\/wp-content\/uploads\/2026\/03\/Packshot_IT_La-Luna-nella-Notte-in-Cui-Ci-Siamo-Incontrati.webp","contentUrl":"https:\/\/positiveprints.com\/wp-content\/uploads\/2026\/03\/Packshot_IT_La-Luna-nella-Notte-in-Cui-Ci-Siamo-Incontrati.webp","width":1450,"height":1450},{"@type":"BreadcrumbList","@id":"https:\/\/positiveprints.com\/it\/prodotto\/la-luna-della-notte-in-cui-ci-siamo-incontrati\/#breadcrumb","itemListElement":[{"@type":"ListItem","position":1,"name":"Home","item":"https:\/\/positiveprints.com\/it\/"},{"@type":"ListItem","position":2,"name":"Prodotti","item":"https:\/\/positiveprints.com\/it\/shop\/"},{"@type":"ListItem","position":3,"name":"La Luna nella Notte in Cui Ci Siamo Incontrati"}]},{"@type":"WebSite","@id":"https:\/\/positiveprints.com\/it\/#website","url":"https:\/\/positiveprints.com\/it\/","name":"Positive Prints","description":"Amazing Custom Personalized Gifts","publisher":{"@id":"https:\/\/positiveprints.com\/it\/#organization"},"potentialAction":[{"@type":"SearchAction","target":{"@type":"EntryPoint","urlTemplate":"https:\/\/positiveprints.com\/it\/?s={search_term_string}"},"query-input":{"@type":"PropertyValueSpecification","valueRequired":true,"valueName":"search_term_string"}}],"inLanguage":"it-IT"},{"@type":"Organization","@id":"https:\/\/positiveprints.com\/it\/#organization","name":"Positive Prints","alternateName":"Positive Prints","url":"https:\/\/positiveprints.com\/it\/","logo":{"@type":"ImageObject","inLanguage":"it-IT","@id":"https:\/\/positiveprints.com\/it\/#\/schema\/logo\/image\/","url":"https:\/\/positiveprints.com\/wp-content\/uploads\/2026\/03\/245815646_1337939713319158_5671353136411139666_n.png","contentUrl":"https:\/\/positiveprints.com\/wp-content\/uploads\/2026\/03\/245815646_1337939713319158_5671353136411139666_n.png","width":800,"height":800,"caption":"Positive Prints"},"image":{"@id":"https:\/\/positiveprints.com\/it\/#\/schema\/logo\/image\/"},"sameAs":["https:\/\/www.facebook.com\/positiveprintscom","https:\/\/www.instagram.com\/positiveprintscom\/","https:\/\/www.tiktok.com\/@positiveprintscom","https:\/\/www.pinterest.com\/positiveprintscom\/"]}]}},"jetpack_sharing_enabled":true,"_links":{"self":[{"href":"https:\/\/positiveprints.com\/it\/wp-json\/wp\/v2\/product\/1116357","targetHints":{"allow":["GET"]}}],"collection":[{"href":"https:\/\/positiveprints.com\/it\/wp-json\/wp\/v2\/product"}],"about":[{"href":"https:\/\/positiveprints.com\/it\/wp-json\/wp\/v2\/types\/product"}],"wp:featuredmedia":[{"embeddable":true,"href":"https:\/\/positiveprints.com\/it\/wp-json\/wp\/v2\/media\/1688723"}],"wp:attachment":[{"href":"https:\/\/positiveprints.com\/it\/wp-json\/wp\/v2\/media?parent=1116357"}],"wp:term":[{"taxonomy":"product_brand","embeddable":true,"href":"https:\/\/positiveprints.com\/it\/wp-json\/wp\/v2\/product_brand?post=1116357"},{"taxonomy":"product_cat","embeddable":true,"href":"https:\/\/positiveprints.com\/it\/wp-json\/wp\/v2\/product_cat?post=1116357"},{"taxonomy":"product_tag","embeddable":true,"href":"https:\/\/positiveprints.com\/it\/wp-json\/wp\/v2\/product_tag?post=1116357"}],"curies":[{"name":"wp","href":"https:\/\/api.w.org\/{rel}","templated":true}]}}