{"id":1103867,"date":"2024-04-22T19:45:35","date_gmt":"2024-04-22T18:45:35","guid":{"rendered":"https:\/\/positiveprints.com\/?post_type=product&#038;p=1103867"},"modified":"2026-04-03T02:54:09","modified_gmt":"2026-04-03T01:54:09","slug":"gioielli-personalizzati-dello-zodiaco-spirituale","status":"publish","type":"product","link":"https:\/\/positiveprints.com\/it\/prodotto\/gioielli-personalizzati-dello-zodiaco-spirituale\/","title":{"rendered":"Gioielli Personalizzati dello Zodiaco Spirituale"},"content":{"rendered":"Stai cercando un modo significativo per esprimere la tua spiritualit\u00e0 e individualit\u00e0 attraverso i gioielli? Non cercare oltre i nostri Gioielli Personalizzati dello Zodiaco Spirituale. Ma cosa rende cos\u00ec speciali questi gioielli?\n\n<h2>Crea i Tuoi Gioielli Personalizzati dello Zodiaco Spirituale<\/h2>\n\nI nostri Gioielli Personalizzati dello Zodiaco Spirituale ti permettono di infondere la tua energia personale in un pendente splendidamente lavorato. Utilizzando il nostro editor online, puoi scegliere il tuo segno zodiacale o cercare per data per trovare l&#8217;illustrazione zodiacale spirituale che risuona con te.\n\n\n\nUna volta selezionato il tuo design, puoi aggiungere un messaggio personalizzato sul retro del pendente, rendendolo unico e tuo. \n\n\n\nOgni pendente, che sia un cerchio elegante o venga fornito con una catena da 45 cm, subisce una precisa incisione laser per garantire che ogni dettaglio sia catturato perfettamente. Questo assicura che il tuo pezzo di gioielleria personalizzato sar\u00e0 un tesoro senza tempo che riflette la tua individualit\u00e0.\n\n<h2>Celebra l&#8217;Identit\u00e0 Unica e il Viaggio Spirituale<\/h2>\n\nStai cercando il regalo di compleanno perfetto per una persona cara? I nostri Gioielli Personalizzati dello Zodiaco Spirituale sono la risposta. Immagina la gioia sul loro volto quando riceveranno un pendente con il loro segno zodiacale, accompagnato da un messaggio personalizzato da te. \u00c8 un gesto premuroso che celebra la loro identit\u00e0 unica e il loro viaggio spirituale.\n\n\n\nOrdinare \u00e8 facile &#8211; visita semplicemente il nostro sito web, utilizza il nostro intuitivo editor online per personalizzare il tuo pendente, scegli il tuo materiale e l&#8217;opzione della catena preferiti e effettua il tuo ordine. Noi ci occupiamo del resto, assicurandoci che il tuo pendente sia amorevolmente confezionato in una scatola da gioielli, completa di una guida per la cura e un panno speciale per la pulizia.\n\n\n\nChe tu stia celebrando un compleanno, onorando un&#8217;occasione speciale o semplicemente dimostrando a qualcuno che ti importa, i nostri Gioielli Personalizzati dello Zodiaco Spirituale sono il modo perfetto per trasmettere il tuo amore e la tua connessione spirituale. Allora perch\u00e9 aspettare? Crea il tuo pezzo personalizzato oggi e lascia che la tua energia unica brilli!","protected":false},"excerpt":{"rendered":"<ul class=\"check-list\">\n<li>Abbraccia il tuo segno zodiacale o quello della persona cara con gioielli unici<\/li>\n<li>Pendente da 20 mm realizzato in argento sterling di alta qualit\u00e0, inciso al laser e rifinito a mano<\/li>\n<li>Scegli un testo sentito in base all&#8217;occasione<\/li>\n<li>Personalizza in soli 2 minuti<\/li>\n<li>Tieni d\u2019occhio l\u2019anteprima istantanea a ogni modifica<\/li>\n<\/ul>\n","protected":false},"featured_media":1549991,"template":"","meta":[],"product_brand":[],"product_cat":[7960,7592,5343,7688,9262,12254,5257,5269,7832,15043,11428,11424,7784,7752,11432,11431,8191,11425,11429,11423,7768,7737,11215,4449,12199],"product_tag":[15233,13622,11768,11796,11800,11797,13427,13341],"class_list":{"0":"post-1103867","1":"product","2":"type-product","3":"status-publish","4":"has-post-thumbnail","6":"product_cat-regali-per-il-baby-shower","7":"product_cat-regali-di-battesimo","8":"product_cat-regali-di-compleanno","9":"product_cat-regali-da-donna","10":"product_cat-jewelry-it","11":"product_cat-jewelry-basic-it","12":"product_cat-regali-di-nascita-del-bambino","13":"product_cat-regali-di-natale","14":"product_cat-regali-per-gli-amici","15":"product_cat-regali-di-natale-per-gli-amici","16":"product_cat-regali-di-natale-per-i-bambini","17":"product_cat-regali-di-natale-per-la-fidanzata","18":"product_cat-regali-per-la-fidanzata","19":"product_cat-regali-per-la-moglie","20":"product_cat-regali-di-natale-per-la-moglie","21":"product_cat-regali-di-natale-per-la-sorella","22":"product_cat-per-lei","23":"product_cat-regali-di-natale-per-lei","24":"product_cat-regali-di-natale-per-mamma","25":"product_cat-regali-di-natale-per-nonna","26":"product_cat-regali-per-una-figlia","27":"product_cat-regali-per-una-sorella","28":"product_cat-regali-di-compleanno-per-lei","29":"product_cat-tutti-i-prodotti","30":"product_cat-zodiac-jewelry-it","31":"product_tag-christmas-gifts-for-friends-it","32":"product_tag-collana-dello-zodiaco","33":"product_tag-regali-di-natale-per-la-fidanzata","34":"product_tag-regali-di-natale-per-la-moglie","35":"product_tag-regali-di-natale-per-lei","36":"product_tag-regali-di-natale-per-mamma","37":"product_tag-regalo-di-natale-per-la-sorella","38":"product_tag-regalo-di-natale-per-una-nonna","40":"first","41":"instock","42":"sale","43":"taxable","44":"shipping-taxable","45":"purchasable","46":"product-type-variable"},"yoast_head":"<!-- This site is optimized with the Yoast SEO Premium plugin v27.2 (Yoast SEO v27.2) - https:\/\/yoast.com\/product\/yoast-seo-premium-wordpress\/ -->\n<title>Gioielli Personalizzati dello Zodiaco Spirituale - Positive Prints<\/title>\n<meta name=\"description\" content=\"Abbraccia il tuo viaggio spirituale con gioielli zodiacali personalizzati. Progetta il tuo online!\" \/>\n<meta name=\"robots\" content=\"index, follow, max-snippet:-1, max-image-preview:large, max-video-preview:-1\" \/>\n<link rel=\"canonical\" href=\"https:\/\/positiveprints.com\/it\/prodotto\/gioielli-personalizzati-dello-zodiaco-spirituale\/\" \/>\n<meta property=\"og:locale\" content=\"it_IT\" \/>\n<meta property=\"og:type\" content=\"article\" \/>\n<meta property=\"og:title\" content=\"Gioielli Personalizzati dello Zodiaco Spirituale\" \/>\n<meta property=\"og:description\" content=\"Abbraccia il tuo segno zodiacale o quello della persona cara con gioielli unici   Pendente da 20 mm realizzato in argento sterling di alta qualit\u00e0, inciso al laser e rifinito a mano   Scegli un testo sentito in base all&#039;occasione   Personalizza in soli 2 minuti   Tieni d\u2019occhio l\u2019anteprima istantanea a ogni modifica\" \/>\n<meta property=\"og:url\" content=\"https:\/\/positiveprints.com\/it\/prodotto\/gioielli-personalizzati-dello-zodiaco-spirituale\/\" \/>\n<meta property=\"og:site_name\" content=\"Positive Prints\" \/>\n<meta property=\"article:publisher\" content=\"https:\/\/www.facebook.com\/positiveprintscom\" \/>\n<meta property=\"article:modified_time\" content=\"2026-04-03T01:54:09+00:00\" \/>\n<meta property=\"og:image\" content=\"https:\/\/positiveprints.com\/wp-content\/uploads\/2025\/10\/main-and-packshot-Custom-Spiritual-Zodiac-Jewelry.webp\" \/>\n\t<meta property=\"og:image:width\" content=\"2500\" \/>\n\t<meta property=\"og:image:height\" content=\"2500\" \/>\n\t<meta property=\"og:image:type\" content=\"image\/webp\" \/>\n<meta name=\"twitter:card\" content=\"summary_large_image\" \/>\n<meta name=\"twitter:label1\" content=\"Tempo di lettura stimato\" \/>\n\t<meta name=\"twitter:data1\" content=\"2 minuti\" \/>\n<!-- \/ Yoast SEO Premium plugin. -->","yoast_head_json":{"title":"Gioielli Personalizzati dello Zodiaco Spirituale - Positive Prints","description":"Abbraccia il tuo viaggio spirituale con gioielli zodiacali personalizzati. Progetta il tuo online!","robots":{"index":"index","follow":"follow","max-snippet":"max-snippet:-1","max-image-preview":"max-image-preview:large","max-video-preview":"max-video-preview:-1"},"canonical":"https:\/\/positiveprints.com\/it\/prodotto\/gioielli-personalizzati-dello-zodiaco-spirituale\/","og_locale":"it_IT","og_type":"article","og_title":"Gioielli Personalizzati dello Zodiaco Spirituale","og_description":"Abbraccia il tuo segno zodiacale o quello della persona cara con gioielli unici   Pendente da 20 mm realizzato in argento sterling di alta qualit\u00e0, inciso al laser e rifinito a mano   Scegli un testo sentito in base all'occasione   Personalizza in soli 2 minuti   Tieni d\u2019occhio l\u2019anteprima istantanea a ogni modifica","og_url":"https:\/\/positiveprints.com\/it\/prodotto\/gioielli-personalizzati-dello-zodiaco-spirituale\/","og_site_name":"Positive Prints","article_publisher":"https:\/\/www.facebook.com\/positiveprintscom","article_modified_time":"2026-04-03T01:54:09+00:00","og_image":[{"width":2500,"height":2500,"url":"https:\/\/positiveprints.com\/wp-content\/uploads\/2025\/10\/main-and-packshot-Custom-Spiritual-Zodiac-Jewelry.webp","type":"image\/webp"}],"twitter_card":"summary_large_image","twitter_misc":{"Tempo di lettura stimato":"2 minuti"},"schema":{"@context":"https:\/\/schema.org","@graph":[{"@type":["WebPage","ItemPage"],"@id":"https:\/\/positiveprints.com\/it\/prodotto\/gioielli-personalizzati-dello-zodiaco-spirituale\/","url":"https:\/\/positiveprints.com\/it\/prodotto\/gioielli-personalizzati-dello-zodiaco-spirituale\/","name":"Gioielli Personalizzati dello Zodiaco Spirituale - Positive Prints","isPartOf":{"@id":"https:\/\/positiveprints.com\/it\/#website"},"primaryImageOfPage":{"@id":"https:\/\/positiveprints.com\/it\/prodotto\/gioielli-personalizzati-dello-zodiaco-spirituale\/#primaryimage"},"image":{"@id":"https:\/\/positiveprints.com\/it\/prodotto\/gioielli-personalizzati-dello-zodiaco-spirituale\/#primaryimage"},"thumbnailUrl":"https:\/\/positiveprints.com\/wp-content\/uploads\/2025\/10\/main-and-packshot-Custom-Spiritual-Zodiac-Jewelry.webp","datePublished":"2024-04-22T18:45:35+00:00","dateModified":"2026-04-03T01:54:09+00:00","description":"Abbraccia il tuo viaggio spirituale con gioielli zodiacali personalizzati. Progetta il tuo online!","breadcrumb":{"@id":"https:\/\/positiveprints.com\/it\/prodotto\/gioielli-personalizzati-dello-zodiaco-spirituale\/#breadcrumb"},"inLanguage":"it-IT","potentialAction":[{"@type":"ReadAction","target":["https:\/\/positiveprints.com\/it\/prodotto\/gioielli-personalizzati-dello-zodiaco-spirituale\/"]}]},{"@type":"ImageObject","inLanguage":"it-IT","@id":"https:\/\/positiveprints.com\/it\/prodotto\/gioielli-personalizzati-dello-zodiaco-spirituale\/#primaryimage","url":"https:\/\/positiveprints.com\/wp-content\/uploads\/2025\/10\/main-and-packshot-Custom-Spiritual-Zodiac-Jewelry.webp","contentUrl":"https:\/\/positiveprints.com\/wp-content\/uploads\/2025\/10\/main-and-packshot-Custom-Spiritual-Zodiac-Jewelry.webp","width":2500,"height":2500},{"@type":"BreadcrumbList","@id":"https:\/\/positiveprints.com\/it\/prodotto\/gioielli-personalizzati-dello-zodiaco-spirituale\/#breadcrumb","itemListElement":[{"@type":"ListItem","position":1,"name":"Home","item":"https:\/\/positiveprints.com\/it\/"},{"@type":"ListItem","position":2,"name":"Prodotti","item":"https:\/\/positiveprints.com\/it\/shop\/"},{"@type":"ListItem","position":3,"name":"Gioielli Personalizzati dello Zodiaco Spirituale"}]},{"@type":"WebSite","@id":"https:\/\/positiveprints.com\/it\/#website","url":"https:\/\/positiveprints.com\/it\/","name":"Positive Prints","description":"Amazing Custom Personalized Gifts","publisher":{"@id":"https:\/\/positiveprints.com\/it\/#organization"},"potentialAction":[{"@type":"SearchAction","target":{"@type":"EntryPoint","urlTemplate":"https:\/\/positiveprints.com\/it\/?s={search_term_string}"},"query-input":{"@type":"PropertyValueSpecification","valueRequired":true,"valueName":"search_term_string"}}],"inLanguage":"it-IT"},{"@type":"Organization","@id":"https:\/\/positiveprints.com\/it\/#organization","name":"Positive Prints","alternateName":"Positive Prints","url":"https:\/\/positiveprints.com\/it\/","logo":{"@type":"ImageObject","inLanguage":"it-IT","@id":"https:\/\/positiveprints.com\/it\/#\/schema\/logo\/image\/","url":"https:\/\/positiveprints.com\/wp-content\/uploads\/2026\/03\/245815646_1337939713319158_5671353136411139666_n.png","contentUrl":"https:\/\/positiveprints.com\/wp-content\/uploads\/2026\/03\/245815646_1337939713319158_5671353136411139666_n.png","width":800,"height":800,"caption":"Positive Prints"},"image":{"@id":"https:\/\/positiveprints.com\/it\/#\/schema\/logo\/image\/"},"sameAs":["https:\/\/www.facebook.com\/positiveprintscom","https:\/\/www.instagram.com\/positiveprintscom\/","https:\/\/www.tiktok.com\/@positiveprintscom","https:\/\/www.pinterest.com\/positiveprintscom\/"]}]}},"jetpack_sharing_enabled":true,"_links":{"self":[{"href":"https:\/\/positiveprints.com\/it\/wp-json\/wp\/v2\/product\/1103867","targetHints":{"allow":["GET"]}}],"collection":[{"href":"https:\/\/positiveprints.com\/it\/wp-json\/wp\/v2\/product"}],"about":[{"href":"https:\/\/positiveprints.com\/it\/wp-json\/wp\/v2\/types\/product"}],"wp:featuredmedia":[{"embeddable":true,"href":"https:\/\/positiveprints.com\/it\/wp-json\/wp\/v2\/media\/1549991"}],"wp:attachment":[{"href":"https:\/\/positiveprints.com\/it\/wp-json\/wp\/v2\/media?parent=1103867"}],"wp:term":[{"taxonomy":"product_brand","embeddable":true,"href":"https:\/\/positiveprints.com\/it\/wp-json\/wp\/v2\/product_brand?post=1103867"},{"taxonomy":"product_cat","embeddable":true,"href":"https:\/\/positiveprints.com\/it\/wp-json\/wp\/v2\/product_cat?post=1103867"},{"taxonomy":"product_tag","embeddable":true,"href":"https:\/\/positiveprints.com\/it\/wp-json\/wp\/v2\/product_tag?post=1103867"}],"curies":[{"name":"wp","href":"https:\/\/api.w.org\/{rel}","templated":true}]}}