{"id":1103836,"date":"2024-04-22T19:11:14","date_gmt":"2024-04-22T18:11:14","guid":{"rendered":"https:\/\/positiveprints.com\/?post_type=product&#038;p=1103836"},"modified":"2026-04-23T11:05:24","modified_gmt":"2026-04-23T10:05:24","slug":"gioielli-personalizzati-con-fasi-lunari","status":"publish","type":"product","link":"https:\/\/positiveprints.com\/it\/prodotto\/gioielli-personalizzati-con-fasi-lunari\/","title":{"rendered":"Gioielli Personalizzati con Fasi Lunari"},"content":{"rendered":"<p>Ti sei mai chiesto come catturare un momento nel tempo e portarlo vicino al tuo cuore? Con i nostri Gioielli Personalizzati con Fasi Lunari, puoi farlo esattamente cos\u00ec. Ma cosa rende questi gioielli cos\u00ec speciali?<\/p>\n\n\n\n<h2>Crea il Tuo Pezzo Unico di Gioielleria<\/h2>\n\n\n\n<p>I nostri Gioielli Personalizzati con Fasi Lunari ti permettono di creare un pendente unico nel suo genere che racconta la tua storia unica. Utilizzando il nostro editor online, inserisci semplicemente l&#8217;ora esatta e la data del tuo momento speciale. Che sia il giorno in cui hai incontrato la tua anima gemella, la data del tuo matrimonio o qualsiasi altra occasione memorabile, cattureremo la fase lunare di quel preciso istante.<\/p>\n\n\n\n<p>Ma non \u00e8 tutto: puoi anche aggiungere un messaggio personalizzato sul retro del pendente, rendendolo ancora pi\u00f9 personale.<\/p>\n\n\n\n<p>Ogni pendente, che sia un elegante cerchio o venga fornito con una catena da 45 cm, subisce una precisa incisione laser per garantire precisione e durata nel tempo. Ci\u00f2 significa che il tuo pezzo unico di gioielleria resister\u00e0 alla prova del tempo, proprio come i tuoi ricordi pi\u00f9 cari.<\/p>\n\n\n\n<h2>Gioielli Personalizzati con Fasi Lunari: Regalo con Significato<\/h2>\n\n\n\n<p>Stai cercando il regalo perfetto per una persona cara? I nostri Gioielli Personalizzati con Fasi Lunari sono la risposta. Immagina lo sguardo sul loro volto quando riceveranno un pendente con la fase lunare dal giorno in cui vi siete incontrati per la prima volta, o dal giorno della loro nascita. \u00c8 un gesto premuroso che sicuramente toccher\u00e0 il loro cuore.<\/p>\n\n\n\n<p>Ordinare \u00e8 semplice: visita semplicemente il nostro sito web, inserisci i dettagli pertinenti, personalizza il tuo messaggio, scegli il tuo materiale preferito e l&#8217;opzione di catena e effettua l&#8217;ordine. Noi ci occupiamo del resto, garantendo che il tuo pendente sia splendidamente confezionato in una scatola da gioielli, completa di guida all&#8217;uso e un panno speciale per la pulizia.<\/p>\n\n\n\n<p>Che tu stia celebrando un traguardo, commemorando un momento speciale o semplicemente dimostrando a qualcuno che ti importa, i nostri Gioielli Personalizzati con Fasi Lunari sono il modo perfetto per esprimere il tuo amore e creare ricordi duraturi. Allora, perch\u00e9 aspettare? Inizia a progettare il tuo pezzo unico oggi stesso!<\/p>","protected":false},"excerpt":{"rendered":"<ul class=\"check-list\">\n<li>Pendente da 20 mm realizzato in argento sterling di alta qualit\u00e0, inciso al laser e rifinito a mano<\/li>\n<li>Scegli un testo sentito in base all&#8217;occasione<\/li>\n<li>Personalizzazione in soli 2 minuti<\/li>\n<li>Guarda subito l&#8217;anteprima interattiva: ti consente di perfezionare ogni dettaglio in modo immediato<\/li>\n<\/ul>\n","protected":false},"featured_media":1537725,"template":"","meta":[],"product_brand":[],"product_cat":[8191,9262,12254,12223,4449,5331,11181,5257,5343,11215,5281,7960,7592,7928,5269,11425,11429,11423,15043,11431,11424,11432,11428,7688,7768,7784,7721,7704,7737,7752,7832,5315,11243],"product_tag":[15089,14889,15233,11898,15487,14884,15088,15086,9797,15087,15075,11768,11796,11800,11797,13427,13341],"class_list":{"0":"post-1103836","1":"product","2":"type-product","3":"status-publish","4":"has-post-thumbnail","6":"product_cat-per-lei","7":"product_cat-jewelry-it","8":"product_cat-jewelry-basic-it","9":"product_cat-moon-jewelry-it","10":"product_cat-tutti-i-prodotti","11":"product_cat-regali-di-anniversario","12":"product_cat-regali-di-anniversario-per-lei","13":"product_cat-regali-di-nascita-del-bambino","14":"product_cat-regali-di-compleanno","15":"product_cat-regali-di-compleanno-per-lei","16":"product_cat-regali-di-fidanzamento","17":"product_cat-regali-per-il-baby-shower","18":"product_cat-regali-di-battesimo","19":"product_cat-regali-per-laddio-al-nubilato","20":"product_cat-regali-di-natale","21":"product_cat-regali-di-natale-per-lei","22":"product_cat-regali-di-natale-per-mamma","23":"product_cat-regali-di-natale-per-nonna","24":"product_cat-regali-di-natale-per-gli-amici","25":"product_cat-regali-di-natale-per-la-sorella","26":"product_cat-regali-di-natale-per-la-fidanzata","27":"product_cat-regali-di-natale-per-la-moglie","28":"product_cat-regali-di-natale-per-i-bambini","29":"product_cat-regali-da-donna","30":"product_cat-regali-per-una-figlia","31":"product_cat-regali-per-la-fidanzata","32":"product_cat-regali-per-la-nonna","33":"product_cat-regali-per-la-mamma","34":"product_cat-regali-per-una-sorella","35":"product_cat-regali-per-la-moglie","36":"product_cat-regali-per-gli-amici","37":"product_cat-regali-di-san-valentino","38":"product_cat-regali-di-san-valentino-per-lei","39":"product_tag-anhaenger","40":"product_tag-anniversary-it-2","41":"product_tag-christmas-gifts-for-friends-it","42":"product_tag-ciondoli","43":"product_tag-collana-luna","44":"product_tag-creators-it-2","45":"product_tag-halskette-it","46":"product_tag-kette-it","47":"product_tag-luna","48":"product_tag-medaillon-it","49":"product_tag-pendant-it","50":"product_tag-regali-di-natale-per-la-fidanzata","51":"product_tag-regali-di-natale-per-la-moglie","52":"product_tag-regali-di-natale-per-lei","53":"product_tag-regali-di-natale-per-mamma","54":"product_tag-regalo-di-natale-per-la-sorella","55":"product_tag-regalo-di-natale-per-una-nonna","57":"first","58":"instock","59":"sale","60":"taxable","61":"shipping-taxable","62":"purchasable","63":"product-type-variable"},"yoast_head":"<!-- This site is optimized with the Yoast SEO Premium plugin v27.2 (Yoast SEO v27.2) - https:\/\/yoast.com\/product\/yoast-seo-premium-wordpress\/ -->\n<title>Gioielli Personalizzati con Fasi Lunari - Positive Prints<\/title>\n<meta name=\"description\" content=\"Cattura momenti senza tempo con questi ciondoli personalizzati delle fasi lunari. Crea il tuo oggi stesso online!\" \/>\n<meta name=\"robots\" content=\"index, follow, max-snippet:-1, max-image-preview:large, max-video-preview:-1\" \/>\n<link rel=\"canonical\" href=\"https:\/\/positiveprints.com\/it\/prodotto\/gioielli-personalizzati-con-fasi-lunari\/\" \/>\n<meta property=\"og:locale\" content=\"it_IT\" \/>\n<meta property=\"og:type\" content=\"article\" \/>\n<meta property=\"og:title\" content=\"Gioielli Personalizzati con Fasi Lunari\" \/>\n<meta property=\"og:description\" content=\"Pendente da 20 mm realizzato in argento sterling di alta qualit\u00e0, inciso al laser e rifinito a mano Scegli un testo sentito in base all&#039;occasione Personalizzazione in soli 2 minuti Guarda subito l&#039;anteprima interattiva: ti consente di perfezionare ogni dettaglio in modo immediato\" \/>\n<meta property=\"og:url\" content=\"https:\/\/positiveprints.com\/it\/prodotto\/gioielli-personalizzati-con-fasi-lunari\/\" \/>\n<meta property=\"og:site_name\" content=\"Positive Prints\" \/>\n<meta property=\"article:publisher\" content=\"https:\/\/www.facebook.com\/positiveprintscom\" \/>\n<meta property=\"article:modified_time\" content=\"2026-04-23T10:05:24+00:00\" \/>\n<meta property=\"og:image\" content=\"https:\/\/positiveprints.com\/wp-content\/uploads\/2025\/10\/PACKSHOT_IT_Gioielli-Personalizzati-con-Fasi-Lunari.webp\" \/>\n\t<meta property=\"og:image:width\" content=\"1450\" \/>\n\t<meta property=\"og:image:height\" content=\"1450\" \/>\n\t<meta property=\"og:image:type\" content=\"image\/webp\" \/>\n<meta name=\"twitter:card\" content=\"summary_large_image\" \/>\n<!-- \/ Yoast SEO Premium plugin. -->","yoast_head_json":{"title":"Gioielli Personalizzati con Fasi Lunari - Positive Prints","description":"Cattura momenti senza tempo con questi ciondoli personalizzati delle fasi lunari. Crea il tuo oggi stesso online!","robots":{"index":"index","follow":"follow","max-snippet":"max-snippet:-1","max-image-preview":"max-image-preview:large","max-video-preview":"max-video-preview:-1"},"canonical":"https:\/\/positiveprints.com\/it\/prodotto\/gioielli-personalizzati-con-fasi-lunari\/","og_locale":"it_IT","og_type":"article","og_title":"Gioielli Personalizzati con Fasi Lunari","og_description":"Pendente da 20 mm realizzato in argento sterling di alta qualit\u00e0, inciso al laser e rifinito a mano Scegli un testo sentito in base all'occasione Personalizzazione in soli 2 minuti Guarda subito l'anteprima interattiva: ti consente di perfezionare ogni dettaglio in modo immediato","og_url":"https:\/\/positiveprints.com\/it\/prodotto\/gioielli-personalizzati-con-fasi-lunari\/","og_site_name":"Positive Prints","article_publisher":"https:\/\/www.facebook.com\/positiveprintscom","article_modified_time":"2026-04-23T10:05:24+00:00","og_image":[{"width":1450,"height":1450,"url":"https:\/\/positiveprints.com\/wp-content\/uploads\/2025\/10\/PACKSHOT_IT_Gioielli-Personalizzati-con-Fasi-Lunari.webp","type":"image\/webp"}],"twitter_card":"summary_large_image","schema":{"@context":"https:\/\/schema.org","@graph":[{"@type":["WebPage","ItemPage"],"@id":"https:\/\/positiveprints.com\/it\/prodotto\/gioielli-personalizzati-con-fasi-lunari\/","url":"https:\/\/positiveprints.com\/it\/prodotto\/gioielli-personalizzati-con-fasi-lunari\/","name":"Gioielli Personalizzati con Fasi Lunari - Positive Prints","isPartOf":{"@id":"https:\/\/positiveprints.com\/it\/#website"},"primaryImageOfPage":{"@id":"https:\/\/positiveprints.com\/it\/prodotto\/gioielli-personalizzati-con-fasi-lunari\/#primaryimage"},"image":{"@id":"https:\/\/positiveprints.com\/it\/prodotto\/gioielli-personalizzati-con-fasi-lunari\/#primaryimage"},"thumbnailUrl":"https:\/\/positiveprints.com\/wp-content\/uploads\/2025\/10\/PACKSHOT_IT_Gioielli-Personalizzati-con-Fasi-Lunari.webp","datePublished":"2024-04-22T18:11:14+00:00","dateModified":"2026-04-23T10:05:24+00:00","description":"Cattura momenti senza tempo con questi ciondoli personalizzati delle fasi lunari. Crea il tuo oggi stesso online!","breadcrumb":{"@id":"https:\/\/positiveprints.com\/it\/prodotto\/gioielli-personalizzati-con-fasi-lunari\/#breadcrumb"},"inLanguage":"it-IT","potentialAction":[{"@type":"ReadAction","target":["https:\/\/positiveprints.com\/it\/prodotto\/gioielli-personalizzati-con-fasi-lunari\/"]}]},{"@type":"ImageObject","inLanguage":"it-IT","@id":"https:\/\/positiveprints.com\/it\/prodotto\/gioielli-personalizzati-con-fasi-lunari\/#primaryimage","url":"https:\/\/positiveprints.com\/wp-content\/uploads\/2025\/10\/PACKSHOT_IT_Gioielli-Personalizzati-con-Fasi-Lunari.webp","contentUrl":"https:\/\/positiveprints.com\/wp-content\/uploads\/2025\/10\/PACKSHOT_IT_Gioielli-Personalizzati-con-Fasi-Lunari.webp","width":1450,"height":1450},{"@type":"BreadcrumbList","@id":"https:\/\/positiveprints.com\/it\/prodotto\/gioielli-personalizzati-con-fasi-lunari\/#breadcrumb","itemListElement":[{"@type":"ListItem","position":1,"name":"Home","item":"https:\/\/positiveprints.com\/it\/"},{"@type":"ListItem","position":2,"name":"Prodotti","item":"https:\/\/positiveprints.com\/it\/shop\/"},{"@type":"ListItem","position":3,"name":"Gioielli Personalizzati con Fasi Lunari"}]},{"@type":"WebSite","@id":"https:\/\/positiveprints.com\/it\/#website","url":"https:\/\/positiveprints.com\/it\/","name":"Positive Prints","description":"Amazing Custom Personalized Gifts","publisher":{"@id":"https:\/\/positiveprints.com\/it\/#organization"},"potentialAction":[{"@type":"SearchAction","target":{"@type":"EntryPoint","urlTemplate":"https:\/\/positiveprints.com\/it\/?s={search_term_string}"},"query-input":{"@type":"PropertyValueSpecification","valueRequired":true,"valueName":"search_term_string"}}],"inLanguage":"it-IT"},{"@type":"Organization","@id":"https:\/\/positiveprints.com\/it\/#organization","name":"Positive Prints","alternateName":"Positive Prints","url":"https:\/\/positiveprints.com\/it\/","logo":{"@type":"ImageObject","inLanguage":"it-IT","@id":"https:\/\/positiveprints.com\/it\/#\/schema\/logo\/image\/","url":"https:\/\/positiveprints.com\/wp-content\/uploads\/2026\/03\/245815646_1337939713319158_5671353136411139666_n.png","contentUrl":"https:\/\/positiveprints.com\/wp-content\/uploads\/2026\/03\/245815646_1337939713319158_5671353136411139666_n.png","width":800,"height":800,"caption":"Positive Prints"},"image":{"@id":"https:\/\/positiveprints.com\/it\/#\/schema\/logo\/image\/"},"sameAs":["https:\/\/www.facebook.com\/positiveprintscom","https:\/\/www.instagram.com\/positiveprintscom\/","https:\/\/www.tiktok.com\/@positiveprintscom","https:\/\/www.pinterest.com\/positiveprintscom\/"]}]}},"jetpack_sharing_enabled":true,"_links":{"self":[{"href":"https:\/\/positiveprints.com\/it\/wp-json\/wp\/v2\/product\/1103836","targetHints":{"allow":["GET"]}}],"collection":[{"href":"https:\/\/positiveprints.com\/it\/wp-json\/wp\/v2\/product"}],"about":[{"href":"https:\/\/positiveprints.com\/it\/wp-json\/wp\/v2\/types\/product"}],"wp:featuredmedia":[{"embeddable":true,"href":"https:\/\/positiveprints.com\/it\/wp-json\/wp\/v2\/media\/1537725"}],"wp:attachment":[{"href":"https:\/\/positiveprints.com\/it\/wp-json\/wp\/v2\/media?parent=1103836"}],"wp:term":[{"taxonomy":"product_brand","embeddable":true,"href":"https:\/\/positiveprints.com\/it\/wp-json\/wp\/v2\/product_brand?post=1103836"},{"taxonomy":"product_cat","embeddable":true,"href":"https:\/\/positiveprints.com\/it\/wp-json\/wp\/v2\/product_cat?post=1103836"},{"taxonomy":"product_tag","embeddable":true,"href":"https:\/\/positiveprints.com\/it\/wp-json\/wp\/v2\/product_tag?post=1103836"}],"curies":[{"name":"wp","href":"https:\/\/api.w.org\/{rel}","templated":true}]}}