{"id":1098606,"date":"2023-11-22T10:32:58","date_gmt":"2024-04-12T08:04:21","guid":{"rendered":"https:\/\/positiveprints.com\/product\/line-art-di-matrimonio\/"},"modified":"2026-04-12T21:27:11","modified_gmt":"2026-04-12T20:27:11","slug":"line-art-matrimonio","status":"publish","type":"product","link":"https:\/\/positiveprints.com\/it\/prodotto\/line-art-matrimonio\/","title":{"rendered":"Line Art di Matrimonio"},"content":{"rendered":"<p>Commemora la bellezza della tua unione con la nostra incantevole Line Art di Matrimonio. Trasforma la tua preziosa foto di matrimonio in un&#8217;opera d&#8217;arte senza tempo che cattura la magia del tuo giorno speciale. I nostri artisti esperti disegneranno delicatamente ogni dettaglio a mano, creando una rappresentazione unica che riflette il romanticismo e la gioia del tuo matrimonio. Scegli il tuo stile e i tuoi colori preferiti, carica la tua foto speciale e aggiungi un tocco personale con un messaggio sincero. Crea un ricordo significativo che celebra l&#8217;inizio del tuo &#8220;vissero felici e contenti&#8221;.<\/p>\r\n\r\n\r\n<h2>Un Semplice Processo in Tre Passaggi:<\/h2>\r\n<ol>\r\n\r\n<li><strong>Scegli il tuo stile e i tuoi colori:<\/strong>\r\n<p>Seleziona lo stile e i colori che racchiudono l&#8217;essenza del tuo giorno di matrimonio.<\/p><\/li>\r\n\r\n<li><strong>Carica la Tua Foto Speciale di Matrimonio:<\/strong>\r\n\r\n<p>Condividi una foto che conserva la magia della tua unione. I nostri artisti disegneranno meticolosamente l&#8217;opera d&#8217;arte a mano, garantendo che rispecchi il romanticismo del tuo giorno speciale.<\/p><\/li>\r\n\r\n<li><strong>Aggiungi un messaggio personalizzato e finalizza:<\/strong>\r\n\r\n<p>Migliora la tua Line Art di Matrimonio con un messaggio sincero. Dopo il pagamento, il nostro team di supporto Positive Prints si metter\u00e0 in contatto per confermare il tuo ordine. Una volta che l&#8217;opera d&#8217;arte sar\u00e0 pronta, riceverai un&#8217;email per revisionare e accettare il design finale. La tua soddisfazione \u00e8 importante, quindi sentiti libero di richiedere modifiche fino a due volte. Una volta ottenuta la tua approvazione finale, l&#8217;opera d&#8217;arte verr\u00e0 inviata per la stampa e la consegna, creando un ricordo senza tempo del tuo giorno di matrimonio.<\/p><\/li>\r\n\r\n<\/ol>\r\n\r\n<h2>Esprimi il Tuo Amore con la Line Art di Matrimonio<\/h2>\r\n\r\n<p>La Line Art di Matrimonio \u00e8 pi\u00f9 di un <a href=\"https:\/\/positiveprints.com\/wedding-gifts\/\">regalo di nozze<\/a>. \u00c8 un simbolo di amore duraturo e dell&#8217;inizio di un bellissimo viaggio. \u00c8 un modo unico per esprimere il tuo amore e creare un ricordo duraturo. Ordina ora la tua Line Art di Matrimonio e celebra la magia della tua unione con un capolavoro personalizzato che cattura l&#8217;essenza della tua storia d&#8217;amore.<\/p>","protected":false},"excerpt":{"rendered":"<ul class=\"check-list\">\n<li>Lascia che i nostri artisti trasformino la tua preziosa foto di matrimonio in un&#8217;opera d&#8217;arte senza tempo.<\/li>\n<li>Disegnato e inviato per la tua approvazione entro 2-3 giorni lavorativi.<\/li>\n<li>Personalizzala in 3 semplici passaggi<\/li>\n<li>Scegliete un modello o siate creativi<\/li>\n<li>2 revisioni disponibili su tua richiesta.<\/li>\n<\/ul>\n","protected":false},"featured_media":1322500,"template":"","meta":[],"product_brand":[],"product_cat":[7928,9180,5311,9763,4449],"product_tag":[15076,8480],"class_list":{"0":"post-1098606","1":"product","2":"type-product","3":"status-publish","4":"has-post-thumbnail","6":"product_cat-regali-per-laddio-al-nubilato","7":"product_cat-line-art-it","8":"product_cat-regali-di-matrimonio","9":"product_cat-trending-label-it","10":"product_cat-tutti-i-prodotti","11":"product_tag-wedding-it-2","12":"product_tag-wedding-it","14":"first","15":"instock","16":"sale","17":"taxable","18":"shipping-taxable","19":"purchasable","20":"product-type-variable"},"yoast_head":"<!-- This site is optimized with the Yoast SEO Premium plugin v27.2 (Yoast SEO v27.2) - https:\/\/yoast.com\/product\/yoast-seo-premium-wordpress\/ -->\n<title>Line Art di Matrimonio - Positive Prints<\/title>\n<meta name=\"description\" content=\"Trasforma la tua preziosa foto di matrimonio in una Line Art di Matrimonio che cattura la magia del tuo giorno speciale.\" \/>\n<meta name=\"robots\" content=\"index, follow, max-snippet:-1, max-image-preview:large, max-video-preview:-1\" \/>\n<link rel=\"canonical\" href=\"https:\/\/positiveprints.com\/it\/prodotto\/line-art-matrimonio\/\" \/>\n<meta property=\"og:locale\" content=\"it_IT\" \/>\n<meta property=\"og:type\" content=\"article\" \/>\n<meta property=\"og:title\" content=\"Line Art di Matrimonio\" \/>\n<meta property=\"og:description\" content=\"Lascia che i nostri artisti trasformino la tua preziosa foto di matrimonio in un&#039;opera d&#039;arte senza tempo.  Disegnato e inviato per la tua approvazione entro 2-3 giorni lavorativi.  Personalizzala in 3 semplici passaggi  Scegliete un modello o siate creativi  2 revisioni disponibili su tua richiesta.\" \/>\n<meta property=\"og:url\" content=\"https:\/\/positiveprints.com\/it\/prodotto\/line-art-matrimonio\/\" \/>\n<meta property=\"og:site_name\" content=\"Positive Prints\" \/>\n<meta property=\"article:publisher\" content=\"https:\/\/www.facebook.com\/positiveprintscom\" \/>\n<meta property=\"article:modified_time\" content=\"2026-04-12T20:27:11+00:00\" \/>\n<meta property=\"og:image\" content=\"https:\/\/positiveprints.com\/wp-content\/uploads\/2025\/01\/Line-Art-del-matrimonio-1.webp\" \/>\n\t<meta property=\"og:image:width\" content=\"1450\" \/>\n\t<meta property=\"og:image:height\" content=\"1450\" \/>\n\t<meta property=\"og:image:type\" content=\"image\/webp\" \/>\n<meta name=\"twitter:card\" content=\"summary_large_image\" \/>\n<meta name=\"twitter:label1\" content=\"Tempo di lettura stimato\" \/>\n\t<meta name=\"twitter:data1\" content=\"2 minuti\" \/>\n<!-- \/ Yoast SEO Premium plugin. -->","yoast_head_json":{"title":"Line Art di Matrimonio - Positive Prints","description":"Trasforma la tua preziosa foto di matrimonio in una Line Art di Matrimonio che cattura la magia del tuo giorno speciale.","robots":{"index":"index","follow":"follow","max-snippet":"max-snippet:-1","max-image-preview":"max-image-preview:large","max-video-preview":"max-video-preview:-1"},"canonical":"https:\/\/positiveprints.com\/it\/prodotto\/line-art-matrimonio\/","og_locale":"it_IT","og_type":"article","og_title":"Line Art di Matrimonio","og_description":"Lascia che i nostri artisti trasformino la tua preziosa foto di matrimonio in un'opera d'arte senza tempo.  Disegnato e inviato per la tua approvazione entro 2-3 giorni lavorativi.  Personalizzala in 3 semplici passaggi  Scegliete un modello o siate creativi  2 revisioni disponibili su tua richiesta.","og_url":"https:\/\/positiveprints.com\/it\/prodotto\/line-art-matrimonio\/","og_site_name":"Positive Prints","article_publisher":"https:\/\/www.facebook.com\/positiveprintscom","article_modified_time":"2026-04-12T20:27:11+00:00","og_image":[{"width":1450,"height":1450,"url":"https:\/\/positiveprints.com\/wp-content\/uploads\/2025\/01\/Line-Art-del-matrimonio-1.webp","type":"image\/webp"}],"twitter_card":"summary_large_image","twitter_misc":{"Tempo di lettura stimato":"2 minuti"},"schema":{"@context":"https:\/\/schema.org","@graph":[{"@type":["WebPage","ItemPage"],"@id":"https:\/\/positiveprints.com\/it\/prodotto\/line-art-matrimonio\/","url":"https:\/\/positiveprints.com\/it\/prodotto\/line-art-matrimonio\/","name":"Line Art di Matrimonio - Positive Prints","isPartOf":{"@id":"https:\/\/positiveprints.com\/it\/#website"},"primaryImageOfPage":{"@id":"https:\/\/positiveprints.com\/it\/prodotto\/line-art-matrimonio\/#primaryimage"},"image":{"@id":"https:\/\/positiveprints.com\/it\/prodotto\/line-art-matrimonio\/#primaryimage"},"thumbnailUrl":"https:\/\/positiveprints.com\/wp-content\/uploads\/2025\/01\/Line-Art-del-matrimonio-1.webp","datePublished":"2024-04-12T08:04:21+00:00","dateModified":"2026-04-12T20:27:11+00:00","description":"Trasforma la tua preziosa foto di matrimonio in una Line Art di Matrimonio che cattura la magia del tuo giorno speciale.","breadcrumb":{"@id":"https:\/\/positiveprints.com\/it\/prodotto\/line-art-matrimonio\/#breadcrumb"},"inLanguage":"it-IT","potentialAction":[{"@type":"ReadAction","target":["https:\/\/positiveprints.com\/it\/prodotto\/line-art-matrimonio\/"]}]},{"@type":"ImageObject","inLanguage":"it-IT","@id":"https:\/\/positiveprints.com\/it\/prodotto\/line-art-matrimonio\/#primaryimage","url":"https:\/\/positiveprints.com\/wp-content\/uploads\/2025\/01\/Line-Art-del-matrimonio-1.webp","contentUrl":"https:\/\/positiveprints.com\/wp-content\/uploads\/2025\/01\/Line-Art-del-matrimonio-1.webp","width":1450,"height":1450},{"@type":"BreadcrumbList","@id":"https:\/\/positiveprints.com\/it\/prodotto\/line-art-matrimonio\/#breadcrumb","itemListElement":[{"@type":"ListItem","position":1,"name":"Home","item":"https:\/\/positiveprints.com\/it\/"},{"@type":"ListItem","position":2,"name":"Prodotti","item":"https:\/\/positiveprints.com\/it\/shop\/"},{"@type":"ListItem","position":3,"name":"Line Art di Matrimonio"}]},{"@type":"WebSite","@id":"https:\/\/positiveprints.com\/it\/#website","url":"https:\/\/positiveprints.com\/it\/","name":"Positive Prints","description":"Amazing Custom Personalized Gifts","publisher":{"@id":"https:\/\/positiveprints.com\/it\/#organization"},"potentialAction":[{"@type":"SearchAction","target":{"@type":"EntryPoint","urlTemplate":"https:\/\/positiveprints.com\/it\/?s={search_term_string}"},"query-input":{"@type":"PropertyValueSpecification","valueRequired":true,"valueName":"search_term_string"}}],"inLanguage":"it-IT"},{"@type":"Organization","@id":"https:\/\/positiveprints.com\/it\/#organization","name":"Positive Prints","alternateName":"Positive Prints","url":"https:\/\/positiveprints.com\/it\/","logo":{"@type":"ImageObject","inLanguage":"it-IT","@id":"https:\/\/positiveprints.com\/it\/#\/schema\/logo\/image\/","url":"https:\/\/positiveprints.com\/wp-content\/uploads\/2026\/03\/245815646_1337939713319158_5671353136411139666_n.png","contentUrl":"https:\/\/positiveprints.com\/wp-content\/uploads\/2026\/03\/245815646_1337939713319158_5671353136411139666_n.png","width":800,"height":800,"caption":"Positive Prints"},"image":{"@id":"https:\/\/positiveprints.com\/it\/#\/schema\/logo\/image\/"},"sameAs":["https:\/\/www.facebook.com\/positiveprintscom","https:\/\/www.instagram.com\/positiveprintscom\/","https:\/\/www.tiktok.com\/@positiveprintscom","https:\/\/www.pinterest.com\/positiveprintscom\/"]}]}},"jetpack_sharing_enabled":true,"_links":{"self":[{"href":"https:\/\/positiveprints.com\/it\/wp-json\/wp\/v2\/product\/1098606","targetHints":{"allow":["GET"]}}],"collection":[{"href":"https:\/\/positiveprints.com\/it\/wp-json\/wp\/v2\/product"}],"about":[{"href":"https:\/\/positiveprints.com\/it\/wp-json\/wp\/v2\/types\/product"}],"wp:featuredmedia":[{"embeddable":true,"href":"https:\/\/positiveprints.com\/it\/wp-json\/wp\/v2\/media\/1322500"}],"wp:attachment":[{"href":"https:\/\/positiveprints.com\/it\/wp-json\/wp\/v2\/media?parent=1098606"}],"wp:term":[{"taxonomy":"product_brand","embeddable":true,"href":"https:\/\/positiveprints.com\/it\/wp-json\/wp\/v2\/product_brand?post=1098606"},{"taxonomy":"product_cat","embeddable":true,"href":"https:\/\/positiveprints.com\/it\/wp-json\/wp\/v2\/product_cat?post=1098606"},{"taxonomy":"product_tag","embeddable":true,"href":"https:\/\/positiveprints.com\/it\/wp-json\/wp\/v2\/product_tag?post=1098606"}],"curies":[{"name":"wp","href":"https:\/\/api.w.org\/{rel}","templated":true}]}}