{"id":1098473,"date":"2023-11-22T11:09:45","date_gmt":"2023-11-22T10:09:45","guid":{"rendered":"https:\/\/positiveprints.com\/product\/line-art-di-fidanzamento\/"},"modified":"2026-04-23T11:13:32","modified_gmt":"2026-04-23T10:13:32","slug":"line-art-fidanzamento","status":"publish","type":"product","link":"https:\/\/positiveprints.com\/it\/prodotto\/line-art-fidanzamento\/","title":{"rendered":"Line Art di Fidanzamento"},"content":{"rendered":"<p>Cattura la gioia e l&#8217;emozione del tuo fidanzamento con la nostra affascinante Line Art di Fidanzamento. Trasforma una foto speciale del fidanzamento in un&#8217;opera d&#8217;arte personalizzata senza tempo che riflette l&#8217;inizio del tuo viaggio verso l&#8217;eternit\u00e0. I nostri artisti esperti disegneranno delicatamente ogni dettaglio a mano, creando una rappresentazione unica che riflette la felicit\u00e0 del tuo <a href=\"https:\/\/positiveprints.com\/engagement-gifts\/\">fidanzamento<\/a>. Seleziona il tuo stile e i tuoi colori preferiti, carica la foto del tuo fidanzamento e aggiungi un tocco personale con un messaggio sincero. Crea un ricordo significativo che commemorai il bellissimo momento in cui hai detto &#8220;S\u00ec&#8221;.<\/p>\r\n\r\n<h2>Un Semplice Processo in Tre Passaggi:<\/h2>\r\n\r\n<ol>\r\n<li><strong>Scegli il tuo stile e i tuoi colori:<\/strong>\r\n\r\n<p>Seleziona lo stile e i colori che risuonano con la gioia e l&#8217;emozione del tuo fidanzamento.<\/p><\/li>\r\n\r\n<li><strong>Carica la Tua Foto Speciale di Fidanzamento:<\/strong>\r\n\r\n<p>Condividi una foto che racchiude la gioia del tuo fidanzamento. I nostri artisti disegneranno meticolosamente l&#8217;opera d&#8217;arte a mano, garantendo che rispecchi la gioia di questo momento speciale.<\/p><\/li>\r\n\r\n<li><strong>Aggiungi un messaggio personalizzato e finalizza:<\/strong>\r\n\r\n<p>Migliora la tua Line Art di Fidanzamento con un messaggio sincero. Dopo il pagamento, il nostro team di supporto Positive Prints si metter\u00e0 in contatto per confermare il tuo ordine. Una volta che l&#8217;opera d&#8217;arte sar\u00e0 pronta, riceverai un&#8217;email per revisionare e accettare il design finale. La tua soddisfazione \u00e8 importante, quindi sentiti libero di richiedere modifiche fino a due volte. Una volta ottenuta la tua approvazione finale, l&#8217;opera d&#8217;arte verr\u00e0 inviata per la stampa e la consegna, creando un ricordo duraturo del tuo fidanzamento.<\/p><\/li>\r\n\r\n<\/ol>\r\n\r\n<h2>Line Art di Fidanzamento: Il Regalo Perfetto<\/h2>\r\n\r\n<p>La Line Art di Fidanzamento non \u00e8 solo un regalo. \u00c8 una celebrazione del viaggio verso l&#8217;eternit\u00e0. \u00c8 un modo unico per esprimere la tua gioia e creare un ricordo duraturo. Ordina ora la tua Line Art di Fidanzamento e custodisci la bellezza del tuo fidanzamento con un capolavoro personalizzato che cattura l&#8217;essenza di questo momento speciale.<\/p>","protected":false},"excerpt":{"rendered":"<ul class=\"check-list\">\n<li>Lascia che i nostri artisti trasformino una foto speciale del fidanzamento in un&#8217;opera d&#8217;arte personalizzata senza tempo.<\/li>\n<li>Disegnato e inviato per la tua approvazione entro 2-3 giorni lavorativi.<\/li>\n<li>Personalizzala in 3 semplici passaggi<\/li>\n<li>Scegliete un modello o siate creativi<\/li>\n<li>2 revisioni disponibili su tua richiesta.<\/li>\n<\/ul>\n","protected":false},"featured_media":1323374,"template":"","meta":[],"product_brand":[],"product_cat":[9180,9763,4449,5281],"product_tag":[9745],"class_list":{"0":"post-1098473","1":"product","2":"type-product","3":"status-publish","4":"has-post-thumbnail","6":"product_cat-line-art-it","7":"product_cat-trending-label-it","8":"product_cat-tutti-i-prodotti","9":"product_cat-regali-di-fidanzamento","10":"product_tag-fidanzamento","12":"first","13":"instock","14":"sale","15":"taxable","16":"shipping-taxable","17":"purchasable","18":"product-type-variable"},"yoast_head":"<!-- This site is optimized with the Yoast SEO Premium plugin v27.2 (Yoast SEO v27.2) - https:\/\/yoast.com\/product\/yoast-seo-premium-wordpress\/ -->\n<title>Line Art di Fidanzamento - Positive Prints<\/title>\n<meta name=\"description\" content=\"Ordina la tua Line Art di Fidanzamento e custodisci la bellezza del tuo fidanzamento con un capolavoro personalizzato che cattura l&#039;essenza di questo momento speciale.\" \/>\n<meta name=\"robots\" content=\"index, follow, max-snippet:-1, max-image-preview:large, max-video-preview:-1\" \/>\n<link rel=\"canonical\" href=\"https:\/\/positiveprints.com\/it\/prodotto\/line-art-fidanzamento\/\" \/>\n<meta property=\"og:locale\" content=\"it_IT\" \/>\n<meta property=\"og:type\" content=\"article\" \/>\n<meta property=\"og:title\" content=\"Line Art di Fidanzamento\" \/>\n<meta property=\"og:description\" content=\"Lascia che i nostri artisti trasformino una foto speciale del fidanzamento in un&#039;opera d&#039;arte personalizzata senza tempo.  Disegnato e inviato per la tua approvazione entro 2-3 giorni lavorativi.  Personalizzala in 3 semplici passaggi  Scegliete un modello o siate creativi  2 revisioni disponibili su tua richiesta.\" \/>\n<meta property=\"og:url\" content=\"https:\/\/positiveprints.com\/it\/prodotto\/line-art-fidanzamento\/\" \/>\n<meta property=\"og:site_name\" content=\"Positive Prints\" \/>\n<meta property=\"article:publisher\" content=\"https:\/\/www.facebook.com\/positiveprintscom\" \/>\n<meta property=\"article:modified_time\" content=\"2026-04-23T10:13:32+00:00\" \/>\n<meta property=\"og:image\" content=\"https:\/\/positiveprints.com\/wp-content\/uploads\/2025\/01\/Line-Art-di-Fidanzamento-1.webp\" \/>\n\t<meta property=\"og:image:width\" content=\"1450\" \/>\n\t<meta property=\"og:image:height\" content=\"1450\" \/>\n\t<meta property=\"og:image:type\" content=\"image\/webp\" \/>\n<meta name=\"twitter:card\" content=\"summary_large_image\" \/>\n<!-- \/ Yoast SEO Premium plugin. -->","yoast_head_json":{"title":"Line Art di Fidanzamento - Positive Prints","description":"Ordina la tua Line Art di Fidanzamento e custodisci la bellezza del tuo fidanzamento con un capolavoro personalizzato che cattura l'essenza di questo momento speciale.","robots":{"index":"index","follow":"follow","max-snippet":"max-snippet:-1","max-image-preview":"max-image-preview:large","max-video-preview":"max-video-preview:-1"},"canonical":"https:\/\/positiveprints.com\/it\/prodotto\/line-art-fidanzamento\/","og_locale":"it_IT","og_type":"article","og_title":"Line Art di Fidanzamento","og_description":"Lascia che i nostri artisti trasformino una foto speciale del fidanzamento in un'opera d'arte personalizzata senza tempo.  Disegnato e inviato per la tua approvazione entro 2-3 giorni lavorativi.  Personalizzala in 3 semplici passaggi  Scegliete un modello o siate creativi  2 revisioni disponibili su tua richiesta.","og_url":"https:\/\/positiveprints.com\/it\/prodotto\/line-art-fidanzamento\/","og_site_name":"Positive Prints","article_publisher":"https:\/\/www.facebook.com\/positiveprintscom","article_modified_time":"2026-04-23T10:13:32+00:00","og_image":[{"width":1450,"height":1450,"url":"https:\/\/positiveprints.com\/wp-content\/uploads\/2025\/01\/Line-Art-di-Fidanzamento-1.webp","type":"image\/webp"}],"twitter_card":"summary_large_image","schema":{"@context":"https:\/\/schema.org","@graph":[{"@type":["WebPage","ItemPage"],"@id":"https:\/\/positiveprints.com\/it\/prodotto\/line-art-fidanzamento\/","url":"https:\/\/positiveprints.com\/it\/prodotto\/line-art-fidanzamento\/","name":"Line Art di Fidanzamento - Positive Prints","isPartOf":{"@id":"https:\/\/positiveprints.com\/it\/#website"},"primaryImageOfPage":{"@id":"https:\/\/positiveprints.com\/it\/prodotto\/line-art-fidanzamento\/#primaryimage"},"image":{"@id":"https:\/\/positiveprints.com\/it\/prodotto\/line-art-fidanzamento\/#primaryimage"},"thumbnailUrl":"https:\/\/positiveprints.com\/wp-content\/uploads\/2025\/01\/Line-Art-di-Fidanzamento-1.webp","datePublished":"2023-11-22T10:09:45+00:00","dateModified":"2026-04-23T10:13:32+00:00","description":"Ordina la tua Line Art di Fidanzamento e custodisci la bellezza del tuo fidanzamento con un capolavoro personalizzato che cattura l'essenza di questo momento speciale.","breadcrumb":{"@id":"https:\/\/positiveprints.com\/it\/prodotto\/line-art-fidanzamento\/#breadcrumb"},"inLanguage":"it-IT","potentialAction":[{"@type":"ReadAction","target":["https:\/\/positiveprints.com\/it\/prodotto\/line-art-fidanzamento\/"]}]},{"@type":"ImageObject","inLanguage":"it-IT","@id":"https:\/\/positiveprints.com\/it\/prodotto\/line-art-fidanzamento\/#primaryimage","url":"https:\/\/positiveprints.com\/wp-content\/uploads\/2025\/01\/Line-Art-di-Fidanzamento-1.webp","contentUrl":"https:\/\/positiveprints.com\/wp-content\/uploads\/2025\/01\/Line-Art-di-Fidanzamento-1.webp","width":1450,"height":1450},{"@type":"BreadcrumbList","@id":"https:\/\/positiveprints.com\/it\/prodotto\/line-art-fidanzamento\/#breadcrumb","itemListElement":[{"@type":"ListItem","position":1,"name":"Home","item":"https:\/\/positiveprints.com\/it\/"},{"@type":"ListItem","position":2,"name":"Prodotti","item":"https:\/\/positiveprints.com\/it\/shop\/"},{"@type":"ListItem","position":3,"name":"Line Art di Fidanzamento"}]},{"@type":"WebSite","@id":"https:\/\/positiveprints.com\/it\/#website","url":"https:\/\/positiveprints.com\/it\/","name":"Positive Prints","description":"Amazing Custom Personalized Gifts","publisher":{"@id":"https:\/\/positiveprints.com\/it\/#organization"},"potentialAction":[{"@type":"SearchAction","target":{"@type":"EntryPoint","urlTemplate":"https:\/\/positiveprints.com\/it\/?s={search_term_string}"},"query-input":{"@type":"PropertyValueSpecification","valueRequired":true,"valueName":"search_term_string"}}],"inLanguage":"it-IT"},{"@type":"Organization","@id":"https:\/\/positiveprints.com\/it\/#organization","name":"Positive Prints","alternateName":"Positive Prints","url":"https:\/\/positiveprints.com\/it\/","logo":{"@type":"ImageObject","inLanguage":"it-IT","@id":"https:\/\/positiveprints.com\/it\/#\/schema\/logo\/image\/","url":"https:\/\/positiveprints.com\/wp-content\/uploads\/2026\/03\/245815646_1337939713319158_5671353136411139666_n.png","contentUrl":"https:\/\/positiveprints.com\/wp-content\/uploads\/2026\/03\/245815646_1337939713319158_5671353136411139666_n.png","width":800,"height":800,"caption":"Positive Prints"},"image":{"@id":"https:\/\/positiveprints.com\/it\/#\/schema\/logo\/image\/"},"sameAs":["https:\/\/www.facebook.com\/positiveprintscom","https:\/\/www.instagram.com\/positiveprintscom\/","https:\/\/www.tiktok.com\/@positiveprintscom","https:\/\/www.pinterest.com\/positiveprintscom\/"]}]}},"jetpack_sharing_enabled":true,"_links":{"self":[{"href":"https:\/\/positiveprints.com\/it\/wp-json\/wp\/v2\/product\/1098473","targetHints":{"allow":["GET"]}}],"collection":[{"href":"https:\/\/positiveprints.com\/it\/wp-json\/wp\/v2\/product"}],"about":[{"href":"https:\/\/positiveprints.com\/it\/wp-json\/wp\/v2\/types\/product"}],"wp:featuredmedia":[{"embeddable":true,"href":"https:\/\/positiveprints.com\/it\/wp-json\/wp\/v2\/media\/1323374"}],"wp:attachment":[{"href":"https:\/\/positiveprints.com\/it\/wp-json\/wp\/v2\/media?parent=1098473"}],"wp:term":[{"taxonomy":"product_brand","embeddable":true,"href":"https:\/\/positiveprints.com\/it\/wp-json\/wp\/v2\/product_brand?post=1098473"},{"taxonomy":"product_cat","embeddable":true,"href":"https:\/\/positiveprints.com\/it\/wp-json\/wp\/v2\/product_cat?post=1098473"},{"taxonomy":"product_tag","embeddable":true,"href":"https:\/\/positiveprints.com\/it\/wp-json\/wp\/v2\/product_tag?post=1098473"}],"curies":[{"name":"wp","href":"https:\/\/api.w.org\/{rel}","templated":true}]}}