{"id":1097294,"date":"2023-11-22T11:31:48","date_gmt":"2024-04-10T09:36:49","guid":{"rendered":"https:\/\/positiveprints.com\/product\/line-art-di-laurea\/"},"modified":"2026-04-07T14:06:30","modified_gmt":"2026-04-07T13:06:30","slug":"line-art-laurea","status":"publish","type":"product","link":"https:\/\/positiveprints.com\/it\/prodotto\/line-art-laurea\/","title":{"rendered":"Line Art di Laurea"},"content":{"rendered":"<p>Celebra i successi accademici e i traguardi con la nostra ispiratrice Line Art di Laurea. Trasforma un momento significativo di laurea in un&#8217;opera d&#8217;arte personalizzata senza tempo che riflette il duro lavoro e la dedizione impiegati nel raggiungere questo traguardo. I nostri artisti esperti disegneranno delicatamente ogni dettaglio a mano, creando una rappresentazione unica che riflette la fierezza e il successo della <a href=\"https:\/\/positiveprints.com\/graduation-gifts\/\">laurea<\/a>. Scegli il tuo stile e colori preferiti, carica la tua foto di laurea e aggiungi un tocco personale con un messaggio di congratulazioni. Crea un ricordo significativo che commemorai il percorso di successo.<\/p>\r\n\r\n<h2>Un Semplice Processo in Tre Passaggi:<\/h2>\r\n\r\n<ol>\r\n\r\n<li><strong>Scegli il tuo stile e i tuoi colori:<\/strong>\r\n<p>Seleziona lo stile e i colori che risuonano con la fierezza e il successo della laurea.<\/p>\r\n<\/li>\r\n\r\n<li><strong>Carica la tua foto speciale di laurea:<\/strong>\r\n<p>Condividi una foto che racchiuda il significato della tua laurea. I nostri artisti disegneranno meticolosamente l&#8217;opera d&#8217;arte a mano, garantendo che rispecchi la fierezza e la gioia di questo successo accademico.<\/p>\r\n<\/li>\r\n\r\n<li><strong>Aggiungi un messaggio personalizzato e finalizza:<\/strong>\r\n<p>Migliora il tuo Line Art di Laurea con un messaggio di congratulazioni. Dopo il pagamento, il nostro team di supporto Positive Prints si metter\u00e0 in contatto per confermare il tuo ordine. Una volta che l&#8217;opera d&#8217;arte sar\u00e0 pronta, riceverai un&#8217;email per revisionare e accettare il design finale. La tua soddisfazione \u00e8 importante, quindi sentiti libero di richiedere modifiche fino a due volte. Una volta ottenuta la tua approvazione finale, l&#8217;opera d&#8217;arte verr\u00e0 inviata per la stampa e la consegna, creando un omaggio duraturo al successo accademico.<\/p>\r\n<\/li>\r\n<\/ol>\r\n\r\n<h2>Line Art della Laurea: Esprime la Fiera e Crea un Ricordo Duraturo<\/h2>\r\n\r\n<p>Il Line Art della Laurea non \u00e8 solo un regalo. \u00c8 una celebrazione del lavoro duro e del successo. \u00c8 un modo unico per esprimere la fierezza e creare un ricordo duraturo. Ordina ora il tuo Line Art della Laurea e commemora le realizzazioni accademiche con un capolavoro personalizzato che cattura l&#8217;essenza di questo importante traguardo.<\/p>","protected":false},"excerpt":{"rendered":"<ul class=\"check-list\">\n<li>Lascia che i nostri artisti trasformino un momento significativo di laurea in un&#8217;opera d&#8217;arte personalizzata senza tempo.<\/li>\n<li>Disegnato e inviato per la tua approvazione entro 2-3 giorni lavorativi.<\/li>\n<li>Personalizzala in 3 semplici passaggi<\/li>\n<li>Scegliete un modello o siate creativi<\/li>\n<li>2 revisioni disponibili su tua richiesta.<\/li>\n<\/ul>\n","protected":false},"featured_media":1364790,"template":"","meta":[],"product_brand":[],"product_cat":[9180,4449,7913],"product_tag":[8494,16696,16690],"class_list":{"0":"post-1097294","1":"product","2":"type-product","3":"status-publish","4":"has-post-thumbnail","6":"product_cat-line-art-it","7":"product_cat-tutti-i-prodotti","8":"product_cat-regali-di-laurea","9":"product_tag-graduation-it","10":"product_tag-regali-di-laurea","11":"product_tag-regalo-di-laurea","13":"first","14":"instock","15":"sale","16":"taxable","17":"shipping-taxable","18":"purchasable","19":"product-type-variable"},"yoast_head":"<!-- This site is optimized with the Yoast SEO Premium plugin v27.2 (Yoast SEO v27.2) - https:\/\/yoast.com\/product\/yoast-seo-premium-wordpress\/ -->\n<title>Line Art di Laurea - Positive Prints<\/title>\n<meta name=\"description\" content=\"Ordina il Line Art di Laurea e commemorare le realizzazioni accademiche con un capolavoro personalizzato che cattura l&#039;essenza di questo importante traguardo.\" \/>\n<meta name=\"robots\" content=\"index, follow, max-snippet:-1, max-image-preview:large, max-video-preview:-1\" \/>\n<link rel=\"canonical\" href=\"https:\/\/positiveprints.com\/it\/prodotto\/line-art-laurea\/\" \/>\n<meta property=\"og:locale\" content=\"it_IT\" \/>\n<meta property=\"og:type\" content=\"article\" \/>\n<meta property=\"og:title\" content=\"Line Art di Laurea\" \/>\n<meta property=\"og:description\" content=\"Lascia che i nostri artisti trasformino un momento significativo di laurea in un&#039;opera d&#039;arte personalizzata senza tempo.  Disegnato e inviato per la tua approvazione entro 2-3 giorni lavorativi.  Personalizzala in 3 semplici passaggi  Scegliete un modello o siate creativi  2 revisioni disponibili su tua richiesta.\" \/>\n<meta property=\"og:url\" content=\"https:\/\/positiveprints.com\/it\/prodotto\/line-art-laurea\/\" \/>\n<meta property=\"og:site_name\" content=\"Positive Prints\" \/>\n<meta property=\"article:publisher\" content=\"https:\/\/www.facebook.com\/positiveprintscom\" \/>\n<meta property=\"article:modified_time\" content=\"2026-04-07T13:06:30+00:00\" \/>\n<meta property=\"og:image\" content=\"https:\/\/positiveprints.com\/wp-content\/uploads\/2024\/07\/Line-Art-di-Laurea.jpg\" \/>\n\t<meta property=\"og:image:width\" content=\"1080\" \/>\n\t<meta property=\"og:image:height\" content=\"1080\" \/>\n\t<meta property=\"og:image:type\" content=\"image\/jpeg\" \/>\n<meta name=\"twitter:card\" content=\"summary_large_image\" \/>\n<meta name=\"twitter:label1\" content=\"Tempo di lettura stimato\" \/>\n\t<meta name=\"twitter:data1\" content=\"2 minuti\" \/>\n<!-- \/ Yoast SEO Premium plugin. -->","yoast_head_json":{"title":"Line Art di Laurea - Positive Prints","description":"Ordina il Line Art di Laurea e commemorare le realizzazioni accademiche con un capolavoro personalizzato che cattura l'essenza di questo importante traguardo.","robots":{"index":"index","follow":"follow","max-snippet":"max-snippet:-1","max-image-preview":"max-image-preview:large","max-video-preview":"max-video-preview:-1"},"canonical":"https:\/\/positiveprints.com\/it\/prodotto\/line-art-laurea\/","og_locale":"it_IT","og_type":"article","og_title":"Line Art di Laurea","og_description":"Lascia che i nostri artisti trasformino un momento significativo di laurea in un'opera d'arte personalizzata senza tempo.  Disegnato e inviato per la tua approvazione entro 2-3 giorni lavorativi.  Personalizzala in 3 semplici passaggi  Scegliete un modello o siate creativi  2 revisioni disponibili su tua richiesta.","og_url":"https:\/\/positiveprints.com\/it\/prodotto\/line-art-laurea\/","og_site_name":"Positive Prints","article_publisher":"https:\/\/www.facebook.com\/positiveprintscom","article_modified_time":"2026-04-07T13:06:30+00:00","og_image":[{"width":1080,"height":1080,"url":"https:\/\/positiveprints.com\/wp-content\/uploads\/2024\/07\/Line-Art-di-Laurea.jpg","type":"image\/jpeg"}],"twitter_card":"summary_large_image","twitter_misc":{"Tempo di lettura stimato":"2 minuti"},"schema":{"@context":"https:\/\/schema.org","@graph":[{"@type":["WebPage","ItemPage"],"@id":"https:\/\/positiveprints.com\/it\/prodotto\/line-art-laurea\/","url":"https:\/\/positiveprints.com\/it\/prodotto\/line-art-laurea\/","name":"Line Art di Laurea - Positive Prints","isPartOf":{"@id":"https:\/\/positiveprints.com\/it\/#website"},"primaryImageOfPage":{"@id":"https:\/\/positiveprints.com\/it\/prodotto\/line-art-laurea\/#primaryimage"},"image":{"@id":"https:\/\/positiveprints.com\/it\/prodotto\/line-art-laurea\/#primaryimage"},"thumbnailUrl":"https:\/\/positiveprints.com\/wp-content\/uploads\/2025\/02\/Line-Art-di-Laurea-1.webp","datePublished":"2024-04-10T09:36:49+00:00","dateModified":"2026-04-07T13:06:30+00:00","description":"Ordina il Line Art di Laurea e commemorare le realizzazioni accademiche con un capolavoro personalizzato che cattura l'essenza di questo importante traguardo.","breadcrumb":{"@id":"https:\/\/positiveprints.com\/it\/prodotto\/line-art-laurea\/#breadcrumb"},"inLanguage":"it-IT","potentialAction":[{"@type":"ReadAction","target":["https:\/\/positiveprints.com\/it\/prodotto\/line-art-laurea\/"]}]},{"@type":"ImageObject","inLanguage":"it-IT","@id":"https:\/\/positiveprints.com\/it\/prodotto\/line-art-laurea\/#primaryimage","url":"https:\/\/positiveprints.com\/wp-content\/uploads\/2025\/02\/Line-Art-di-Laurea-1.webp","contentUrl":"https:\/\/positiveprints.com\/wp-content\/uploads\/2025\/02\/Line-Art-di-Laurea-1.webp","width":1450,"height":1450},{"@type":"BreadcrumbList","@id":"https:\/\/positiveprints.com\/it\/prodotto\/line-art-laurea\/#breadcrumb","itemListElement":[{"@type":"ListItem","position":1,"name":"Home","item":"https:\/\/positiveprints.com\/it\/"},{"@type":"ListItem","position":2,"name":"Prodotti","item":"https:\/\/positiveprints.com\/it\/shop\/"},{"@type":"ListItem","position":3,"name":"Line Art di Laurea"}]},{"@type":"WebSite","@id":"https:\/\/positiveprints.com\/it\/#website","url":"https:\/\/positiveprints.com\/it\/","name":"Positive Prints","description":"Amazing Custom Personalized Gifts","publisher":{"@id":"https:\/\/positiveprints.com\/it\/#organization"},"potentialAction":[{"@type":"SearchAction","target":{"@type":"EntryPoint","urlTemplate":"https:\/\/positiveprints.com\/it\/?s={search_term_string}"},"query-input":{"@type":"PropertyValueSpecification","valueRequired":true,"valueName":"search_term_string"}}],"inLanguage":"it-IT"},{"@type":"Organization","@id":"https:\/\/positiveprints.com\/it\/#organization","name":"Positive Prints","alternateName":"Positive Prints","url":"https:\/\/positiveprints.com\/it\/","logo":{"@type":"ImageObject","inLanguage":"it-IT","@id":"https:\/\/positiveprints.com\/it\/#\/schema\/logo\/image\/","url":"https:\/\/positiveprints.com\/wp-content\/uploads\/2026\/03\/245815646_1337939713319158_5671353136411139666_n.png","contentUrl":"https:\/\/positiveprints.com\/wp-content\/uploads\/2026\/03\/245815646_1337939713319158_5671353136411139666_n.png","width":800,"height":800,"caption":"Positive Prints"},"image":{"@id":"https:\/\/positiveprints.com\/it\/#\/schema\/logo\/image\/"},"sameAs":["https:\/\/www.facebook.com\/positiveprintscom","https:\/\/www.instagram.com\/positiveprintscom\/","https:\/\/www.tiktok.com\/@positiveprintscom","https:\/\/www.pinterest.com\/positiveprintscom\/"]}]}},"jetpack_sharing_enabled":true,"_links":{"self":[{"href":"https:\/\/positiveprints.com\/it\/wp-json\/wp\/v2\/product\/1097294","targetHints":{"allow":["GET"]}}],"collection":[{"href":"https:\/\/positiveprints.com\/it\/wp-json\/wp\/v2\/product"}],"about":[{"href":"https:\/\/positiveprints.com\/it\/wp-json\/wp\/v2\/types\/product"}],"wp:featuredmedia":[{"embeddable":true,"href":"https:\/\/positiveprints.com\/it\/wp-json\/wp\/v2\/media\/1364790"}],"wp:attachment":[{"href":"https:\/\/positiveprints.com\/it\/wp-json\/wp\/v2\/media?parent=1097294"}],"wp:term":[{"taxonomy":"product_brand","embeddable":true,"href":"https:\/\/positiveprints.com\/it\/wp-json\/wp\/v2\/product_brand?post=1097294"},{"taxonomy":"product_cat","embeddable":true,"href":"https:\/\/positiveprints.com\/it\/wp-json\/wp\/v2\/product_cat?post=1097294"},{"taxonomy":"product_tag","embeddable":true,"href":"https:\/\/positiveprints.com\/it\/wp-json\/wp\/v2\/product_tag?post=1097294"}],"curies":[{"name":"wp","href":"https:\/\/api.w.org\/{rel}","templated":true}]}}