{"id":1091386,"date":"2024-03-28T19:18:06","date_gmt":"2024-03-28T18:18:06","guid":{"rendered":"https:\/\/positiveprints.com\/?post_type=product&#038;p=1091386"},"modified":"2026-04-18T04:30:26","modified_gmt":"2026-04-18T03:30:26","slug":"papa-4-foto-collage-fotografico","status":"publish","type":"product","link":"https:\/\/positiveprints.com\/it\/prodotto\/papa-4-foto-collage-fotografico\/","title":{"rendered":"Pap\u00e0 4 Foto Collage Fotografico"},"content":{"rendered":"<p>Sei alla ricerca di un regalo che esprima perfettamente il tuo amore e apprezzamento per tuo pap\u00e0? Non cercare oltre! Il nostro &#8220;Pap\u00e0 4 Foto Collage Fotografico&#8221; offre una soluzione sincera. Scopri come puoi creare un capolavoro personalizzato che tuo pap\u00e0 tesorer\u00e0 per sempre.<\/p>\r\n\r\n<h2>Crea il Tuo Pap\u00e0 4 Foto Collage Fotografico<\/h2>\r\n\r\n\r\n<p>Inizia scegliendo un tema che rispecchi la personalit\u00e0 e gli interessi di tuo pap\u00e0. Che si tratti di celebrare il suo ruolo di &#8220;Miglior Pap\u00e0&#8221; o di mostrare momenti memorabili, la nostra selezione di temi garantisce che ci sia qualcosa di speciale per ogni pap\u00e0. Inoltre, ogni tema presenta un elegante font calligrafico per un tocco di raffinatezza aggiuntivo.<\/p>\r\n\r\n<p>Infondi il tuo collage di ricordi aggiungendo quattro delle tue foto preferite. Dalle avventure in famiglia agli scatti commoventi, queste immagini cattureranno l&#8217;essenza del tuo legame con tuo pap\u00e0. Il nostro editor rende facile caricare e disporre le tue foto per la composizione perfetta.<\/p>\r\n\r\n<h2>Il Regalo di Ricordi Significativi<\/h2>\r\n\r\n<p>Dai a tuo pap\u00e0 un regalo che parla chiaro con il nostro &#8220;Pap\u00e0 4 Foto Collage Fotografico&#8221; personalizzato. Pi\u00f9 di un semplice presente, \u00e8 un&#8217;espressione sincera di gratitudine e amore. Che si tratti della Festa del Pap\u00e0, del suo compleanno o di qualsiasi altra occasione speciale, questo collage render\u00e0 la sua giornata indimenticabile. Sia che tu opti per un poster stampato o incorniciato, una stampa su tela o un file di download digitale istantaneo, offriamo scelte versatili per soddisfare le tue preferenze.<\/p>\r\n\r\n<p>Mostra a tuo pap\u00e0 quanto significa per te con un regalo tanto unico quanto lui. Ordina oggi il tuo &#8220;Pap\u00e0 4 Foto Collage Fotografico&#8221; personalizzato e fagli sapere che \u00e8 davvero apprezzato.<\/p>","protected":false},"excerpt":{"rendered":"<ul class=\"check-list\">\n<li>Mostra a tuo pap\u00e0 quanto lo apprezzi con un regalo stupefacente che celebra i momenti trascorsi insieme<\/li>\n<li>Aggiungi un testo personalizzato<\/li>\n<li>Personalizza in soli 2 minuti<\/li>\n<li>Scegli un template o dai sfogo alla fantasia<\/li>\n<li>Guarda subito il risultato \u2013 l&#8217;anteprima interattiva ti permette di perfezionare ogni dettaglio<\/li>\n<\/ul>\n","protected":false},"featured_media":1096710,"template":"","meta":[],"product_brand":[],"product_cat":[4449,7338,7499,5269,11421,15057,7976],"product_tag":[16084,8554,13466,11761],"class_list":{"0":"post-1091386","1":"product","2":"type-product","3":"status-publish","4":"has-post-thumbnail","6":"product_cat-tutti-i-prodotti","7":"product_cat-regali-per-la-festa-del-papa","8":"product_cat-foto-it","9":"product_cat-regali-di-natale","10":"product_cat-regali-di-natale-per-papa","11":"product_cat-regali-di-natale-per-la-famiglia","12":"product_cat-regali-per-il-papa","13":"product_tag-christmas-gifts-for-family-it","14":"product_tag-father-it","15":"product_tag-regali-di-natale-per-la-famiglia","16":"product_tag-regali-di-natale-per-papa","18":"first","19":"instock","20":"sale","21":"taxable","22":"shipping-taxable","23":"purchasable","24":"product-type-variable"},"yoast_head":"<!-- This site is optimized with the Yoast SEO Premium plugin v27.2 (Yoast SEO v27.2) - https:\/\/yoast.com\/product\/yoast-seo-premium-wordpress\/ -->\n<title>Pap\u00e0 4 Foto Collage Fotografico - Positive Prints<\/title>\n<meta name=\"description\" content=\"Celebra i traguardi di pap\u00e0 con il nostro Pap\u00e0 4 Foto Collage Fotografico. Crea un capolavoro personalizzato in soli tre semplici passaggi. Ordina ora!\" \/>\n<meta name=\"robots\" content=\"index, follow, max-snippet:-1, max-image-preview:large, max-video-preview:-1\" \/>\n<link rel=\"canonical\" href=\"https:\/\/positiveprints.com\/it\/prodotto\/papa-4-foto-collage-fotografico\/\" \/>\n<meta property=\"og:locale\" content=\"it_IT\" \/>\n<meta property=\"og:type\" content=\"article\" \/>\n<meta property=\"og:title\" content=\"Pap\u00e0 4 Foto Collage Fotografico\" \/>\n<meta property=\"og:description\" content=\"Mostra a tuo pap\u00e0 quanto lo apprezzi con un regalo stupefacente che celebra i momenti trascorsi insieme Aggiungi un testo personalizzato Personalizza in soli 2 minuti Scegli un template o dai sfogo alla fantasia Guarda subito il risultato \u2013 l&#039;anteprima interattiva ti permette di perfezionare ogni dettaglio\" \/>\n<meta property=\"og:url\" content=\"https:\/\/positiveprints.com\/it\/prodotto\/papa-4-foto-collage-fotografico\/\" \/>\n<meta property=\"og:site_name\" content=\"Positive Prints\" \/>\n<meta property=\"article:publisher\" content=\"https:\/\/www.facebook.com\/positiveprintscom\" \/>\n<meta property=\"article:modified_time\" content=\"2026-04-18T03:30:26+00:00\" \/>\n<meta property=\"og:image\" content=\"https:\/\/positiveprints.com\/wp-content\/uploads\/2024\/04\/Papa-4-Foto-Collage-Fotografico.jpg\" \/>\n\t<meta property=\"og:image:width\" content=\"1080\" \/>\n\t<meta property=\"og:image:height\" content=\"1080\" \/>\n\t<meta property=\"og:image:type\" content=\"image\/jpeg\" \/>\n<meta name=\"twitter:card\" content=\"summary_large_image\" \/>\n<meta name=\"twitter:label1\" content=\"Tempo di lettura stimato\" \/>\n\t<meta name=\"twitter:data1\" content=\"2 minuti\" \/>\n<!-- \/ Yoast SEO Premium plugin. -->","yoast_head_json":{"title":"Pap\u00e0 4 Foto Collage Fotografico - Positive Prints","description":"Celebra i traguardi di pap\u00e0 con il nostro Pap\u00e0 4 Foto Collage Fotografico. Crea un capolavoro personalizzato in soli tre semplici passaggi. Ordina ora!","robots":{"index":"index","follow":"follow","max-snippet":"max-snippet:-1","max-image-preview":"max-image-preview:large","max-video-preview":"max-video-preview:-1"},"canonical":"https:\/\/positiveprints.com\/it\/prodotto\/papa-4-foto-collage-fotografico\/","og_locale":"it_IT","og_type":"article","og_title":"Pap\u00e0 4 Foto Collage Fotografico","og_description":"Mostra a tuo pap\u00e0 quanto lo apprezzi con un regalo stupefacente che celebra i momenti trascorsi insieme Aggiungi un testo personalizzato Personalizza in soli 2 minuti Scegli un template o dai sfogo alla fantasia Guarda subito il risultato \u2013 l'anteprima interattiva ti permette di perfezionare ogni dettaglio","og_url":"https:\/\/positiveprints.com\/it\/prodotto\/papa-4-foto-collage-fotografico\/","og_site_name":"Positive Prints","article_publisher":"https:\/\/www.facebook.com\/positiveprintscom","article_modified_time":"2026-04-18T03:30:26+00:00","og_image":[{"width":1080,"height":1080,"url":"https:\/\/positiveprints.com\/wp-content\/uploads\/2024\/04\/Papa-4-Foto-Collage-Fotografico.jpg","type":"image\/jpeg"}],"twitter_card":"summary_large_image","twitter_misc":{"Tempo di lettura stimato":"2 minuti"},"schema":{"@context":"https:\/\/schema.org","@graph":[{"@type":["WebPage","ItemPage"],"@id":"https:\/\/positiveprints.com\/it\/prodotto\/papa-4-foto-collage-fotografico\/","url":"https:\/\/positiveprints.com\/it\/prodotto\/papa-4-foto-collage-fotografico\/","name":"Pap\u00e0 4 Foto Collage Fotografico - Positive Prints","isPartOf":{"@id":"https:\/\/positiveprints.com\/it\/#website"},"primaryImageOfPage":{"@id":"https:\/\/positiveprints.com\/it\/prodotto\/papa-4-foto-collage-fotografico\/#primaryimage"},"image":{"@id":"https:\/\/positiveprints.com\/it\/prodotto\/papa-4-foto-collage-fotografico\/#primaryimage"},"thumbnailUrl":"https:\/\/positiveprints.com\/wp-content\/uploads\/2024\/04\/Papa-4-Foto-Collage-Fotografico.jpg","datePublished":"2024-03-28T18:18:06+00:00","dateModified":"2026-04-18T03:30:26+00:00","description":"Celebra i traguardi di pap\u00e0 con il nostro Pap\u00e0 4 Foto Collage Fotografico. Crea un capolavoro personalizzato in soli tre semplici passaggi. Ordina ora!","breadcrumb":{"@id":"https:\/\/positiveprints.com\/it\/prodotto\/papa-4-foto-collage-fotografico\/#breadcrumb"},"inLanguage":"it-IT","potentialAction":[{"@type":"ReadAction","target":["https:\/\/positiveprints.com\/it\/prodotto\/papa-4-foto-collage-fotografico\/"]}]},{"@type":"ImageObject","inLanguage":"it-IT","@id":"https:\/\/positiveprints.com\/it\/prodotto\/papa-4-foto-collage-fotografico\/#primaryimage","url":"https:\/\/positiveprints.com\/wp-content\/uploads\/2024\/04\/Papa-4-Foto-Collage-Fotografico.jpg","contentUrl":"https:\/\/positiveprints.com\/wp-content\/uploads\/2024\/04\/Papa-4-Foto-Collage-Fotografico.jpg","width":1080,"height":1080,"caption":"Pap\u00e0 4 Foto Collage Fotografico"},{"@type":"BreadcrumbList","@id":"https:\/\/positiveprints.com\/it\/prodotto\/papa-4-foto-collage-fotografico\/#breadcrumb","itemListElement":[{"@type":"ListItem","position":1,"name":"Home","item":"https:\/\/positiveprints.com\/it\/"},{"@type":"ListItem","position":2,"name":"Prodotti","item":"https:\/\/positiveprints.com\/it\/shop\/"},{"@type":"ListItem","position":3,"name":"Pap\u00e0 4 Foto Collage Fotografico"}]},{"@type":"WebSite","@id":"https:\/\/positiveprints.com\/it\/#website","url":"https:\/\/positiveprints.com\/it\/","name":"Positive Prints","description":"Amazing Custom Personalized Gifts","publisher":{"@id":"https:\/\/positiveprints.com\/it\/#organization"},"potentialAction":[{"@type":"SearchAction","target":{"@type":"EntryPoint","urlTemplate":"https:\/\/positiveprints.com\/it\/?s={search_term_string}"},"query-input":{"@type":"PropertyValueSpecification","valueRequired":true,"valueName":"search_term_string"}}],"inLanguage":"it-IT"},{"@type":"Organization","@id":"https:\/\/positiveprints.com\/it\/#organization","name":"Positive Prints","alternateName":"Positive Prints","url":"https:\/\/positiveprints.com\/it\/","logo":{"@type":"ImageObject","inLanguage":"it-IT","@id":"https:\/\/positiveprints.com\/it\/#\/schema\/logo\/image\/","url":"https:\/\/positiveprints.com\/wp-content\/uploads\/2026\/03\/245815646_1337939713319158_5671353136411139666_n.png","contentUrl":"https:\/\/positiveprints.com\/wp-content\/uploads\/2026\/03\/245815646_1337939713319158_5671353136411139666_n.png","width":800,"height":800,"caption":"Positive Prints"},"image":{"@id":"https:\/\/positiveprints.com\/it\/#\/schema\/logo\/image\/"},"sameAs":["https:\/\/www.facebook.com\/positiveprintscom","https:\/\/www.instagram.com\/positiveprintscom\/","https:\/\/www.tiktok.com\/@positiveprintscom","https:\/\/www.pinterest.com\/positiveprintscom\/"]}]}},"jetpack_sharing_enabled":true,"_links":{"self":[{"href":"https:\/\/positiveprints.com\/it\/wp-json\/wp\/v2\/product\/1091386","targetHints":{"allow":["GET"]}}],"collection":[{"href":"https:\/\/positiveprints.com\/it\/wp-json\/wp\/v2\/product"}],"about":[{"href":"https:\/\/positiveprints.com\/it\/wp-json\/wp\/v2\/types\/product"}],"wp:featuredmedia":[{"embeddable":true,"href":"https:\/\/positiveprints.com\/it\/wp-json\/wp\/v2\/media\/1096710"}],"wp:attachment":[{"href":"https:\/\/positiveprints.com\/it\/wp-json\/wp\/v2\/media?parent=1091386"}],"wp:term":[{"taxonomy":"product_brand","embeddable":true,"href":"https:\/\/positiveprints.com\/it\/wp-json\/wp\/v2\/product_brand?post=1091386"},{"taxonomy":"product_cat","embeddable":true,"href":"https:\/\/positiveprints.com\/it\/wp-json\/wp\/v2\/product_cat?post=1091386"},{"taxonomy":"product_tag","embeddable":true,"href":"https:\/\/positiveprints.com\/it\/wp-json\/wp\/v2\/product_tag?post=1091386"}],"curies":[{"name":"wp","href":"https:\/\/api.w.org\/{rel}","templated":true}]}}