{"id":1072977,"date":"2023-11-23T11:39:04","date_gmt":"2023-11-23T10:39:04","guid":{"rendered":"https:\/\/positiveprints.com\/?post_type=product&#038;p=1072977"},"modified":"2026-04-18T04:46:19","modified_gmt":"2026-04-18T03:46:19","slug":"line-art-per-il-papa","status":"publish","type":"product","link":"https:\/\/positiveprints.com\/it\/prodotto\/line-art-per-il-papa\/","title":{"rendered":"Line Art per il Pap\u00e0"},"content":{"rendered":"<p>Celebra la forza e la saggezza di tuo padre con la nostra Line Art per il Pap\u00e0. Trasforma la foto pi\u00f9 bella che tu abbia mai scattato insieme al tuo pap\u00e0 in un capolavoro personalizzato. Le linee che i nostri artisti disegnano con tanta maestria, sono in grado di rispecchiare tutto il supporto che hai ricevuto da parte sua. Scegli lo stile e i colori che preferisci, carica una foto speciale in cui compare il tuo pap\u00e0 e aggiungi un messaggio capace di arrivare dritto al cuore. Celebra i momenti pi\u00f9 importanti che avete condiviso creando il simbolo di un legame indissolubile come il vostro.<\/p>\r\n\r\n<h2>Realizzala in 3 semplici passaggi:<\/h2>\r\n<ol>\r\n<li><strong>Scegli lo stile e i colori che preferisci:<\/strong>\r\n<p>Seleziona lo stile e i colori che racchiudono tutta la forza e la saggezza di tuo padre.<\/p><\/li>\r\n\r\n<li><strong>Carica la foto pi\u00f9 bella che hai insieme al tuo pap\u00e0:<\/strong>\r\n<p>Condividi una foto in cui si percepisce l\u2019amore, la forza e la saggezza del tuo pap\u00e0. Con creativit\u00e0 e attenzione, i nostri artisti realizzeranno la tua opera d\u2019arte a mano cos\u00ec da riuscire a catturare la profonda connessione che vi lega.<\/p><\/li>\r\n\r\n<li><strong>Completa il tutto con un messaggio personalizzato:<\/strong>\r\n<p>Arricchisci la tua Line Art personalizzata con un messaggio che arriva dal cuore. Dopo aver completato il pagamento, il team di Positive Prints si metter\u00e0 in contatto con te per confermare il tuo ordine. Una volta che la tua creazione sar\u00e0 pronta, ti invieremo la prima bozza per esaminarla e confermare il design finale. \u00c8 importante che la stampa rifletti il risultato che desideravi, per questo hai la possibilit\u00e0 di richiedere fino a 2 modifiche. Non appena avremo ricevuto la tua approvazione definitiva, procederemo con la stampa e la consegna dell&#8217;opera d&#8217;arte nel minor tempo possibile.<\/p><\/li>\r\n<\/ol>\r\n<h2>Line Art per il Pap\u00e0: il regalo perfetto per tuo padre<\/h2>\r\n\r\n<p>La Line Art per il Pap\u00e0 \u00e8 molto pi\u00f9 di un semplice regalo. \u00c8 un modo unico e speciale di celebrare la forza e la saggezza di un vero padre. Esprimi tutta la tua gratitudine verso l\u2019uomo pi\u00f9 importante della tua vita. Ordina subito la tua Line Art per il Pap\u00e0 e celebra il legame speciale che vi unisce con un capolavoro personalizzato realizzato solo per lui.<\/p>","protected":false},"excerpt":{"rendered":"<ul class=\"check-list\">\n<li>Trasforma la foto pi\u00f9 bella che hai con il tuo pap\u00e0 in un disegno personalizzato in stile Line Art<\/li>\n<li>Disegnata e inviata alla tua casella di posta elettronica entro 2-3 giorni lavorativi<\/li>\n<li>Personalizzala in 3 semplici passaggi<\/li>\n<li>Scegli un template pronto o lasciati trasportare dalla creativit\u00e0<\/li>\n<li>Richiedi fino a 2 modifiche<\/li>\n<\/ul>\n","protected":false},"featured_media":1359275,"template":"","meta":[],"product_brand":[],"product_cat":[9180,9763,4449,7338,5269,11421,7976],"product_tag":[8554,11761],"class_list":{"0":"post-1072977","1":"product","2":"type-product","3":"status-publish","4":"has-post-thumbnail","6":"product_cat-line-art-it","7":"product_cat-trending-label-it","8":"product_cat-tutti-i-prodotti","9":"product_cat-regali-per-la-festa-del-papa","10":"product_cat-regali-di-natale","11":"product_cat-regali-di-natale-per-papa","12":"product_cat-regali-per-il-papa","13":"product_tag-father-it","14":"product_tag-regali-di-natale-per-papa","16":"first","17":"instock","18":"sale","19":"taxable","20":"shipping-taxable","21":"purchasable","22":"product-type-variable"},"yoast_head":"<!-- This site is optimized with the Yoast SEO Premium plugin v27.2 (Yoast SEO v27.2) - https:\/\/yoast.com\/product\/yoast-seo-premium-wordpress\/ -->\n<title>Line Art per il Pap\u00e0 - Positive Prints<\/title>\n<meta name=\"description\" content=\"Ordina subito la tua Line Art per il Pap\u00e0 e celebra il legame speciale che vi unisce con un capolavoro personalizzato realizzato solo per lui.\" \/>\n<meta name=\"robots\" content=\"index, follow, max-snippet:-1, max-image-preview:large, max-video-preview:-1\" \/>\n<link rel=\"canonical\" href=\"https:\/\/positiveprints.com\/it\/prodotto\/line-art-per-il-papa\/\" \/>\n<meta property=\"og:locale\" content=\"it_IT\" \/>\n<meta property=\"og:type\" content=\"article\" \/>\n<meta property=\"og:title\" content=\"Line Art per il Pap\u00e0\" \/>\n<meta property=\"og:description\" content=\"Trasforma la foto pi\u00f9 bella che hai con il tuo pap\u00e0 in un disegno personalizzato in stile Line Art  Disegnata e inviata alla tua casella di posta elettronica entro 2-3 giorni lavorativi  Personalizzala in 3 semplici passaggi  Scegli un template pronto o lasciati trasportare dalla creativit\u00e0  Richiedi fino a 2 modifiche\" \/>\n<meta property=\"og:url\" content=\"https:\/\/positiveprints.com\/it\/prodotto\/line-art-per-il-papa\/\" \/>\n<meta property=\"og:site_name\" content=\"Positive Prints\" \/>\n<meta property=\"article:publisher\" content=\"https:\/\/www.facebook.com\/positiveprintscom\" \/>\n<meta property=\"article:modified_time\" content=\"2026-04-18T03:46:19+00:00\" \/>\n<meta property=\"og:image\" content=\"https:\/\/positiveprints.com\/wp-content\/uploads\/2025\/02\/Line-Art-per-il-Papa\u0300-1.webp\" \/>\n\t<meta property=\"og:image:width\" content=\"1450\" \/>\n\t<meta property=\"og:image:height\" content=\"1450\" \/>\n\t<meta property=\"og:image:type\" content=\"image\/webp\" \/>\n<meta name=\"twitter:card\" content=\"summary_large_image\" \/>\n<!-- \/ Yoast SEO Premium plugin. -->","yoast_head_json":{"title":"Line Art per il Pap\u00e0 - Positive Prints","description":"Ordina subito la tua Line Art per il Pap\u00e0 e celebra il legame speciale che vi unisce con un capolavoro personalizzato realizzato solo per lui.","robots":{"index":"index","follow":"follow","max-snippet":"max-snippet:-1","max-image-preview":"max-image-preview:large","max-video-preview":"max-video-preview:-1"},"canonical":"https:\/\/positiveprints.com\/it\/prodotto\/line-art-per-il-papa\/","og_locale":"it_IT","og_type":"article","og_title":"Line Art per il Pap\u00e0","og_description":"Trasforma la foto pi\u00f9 bella che hai con il tuo pap\u00e0 in un disegno personalizzato in stile Line Art  Disegnata e inviata alla tua casella di posta elettronica entro 2-3 giorni lavorativi  Personalizzala in 3 semplici passaggi  Scegli un template pronto o lasciati trasportare dalla creativit\u00e0  Richiedi fino a 2 modifiche","og_url":"https:\/\/positiveprints.com\/it\/prodotto\/line-art-per-il-papa\/","og_site_name":"Positive Prints","article_publisher":"https:\/\/www.facebook.com\/positiveprintscom","article_modified_time":"2026-04-18T03:46:19+00:00","og_image":[{"width":1450,"height":1450,"url":"https:\/\/positiveprints.com\/wp-content\/uploads\/2025\/02\/Line-Art-per-il-Papa\u0300-1.webp","type":"image\/webp"}],"twitter_card":"summary_large_image","schema":{"@context":"https:\/\/schema.org","@graph":[{"@type":["WebPage","ItemPage"],"@id":"https:\/\/positiveprints.com\/it\/prodotto\/line-art-per-il-papa\/","url":"https:\/\/positiveprints.com\/it\/prodotto\/line-art-per-il-papa\/","name":"Line Art per il Pap\u00e0 - Positive Prints","isPartOf":{"@id":"https:\/\/positiveprints.com\/it\/#website"},"primaryImageOfPage":{"@id":"https:\/\/positiveprints.com\/it\/prodotto\/line-art-per-il-papa\/#primaryimage"},"image":{"@id":"https:\/\/positiveprints.com\/it\/prodotto\/line-art-per-il-papa\/#primaryimage"},"thumbnailUrl":"https:\/\/positiveprints.com\/wp-content\/uploads\/2025\/02\/Line-Art-per-il-Papa\u0300-1.webp","datePublished":"2023-11-23T10:39:04+00:00","dateModified":"2026-04-18T03:46:19+00:00","description":"Ordina subito la tua Line Art per il Pap\u00e0 e celebra il legame speciale che vi unisce con un capolavoro personalizzato realizzato solo per lui.","breadcrumb":{"@id":"https:\/\/positiveprints.com\/it\/prodotto\/line-art-per-il-papa\/#breadcrumb"},"inLanguage":"it-IT","potentialAction":[{"@type":"ReadAction","target":["https:\/\/positiveprints.com\/it\/prodotto\/line-art-per-il-papa\/"]}]},{"@type":"ImageObject","inLanguage":"it-IT","@id":"https:\/\/positiveprints.com\/it\/prodotto\/line-art-per-il-papa\/#primaryimage","url":"https:\/\/positiveprints.com\/wp-content\/uploads\/2025\/02\/Line-Art-per-il-Papa\u0300-1.webp","contentUrl":"https:\/\/positiveprints.com\/wp-content\/uploads\/2025\/02\/Line-Art-per-il-Papa\u0300-1.webp","width":1450,"height":1450},{"@type":"BreadcrumbList","@id":"https:\/\/positiveprints.com\/it\/prodotto\/line-art-per-il-papa\/#breadcrumb","itemListElement":[{"@type":"ListItem","position":1,"name":"Home","item":"https:\/\/positiveprints.com\/it\/"},{"@type":"ListItem","position":2,"name":"Prodotti","item":"https:\/\/positiveprints.com\/it\/shop\/"},{"@type":"ListItem","position":3,"name":"Line Art per il Pap\u00e0"}]},{"@type":"WebSite","@id":"https:\/\/positiveprints.com\/it\/#website","url":"https:\/\/positiveprints.com\/it\/","name":"Positive Prints","description":"Amazing Custom Personalized Gifts","publisher":{"@id":"https:\/\/positiveprints.com\/it\/#organization"},"potentialAction":[{"@type":"SearchAction","target":{"@type":"EntryPoint","urlTemplate":"https:\/\/positiveprints.com\/it\/?s={search_term_string}"},"query-input":{"@type":"PropertyValueSpecification","valueRequired":true,"valueName":"search_term_string"}}],"inLanguage":"it-IT"},{"@type":"Organization","@id":"https:\/\/positiveprints.com\/it\/#organization","name":"Positive Prints","alternateName":"Positive Prints","url":"https:\/\/positiveprints.com\/it\/","logo":{"@type":"ImageObject","inLanguage":"it-IT","@id":"https:\/\/positiveprints.com\/it\/#\/schema\/logo\/image\/","url":"https:\/\/positiveprints.com\/wp-content\/uploads\/2026\/03\/245815646_1337939713319158_5671353136411139666_n.png","contentUrl":"https:\/\/positiveprints.com\/wp-content\/uploads\/2026\/03\/245815646_1337939713319158_5671353136411139666_n.png","width":800,"height":800,"caption":"Positive Prints"},"image":{"@id":"https:\/\/positiveprints.com\/it\/#\/schema\/logo\/image\/"},"sameAs":["https:\/\/www.facebook.com\/positiveprintscom","https:\/\/www.instagram.com\/positiveprintscom\/","https:\/\/www.tiktok.com\/@positiveprintscom","https:\/\/www.pinterest.com\/positiveprintscom\/"]}]}},"jetpack_sharing_enabled":true,"_links":{"self":[{"href":"https:\/\/positiveprints.com\/it\/wp-json\/wp\/v2\/product\/1072977","targetHints":{"allow":["GET"]}}],"collection":[{"href":"https:\/\/positiveprints.com\/it\/wp-json\/wp\/v2\/product"}],"about":[{"href":"https:\/\/positiveprints.com\/it\/wp-json\/wp\/v2\/types\/product"}],"wp:featuredmedia":[{"embeddable":true,"href":"https:\/\/positiveprints.com\/it\/wp-json\/wp\/v2\/media\/1359275"}],"wp:attachment":[{"href":"https:\/\/positiveprints.com\/it\/wp-json\/wp\/v2\/media?parent=1072977"}],"wp:term":[{"taxonomy":"product_brand","embeddable":true,"href":"https:\/\/positiveprints.com\/it\/wp-json\/wp\/v2\/product_brand?post=1072977"},{"taxonomy":"product_cat","embeddable":true,"href":"https:\/\/positiveprints.com\/it\/wp-json\/wp\/v2\/product_cat?post=1072977"},{"taxonomy":"product_tag","embeddable":true,"href":"https:\/\/positiveprints.com\/it\/wp-json\/wp\/v2\/product_tag?post=1072977"}],"curies":[{"name":"wp","href":"https:\/\/api.w.org\/{rel}","templated":true}]}}