{"id":1072970,"date":"2023-11-23T11:17:09","date_gmt":"2023-11-23T10:17:09","guid":{"rendered":"https:\/\/positiveprints.com\/?post_type=product&#038;p=1072970"},"modified":"2026-05-03T19:08:02","modified_gmt":"2026-05-03T18:08:02","slug":"line-art-per-la-mamma","status":"publish","type":"product","link":"https:\/\/positiveprints.com\/it\/prodotto\/line-art-per-la-mamma\/","title":{"rendered":"Line Art per la Mamma"},"content":{"rendered":"<p>Celebra l\u2019amore e tutte le attenzioni che ti ha donato la tua mamma con la nostra Line Art per la Mamma. Trasforma la foto pi\u00f9 bella che hai scattato insieme alla tua mamma in un capolavoro senza tempo che rappresenta la forza e il coraggio dello spirito materno. Le linee che i nostri artisti disegnano con tanta maestria, sono capaci di rappresentare l\u2019amore e la dedizione della tua mamma in ogni minimo dettaglio. Scegli lo stile e i colori che preferisci, carica la foto pi\u00f9 bella che tu abbia mai scattato insieme alla tua mamma e aggiungi un messaggio capace di arrivare dritto al cuore. Celebra i momenti pi\u00f9 importanti che hai condiviso con lei con una creazione destinata a diventare un ricordo indelebile.<\/p>\r\n\r\n<h2>Realizzala in 3 semplici passaggi:<\/h2>\r\n\r\n<ol>\r\n<li><strong>Scegli lo stile e i colori che preferisci:<\/strong>\r\n<p>Seleziona lo stile e i colori che racchiudono tutto l\u2019amore e la forza della tua mamma.<\/p><\/li>\r\n\r\n<li><strong>Carica la foto pi\u00f9 bella che hai insieme alla tua mamma:<\/strong>\r\n<p>Condividi una foto in cui si percepisce l\u2019amore, la protezione, la forza e la resilienza della tua mamma. Con creativit\u00e0 e attenzione, i nostri artisti realizzeranno la tua opera d\u2019arte a mano cos\u00ec da riuscire a catturare la profonda connessione che vi lega.<\/p><\/li>\r\n\r\n<li><strong>Completa il tutto con un messaggio personalizzato:<\/strong>\r\n<p>Arricchisci la tua Line Art personalizzata con un messaggio che arriva dal cuore. Dopo aver completato il pagamento, il team di Positive Prints si metter\u00e0 in contatto con te per confermare il tuo ordine. Una volta che la tua creazione sar\u00e0 pronta, ti invieremo la prima bozza per esaminarla e confermare il design finale. \u00c8 importante che la stampa rifletti il risultato che desideravi, per questo hai la possibilit\u00e0 di richiedere fino a 2 modifiche. Non appena avremo ricevuto la tua approvazione definitiva, procederemo con la stampa e la consegna dell&#8217;opera d&#8217;arte nel minor tempo possibile.<\/p><\/li>\r\n\r\n<\/ol>\r\n\r\n<h2>Celebra il vostro legame speciale con la Line Art per la Mamma<\/h2>\r\n\r\n<p>La Line Art per la Mamma \u00e8 il regalo perfetto per una mamma. Oltre a incarnare l\u2019amore e i sacrifici di una madre, \u00e8 un modo unico per esprimere gratitudine e creare un ricordo indelebile. Ordina subito la tua Line Art per la Mamma e celebra il legame speciale che vi unisce con un capolavoro personalizzato realizzato solo per lei.<\/p>","protected":false},"excerpt":{"rendered":"<ul class=\"check-list\">\n<li>Trasforma la foto pi\u00f9 bella che hai con la tua mamma in un disegno personalizzato in stile Line Art<\/li>\n<li>Disegnata e inviata alla tua casella di posta elettronica entro 2-3 giorni lavorativi<\/li>\n<li>Personalizzala in 3 semplici passaggi<\/li>\n<li>Scegli un template pronto o lasciati trasportare dalla creativit\u00e0<\/li>\n<li>Richiedi fino a 2 modifiche<\/li>\n<\/ul>\n","protected":false},"featured_media":1349071,"template":"","meta":[],"product_brand":[],"product_cat":[9180,9763,4449,7280,5269,11429,7704],"product_tag":[15560,12602,12603,8406,11797,12605,15542],"class_list":{"0":"post-1072970","1":"product","2":"type-product","3":"status-publish","4":"has-post-thumbnail","6":"product_cat-line-art-it","7":"product_cat-trending-label-it","8":"product_cat-tutti-i-prodotti","9":"product_cat-regali-per-la-festa-della-mamma","10":"product_cat-regali-di-natale","11":"product_cat-regali-di-natale-per-mamma","12":"product_cat-regali-per-la-mamma","13":"product_tag-la-migliore-mamma","14":"product_tag-mamma-it","15":"product_tag-mamma-it-2","16":"product_tag-mother-it","17":"product_tag-regali-di-natale-per-mamma","18":"product_tag-regali-per-la-mamma","19":"product_tag-regalo-mamma","21":"first","22":"instock","23":"sale","24":"taxable","25":"shipping-taxable","26":"purchasable","27":"product-type-variable"},"yoast_head":"<!-- This site is optimized with the Yoast SEO Premium plugin v27.2 (Yoast SEO v27.2) - https:\/\/yoast.com\/product\/yoast-seo-premium-wordpress\/ -->\n<title>Line Art per la Mamma - Positive Prints<\/title>\n<meta name=\"description\" content=\"Ordina subito la tua Line Art per la Mamma e celebra il legame speciale che vi unisce con un capolavoro personalizzato realizzato solo per lei.\" \/>\n<meta name=\"robots\" content=\"index, follow, max-snippet:-1, max-image-preview:large, max-video-preview:-1\" \/>\n<link rel=\"canonical\" href=\"https:\/\/positiveprints.com\/it\/prodotto\/line-art-per-la-mamma\/\" \/>\n<meta property=\"og:locale\" content=\"it_IT\" \/>\n<meta property=\"og:type\" content=\"article\" \/>\n<meta property=\"og:title\" content=\"Line Art per la Mamma\" \/>\n<meta property=\"og:description\" content=\"Trasforma la foto pi\u00f9 bella che hai con la tua mamma in un disegno personalizzato in stile Line Art  Disegnata e inviata alla tua casella di posta elettronica entro 2-3 giorni lavorativi  Personalizzala in 3 semplici passaggi  Scegli un template pronto o lasciati trasportare dalla creativit\u00e0  Richiedi fino a 2 modifiche\" \/>\n<meta property=\"og:url\" content=\"https:\/\/positiveprints.com\/it\/prodotto\/line-art-per-la-mamma\/\" \/>\n<meta property=\"og:site_name\" content=\"Positive Prints\" \/>\n<meta property=\"article:publisher\" content=\"https:\/\/www.facebook.com\/positiveprintscom\" \/>\n<meta property=\"article:modified_time\" content=\"2026-05-03T18:08:02+00:00\" \/>\n<meta property=\"og:image\" content=\"https:\/\/positiveprints.com\/wp-content\/uploads\/2025\/02\/Line-Art-per-la-Mamma-1.webp\" \/>\n\t<meta property=\"og:image:width\" content=\"1450\" \/>\n\t<meta property=\"og:image:height\" content=\"1450\" \/>\n\t<meta property=\"og:image:type\" content=\"image\/webp\" \/>\n<meta name=\"twitter:card\" content=\"summary_large_image\" \/>\n<!-- \/ Yoast SEO Premium plugin. -->","yoast_head_json":{"title":"Line Art per la Mamma - Positive Prints","description":"Ordina subito la tua Line Art per la Mamma e celebra il legame speciale che vi unisce con un capolavoro personalizzato realizzato solo per lei.","robots":{"index":"index","follow":"follow","max-snippet":"max-snippet:-1","max-image-preview":"max-image-preview:large","max-video-preview":"max-video-preview:-1"},"canonical":"https:\/\/positiveprints.com\/it\/prodotto\/line-art-per-la-mamma\/","og_locale":"it_IT","og_type":"article","og_title":"Line Art per la Mamma","og_description":"Trasforma la foto pi\u00f9 bella che hai con la tua mamma in un disegno personalizzato in stile Line Art  Disegnata e inviata alla tua casella di posta elettronica entro 2-3 giorni lavorativi  Personalizzala in 3 semplici passaggi  Scegli un template pronto o lasciati trasportare dalla creativit\u00e0  Richiedi fino a 2 modifiche","og_url":"https:\/\/positiveprints.com\/it\/prodotto\/line-art-per-la-mamma\/","og_site_name":"Positive Prints","article_publisher":"https:\/\/www.facebook.com\/positiveprintscom","article_modified_time":"2026-05-03T18:08:02+00:00","og_image":[{"width":1450,"height":1450,"url":"https:\/\/positiveprints.com\/wp-content\/uploads\/2025\/02\/Line-Art-per-la-Mamma-1.webp","type":"image\/webp"}],"twitter_card":"summary_large_image","schema":{"@context":"https:\/\/schema.org","@graph":[{"@type":["WebPage","ItemPage"],"@id":"https:\/\/positiveprints.com\/it\/prodotto\/line-art-per-la-mamma\/","url":"https:\/\/positiveprints.com\/it\/prodotto\/line-art-per-la-mamma\/","name":"Line Art per la Mamma - Positive Prints","isPartOf":{"@id":"https:\/\/positiveprints.com\/it\/#website"},"primaryImageOfPage":{"@id":"https:\/\/positiveprints.com\/it\/prodotto\/line-art-per-la-mamma\/#primaryimage"},"image":{"@id":"https:\/\/positiveprints.com\/it\/prodotto\/line-art-per-la-mamma\/#primaryimage"},"thumbnailUrl":"https:\/\/positiveprints.com\/wp-content\/uploads\/2025\/02\/Line-Art-per-la-Mamma-1.webp","datePublished":"2023-11-23T10:17:09+00:00","dateModified":"2026-05-03T18:08:02+00:00","description":"Ordina subito la tua Line Art per la Mamma e celebra il legame speciale che vi unisce con un capolavoro personalizzato realizzato solo per lei.","breadcrumb":{"@id":"https:\/\/positiveprints.com\/it\/prodotto\/line-art-per-la-mamma\/#breadcrumb"},"inLanguage":"it-IT","potentialAction":[{"@type":"ReadAction","target":["https:\/\/positiveprints.com\/it\/prodotto\/line-art-per-la-mamma\/"]}]},{"@type":"ImageObject","inLanguage":"it-IT","@id":"https:\/\/positiveprints.com\/it\/prodotto\/line-art-per-la-mamma\/#primaryimage","url":"https:\/\/positiveprints.com\/wp-content\/uploads\/2025\/02\/Line-Art-per-la-Mamma-1.webp","contentUrl":"https:\/\/positiveprints.com\/wp-content\/uploads\/2025\/02\/Line-Art-per-la-Mamma-1.webp","width":1450,"height":1450},{"@type":"BreadcrumbList","@id":"https:\/\/positiveprints.com\/it\/prodotto\/line-art-per-la-mamma\/#breadcrumb","itemListElement":[{"@type":"ListItem","position":1,"name":"Home","item":"https:\/\/positiveprints.com\/it\/"},{"@type":"ListItem","position":2,"name":"Prodotti","item":"https:\/\/positiveprints.com\/it\/shop\/"},{"@type":"ListItem","position":3,"name":"Line Art per la Mamma"}]},{"@type":"WebSite","@id":"https:\/\/positiveprints.com\/it\/#website","url":"https:\/\/positiveprints.com\/it\/","name":"Positive Prints","description":"Amazing Custom Personalized Gifts","publisher":{"@id":"https:\/\/positiveprints.com\/it\/#organization"},"potentialAction":[{"@type":"SearchAction","target":{"@type":"EntryPoint","urlTemplate":"https:\/\/positiveprints.com\/it\/?s={search_term_string}"},"query-input":{"@type":"PropertyValueSpecification","valueRequired":true,"valueName":"search_term_string"}}],"inLanguage":"it-IT"},{"@type":"Organization","@id":"https:\/\/positiveprints.com\/it\/#organization","name":"Positive Prints","alternateName":"Positive Prints","url":"https:\/\/positiveprints.com\/it\/","logo":{"@type":"ImageObject","inLanguage":"it-IT","@id":"https:\/\/positiveprints.com\/it\/#\/schema\/logo\/image\/","url":"https:\/\/positiveprints.com\/wp-content\/uploads\/2026\/03\/245815646_1337939713319158_5671353136411139666_n.png","contentUrl":"https:\/\/positiveprints.com\/wp-content\/uploads\/2026\/03\/245815646_1337939713319158_5671353136411139666_n.png","width":800,"height":800,"caption":"Positive Prints"},"image":{"@id":"https:\/\/positiveprints.com\/it\/#\/schema\/logo\/image\/"},"sameAs":["https:\/\/www.facebook.com\/positiveprintscom","https:\/\/www.instagram.com\/positiveprintscom\/","https:\/\/www.tiktok.com\/@positiveprintscom","https:\/\/www.pinterest.com\/positiveprintscom\/"]}]}},"jetpack_sharing_enabled":true,"_links":{"self":[{"href":"https:\/\/positiveprints.com\/it\/wp-json\/wp\/v2\/product\/1072970","targetHints":{"allow":["GET"]}}],"collection":[{"href":"https:\/\/positiveprints.com\/it\/wp-json\/wp\/v2\/product"}],"about":[{"href":"https:\/\/positiveprints.com\/it\/wp-json\/wp\/v2\/types\/product"}],"wp:featuredmedia":[{"embeddable":true,"href":"https:\/\/positiveprints.com\/it\/wp-json\/wp\/v2\/media\/1349071"}],"wp:attachment":[{"href":"https:\/\/positiveprints.com\/it\/wp-json\/wp\/v2\/media?parent=1072970"}],"wp:term":[{"taxonomy":"product_brand","embeddable":true,"href":"https:\/\/positiveprints.com\/it\/wp-json\/wp\/v2\/product_brand?post=1072970"},{"taxonomy":"product_cat","embeddable":true,"href":"https:\/\/positiveprints.com\/it\/wp-json\/wp\/v2\/product_cat?post=1072970"},{"taxonomy":"product_tag","embeddable":true,"href":"https:\/\/positiveprints.com\/it\/wp-json\/wp\/v2\/product_tag?post=1072970"}],"curies":[{"name":"wp","href":"https:\/\/api.w.org\/{rel}","templated":true}]}}