{"id":1072955,"date":"2023-11-23T08:49:28","date_gmt":"2023-11-23T07:49:28","guid":{"rendered":"https:\/\/positiveprints.com\/?post_type=product&#038;p=1072955"},"modified":"2026-04-12T21:25:50","modified_gmt":"2026-04-12T20:25:50","slug":"line-art-di-famiglia","status":"publish","type":"product","link":"https:\/\/positiveprints.com\/it\/prodotto\/line-art-di-famiglia\/","title":{"rendered":"Line Art di Famiglia"},"content":{"rendered":"<p>Celebra il calore e il senso di appartenenza che solo la tua famiglia ti sa dare con una Line Art di Famiglia. Trasforma una foto di famiglia in una stampa personalizzata che cattura l\u2019essenza della vostra unione. Le linee che i nostri artisti disegnano con tanta maestria, sono capaci di rappresentare l\u2019amore e il legame della tua famiglia in ogni minimo dettaglio. Scegli lo stile e i colori che preferisci, carica la foto di famiglia pi\u00f9 bella che tu abbia mai scattato e aggiungi un messaggio capace di arrivare dritto al cuore. Celebra i momenti pi\u00f9 importanti che hai condiviso con la tua famiglia con una creazione destinata a diventare un ricordo indelebile<\/p>\r\n\r\n<h2>Realizzala in 3 semplici passaggi:<\/h2>\r\n\r\n<ol>\r\n<li><strong>Scegli lo stile e i colori che preferisci:<\/strong>\r\n<p>Seleziona lo stile e i colori che racchiudono il calore del legame che unisce tutta la tua famiglia.<\/p><\/li>\r\n\r\n<li><strong>Carica la tua foto di famiglia:<\/strong>\r\n<p>Scegli una foto che rappresenta in pieno la magia del vostro legame. Con creativit\u00e0 e attenzione, i nostri artisti realizzeranno la tua opera d\u2019arte a mano cos\u00ec da riuscire a catturare tutto l\u2019amore e la profonda connessione che condividi con la tua famiglia<\/p><\/li>\r\n\r\n<li><strong>Completa il tutto con un messaggio personalizzato:<\/strong>\r\n<p>Arricchisci la tua Line Art personalizzata con un messaggio che arriva dal cuore. Dopo aver completato il pagamento, il team di Positive Prints si metter\u00e0 in contatto con te per confermare il tuo ordine. Una volta che la tua creazione sar\u00e0 pronta, ti invieremo la prima bozza per esaminarla e confermare il design finale. \u00c8 importante che la stampa rifletti il risultato che desideravi, per questo hai la possibilit\u00e0 di richiedere fino a 2 modifiche. Non appena avremo ricevuto la tua approvazione definitiva, procederemo con la stampa e la consegna dell&#8217;opera d&#8217;arte nel minor tempo possibile.\r\n<\/p><\/li>\r\n\r\n<\/ol>\r\n\r\n<h2>Line Art di Famiglia: celebra l\u2019amore e l\u2019unione che vi unisce<\/h2>\r\n\r\n<p>Una Line Art di Famiglia non \u00e8 un regalo qualunque; \u00e8 un omaggio all&#8217;amore, all&#8217;unione che vi lega e a tutti i momenti condivisi. \u00c8 il modo pi\u00f9 dolce e sincero di dimostrare affetto alla tua famiglia e di creare un ricordo indelebile. Ordina subito la tua Line Art personalizzata e celebra ogni membro della famiglia con un capolavoro che coglie l&#8217;essenza del vostro legame.<\/p>","protected":false},"excerpt":{"rendered":"<ul class=\"check-list\">\n<li>Trasforma la tua foto di famiglia pi\u00f9 bella in un disegno personalizzato in stile Line Art<\/li>\n<li>Disegnata e inviata alla tua casella di posta elettronica entro 2-3 giorni lavorativi<\/li>\n<li>Personalizzala in 3 semplici passaggi<\/li>\n<li>Scegli un template pronto o lasciati trasportare dalla creativit\u00e0<\/li>\n<li>Richiedi fino a 2 modifiche<\/li>\n<\/ul>\n","protected":false},"featured_media":1359568,"template":"","meta":[],"product_brand":[],"product_cat":[9277,9180,4449,5257,5343,11215,11216,5269,15057,11431,11419,11430,11428,8008,7624,7656,7688,7768,7737,7848,7816],"product_tag":[16084,16083,8536,13456,13466,13427],"class_list":{"0":"post-1072955","1":"product","2":"type-product","3":"status-publish","4":"has-post-thumbnail","6":"product_cat-bestsellers-label-it","7":"product_cat-line-art-it","8":"product_cat-tutti-i-prodotti","9":"product_cat-regali-di-nascita-del-bambino","10":"product_cat-regali-di-compleanno","11":"product_cat-regali-di-compleanno-per-lei","12":"product_cat-regali-di-compleanno-per-lui","13":"product_cat-regali-di-natale","14":"product_cat-regali-di-natale-per-la-famiglia","15":"product_cat-regali-di-natale-per-la-sorella","16":"product_cat-regali-di-natale-per-il-fratello-regali-di-natale-idee-regalo","17":"product_cat-regali-di-natale-per-i-genitori","18":"product_cat-regali-di-natale-per-i-bambini","19":"product_cat-regali-da-uomo","20":"product_cat-regali-per-un-fratello","21":"product_cat-regali-per-un-figlio","22":"product_cat-regali-da-donna","23":"product_cat-regali-per-una-figlia","24":"product_cat-regali-per-una-sorella","25":"product_cat-regali-per-la-famiglia","26":"product_cat-regali-per-neogenitori","27":"product_tag-christmas-gifts-for-family-it","28":"product_tag-family-en-gb-it","29":"product_tag-family-it","30":"product_tag-regali-di-natale-per-il-fratello","31":"product_tag-regali-di-natale-per-la-famiglia","32":"product_tag-regalo-di-natale-per-la-sorella","34":"first","35":"instock","36":"sale","37":"taxable","38":"shipping-taxable","39":"purchasable","40":"product-type-variable"},"yoast_head":"<!-- This site is optimized with the Yoast SEO Premium plugin v27.2 (Yoast SEO v27.2) - https:\/\/yoast.com\/product\/yoast-seo-premium-wordpress\/ -->\n<title>Line Art di Famiglia - Positive Prints<\/title>\n<meta name=\"description\" content=\"Ordina subito la tua Line Art di Famiglia e celebra il legame che vi unisce con un capolavoro che cattura l&#039;essenza della tua famiglia.\" \/>\n<meta name=\"robots\" content=\"index, follow, max-snippet:-1, max-image-preview:large, max-video-preview:-1\" \/>\n<link rel=\"canonical\" href=\"https:\/\/positiveprints.com\/it\/prodotto\/line-art-di-famiglia\/\" \/>\n<meta property=\"og:locale\" content=\"it_IT\" \/>\n<meta property=\"og:type\" content=\"article\" \/>\n<meta property=\"og:title\" content=\"Line Art di Famiglia\" \/>\n<meta property=\"og:description\" content=\"Trasforma la tua foto di famiglia pi\u00f9 bella in un disegno personalizzato in stile Line Art  Disegnata e inviata alla tua casella di posta elettronica entro 2-3 giorni lavorativi  Personalizzala in 3 semplici passaggi  Scegli un template pronto o lasciati trasportare dalla creativit\u00e0  Richiedi fino a 2 modifiche\" \/>\n<meta property=\"og:url\" content=\"https:\/\/positiveprints.com\/it\/prodotto\/line-art-di-famiglia\/\" \/>\n<meta property=\"og:site_name\" content=\"Positive Prints\" \/>\n<meta property=\"article:publisher\" content=\"https:\/\/www.facebook.com\/positiveprintscom\" \/>\n<meta property=\"article:modified_time\" content=\"2026-04-12T20:25:50+00:00\" \/>\n<meta property=\"og:image\" content=\"https:\/\/positiveprints.com\/wp-content\/uploads\/2025\/02\/Line-Art-di-Famiglia-1.webp\" \/>\n\t<meta property=\"og:image:width\" content=\"1450\" \/>\n\t<meta property=\"og:image:height\" content=\"1450\" \/>\n\t<meta property=\"og:image:type\" content=\"image\/webp\" \/>\n<meta name=\"twitter:card\" content=\"summary_large_image\" \/>\n<!-- \/ Yoast SEO Premium plugin. -->","yoast_head_json":{"title":"Line Art di Famiglia - Positive Prints","description":"Ordina subito la tua Line Art di Famiglia e celebra il legame che vi unisce con un capolavoro che cattura l'essenza della tua famiglia.","robots":{"index":"index","follow":"follow","max-snippet":"max-snippet:-1","max-image-preview":"max-image-preview:large","max-video-preview":"max-video-preview:-1"},"canonical":"https:\/\/positiveprints.com\/it\/prodotto\/line-art-di-famiglia\/","og_locale":"it_IT","og_type":"article","og_title":"Line Art di Famiglia","og_description":"Trasforma la tua foto di famiglia pi\u00f9 bella in un disegno personalizzato in stile Line Art  Disegnata e inviata alla tua casella di posta elettronica entro 2-3 giorni lavorativi  Personalizzala in 3 semplici passaggi  Scegli un template pronto o lasciati trasportare dalla creativit\u00e0  Richiedi fino a 2 modifiche","og_url":"https:\/\/positiveprints.com\/it\/prodotto\/line-art-di-famiglia\/","og_site_name":"Positive Prints","article_publisher":"https:\/\/www.facebook.com\/positiveprintscom","article_modified_time":"2026-04-12T20:25:50+00:00","og_image":[{"width":1450,"height":1450,"url":"https:\/\/positiveprints.com\/wp-content\/uploads\/2025\/02\/Line-Art-di-Famiglia-1.webp","type":"image\/webp"}],"twitter_card":"summary_large_image","schema":{"@context":"https:\/\/schema.org","@graph":[{"@type":["WebPage","ItemPage"],"@id":"https:\/\/positiveprints.com\/it\/prodotto\/line-art-di-famiglia\/","url":"https:\/\/positiveprints.com\/it\/prodotto\/line-art-di-famiglia\/","name":"Line Art di Famiglia - Positive Prints","isPartOf":{"@id":"https:\/\/positiveprints.com\/it\/#website"},"primaryImageOfPage":{"@id":"https:\/\/positiveprints.com\/it\/prodotto\/line-art-di-famiglia\/#primaryimage"},"image":{"@id":"https:\/\/positiveprints.com\/it\/prodotto\/line-art-di-famiglia\/#primaryimage"},"thumbnailUrl":"https:\/\/positiveprints.com\/wp-content\/uploads\/2025\/02\/Line-Art-di-Famiglia-1.webp","datePublished":"2023-11-23T07:49:28+00:00","dateModified":"2026-04-12T20:25:50+00:00","description":"Ordina subito la tua Line Art di Famiglia e celebra il legame che vi unisce con un capolavoro che cattura l'essenza della tua famiglia.","breadcrumb":{"@id":"https:\/\/positiveprints.com\/it\/prodotto\/line-art-di-famiglia\/#breadcrumb"},"inLanguage":"it-IT","potentialAction":[{"@type":"ReadAction","target":["https:\/\/positiveprints.com\/it\/prodotto\/line-art-di-famiglia\/"]}]},{"@type":"ImageObject","inLanguage":"it-IT","@id":"https:\/\/positiveprints.com\/it\/prodotto\/line-art-di-famiglia\/#primaryimage","url":"https:\/\/positiveprints.com\/wp-content\/uploads\/2025\/02\/Line-Art-di-Famiglia-1.webp","contentUrl":"https:\/\/positiveprints.com\/wp-content\/uploads\/2025\/02\/Line-Art-di-Famiglia-1.webp","width":1450,"height":1450},{"@type":"BreadcrumbList","@id":"https:\/\/positiveprints.com\/it\/prodotto\/line-art-di-famiglia\/#breadcrumb","itemListElement":[{"@type":"ListItem","position":1,"name":"Home","item":"https:\/\/positiveprints.com\/it\/"},{"@type":"ListItem","position":2,"name":"Prodotti","item":"https:\/\/positiveprints.com\/it\/shop\/"},{"@type":"ListItem","position":3,"name":"Line Art di Famiglia"}]},{"@type":"WebSite","@id":"https:\/\/positiveprints.com\/it\/#website","url":"https:\/\/positiveprints.com\/it\/","name":"Positive Prints","description":"Amazing Custom Personalized Gifts","publisher":{"@id":"https:\/\/positiveprints.com\/it\/#organization"},"potentialAction":[{"@type":"SearchAction","target":{"@type":"EntryPoint","urlTemplate":"https:\/\/positiveprints.com\/it\/?s={search_term_string}"},"query-input":{"@type":"PropertyValueSpecification","valueRequired":true,"valueName":"search_term_string"}}],"inLanguage":"it-IT"},{"@type":"Organization","@id":"https:\/\/positiveprints.com\/it\/#organization","name":"Positive Prints","alternateName":"Positive Prints","url":"https:\/\/positiveprints.com\/it\/","logo":{"@type":"ImageObject","inLanguage":"it-IT","@id":"https:\/\/positiveprints.com\/it\/#\/schema\/logo\/image\/","url":"https:\/\/positiveprints.com\/wp-content\/uploads\/2026\/03\/245815646_1337939713319158_5671353136411139666_n.png","contentUrl":"https:\/\/positiveprints.com\/wp-content\/uploads\/2026\/03\/245815646_1337939713319158_5671353136411139666_n.png","width":800,"height":800,"caption":"Positive Prints"},"image":{"@id":"https:\/\/positiveprints.com\/it\/#\/schema\/logo\/image\/"},"sameAs":["https:\/\/www.facebook.com\/positiveprintscom","https:\/\/www.instagram.com\/positiveprintscom\/","https:\/\/www.tiktok.com\/@positiveprintscom","https:\/\/www.pinterest.com\/positiveprintscom\/"]}]}},"jetpack_sharing_enabled":true,"_links":{"self":[{"href":"https:\/\/positiveprints.com\/it\/wp-json\/wp\/v2\/product\/1072955","targetHints":{"allow":["GET"]}}],"collection":[{"href":"https:\/\/positiveprints.com\/it\/wp-json\/wp\/v2\/product"}],"about":[{"href":"https:\/\/positiveprints.com\/it\/wp-json\/wp\/v2\/types\/product"}],"wp:featuredmedia":[{"embeddable":true,"href":"https:\/\/positiveprints.com\/it\/wp-json\/wp\/v2\/media\/1359568"}],"wp:attachment":[{"href":"https:\/\/positiveprints.com\/it\/wp-json\/wp\/v2\/media?parent=1072955"}],"wp:term":[{"taxonomy":"product_brand","embeddable":true,"href":"https:\/\/positiveprints.com\/it\/wp-json\/wp\/v2\/product_brand?post=1072955"},{"taxonomy":"product_cat","embeddable":true,"href":"https:\/\/positiveprints.com\/it\/wp-json\/wp\/v2\/product_cat?post=1072955"},{"taxonomy":"product_tag","embeddable":true,"href":"https:\/\/positiveprints.com\/it\/wp-json\/wp\/v2\/product_tag?post=1072955"}],"curies":[{"name":"wp","href":"https:\/\/api.w.org\/{rel}","templated":true}]}}