{"id":1072943,"date":"2023-11-22T11:51:21","date_gmt":"2023-11-22T10:51:21","guid":{"rendered":"https:\/\/positiveprints.com\/?post_type=product&#038;p=1072943"},"modified":"2026-04-07T14:05:18","modified_gmt":"2026-04-07T13:05:18","slug":"line-art-di-coppia","status":"publish","type":"product","link":"https:\/\/positiveprints.com\/it\/prodotto\/line-art-di-coppia\/","title":{"rendered":"Io e Te &#8211; Line Art di Coppia"},"content":{"rendered":"<p>Celebra il legame unico tra te e la tua dolce met\u00e0 con la nostra Line Art di Coppia. Trasforma la tua foto pi\u00f9 bella in un capolavoro personalizzato che cattura l\u2019essenza della vostra storia d\u2019amore. Le linee delicate tracciate dai nostri artisti daranno vita a una rappresentazione romantica del vostro legame indissolubile. Scegli lo stile e i colori che vi rappresentano di pi\u00f9, carica la foto di coppia pi\u00f9 bella che tu abbia mai scattato e aggiungi un messaggio capace di arrivare dritto al cuore. Celebra l&#8217;amore che vi avvolge e gli anni trascorsi insieme con una creazione destinata a diventare un ricordo indelebile.<\/p>\r\n\r\n<h2>Realizzala in 3 semplici passaggi:<\/h2>\r\n\r\n<ol>\r\n<li><strong>Scegli lo stile e i colori che preferisci:<\/strong>\r\n<p>Seleziona lo stile e i colori che racchiudono l\u2019essenza della vostra storia d\u2019amore.<\/p><\/li>\r\n\r\n<li><strong>Carica la tua foto di coppia:<\/strong>\r\n<p>Scegli una foto che rappresenta in pieno la magia del vostro legame. Con creativit\u00e0 e attenzione, i nostri artisti realizzeranno la tua opera d\u2019arte a mano cos\u00ec da riuscire a catturare tutta la dolcezza del vostro giorno pi\u00f9 bello in ogni minimo dettaglio.<\/p><\/li>\r\n\r\n<li><strong>Completa il tutto con un messaggio personalizzato:<\/strong>\r\n<p>Arricchisci la tua Line Art personalizzata con un messaggio che arriva dal cuore. Dopo aver completato il pagamento, il team di Positive Prints si metter\u00e0 in contatto con te per confermare il tuo ordine. Una volta che la tua creazione sar\u00e0 pronta, ti invieremo la prima bozza per esaminarla e confermare il design finale. \u00c8 importante che la stampa rifletti il risultato che desideravi, per questo hai la possibilit\u00e0 di richiedere fino a 2 modifiche. Non appena avremo ricevuto la tua approvazione definitiva, procederemo con la stampa e la consegna dell&#8217;opera d&#8217;arte nel minor tempo possibile.\r\n<\/p><\/li>\r\n\r\n<\/ol>\r\n\r\n<h2>Line Art di Coppia: il regalo che non smette mai di sorprendere<\/h2>\r\n\r\n<p>Una Line Art di Coppia non \u00e8 un regalo qualunque; \u00e8 un tributo all\u2019amore e al legame che vi unisce. \u00c8 il modo pi\u00f9 dolce e sincero di esprimere tutti i tuoi sentimenti e creare un ricordo indelebile. Ordina subito la tua Line Art personalizzata e celebra un traguardo importante con un capolavoro che coglie l&#8217;essenza del vostro amore.<\/p>","protected":false},"excerpt":{"rendered":"<ul class=\"check-list\">\n<li>Trasforma la tua foto pi\u00f9 bella in un disegno in stile Line Art e condividila con la tua anima gemella<\/li>\n<li>Disegnata e inviata alla tua casella di posta elettronica entro 2-3 giorni lavorativi<\/li>\n<li>Personalizzala in 3 semplici passaggi<\/li>\n<li>Scegli un template pronto o lasciati trasportare dalla creativit\u00e0<\/li>\n<li>Richiedi fino a 2 modifiche<\/li>\n<\/ul>\n","protected":false},"featured_media":1325967,"template":"","meta":[],"product_brand":[],"product_cat":[15847,9277,8191,8216,9180,9763,4449,5269,11425,11426,11424,11418,11432,11427,8008,7673,7641,7688,7784,7752,7800,5315,11243,11244],"product_tag":[14905,14894,14902,9734,14903,14904,14886,14898,14906,11754,11798,11796,11800,11799,17155,14683,14897,14910,14890,14907,15509,14911,14893,14912,14909,14887],"class_list":{"0":"post-1072943","1":"product","2":"type-product","3":"status-publish","4":"has-post-thumbnail","6":"product_cat-shop-bestsellers-it","7":"product_cat-bestsellers-label-it","8":"product_cat-per-lei","9":"product_cat-per-lui","10":"product_cat-line-art-it","11":"product_cat-trending-label-it","12":"product_cat-tutti-i-prodotti","13":"product_cat-regali-di-natale","14":"product_cat-regali-di-natale-per-lei","15":"product_cat-regali-di-natale-per-lui","16":"product_cat-regali-di-natale-per-la-fidanzata","17":"product_cat-regali-di-natale-per-il-fidanzato","18":"product_cat-regali-di-natale-per-la-moglie","19":"product_cat-regali-di-natale-per-il-marito","20":"product_cat-regali-da-uomo","21":"product_cat-regali-per-il-fidanzato","22":"product_cat-regali-per-il-marito","23":"product_cat-regali-da-donna","24":"product_cat-regali-per-la-fidanzata","25":"product_cat-regali-per-la-moglie","26":"product_cat-regali-per-una-coppia","27":"product_cat-regali-di-san-valentino","28":"product_cat-regali-di-san-valentino-per-lei","29":"product_cat-regali-di-san-valentino-per-lui","30":"product_tag-anniversary-gift-it","31":"product_tag-anniversary-gifts-it","32":"product_tag-anniversary-present-it","33":"product_tag-couple-it","34":"product_tag-couple-gift-it","35":"product_tag-gift-for-couple-it","36":"product_tag-love-it","37":"product_tag-love-gift-it","38":"product_tag-personalized-gift-it","39":"product_tag-regali-di-natale-per-il-fidanzato","40":"product_tag-regali-di-natale-per-il-marito","41":"product_tag-regali-di-natale-per-la-moglie","42":"product_tag-regali-di-natale-per-lei","43":"product_tag-regali-di-natale-per-lui","44":"product_tag-regali-per-fidanzata","45":"product_tag-regalo-romantico","46":"product_tag-romantic-gifts-it","47":"product_tag-sentimental-gift-it","48":"product_tag-special-occasion-it","49":"product_tag-thoughtful-gift-it","50":"product_tag-una-linea","51":"product_tag-unique-gift-it","52":"product_tag-valentines-day-gifts-it","53":"product_tag-valentines-day-it","54":"product_tag-valentines-day-gift-it","55":"product_tag-wedding-anniversary-it","57":"first","58":"instock","59":"sale","60":"taxable","61":"shipping-taxable","62":"purchasable","63":"product-type-variable"},"yoast_head":"<!-- This site is optimized with the Yoast SEO Premium plugin v27.2 (Yoast SEO v27.2) - https:\/\/yoast.com\/product\/yoast-seo-premium-wordpress\/ -->\n<title>Io e Te - Line Art di Coppia - Positive Prints<\/title>\n<meta name=\"description\" content=\"Ordina subito la tua Line Art di Coppia e celebra la tua storia d\u2019amore con un capolavoro personalizzato che racchiude l\u2019essenza del legame che vi unisce.\" \/>\n<meta name=\"robots\" content=\"index, follow, max-snippet:-1, max-image-preview:large, max-video-preview:-1\" \/>\n<link rel=\"canonical\" href=\"https:\/\/positiveprints.com\/it\/prodotto\/line-art-di-coppia\/\" \/>\n<meta property=\"og:locale\" content=\"it_IT\" \/>\n<meta property=\"og:type\" content=\"article\" \/>\n<meta property=\"og:title\" content=\"Io e Te - Line Art di Coppia\" \/>\n<meta property=\"og:description\" content=\"Trasforma la tua foto pi\u00f9 bella in un disegno in stile Line Art e condividila con la tua anima gemella  Disegnata e inviata alla tua casella di posta elettronica entro 2-3 giorni lavorativi  Personalizzala in 3 semplici passaggi  Scegli un template pronto o lasciati trasportare dalla creativit\u00e0  Richiedi fino a 2 modifiche\" \/>\n<meta property=\"og:url\" content=\"https:\/\/positiveprints.com\/it\/prodotto\/line-art-di-coppia\/\" \/>\n<meta property=\"og:site_name\" content=\"Positive Prints\" \/>\n<meta property=\"article:publisher\" content=\"https:\/\/www.facebook.com\/positiveprintscom\" \/>\n<meta property=\"article:modified_time\" content=\"2026-04-07T13:05:18+00:00\" \/>\n<meta property=\"og:image\" content=\"https:\/\/positiveprints.com\/wp-content\/uploads\/2025\/01\/Io-e-Te-Line-Art-di-Coppia-1.webp\" \/>\n\t<meta property=\"og:image:width\" content=\"1450\" \/>\n\t<meta property=\"og:image:height\" content=\"1450\" \/>\n\t<meta property=\"og:image:type\" content=\"image\/webp\" \/>\n<meta name=\"twitter:card\" content=\"summary_large_image\" \/>\n<meta name=\"twitter:label1\" content=\"Tempo di lettura stimato\" \/>\n\t<meta name=\"twitter:data1\" content=\"2 minuti\" \/>\n<!-- \/ Yoast SEO Premium plugin. -->","yoast_head_json":{"title":"Io e Te - Line Art di Coppia - Positive Prints","description":"Ordina subito la tua Line Art di Coppia e celebra la tua storia d\u2019amore con un capolavoro personalizzato che racchiude l\u2019essenza del legame che vi unisce.","robots":{"index":"index","follow":"follow","max-snippet":"max-snippet:-1","max-image-preview":"max-image-preview:large","max-video-preview":"max-video-preview:-1"},"canonical":"https:\/\/positiveprints.com\/it\/prodotto\/line-art-di-coppia\/","og_locale":"it_IT","og_type":"article","og_title":"Io e Te - Line Art di Coppia","og_description":"Trasforma la tua foto pi\u00f9 bella in un disegno in stile Line Art e condividila con la tua anima gemella  Disegnata e inviata alla tua casella di posta elettronica entro 2-3 giorni lavorativi  Personalizzala in 3 semplici passaggi  Scegli un template pronto o lasciati trasportare dalla creativit\u00e0  Richiedi fino a 2 modifiche","og_url":"https:\/\/positiveprints.com\/it\/prodotto\/line-art-di-coppia\/","og_site_name":"Positive Prints","article_publisher":"https:\/\/www.facebook.com\/positiveprintscom","article_modified_time":"2026-04-07T13:05:18+00:00","og_image":[{"width":1450,"height":1450,"url":"https:\/\/positiveprints.com\/wp-content\/uploads\/2025\/01\/Io-e-Te-Line-Art-di-Coppia-1.webp","type":"image\/webp"}],"twitter_card":"summary_large_image","twitter_misc":{"Tempo di lettura stimato":"2 minuti"},"schema":{"@context":"https:\/\/schema.org","@graph":[{"@type":["WebPage","ItemPage"],"@id":"https:\/\/positiveprints.com\/it\/prodotto\/line-art-di-coppia\/","url":"https:\/\/positiveprints.com\/it\/prodotto\/line-art-di-coppia\/","name":"Io e Te - Line Art di Coppia - Positive Prints","isPartOf":{"@id":"https:\/\/positiveprints.com\/it\/#website"},"primaryImageOfPage":{"@id":"https:\/\/positiveprints.com\/it\/prodotto\/line-art-di-coppia\/#primaryimage"},"image":{"@id":"https:\/\/positiveprints.com\/it\/prodotto\/line-art-di-coppia\/#primaryimage"},"thumbnailUrl":"https:\/\/positiveprints.com\/wp-content\/uploads\/2025\/01\/Io-e-Te-Line-Art-di-Coppia-1.webp","datePublished":"2023-11-22T10:51:21+00:00","dateModified":"2026-04-07T13:05:18+00:00","description":"Ordina subito la tua Line Art di Coppia e celebra la tua storia d\u2019amore con un capolavoro personalizzato che racchiude l\u2019essenza del legame che vi unisce.","breadcrumb":{"@id":"https:\/\/positiveprints.com\/it\/prodotto\/line-art-di-coppia\/#breadcrumb"},"inLanguage":"it-IT","potentialAction":[{"@type":"ReadAction","target":["https:\/\/positiveprints.com\/it\/prodotto\/line-art-di-coppia\/"]}]},{"@type":"ImageObject","inLanguage":"it-IT","@id":"https:\/\/positiveprints.com\/it\/prodotto\/line-art-di-coppia\/#primaryimage","url":"https:\/\/positiveprints.com\/wp-content\/uploads\/2025\/01\/Io-e-Te-Line-Art-di-Coppia-1.webp","contentUrl":"https:\/\/positiveprints.com\/wp-content\/uploads\/2025\/01\/Io-e-Te-Line-Art-di-Coppia-1.webp","width":1450,"height":1450},{"@type":"BreadcrumbList","@id":"https:\/\/positiveprints.com\/it\/prodotto\/line-art-di-coppia\/#breadcrumb","itemListElement":[{"@type":"ListItem","position":1,"name":"Home","item":"https:\/\/positiveprints.com\/it\/"},{"@type":"ListItem","position":2,"name":"Prodotti","item":"https:\/\/positiveprints.com\/it\/shop\/"},{"@type":"ListItem","position":3,"name":"Io e Te &#8211; Line Art di Coppia"}]},{"@type":"WebSite","@id":"https:\/\/positiveprints.com\/it\/#website","url":"https:\/\/positiveprints.com\/it\/","name":"Positive Prints","description":"Amazing Custom Personalized Gifts","publisher":{"@id":"https:\/\/positiveprints.com\/it\/#organization"},"potentialAction":[{"@type":"SearchAction","target":{"@type":"EntryPoint","urlTemplate":"https:\/\/positiveprints.com\/it\/?s={search_term_string}"},"query-input":{"@type":"PropertyValueSpecification","valueRequired":true,"valueName":"search_term_string"}}],"inLanguage":"it-IT"},{"@type":"Organization","@id":"https:\/\/positiveprints.com\/it\/#organization","name":"Positive Prints","alternateName":"Positive Prints","url":"https:\/\/positiveprints.com\/it\/","logo":{"@type":"ImageObject","inLanguage":"it-IT","@id":"https:\/\/positiveprints.com\/it\/#\/schema\/logo\/image\/","url":"https:\/\/positiveprints.com\/wp-content\/uploads\/2026\/03\/245815646_1337939713319158_5671353136411139666_n.png","contentUrl":"https:\/\/positiveprints.com\/wp-content\/uploads\/2026\/03\/245815646_1337939713319158_5671353136411139666_n.png","width":800,"height":800,"caption":"Positive Prints"},"image":{"@id":"https:\/\/positiveprints.com\/it\/#\/schema\/logo\/image\/"},"sameAs":["https:\/\/www.facebook.com\/positiveprintscom","https:\/\/www.instagram.com\/positiveprintscom\/","https:\/\/www.tiktok.com\/@positiveprintscom","https:\/\/www.pinterest.com\/positiveprintscom\/"]}]}},"jetpack_sharing_enabled":true,"_links":{"self":[{"href":"https:\/\/positiveprints.com\/it\/wp-json\/wp\/v2\/product\/1072943","targetHints":{"allow":["GET"]}}],"collection":[{"href":"https:\/\/positiveprints.com\/it\/wp-json\/wp\/v2\/product"}],"about":[{"href":"https:\/\/positiveprints.com\/it\/wp-json\/wp\/v2\/types\/product"}],"wp:featuredmedia":[{"embeddable":true,"href":"https:\/\/positiveprints.com\/it\/wp-json\/wp\/v2\/media\/1325967"}],"wp:attachment":[{"href":"https:\/\/positiveprints.com\/it\/wp-json\/wp\/v2\/media?parent=1072943"}],"wp:term":[{"taxonomy":"product_brand","embeddable":true,"href":"https:\/\/positiveprints.com\/it\/wp-json\/wp\/v2\/product_brand?post=1072943"},{"taxonomy":"product_cat","embeddable":true,"href":"https:\/\/positiveprints.com\/it\/wp-json\/wp\/v2\/product_cat?post=1072943"},{"taxonomy":"product_tag","embeddable":true,"href":"https:\/\/positiveprints.com\/it\/wp-json\/wp\/v2\/product_tag?post=1072943"}],"curies":[{"name":"wp","href":"https:\/\/api.w.org\/{rel}","templated":true}]}}