{"id":1072935,"date":"2023-11-22T10:17:44","date_gmt":"2024-02-29T12:16:57","guid":{"rendered":"https:\/\/positiveprints.com\/?post_type=product&#038;p=1072935"},"modified":"2026-04-03T03:01:43","modified_gmt":"2026-04-03T02:01:43","slug":"line-art-danniversario","status":"publish","type":"product","link":"https:\/\/positiveprints.com\/it\/prodotto\/line-art-danniversario\/","title":{"rendered":"Line Art d&#8217;Anniversario"},"content":{"rendered":"<p>Celebra la tua storia d\u2019amore e i traguardi raggiunti insieme con la nostra Line Art d\u2019Anniversario. Trasforma la tua foto pi\u00f9 bella in un\u2019opera d\u2019arte personalizzata per catturare l\u2019essenza del vostro legame indissolubile. Che si tratti di festeggiare il primo anniversario o le nozze d\u2019oro, i nostri artisti sanno sempre come raccontare una storia d\u2019amore, anche con una singola linea. Scegli lo stile che preferisci e i colori che si addicono ai tuoi gusti, carica la foto che hai scelto e aggiungi un messaggio personale per creare un regalo di anniversario unico e indimenticabile.<\/p>\r\n\r\n    <h2>Realizzala in 3 semplici passaggi:<\/h2>\r\n<ol>\r\n    <li><strong>Scegli lo stile e i colori che preferisci: <\/strong> <\/li>\r\n<p>Seleziona lo stile e i colori che racchiudono l\u2019essenza della vostra storia d\u2019amore.<\/p>\r\n\r\n    <li>\r\n        <strong>Carica la tua foto d\u2019anniversario pi\u00f9 bella: <\/strong><\/li>\r\n <p>Con creativit\u00e0 e attenzione, i nostri artisti realizzeranno la tua opera d\u2019arte a mano cos\u00ec da riuscire a catturare tutta la dolcezza del vostro giorno pi\u00f9 bello in ogni minimo dettaglio.<\/p>\r\n\r\n    <li>\r\n        <strong>Completa il tutto con un messaggio personalizzato:<\/strong><\/li>\r\n <p>Arricchisci la tua Line Art personalizzata con un messaggio che arriva dal cuore. Dopo aver completato il pagamento, il team di Positive Prints si metter\u00e0 in contatto con te per confermare il tuo ordine. Una volta che la tua creazione sar\u00e0 pronta, ti invieremo la prima bozza per esaminarla e confermare il design finale. Non appena avremo ricevuto la tua approvazione definitiva, procederemo con la stampa e la consegna dell&#8217;opera d&#8217;arte nel minor tempo possibile.<\/p>\r\n<\/ol>\r\n\r\n    <h2>Esprimi Tutto il Tuo Amore con la Line Art d\u2019Anniversario<\/h2>\r\n\r\n    <p>\r\n        La Line Art d\u2019Anniversario simboleggia l\u2019amore vero. Che si tratti del primo anno insieme o di una vita intera trascorsa mano nella mano, questo capolavoro personalizzato parla da s\u00e9. \u00c8 il modo pi\u00f9 speciale per esprimere tutti i vostri sentimenti e creare un ricordo indelebile. Ordina subito la tua Line Art d\u2019Anniversario e celebra i traguardi che rendono straordinario il vostro viaggio insieme.\r\n    <\/p>","protected":false},"excerpt":{"rendered":"<ul class=\"check-list\">\n<li>Trasforma la tua foto pi\u00f9 bella in un disegno in stile Line Art per celebrare il vero amore<\/li>\n<li>Disegnata e inviata alla tua casella di posta elettronica entro 2-3 giorni lavorativi<\/li>\n<li>Personalizzala in 3 semplici passaggi<\/li>\n<li>Scegli un template pronto o lasciati trasportare dalla creativit\u00e0<\/li>\n<li>Richiedi fino a 2 modifiche<\/li>\n<\/ul>\n","protected":false},"featured_media":1318074,"template":"","meta":[],"product_brand":[],"product_cat":[5331,9180,11182,11181,11183,9763,4449],"product_tag":[14889,8374],"class_list":{"0":"post-1072935","1":"product","2":"type-product","3":"status-publish","4":"has-post-thumbnail","6":"product_cat-regali-di-anniversario","7":"product_cat-line-art-it","8":"product_cat-regali-di-anniversario-per-coppie","9":"product_cat-regali-di-anniversario-per-lei","10":"product_cat-regali-di-anniversario-per-lui","11":"product_cat-trending-label-it","12":"product_cat-tutti-i-prodotti","13":"product_tag-anniversary-it-2","14":"product_tag-anniversary-it","16":"first","17":"instock","18":"sale","19":"taxable","20":"shipping-taxable","21":"purchasable","22":"product-type-variable"},"yoast_head":"<!-- This site is optimized with the Yoast SEO Premium plugin v27.2 (Yoast SEO v27.2) - https:\/\/yoast.com\/product\/yoast-seo-premium-wordpress\/ -->\n<title>Line Art d&#039;Anniversario - Positive Prints<\/title>\n<meta name=\"description\" content=\"Trasforma la tua foto pi\u00f9 bella in una Line Art d\u2019Anniversario per catturare l\u2019essenza del vostro legame indissolubile.\" \/>\n<meta name=\"robots\" content=\"index, follow, max-snippet:-1, max-image-preview:large, max-video-preview:-1\" \/>\n<link rel=\"canonical\" href=\"https:\/\/positiveprints.com\/it\/prodotto\/line-art-danniversario\/\" \/>\n<meta property=\"og:locale\" content=\"it_IT\" \/>\n<meta property=\"og:type\" content=\"article\" \/>\n<meta property=\"og:title\" content=\"Line Art d&#039;Anniversario\" \/>\n<meta property=\"og:description\" content=\"Trasforma la tua foto pi\u00f9 bella in un disegno in stile Line Art per celebrare il vero amore  Disegnata e inviata alla tua casella di posta elettronica entro 2-3 giorni lavorativi  Personalizzala in 3 semplici passaggi  Scegli un template pronto o lasciati trasportare dalla creativit\u00e0  Richiedi fino a 2 modifiche\" \/>\n<meta property=\"og:url\" content=\"https:\/\/positiveprints.com\/it\/prodotto\/line-art-danniversario\/\" \/>\n<meta property=\"og:site_name\" content=\"Positive Prints\" \/>\n<meta property=\"article:publisher\" content=\"https:\/\/www.facebook.com\/positiveprintscom\" \/>\n<meta property=\"article:modified_time\" content=\"2026-04-03T02:01:43+00:00\" \/>\n<meta property=\"og:image\" content=\"https:\/\/positiveprints.com\/wp-content\/uploads\/2025\/01\/Line-Art-dAnniversario-1.webp\" \/>\n\t<meta property=\"og:image:width\" content=\"1450\" \/>\n\t<meta property=\"og:image:height\" content=\"1450\" \/>\n\t<meta property=\"og:image:type\" content=\"image\/webp\" \/>\n<meta name=\"twitter:card\" content=\"summary_large_image\" \/>\n<!-- \/ Yoast SEO Premium plugin. -->","yoast_head_json":{"title":"Line Art d'Anniversario - Positive Prints","description":"Trasforma la tua foto pi\u00f9 bella in una Line Art d\u2019Anniversario per catturare l\u2019essenza del vostro legame indissolubile.","robots":{"index":"index","follow":"follow","max-snippet":"max-snippet:-1","max-image-preview":"max-image-preview:large","max-video-preview":"max-video-preview:-1"},"canonical":"https:\/\/positiveprints.com\/it\/prodotto\/line-art-danniversario\/","og_locale":"it_IT","og_type":"article","og_title":"Line Art d'Anniversario","og_description":"Trasforma la tua foto pi\u00f9 bella in un disegno in stile Line Art per celebrare il vero amore  Disegnata e inviata alla tua casella di posta elettronica entro 2-3 giorni lavorativi  Personalizzala in 3 semplici passaggi  Scegli un template pronto o lasciati trasportare dalla creativit\u00e0  Richiedi fino a 2 modifiche","og_url":"https:\/\/positiveprints.com\/it\/prodotto\/line-art-danniversario\/","og_site_name":"Positive Prints","article_publisher":"https:\/\/www.facebook.com\/positiveprintscom","article_modified_time":"2026-04-03T02:01:43+00:00","og_image":[{"width":1450,"height":1450,"url":"https:\/\/positiveprints.com\/wp-content\/uploads\/2025\/01\/Line-Art-dAnniversario-1.webp","type":"image\/webp"}],"twitter_card":"summary_large_image","schema":{"@context":"https:\/\/schema.org","@graph":[{"@type":["WebPage","ItemPage"],"@id":"https:\/\/positiveprints.com\/it\/prodotto\/line-art-danniversario\/","url":"https:\/\/positiveprints.com\/it\/prodotto\/line-art-danniversario\/","name":"Line Art d'Anniversario - Positive Prints","isPartOf":{"@id":"https:\/\/positiveprints.com\/it\/#website"},"primaryImageOfPage":{"@id":"https:\/\/positiveprints.com\/it\/prodotto\/line-art-danniversario\/#primaryimage"},"image":{"@id":"https:\/\/positiveprints.com\/it\/prodotto\/line-art-danniversario\/#primaryimage"},"thumbnailUrl":"https:\/\/positiveprints.com\/wp-content\/uploads\/2025\/01\/Line-Art-dAnniversario-1.webp","datePublished":"2024-02-29T12:16:57+00:00","dateModified":"2026-04-03T02:01:43+00:00","description":"Trasforma la tua foto pi\u00f9 bella in una Line Art d\u2019Anniversario per catturare l\u2019essenza del vostro legame indissolubile.","breadcrumb":{"@id":"https:\/\/positiveprints.com\/it\/prodotto\/line-art-danniversario\/#breadcrumb"},"inLanguage":"it-IT","potentialAction":[{"@type":"ReadAction","target":["https:\/\/positiveprints.com\/it\/prodotto\/line-art-danniversario\/"]}]},{"@type":"ImageObject","inLanguage":"it-IT","@id":"https:\/\/positiveprints.com\/it\/prodotto\/line-art-danniversario\/#primaryimage","url":"https:\/\/positiveprints.com\/wp-content\/uploads\/2025\/01\/Line-Art-dAnniversario-1.webp","contentUrl":"https:\/\/positiveprints.com\/wp-content\/uploads\/2025\/01\/Line-Art-dAnniversario-1.webp","width":1450,"height":1450},{"@type":"BreadcrumbList","@id":"https:\/\/positiveprints.com\/it\/prodotto\/line-art-danniversario\/#breadcrumb","itemListElement":[{"@type":"ListItem","position":1,"name":"Home","item":"https:\/\/positiveprints.com\/it\/"},{"@type":"ListItem","position":2,"name":"Prodotti","item":"https:\/\/positiveprints.com\/it\/shop\/"},{"@type":"ListItem","position":3,"name":"Line Art d&#8217;Anniversario"}]},{"@type":"WebSite","@id":"https:\/\/positiveprints.com\/it\/#website","url":"https:\/\/positiveprints.com\/it\/","name":"Positive Prints","description":"Amazing Custom Personalized Gifts","publisher":{"@id":"https:\/\/positiveprints.com\/it\/#organization"},"potentialAction":[{"@type":"SearchAction","target":{"@type":"EntryPoint","urlTemplate":"https:\/\/positiveprints.com\/it\/?s={search_term_string}"},"query-input":{"@type":"PropertyValueSpecification","valueRequired":true,"valueName":"search_term_string"}}],"inLanguage":"it-IT"},{"@type":"Organization","@id":"https:\/\/positiveprints.com\/it\/#organization","name":"Positive Prints","alternateName":"Positive Prints","url":"https:\/\/positiveprints.com\/it\/","logo":{"@type":"ImageObject","inLanguage":"it-IT","@id":"https:\/\/positiveprints.com\/it\/#\/schema\/logo\/image\/","url":"https:\/\/positiveprints.com\/wp-content\/uploads\/2026\/03\/245815646_1337939713319158_5671353136411139666_n.png","contentUrl":"https:\/\/positiveprints.com\/wp-content\/uploads\/2026\/03\/245815646_1337939713319158_5671353136411139666_n.png","width":800,"height":800,"caption":"Positive Prints"},"image":{"@id":"https:\/\/positiveprints.com\/it\/#\/schema\/logo\/image\/"},"sameAs":["https:\/\/www.facebook.com\/positiveprintscom","https:\/\/www.instagram.com\/positiveprintscom\/","https:\/\/www.tiktok.com\/@positiveprintscom","https:\/\/www.pinterest.com\/positiveprintscom\/"]}]}},"jetpack_sharing_enabled":true,"_links":{"self":[{"href":"https:\/\/positiveprints.com\/it\/wp-json\/wp\/v2\/product\/1072935","targetHints":{"allow":["GET"]}}],"collection":[{"href":"https:\/\/positiveprints.com\/it\/wp-json\/wp\/v2\/product"}],"about":[{"href":"https:\/\/positiveprints.com\/it\/wp-json\/wp\/v2\/types\/product"}],"wp:featuredmedia":[{"embeddable":true,"href":"https:\/\/positiveprints.com\/it\/wp-json\/wp\/v2\/media\/1318074"}],"wp:attachment":[{"href":"https:\/\/positiveprints.com\/it\/wp-json\/wp\/v2\/media?parent=1072935"}],"wp:term":[{"taxonomy":"product_brand","embeddable":true,"href":"https:\/\/positiveprints.com\/it\/wp-json\/wp\/v2\/product_brand?post=1072935"},{"taxonomy":"product_cat","embeddable":true,"href":"https:\/\/positiveprints.com\/it\/wp-json\/wp\/v2\/product_cat?post=1072935"},{"taxonomy":"product_tag","embeddable":true,"href":"https:\/\/positiveprints.com\/it\/wp-json\/wp\/v2\/product_tag?post=1072935"}],"curies":[{"name":"wp","href":"https:\/\/api.w.org\/{rel}","templated":true}]}}