{"id":1072561,"date":"2023-10-25T10:40:22","date_gmt":"2023-10-25T09:40:22","guid":{"rendered":"https:\/\/positiveprints.com\/?post_type=product&#038;p=1072561"},"modified":"2026-04-03T03:02:35","modified_gmt":"2026-04-03T02:02:35","slug":"il-giorno-in-cui-sei-diventato-il-mio-papa-con-foto","status":"publish","type":"product","link":"https:\/\/positiveprints.com\/it\/prodotto\/il-giorno-in-cui-sei-diventato-il-mio-papa-con-foto\/","title":{"rendered":"Il Giorno in cui sei Diventato il Mio Pap\u00e0 con Foto"},"content":{"rendered":"<p>Celebra l\u2019amore per il tuo pap\u00e0 e il giorno in cui \u00e8 diventato padre con \u201cIl Giorno in cui sei Diventato il Mio Pap\u00e0 con Foto\u201d. Questo capolavoro che viene dal cuore cattura il cielo stellato del giorno in cui tuo padre ti ha abbracciato per la prima volta. Quando si tratta di festeggiare il suo compleanno, la Festa del Pap\u00e0 o il Natale, non c\u2019\u00e8 modo migliore per dimostrargli tutto il tuo affetto. Unisci la foto pi\u00f9 bella che tu abbia mai scattato insieme alla tua mamma e aggiungila al fianco della mappa stellare per creare un regalo unico e originale.<\/p>\r\n\r\n<h2>Come creare un ricordo con Il Giorno in cui sei Diventato il Mio Pap\u00e0 con Foto<\/h2>\r\n\r\n<p>Il nostro creator online ti permette di trasformare i tuoi momenti preziosi in una bellissima opera d&#8217;arte. Scegli il tuo stile preferito, aggiungi elementi celesti come costellazioni e la Via Lattea, e personalizza il tutto con un titolo speciale. Inserisci la data e il luogo in cui \u00e8 cominciato il viaggio del tuo pap\u00e0, e guarda la mappa stellare prendere vita nella anteprima istantanea. Ora non ti rimane che aggiungere la foto che hai scelto e completare il tuo capolavoro personalizzato.<\/p>\r\n\r\n<p>\u201cIl Giorno in cui sei Diventato il Mio Pap\u00e0 con Foto\u201d \u00e8 una rappresentazione suggestiva del cielo notturno nel momento in cui ti ha accolto tra le sue forti braccia. \u00c8 una bellissima mappa delle stelle che brillavano in cielo in quel magico istante.<\/p>\r\n\r\n<h2>Celebra l\u2019amore di un padre<\/h2>\r\n\r\n<p>Questo regalo va oltre il semplice gesto di dare. \u00c8 una vera e propria celebrazione dell\u2019amore di un padre e del momento in cui i vostri sguardi si sono incrociati per la prima volta. Ideale da regalare per il compleanno, la Festa del Pap\u00e0 e a Natale. Aggiungendo un titolo come \u201cIl momento in cui sei diventato mio padre\u201d puoi racchiudere tutti i sentimenti del legame indissolubile che vi unisce. <\/p>\r\n\r\n<p>\u201cIl Giorno in cui sei Diventato il Mio Pap\u00e0 con Foto\u201d \u00e8 un tesoro destinato a custodire amore e ricordi creati insieme. Ogni sguardo su questa fusione unica di mappa stellare e foto far\u00e0 rivivere ricordi preziosi ed emozioni profonde. Sorprendi il tuo pap\u00e0 con un capolavoro personalizzato solo per lui.<\/p>","protected":false},"excerpt":{"rendered":"<ul class=\"check-list\">\n<li>Aggiungi le costellazioni alla tua mappa stellare e scegli una foto<\/li>\n<li>Personalizzala in 3 semplici passaggi<\/li>\n<li>Aggiungi un messaggio che viene dal cuore<\/li>\n<li>Tieni d\u2019occhio l\u2019anteprima istantanea a ogni modifica<\/li>\n<\/ul>\n","protected":false},"featured_media":1254899,"template":"","meta":[],"product_brand":[],"product_cat":[9277,9100,4449,7338,5269,11421,7976],"product_tag":[8554,12599,15571,9295,11761,13685],"class_list":{"0":"post-1072561","1":"product","2":"type-product","3":"status-publish","4":"has-post-thumbnail","6":"product_cat-bestsellers-label-it","7":"product_cat-duo-stars-it","8":"product_cat-tutti-i-prodotti","9":"product_cat-regali-per-la-festa-del-papa","10":"product_cat-regali-di-natale","11":"product_cat-regali-di-natale-per-papa","12":"product_cat-regali-per-il-papa","13":"product_tag-father-it","14":"product_tag-festa-del-papa","15":"product_tag-il-giorno-in-cui-sei-diventato-papa","16":"product_tag-il-miglior-papa-del-mondo","17":"product_tag-regali-di-natale-per-papa","18":"product_tag-regalo-per-la-festa-del-papa","20":"first","21":"instock","22":"sale","23":"taxable","24":"shipping-taxable","25":"purchasable","26":"product-type-variable"},"yoast_head":"<!-- This site is optimized with the Yoast SEO Premium plugin v27.2 (Yoast SEO v27.2) - https:\/\/yoast.com\/product\/yoast-seo-premium-wordpress\/ -->\n<title>Il Giorno in cui sei Diventato il Mio Pap\u00e0 con Foto - Positive Prints<\/title>\n<meta name=\"description\" content=\"Il Giorno in cui sei Diventato il Mio Pap\u00e0 con Foto \u00e8 una mappa stellare destinata a custodire amore e ricordi creati insieme.\" \/>\n<meta name=\"robots\" content=\"index, follow, max-snippet:-1, max-image-preview:large, max-video-preview:-1\" \/>\n<link rel=\"canonical\" href=\"https:\/\/positiveprints.com\/it\/prodotto\/il-giorno-in-cui-sei-diventato-il-mio-papa-con-foto\/\" \/>\n<meta property=\"og:locale\" content=\"it_IT\" \/>\n<meta property=\"og:type\" content=\"article\" \/>\n<meta property=\"og:title\" content=\"Il Giorno in cui sei Diventato il Mio Pap\u00e0 con Foto\" \/>\n<meta property=\"og:description\" content=\"Aggiungi le costellazioni alla tua mappa stellare e scegli una foto Personalizzala in 3 semplici passaggi Aggiungi un messaggio che viene dal cuore Tieni d\u2019occhio l\u2019anteprima istantanea a ogni modifica\" \/>\n<meta property=\"og:url\" content=\"https:\/\/positiveprints.com\/it\/prodotto\/il-giorno-in-cui-sei-diventato-il-mio-papa-con-foto\/\" \/>\n<meta property=\"og:site_name\" content=\"Positive Prints\" \/>\n<meta property=\"article:publisher\" content=\"https:\/\/www.facebook.com\/positiveprintscom\" \/>\n<meta property=\"article:modified_time\" content=\"2026-04-03T02:02:35+00:00\" \/>\n<meta property=\"og:image\" content=\"https:\/\/positiveprints.com\/wp-content\/uploads\/2024\/11\/IT_PACKSHOT_The-Day-You-Became-My-Daddy-with-Photo-product-image-.webp\" \/>\n\t<meta property=\"og:image:width\" content=\"1450\" \/>\n\t<meta property=\"og:image:height\" content=\"1450\" \/>\n\t<meta property=\"og:image:type\" content=\"image\/webp\" \/>\n<meta name=\"twitter:card\" content=\"summary_large_image\" \/>\n<meta name=\"twitter:label1\" content=\"Tempo di lettura stimato\" \/>\n\t<meta name=\"twitter:data1\" content=\"2 minuti\" \/>\n<!-- \/ Yoast SEO Premium plugin. -->","yoast_head_json":{"title":"Il Giorno in cui sei Diventato il Mio Pap\u00e0 con Foto - Positive Prints","description":"Il Giorno in cui sei Diventato il Mio Pap\u00e0 con Foto \u00e8 una mappa stellare destinata a custodire amore e ricordi creati insieme.","robots":{"index":"index","follow":"follow","max-snippet":"max-snippet:-1","max-image-preview":"max-image-preview:large","max-video-preview":"max-video-preview:-1"},"canonical":"https:\/\/positiveprints.com\/it\/prodotto\/il-giorno-in-cui-sei-diventato-il-mio-papa-con-foto\/","og_locale":"it_IT","og_type":"article","og_title":"Il Giorno in cui sei Diventato il Mio Pap\u00e0 con Foto","og_description":"Aggiungi le costellazioni alla tua mappa stellare e scegli una foto Personalizzala in 3 semplici passaggi Aggiungi un messaggio che viene dal cuore Tieni d\u2019occhio l\u2019anteprima istantanea a ogni modifica","og_url":"https:\/\/positiveprints.com\/it\/prodotto\/il-giorno-in-cui-sei-diventato-il-mio-papa-con-foto\/","og_site_name":"Positive Prints","article_publisher":"https:\/\/www.facebook.com\/positiveprintscom","article_modified_time":"2026-04-03T02:02:35+00:00","og_image":[{"width":1450,"height":1450,"url":"https:\/\/positiveprints.com\/wp-content\/uploads\/2024\/11\/IT_PACKSHOT_The-Day-You-Became-My-Daddy-with-Photo-product-image-.webp","type":"image\/webp"}],"twitter_card":"summary_large_image","twitter_misc":{"Tempo di lettura stimato":"2 minuti"},"schema":{"@context":"https:\/\/schema.org","@graph":[{"@type":["WebPage","ItemPage"],"@id":"https:\/\/positiveprints.com\/it\/prodotto\/il-giorno-in-cui-sei-diventato-il-mio-papa-con-foto\/","url":"https:\/\/positiveprints.com\/it\/prodotto\/il-giorno-in-cui-sei-diventato-il-mio-papa-con-foto\/","name":"Il Giorno in cui sei Diventato il Mio Pap\u00e0 con Foto - Positive Prints","isPartOf":{"@id":"https:\/\/positiveprints.com\/it\/#website"},"primaryImageOfPage":{"@id":"https:\/\/positiveprints.com\/it\/prodotto\/il-giorno-in-cui-sei-diventato-il-mio-papa-con-foto\/#primaryimage"},"image":{"@id":"https:\/\/positiveprints.com\/it\/prodotto\/il-giorno-in-cui-sei-diventato-il-mio-papa-con-foto\/#primaryimage"},"thumbnailUrl":"https:\/\/positiveprints.com\/wp-content\/uploads\/2024\/11\/IT_PACKSHOT_The-Day-You-Became-My-Daddy-with-Photo-product-image-.webp","datePublished":"2023-10-25T09:40:22+00:00","dateModified":"2026-04-03T02:02:35+00:00","description":"Il Giorno in cui sei Diventato il Mio Pap\u00e0 con Foto \u00e8 una mappa stellare destinata a custodire amore e ricordi creati insieme.","breadcrumb":{"@id":"https:\/\/positiveprints.com\/it\/prodotto\/il-giorno-in-cui-sei-diventato-il-mio-papa-con-foto\/#breadcrumb"},"inLanguage":"it-IT","potentialAction":[{"@type":"ReadAction","target":["https:\/\/positiveprints.com\/it\/prodotto\/il-giorno-in-cui-sei-diventato-il-mio-papa-con-foto\/"]}]},{"@type":"ImageObject","inLanguage":"it-IT","@id":"https:\/\/positiveprints.com\/it\/prodotto\/il-giorno-in-cui-sei-diventato-il-mio-papa-con-foto\/#primaryimage","url":"https:\/\/positiveprints.com\/wp-content\/uploads\/2024\/11\/IT_PACKSHOT_The-Day-You-Became-My-Daddy-with-Photo-product-image-.webp","contentUrl":"https:\/\/positiveprints.com\/wp-content\/uploads\/2024\/11\/IT_PACKSHOT_The-Day-You-Became-My-Daddy-with-Photo-product-image-.webp","width":1450,"height":1450},{"@type":"BreadcrumbList","@id":"https:\/\/positiveprints.com\/it\/prodotto\/il-giorno-in-cui-sei-diventato-il-mio-papa-con-foto\/#breadcrumb","itemListElement":[{"@type":"ListItem","position":1,"name":"Home","item":"https:\/\/positiveprints.com\/it\/"},{"@type":"ListItem","position":2,"name":"Prodotti","item":"https:\/\/positiveprints.com\/it\/shop\/"},{"@type":"ListItem","position":3,"name":"Il Giorno in cui sei Diventato il Mio Pap\u00e0 con Foto"}]},{"@type":"WebSite","@id":"https:\/\/positiveprints.com\/it\/#website","url":"https:\/\/positiveprints.com\/it\/","name":"Positive Prints","description":"Amazing Custom Personalized Gifts","publisher":{"@id":"https:\/\/positiveprints.com\/it\/#organization"},"potentialAction":[{"@type":"SearchAction","target":{"@type":"EntryPoint","urlTemplate":"https:\/\/positiveprints.com\/it\/?s={search_term_string}"},"query-input":{"@type":"PropertyValueSpecification","valueRequired":true,"valueName":"search_term_string"}}],"inLanguage":"it-IT"},{"@type":"Organization","@id":"https:\/\/positiveprints.com\/it\/#organization","name":"Positive Prints","alternateName":"Positive Prints","url":"https:\/\/positiveprints.com\/it\/","logo":{"@type":"ImageObject","inLanguage":"it-IT","@id":"https:\/\/positiveprints.com\/it\/#\/schema\/logo\/image\/","url":"https:\/\/positiveprints.com\/wp-content\/uploads\/2026\/03\/245815646_1337939713319158_5671353136411139666_n.png","contentUrl":"https:\/\/positiveprints.com\/wp-content\/uploads\/2026\/03\/245815646_1337939713319158_5671353136411139666_n.png","width":800,"height":800,"caption":"Positive Prints"},"image":{"@id":"https:\/\/positiveprints.com\/it\/#\/schema\/logo\/image\/"},"sameAs":["https:\/\/www.facebook.com\/positiveprintscom","https:\/\/www.instagram.com\/positiveprintscom\/","https:\/\/www.tiktok.com\/@positiveprintscom","https:\/\/www.pinterest.com\/positiveprintscom\/"]}]}},"jetpack_sharing_enabled":true,"_links":{"self":[{"href":"https:\/\/positiveprints.com\/it\/wp-json\/wp\/v2\/product\/1072561","targetHints":{"allow":["GET"]}}],"collection":[{"href":"https:\/\/positiveprints.com\/it\/wp-json\/wp\/v2\/product"}],"about":[{"href":"https:\/\/positiveprints.com\/it\/wp-json\/wp\/v2\/types\/product"}],"wp:featuredmedia":[{"embeddable":true,"href":"https:\/\/positiveprints.com\/it\/wp-json\/wp\/v2\/media\/1254899"}],"wp:attachment":[{"href":"https:\/\/positiveprints.com\/it\/wp-json\/wp\/v2\/media?parent=1072561"}],"wp:term":[{"taxonomy":"product_brand","embeddable":true,"href":"https:\/\/positiveprints.com\/it\/wp-json\/wp\/v2\/product_brand?post=1072561"},{"taxonomy":"product_cat","embeddable":true,"href":"https:\/\/positiveprints.com\/it\/wp-json\/wp\/v2\/product_cat?post=1072561"},{"taxonomy":"product_tag","embeddable":true,"href":"https:\/\/positiveprints.com\/it\/wp-json\/wp\/v2\/product_tag?post=1072561"}],"curies":[{"name":"wp","href":"https:\/\/api.w.org\/{rel}","templated":true}]}}