{"id":1031993,"date":"2023-10-20T19:44:52","date_gmt":"2023-10-20T18:44:52","guid":{"rendered":"https:\/\/positiveprints.com\/?post_type=product&#038;p=1031993"},"modified":"2026-04-03T03:03:36","modified_gmt":"2026-04-03T02:03:36","slug":"mappa-acquerellata-il-nostro-primo-incontro","status":"publish","type":"product","link":"https:\/\/positiveprints.com\/it\/prodotto\/mappa-acquerellata-il-nostro-primo-incontro\/","title":{"rendered":"Mappa acquerellata &#8211; Il nostro primo incontro"},"content":{"rendered":"Stai cercando un regalo che viene dal profondo del cuore? Scopri la Mappa del Nostro Incontro in Acquerello! Con questa straordinaria creazione a effetto acquerello, hai l\u2019occasione di ritrarre con maestria il luogo preciso del vostro primo incontro e trasformarlo in un\u2019elegante mappa da esposizione. Che si tratti di compleanni, anniversari, matrimoni o qualsiasi altra occasione speciale, ecco il modo perfetto per celebrarla insieme. Crea ricordi preziosi ed emozioni da condividere per sempre con questo gesto d\u2019amore.\r\n\r\n<h2>La Tua Storia d\u2019Amore in Acquerello<\/h2>\r\nSorprendi la tua dolce met\u00e0 con la Mappa del Nostro Incontro in Acquerello. Libera il tuo lato pi\u00f9 creativo per trasformare la tua storia d\u2019amore in una mappa. Scegli uno dei nostri affascinanti stili ad acquerello o crea la tua palette di colori. Individua il Paese, la regione o la citt\u00e0 in cui i vostri destini si sono incrociati per la prima volta e contrassegna quel luogo speciale con un indicatore a forma di cuore.\r\n\r\nPersonalizza ancora di pi\u00f9 la tua mappa inserendo un testo, un messaggio speciale o un dettaglio significativo nella parte inferiore della stampa. L\u2019idea \u00e8 quella di rendere la tua mappa davvero unica aggiungendo citazioni, versi di canzoni o, addirittura, i vostri nomi. L\u2019intuitivit\u00e0 del nostro editor online ti permette di vedere le tue modifiche in tempo reale cos\u00ec da lasciarti la possibilit\u00e0 di rappresentare la vostra storia d\u2019amore alla perfezione.\r\n\r\n<h2>Mappa del Nostro Incontro in Acquerello: Un Regalo Indimenticabile<\/h2>\r\nUn regalo che viene dal cuore &#8211; la Mappa del Nostro Incontro in Acquerello. Molto pi\u00f9 che una semplice mappa, \u00e8 un ricordo prezioso e una testimonianza della vostra storia d&#8217;amore. Sguardo dopo sguardo, far\u00e0 rinascere in voi le emozioni del giorno speciale in cui le vostre vite si sono intrecciate per la prima volta. \u00c8 il modo perfetto per celebrare e onorare il legame unico che c\u2019\u00e8 tra voi. Che si tratti di anniversari, compleanni, matrimoni o qualsiasi altra occasione, questa mappa personalizzata rende il vostro legame sempre pi\u00f9 speciale.\r\n\r\nDimostra alla tua anima gemella quanto sia importante per te con un regalo tangibile che rappresenta la vostra storia d\u2019amore. Realizzato con il cuore, \u00e8 un ricordo che resister\u00e0 alla prova del tempo, preservando i vostri sentimenti e le emozioni legate a quel momento magico. Trasforma i tuoi ricordi indimenticabili con la Mappa del Nostro Incontro in Acquerello &#8211; il regalo che non smette mai di sorprendere.","protected":false},"excerpt":{"rendered":"<ul class=\"check-list\">\n<li>Celebra il vostro legame speciale<\/li>\n<li>Scegli un simbolo per mettere in risalto un luogo speciale<\/li>\n<li>Personalizzala in 3 semplici passaggi<\/li>\n<li>Seleziona un template o scatena la tua creativit\u00e0<\/li>\n<li>Tieni d\u2019occhio l\u2019anteprima a ogni modifica<\/li>\n<\/ul>\n","protected":false},"featured_media":1032546,"template":"","meta":[],"product_brand":[],"product_cat":[5331,9705,7688,8008,5269,7673,11418,11427,7641,11424,7784,11432,7752,8191,11425,8216,11426,7800,11182,11181,11183,11243,11244,5315,4449],"product_tag":[14889,11754,11798,11768,11796,11800,11799],"class_list":{"0":"post-1031993","1":"product","2":"type-product","3":"status-publish","4":"has-post-thumbnail","6":"product_cat-regali-di-anniversario","7":"product_cat-contour-it","8":"product_cat-regali-da-donna","9":"product_cat-regali-da-uomo","10":"product_cat-regali-di-natale","11":"product_cat-regali-per-il-fidanzato","12":"product_cat-regali-di-natale-per-il-fidanzato","13":"product_cat-regali-di-natale-per-il-marito","14":"product_cat-regali-per-il-marito","15":"product_cat-regali-di-natale-per-la-fidanzata","16":"product_cat-regali-per-la-fidanzata","17":"product_cat-regali-di-natale-per-la-moglie","18":"product_cat-regali-per-la-moglie","19":"product_cat-per-lei","20":"product_cat-regali-di-natale-per-lei","21":"product_cat-per-lui","22":"product_cat-regali-di-natale-per-lui","23":"product_cat-regali-per-una-coppia","24":"product_cat-regali-di-anniversario-per-coppie","25":"product_cat-regali-di-anniversario-per-lei","26":"product_cat-regali-di-anniversario-per-lui","27":"product_cat-regali-di-san-valentino-per-lei","28":"product_cat-regali-di-san-valentino-per-lui","29":"product_cat-regali-di-san-valentino","30":"product_cat-tutti-i-prodotti","31":"product_tag-anniversary-it-2","32":"product_tag-regali-di-natale-per-il-fidanzato","33":"product_tag-regali-di-natale-per-il-marito","34":"product_tag-regali-di-natale-per-la-fidanzata","35":"product_tag-regali-di-natale-per-la-moglie","36":"product_tag-regali-di-natale-per-lei","37":"product_tag-regali-di-natale-per-lui","39":"first","40":"instock","41":"sale","42":"taxable","43":"shipping-taxable","44":"purchasable","45":"product-type-variable"},"yoast_head":"<!-- This site is optimized with the Yoast SEO Premium plugin v27.2 (Yoast SEO v27.2) - https:\/\/yoast.com\/product\/yoast-seo-premium-wordpress\/ -->\n<title>Mappa acquerellata - Il nostro primo incontro - Positive Prints<\/title>\n<meta name=\"description\" content=\"Scopri la mappa acquerellata - Il nostro primo incontro. Poster personalizzato che cattura il punto esatto in cui vi siete incontrati per la prima volta.\" \/>\n<meta name=\"robots\" content=\"index, follow, max-snippet:-1, max-image-preview:large, max-video-preview:-1\" \/>\n<link rel=\"canonical\" href=\"https:\/\/positiveprints.com\/it\/prodotto\/mappa-acquerellata-il-nostro-primo-incontro\/\" \/>\n<meta property=\"og:locale\" content=\"it_IT\" \/>\n<meta property=\"og:type\" content=\"article\" \/>\n<meta property=\"og:title\" content=\"Mappa acquerellata - Il nostro primo incontro\" \/>\n<meta property=\"og:description\" content=\"Celebra il vostro legame speciale  Scegli un simbolo per mettere in risalto un luogo speciale  Personalizzala in 3 semplici passaggi  Seleziona un template o scatena la tua creativit\u00e0  Tieni d\u2019occhio l\u2019anteprima a ogni modifica\" \/>\n<meta property=\"og:url\" content=\"https:\/\/positiveprints.com\/it\/prodotto\/mappa-acquerellata-il-nostro-primo-incontro\/\" \/>\n<meta property=\"og:site_name\" content=\"Positive Prints\" \/>\n<meta property=\"article:publisher\" content=\"https:\/\/www.facebook.com\/positiveprintscom\" \/>\n<meta property=\"article:modified_time\" content=\"2026-04-03T02:03:36+00:00\" \/>\n<meta property=\"og:image\" content=\"https:\/\/positiveprints.com\/wp-content\/uploads\/2024\/01\/Mappa-acquerellata-Il-nostro-primo-incontro.jpg\" \/>\n\t<meta property=\"og:image:width\" content=\"1080\" \/>\n\t<meta property=\"og:image:height\" content=\"1080\" \/>\n\t<meta property=\"og:image:type\" content=\"image\/jpeg\" \/>\n<meta name=\"twitter:card\" content=\"summary_large_image\" \/>\n<!-- \/ Yoast SEO Premium plugin. -->","yoast_head_json":{"title":"Mappa acquerellata - Il nostro primo incontro - Positive Prints","description":"Scopri la mappa acquerellata - Il nostro primo incontro. Poster personalizzato che cattura il punto esatto in cui vi siete incontrati per la prima volta.","robots":{"index":"index","follow":"follow","max-snippet":"max-snippet:-1","max-image-preview":"max-image-preview:large","max-video-preview":"max-video-preview:-1"},"canonical":"https:\/\/positiveprints.com\/it\/prodotto\/mappa-acquerellata-il-nostro-primo-incontro\/","og_locale":"it_IT","og_type":"article","og_title":"Mappa acquerellata - Il nostro primo incontro","og_description":"Celebra il vostro legame speciale  Scegli un simbolo per mettere in risalto un luogo speciale  Personalizzala in 3 semplici passaggi  Seleziona un template o scatena la tua creativit\u00e0  Tieni d\u2019occhio l\u2019anteprima a ogni modifica","og_url":"https:\/\/positiveprints.com\/it\/prodotto\/mappa-acquerellata-il-nostro-primo-incontro\/","og_site_name":"Positive Prints","article_publisher":"https:\/\/www.facebook.com\/positiveprintscom","article_modified_time":"2026-04-03T02:03:36+00:00","og_image":[{"width":1080,"height":1080,"url":"https:\/\/positiveprints.com\/wp-content\/uploads\/2024\/01\/Mappa-acquerellata-Il-nostro-primo-incontro.jpg","type":"image\/jpeg"}],"twitter_card":"summary_large_image","schema":{"@context":"https:\/\/schema.org","@graph":[{"@type":["WebPage","ItemPage"],"@id":"https:\/\/positiveprints.com\/it\/prodotto\/mappa-acquerellata-il-nostro-primo-incontro\/","url":"https:\/\/positiveprints.com\/it\/prodotto\/mappa-acquerellata-il-nostro-primo-incontro\/","name":"Mappa acquerellata - Il nostro primo incontro - Positive Prints","isPartOf":{"@id":"https:\/\/positiveprints.com\/it\/#website"},"primaryImageOfPage":{"@id":"https:\/\/positiveprints.com\/it\/prodotto\/mappa-acquerellata-il-nostro-primo-incontro\/#primaryimage"},"image":{"@id":"https:\/\/positiveprints.com\/it\/prodotto\/mappa-acquerellata-il-nostro-primo-incontro\/#primaryimage"},"thumbnailUrl":"https:\/\/positiveprints.com\/wp-content\/uploads\/2024\/01\/Mappa-acquerellata-Il-nostro-primo-incontro.jpg","datePublished":"2023-10-20T18:44:52+00:00","dateModified":"2026-04-03T02:03:36+00:00","description":"Scopri la mappa acquerellata - Il nostro primo incontro. Poster personalizzato che cattura il punto esatto in cui vi siete incontrati per la prima volta.","breadcrumb":{"@id":"https:\/\/positiveprints.com\/it\/prodotto\/mappa-acquerellata-il-nostro-primo-incontro\/#breadcrumb"},"inLanguage":"it-IT","potentialAction":[{"@type":"ReadAction","target":["https:\/\/positiveprints.com\/it\/prodotto\/mappa-acquerellata-il-nostro-primo-incontro\/"]}]},{"@type":"ImageObject","inLanguage":"it-IT","@id":"https:\/\/positiveprints.com\/it\/prodotto\/mappa-acquerellata-il-nostro-primo-incontro\/#primaryimage","url":"https:\/\/positiveprints.com\/wp-content\/uploads\/2024\/01\/Mappa-acquerellata-Il-nostro-primo-incontro.jpg","contentUrl":"https:\/\/positiveprints.com\/wp-content\/uploads\/2024\/01\/Mappa-acquerellata-Il-nostro-primo-incontro.jpg","width":1080,"height":1080,"caption":"Mappa acquerellata - Il nostro primo incontro"},{"@type":"BreadcrumbList","@id":"https:\/\/positiveprints.com\/it\/prodotto\/mappa-acquerellata-il-nostro-primo-incontro\/#breadcrumb","itemListElement":[{"@type":"ListItem","position":1,"name":"Home","item":"https:\/\/positiveprints.com\/it\/"},{"@type":"ListItem","position":2,"name":"Prodotti","item":"https:\/\/positiveprints.com\/it\/shop\/"},{"@type":"ListItem","position":3,"name":"Mappa acquerellata &#8211; Il nostro primo incontro"}]},{"@type":"WebSite","@id":"https:\/\/positiveprints.com\/it\/#website","url":"https:\/\/positiveprints.com\/it\/","name":"Positive Prints","description":"Amazing Custom Personalized Gifts","publisher":{"@id":"https:\/\/positiveprints.com\/it\/#organization"},"potentialAction":[{"@type":"SearchAction","target":{"@type":"EntryPoint","urlTemplate":"https:\/\/positiveprints.com\/it\/?s={search_term_string}"},"query-input":{"@type":"PropertyValueSpecification","valueRequired":true,"valueName":"search_term_string"}}],"inLanguage":"it-IT"},{"@type":"Organization","@id":"https:\/\/positiveprints.com\/it\/#organization","name":"Positive Prints","alternateName":"Positive Prints","url":"https:\/\/positiveprints.com\/it\/","logo":{"@type":"ImageObject","inLanguage":"it-IT","@id":"https:\/\/positiveprints.com\/it\/#\/schema\/logo\/image\/","url":"https:\/\/positiveprints.com\/wp-content\/uploads\/2026\/03\/245815646_1337939713319158_5671353136411139666_n.png","contentUrl":"https:\/\/positiveprints.com\/wp-content\/uploads\/2026\/03\/245815646_1337939713319158_5671353136411139666_n.png","width":800,"height":800,"caption":"Positive Prints"},"image":{"@id":"https:\/\/positiveprints.com\/it\/#\/schema\/logo\/image\/"},"sameAs":["https:\/\/www.facebook.com\/positiveprintscom","https:\/\/www.instagram.com\/positiveprintscom\/","https:\/\/www.tiktok.com\/@positiveprintscom","https:\/\/www.pinterest.com\/positiveprintscom\/"]}]}},"jetpack_sharing_enabled":true,"_links":{"self":[{"href":"https:\/\/positiveprints.com\/it\/wp-json\/wp\/v2\/product\/1031993","targetHints":{"allow":["GET"]}}],"collection":[{"href":"https:\/\/positiveprints.com\/it\/wp-json\/wp\/v2\/product"}],"about":[{"href":"https:\/\/positiveprints.com\/it\/wp-json\/wp\/v2\/types\/product"}],"wp:featuredmedia":[{"embeddable":true,"href":"https:\/\/positiveprints.com\/it\/wp-json\/wp\/v2\/media\/1032546"}],"wp:attachment":[{"href":"https:\/\/positiveprints.com\/it\/wp-json\/wp\/v2\/media?parent=1031993"}],"wp:term":[{"taxonomy":"product_brand","embeddable":true,"href":"https:\/\/positiveprints.com\/it\/wp-json\/wp\/v2\/product_brand?post=1031993"},{"taxonomy":"product_cat","embeddable":true,"href":"https:\/\/positiveprints.com\/it\/wp-json\/wp\/v2\/product_cat?post=1031993"},{"taxonomy":"product_tag","embeddable":true,"href":"https:\/\/positiveprints.com\/it\/wp-json\/wp\/v2\/product_tag?post=1031993"}],"curies":[{"name":"wp","href":"https:\/\/api.w.org\/{rel}","templated":true}]}}