{"id":1013284,"date":"2023-06-15T11:33:16","date_gmt":"2023-06-15T10:33:16","guid":{"rendered":"https:\/\/positiveprints.com\/?post_type=product&#038;p=1013284"},"modified":"2026-04-12T22:10:03","modified_gmt":"2026-04-12T21:10:03","slug":"la-notte-in-cui-ci-siamo-fidanzati","status":"publish","type":"product","link":"https:\/\/positiveprints.com\/it\/prodotto\/la-notte-in-cui-ci-siamo-fidanzati\/","title":{"rendered":"La Notte in Cui Ci Siamo Fidanzati"},"content":{"rendered":"<h2 class=\"grenB f24 cblue\" style=\"margin-top: 3rem;\">La Notte in Cui Ci Siamo Fidanzati: Un Ricordo Indimenticabile<\/h2>\r\n\r\n<p style=\"margin-top: 1rem;\">La Notte in Cui Ci Siamo Fidanzati \u00e8 un <a href=\"https:\/\/positiveprints.com\/it\/regali-per-anniversario-di-matrimonio\/\">regalo di fidanzamento personalizzato<\/a> che cattura la magia del vostro momento speciale. Con quest\u2019incantevole opera d\u2019arte puoi raffigurare esattamente il cielo stellato di un momento e di un luogo specifici su una stampa o su una tela. Il dono perfetto per l\u2019amore della tua vita! Creando questo straordinario ricordo potrai rivivere per sempre tutte le emozioni di quella indimenticabile.<\/p>\r\n\r\n<h2 class=\"grenB f24 cblue\" style=\"margin-top: 3rem;\">Crea e Personalizza La Notte in Cui Ci Siamo Fidanzati<\/h2>\r\n\r\n<p style=\"margin-top: 1rem;\">Utilizzando il nostro intuitivo editor online, progettare La Notte in cui ci Siamo Fidanzati \u00e8 facilissimo. Inizia selezionando lo stile e gli elementi che decoreranno la tua mappa stellare. Hai la possibilit\u00e0 di scegliere tra i nostri stili predefiniti o, per un tocco personale, sperimentare con i colori personalizzati per abbinarli ai tuoi gusti personali. Arricchisci la tua volta celeste selezionando elementi cosmici come pianeti, nomi dei pianeti, costellazioni, nomi delle costellazioni, la Via Lattea e linee della griglia.<\/p>\r\n\r\n<p style=\"margin-top: 1rem;\">Per rendere La Notte in cui ci Siamo Fidanzati davvero tua, inserisci la posizione e la data precisa in cui vi siete fidanzati ufficialmente. Dopodich\u00e9, aggiungi un titolo e un sottotitolo dal significato speciale per entrambi. Infine, per personalizzare ancora un po\u2019 il tutto, scrivi un testo che andr\u00e0 a far parte del tuo design. Che siano dolci parole che vengono dal tuo cuore o una strofa di una canzone, sono proprio queste le aggiunte che fanno di una Mappa Stellare, un ricordo prezioso.<\/p>\r\n\r\n<p style=\"margin-top: 1rem;\">Una volta aggiunti tutti i dettagli della Notte in cui ci Siamo Fidanzati, \u00e8 il momento di scegliere il formato e la dimensione che pi\u00f9 si adattano ai tuoi gusti. Le nostre opzioni includono poster incorniciati, stampe, tele o file digitali da scaricare al momento. Qualunque formato tu scelga, c\u2019\u00e8 una cosa di cui non devi assolutamente preoccuparti: la qualit\u00e0 e la lavorazione della tua opera \u00e8 in mani esperte.<\/p>\r\n\r\n<h2 class=\"grenB f24 cblue\" style=\"margin-top: 3rem;\">Il Regalo di Fidanzamento Perfetto<\/h2>\r\n<p style=\"margin-top: 1rem;\">Quando si tratta di scegliere un <a href=\"https:\/\/positiveprints.com\/it\/regali-per-anniversario-di-matrimonio\/\">regalo di fidanzamento personalizzato<\/a>, non puoi far altro che rivolgere il tuo sguardo a La Notte in cui ci Siamo Fidanzati. Questa straordinaria mappa stellare immortala le stelle che splendevano sopra di voi nel giorno pi\u00f9 importante della vostra storia d\u2019amore. A differenza di un regalo qualunque che puoi trovare in qualsiasi negozio, questa mappa preziosa \u00e8 una dichiarazione visiva dell\u2019amore e del legame che vi unisce. Ordina subito la tua <a href=\"https:\/\/positiveprints.com\/it\/prodotto\/mappa-stellare-personalizzata\/\">mappa stellare personalizzata<\/a> e lascia che la magia della notte illumini le vostre vite per sempre.<\/p>","protected":false},"excerpt":{"rendered":"<ul class=\"check-list\">\n<li>Aggiungi pianeti, costellazioni e la Via Lattea<\/li>\n<li>Personalizzala in 3 semplici passaggi<\/li>\n<li>Includi un testo personalizzato ricco di significato<\/li>\n<li>Controlla l\u2019anteprima a ogni modifica<\/li>\n<\/ul>\n","protected":false},"featured_media":1229833,"template":"","meta":[],"product_brand":[],"product_cat":[9277,4449,5281,4448],"product_tag":[9745],"class_list":{"0":"post-1013284","1":"product","2":"type-product","3":"status-publish","4":"has-post-thumbnail","6":"product_cat-bestsellers-label-it","7":"product_cat-tutti-i-prodotti","8":"product_cat-regali-di-fidanzamento","9":"product_cat-star-it-2","10":"product_tag-fidanzamento","12":"first","13":"instock","14":"sale","15":"taxable","16":"shipping-taxable","17":"purchasable","18":"product-type-variable"},"yoast_head":"<!-- This site is optimized with the Yoast SEO Premium plugin v27.2 (Yoast SEO v27.2) - https:\/\/yoast.com\/product\/yoast-seo-premium-wordpress\/ -->\n<title>La Notte in Cui Ci Siamo Fidanzati - Positive Prints<\/title>\n<meta name=\"description\" content=\"Personalizza La Notte in cui ci Siamo Fidanzati e lascia che la magia della stelle illumini le vostre vite per sempre.\" \/>\n<meta name=\"robots\" content=\"index, follow, max-snippet:-1, max-image-preview:large, max-video-preview:-1\" \/>\n<link rel=\"canonical\" href=\"https:\/\/positiveprints.com\/it\/prodotto\/la-notte-in-cui-ci-siamo-fidanzati\/\" \/>\n<meta property=\"og:locale\" content=\"it_IT\" \/>\n<meta property=\"og:type\" content=\"article\" \/>\n<meta property=\"og:title\" content=\"La Notte in Cui Ci Siamo Fidanzati\" \/>\n<meta property=\"og:description\" content=\"Aggiungi pianeti, costellazioni e la Via Lattea  Personalizzala in 3 semplici passaggi  Includi un testo personalizzato ricco di significato  Controlla l\u2019anteprima a ogni modifica\" \/>\n<meta property=\"og:url\" content=\"https:\/\/positiveprints.com\/it\/prodotto\/la-notte-in-cui-ci-siamo-fidanzati\/\" \/>\n<meta property=\"og:site_name\" content=\"Positive Prints\" \/>\n<meta property=\"article:publisher\" content=\"https:\/\/www.facebook.com\/positiveprintscom\" \/>\n<meta property=\"article:modified_time\" content=\"2026-04-12T21:10:03+00:00\" \/>\n<meta property=\"og:image\" content=\"https:\/\/positiveprints.com\/wp-content\/uploads\/2024\/10\/Packshot_IT_The-Night-We-Got-Engagedproduct-image.webp\" \/>\n\t<meta property=\"og:image:width\" content=\"1450\" \/>\n\t<meta property=\"og:image:height\" content=\"1450\" \/>\n\t<meta property=\"og:image:type\" content=\"image\/webp\" \/>\n<meta name=\"twitter:card\" content=\"summary_large_image\" \/>\n<meta name=\"twitter:label1\" content=\"Tempo di lettura stimato\" \/>\n\t<meta name=\"twitter:data1\" content=\"2 minuti\" \/>\n<!-- \/ Yoast SEO Premium plugin. -->","yoast_head_json":{"title":"La Notte in Cui Ci Siamo Fidanzati - Positive Prints","description":"Personalizza La Notte in cui ci Siamo Fidanzati e lascia che la magia della stelle illumini le vostre vite per sempre.","robots":{"index":"index","follow":"follow","max-snippet":"max-snippet:-1","max-image-preview":"max-image-preview:large","max-video-preview":"max-video-preview:-1"},"canonical":"https:\/\/positiveprints.com\/it\/prodotto\/la-notte-in-cui-ci-siamo-fidanzati\/","og_locale":"it_IT","og_type":"article","og_title":"La Notte in Cui Ci Siamo Fidanzati","og_description":"Aggiungi pianeti, costellazioni e la Via Lattea  Personalizzala in 3 semplici passaggi  Includi un testo personalizzato ricco di significato  Controlla l\u2019anteprima a ogni modifica","og_url":"https:\/\/positiveprints.com\/it\/prodotto\/la-notte-in-cui-ci-siamo-fidanzati\/","og_site_name":"Positive Prints","article_publisher":"https:\/\/www.facebook.com\/positiveprintscom","article_modified_time":"2026-04-12T21:10:03+00:00","og_image":[{"width":1450,"height":1450,"url":"https:\/\/positiveprints.com\/wp-content\/uploads\/2024\/10\/Packshot_IT_The-Night-We-Got-Engagedproduct-image.webp","type":"image\/webp"}],"twitter_card":"summary_large_image","twitter_misc":{"Tempo di lettura stimato":"2 minuti"},"schema":{"@context":"https:\/\/schema.org","@graph":[{"@type":["WebPage","ItemPage"],"@id":"https:\/\/positiveprints.com\/it\/prodotto\/la-notte-in-cui-ci-siamo-fidanzati\/","url":"https:\/\/positiveprints.com\/it\/prodotto\/la-notte-in-cui-ci-siamo-fidanzati\/","name":"La Notte in Cui Ci Siamo Fidanzati - Positive Prints","isPartOf":{"@id":"https:\/\/positiveprints.com\/it\/#website"},"primaryImageOfPage":{"@id":"https:\/\/positiveprints.com\/it\/prodotto\/la-notte-in-cui-ci-siamo-fidanzati\/#primaryimage"},"image":{"@id":"https:\/\/positiveprints.com\/it\/prodotto\/la-notte-in-cui-ci-siamo-fidanzati\/#primaryimage"},"thumbnailUrl":"https:\/\/positiveprints.com\/wp-content\/uploads\/2024\/10\/Packshot_IT_The-Night-We-Got-Engagedproduct-image.webp","datePublished":"2023-06-15T10:33:16+00:00","dateModified":"2026-04-12T21:10:03+00:00","description":"Personalizza La Notte in cui ci Siamo Fidanzati e lascia che la magia della stelle illumini le vostre vite per sempre.","breadcrumb":{"@id":"https:\/\/positiveprints.com\/it\/prodotto\/la-notte-in-cui-ci-siamo-fidanzati\/#breadcrumb"},"inLanguage":"it-IT","potentialAction":[{"@type":"ReadAction","target":["https:\/\/positiveprints.com\/it\/prodotto\/la-notte-in-cui-ci-siamo-fidanzati\/"]}]},{"@type":"ImageObject","inLanguage":"it-IT","@id":"https:\/\/positiveprints.com\/it\/prodotto\/la-notte-in-cui-ci-siamo-fidanzati\/#primaryimage","url":"https:\/\/positiveprints.com\/wp-content\/uploads\/2024\/10\/Packshot_IT_The-Night-We-Got-Engagedproduct-image.webp","contentUrl":"https:\/\/positiveprints.com\/wp-content\/uploads\/2024\/10\/Packshot_IT_The-Night-We-Got-Engagedproduct-image.webp","width":1450,"height":1450},{"@type":"BreadcrumbList","@id":"https:\/\/positiveprints.com\/it\/prodotto\/la-notte-in-cui-ci-siamo-fidanzati\/#breadcrumb","itemListElement":[{"@type":"ListItem","position":1,"name":"Home","item":"https:\/\/positiveprints.com\/it\/"},{"@type":"ListItem","position":2,"name":"Prodotti","item":"https:\/\/positiveprints.com\/it\/shop\/"},{"@type":"ListItem","position":3,"name":"La Notte in Cui Ci Siamo Fidanzati"}]},{"@type":"WebSite","@id":"https:\/\/positiveprints.com\/it\/#website","url":"https:\/\/positiveprints.com\/it\/","name":"Positive Prints","description":"Amazing Custom Personalized Gifts","publisher":{"@id":"https:\/\/positiveprints.com\/it\/#organization"},"potentialAction":[{"@type":"SearchAction","target":{"@type":"EntryPoint","urlTemplate":"https:\/\/positiveprints.com\/it\/?s={search_term_string}"},"query-input":{"@type":"PropertyValueSpecification","valueRequired":true,"valueName":"search_term_string"}}],"inLanguage":"it-IT"},{"@type":"Organization","@id":"https:\/\/positiveprints.com\/it\/#organization","name":"Positive Prints","alternateName":"Positive Prints","url":"https:\/\/positiveprints.com\/it\/","logo":{"@type":"ImageObject","inLanguage":"it-IT","@id":"https:\/\/positiveprints.com\/it\/#\/schema\/logo\/image\/","url":"https:\/\/positiveprints.com\/wp-content\/uploads\/2026\/03\/245815646_1337939713319158_5671353136411139666_n.png","contentUrl":"https:\/\/positiveprints.com\/wp-content\/uploads\/2026\/03\/245815646_1337939713319158_5671353136411139666_n.png","width":800,"height":800,"caption":"Positive Prints"},"image":{"@id":"https:\/\/positiveprints.com\/it\/#\/schema\/logo\/image\/"},"sameAs":["https:\/\/www.facebook.com\/positiveprintscom","https:\/\/www.instagram.com\/positiveprintscom\/","https:\/\/www.tiktok.com\/@positiveprintscom","https:\/\/www.pinterest.com\/positiveprintscom\/"]}]}},"jetpack_sharing_enabled":true,"_links":{"self":[{"href":"https:\/\/positiveprints.com\/it\/wp-json\/wp\/v2\/product\/1013284","targetHints":{"allow":["GET"]}}],"collection":[{"href":"https:\/\/positiveprints.com\/it\/wp-json\/wp\/v2\/product"}],"about":[{"href":"https:\/\/positiveprints.com\/it\/wp-json\/wp\/v2\/types\/product"}],"wp:featuredmedia":[{"embeddable":true,"href":"https:\/\/positiveprints.com\/it\/wp-json\/wp\/v2\/media\/1229833"}],"wp:attachment":[{"href":"https:\/\/positiveprints.com\/it\/wp-json\/wp\/v2\/media?parent=1013284"}],"wp:term":[{"taxonomy":"product_brand","embeddable":true,"href":"https:\/\/positiveprints.com\/it\/wp-json\/wp\/v2\/product_brand?post=1013284"},{"taxonomy":"product_cat","embeddable":true,"href":"https:\/\/positiveprints.com\/it\/wp-json\/wp\/v2\/product_cat?post=1013284"},{"taxonomy":"product_tag","embeddable":true,"href":"https:\/\/positiveprints.com\/it\/wp-json\/wp\/v2\/product_tag?post=1013284"}],"curies":[{"name":"wp","href":"https:\/\/api.w.org\/{rel}","templated":true}]}}