{"id":1007195,"date":"2023-11-30T15:40:12","date_gmt":"2023-11-30T14:40:12","guid":{"rendered":"https:\/\/positiveprints.com\/product\/aquarell-karte-unser-erstes-date\/"},"modified":"2026-04-23T11:12:29","modified_gmt":"2026-04-23T10:12:29","slug":"mappa-acquerellata-il-nostro-primo-appuntamento","status":"publish","type":"product","link":"https:\/\/positiveprints.com\/it\/prodotto\/mappa-acquerellata-il-nostro-primo-appuntamento\/","title":{"rendered":"Mappa acquerellata &#8211; Il nostro primo appuntamento"},"content":{"rendered":"Regala qualcosa di davvero speciale con la Mappa del Nostro Primo Appuntamento in Acquerello. Un modo unico per celebrare il luogo in cui ha avuto inizio la vostra storia d\u2019amore, con il primo appuntamento. Questo regalo personalizzato \u00e8 perfetto per compleanni, anniversari, matrimoni o qualsiasi occasione speciale in cui creare un ricordo capace di sorprendere per sempre.\r\n\r\n<h2>L\u2019inizio Della Vostra Storia d\u2019Amore<\/h2>\r\n\r\nCattura l&#8217;essenza della tua storia d\u2019amore con la Mappa del Nostro Primo Appuntamento in Acquerello. Grazie al nostro editor, hai tutta la libert\u00e0 di scegliere tra gli stili in acquerello predefiniti o personalizzare la tua palette colori e rendere la tua mappa davvero unica. Aggiungi un pizzico di nostalagia facendo apparire la data del vostro primo incontro subito sotto la mappa. In pi\u00f9, puoi mettere in rilsalto lo stato, la regione o la citt\u00e0 in cui ha avuto luogo il vostro primo appuntamento e contrassegnarlo con un indicatore a forma di cuore.\r\n\r\nCon un tuo messaggio da aggiungere sotto la scritta \u201cIl Nostro Primo Appuntamento\u201d, puoi personalizzare ancora di pi\u00f9 la tua creazione. Questo campo \u00e8 perfetto per includere una citazione, un verso di una canzone, i vostri nomi o altri dettagli personali. L\u2019anteprima istantanea inclusa nel nostro editor online ti permette di visualizzare la tua opera d\u2019arte, cos\u00ec da poter catturare l\u2019essenza di quel giorno memorabile modifica dopo modifica.\r\n\r\n<h2>Mappa del Nostro Primo Appuntamento in Acquerello: Un Regalo Indimenticabile<\/h2>\r\n\r\nDona un regalo indimenticabile con la Mappa del Nostro Primo Appuntamento in Acquerello. Ogni volta che la guarderete, il suo design vi riporter\u00e0 a quel magico primo appuntamento, riaccendendo le emozioni che avete condiviso. Che si tratti di anniversari, compleanni, matrimoni o qualsiasi altro evento speciale, questa mappa personalizzata trasforma il vostro legame in una connessione ancora pi\u00f9 speciale.\r\n\r\nDimostra tutto il tuo amore alla tua dolce met\u00e0 con un regalo tangibile della vostra vita vissuta insieme. Realizzata con amore, questa mappa \u00e8 un ricordo che resiste alla prova del tempo. \u00c8 il modo perfetto per conservare le emozioni e i sentimenti legati a quel momento cruciale per entrambi. Crea subito ricordi indelebili con la Mappa del Nostro Primo Appuntamento in Acquerello \u2013 il regalo che non smette mai di sorprendere.","protected":false},"excerpt":{"rendered":"<ul class=\"check-list\">\n<li>Riporta la sensazione speciale del vostro primo appuntamento<\/li>\n<li>Scegli un simbolo per mettere in risalto un luogo speciale<\/li>\n<li>Personalizzala in 3 semplici passaggi<\/li>\n<li>Seleziona un template o scatena la tua creativit\u00e0<\/li>\n<li>Tieni d\u2019occhio l\u2019anteprima a ogni modifica<\/li>\n<\/ul>\n","protected":false},"featured_media":1030640,"template":"","meta":[],"product_brand":[],"product_cat":[9705,7688,8008,4449],"product_tag":[9734],"class_list":{"0":"post-1007195","1":"product","2":"type-product","3":"status-publish","4":"has-post-thumbnail","6":"product_cat-contour-it","7":"product_cat-regali-da-donna","8":"product_cat-regali-da-uomo","9":"product_cat-tutti-i-prodotti","10":"product_tag-couple-it","12":"first","13":"instock","14":"sale","15":"taxable","16":"shipping-taxable","17":"purchasable","18":"product-type-variable"},"yoast_head":"<!-- This site is optimized with the Yoast SEO Premium plugin v27.2 (Yoast SEO v27.2) - https:\/\/yoast.com\/product\/yoast-seo-premium-wordpress\/ -->\n<title>Mappa acquerellata - Il nostro primo appuntamento - Positive Prints<\/title>\n<meta name=\"description\" content=\"Crea ricordi indimenticabili con la nostra mappa acquerellata personalizzata del vostro primo appuntamento - il regalo perfetto.\" \/>\n<meta name=\"robots\" content=\"index, follow, max-snippet:-1, max-image-preview:large, max-video-preview:-1\" \/>\n<link rel=\"canonical\" href=\"https:\/\/positiveprints.com\/it\/prodotto\/mappa-acquerellata-il-nostro-primo-appuntamento\/\" \/>\n<meta property=\"og:locale\" content=\"it_IT\" \/>\n<meta property=\"og:type\" content=\"article\" \/>\n<meta property=\"og:title\" content=\"Mappa acquerellata - Il nostro primo appuntamento\" \/>\n<meta property=\"og:description\" content=\"Riporta la sensazione speciale del vostro primo appuntamento  Scegli un simbolo per mettere in risalto un luogo speciale  Personalizzala in 3 semplici passaggi  Seleziona un template o scatena la tua creativit\u00e0  Tieni d\u2019occhio l\u2019anteprima a ogni modifica\" \/>\n<meta property=\"og:url\" content=\"https:\/\/positiveprints.com\/it\/prodotto\/mappa-acquerellata-il-nostro-primo-appuntamento\/\" \/>\n<meta property=\"og:site_name\" content=\"Positive Prints\" \/>\n<meta property=\"article:publisher\" content=\"https:\/\/www.facebook.com\/positiveprintscom\" \/>\n<meta property=\"article:modified_time\" content=\"2026-04-23T10:12:29+00:00\" \/>\n<meta property=\"og:image\" content=\"https:\/\/positiveprints.com\/wp-content\/uploads\/2024\/01\/Mappa-acquerellata-del-nostro-primo-appuntamento.jpg\" \/>\n\t<meta property=\"og:image:width\" content=\"1080\" \/>\n\t<meta property=\"og:image:height\" content=\"1080\" \/>\n\t<meta property=\"og:image:type\" content=\"image\/jpeg\" \/>\n<meta name=\"twitter:card\" content=\"summary_large_image\" \/>\n<!-- \/ Yoast SEO Premium plugin. -->","yoast_head_json":{"title":"Mappa acquerellata - Il nostro primo appuntamento - Positive Prints","description":"Crea ricordi indimenticabili con la nostra mappa acquerellata personalizzata del vostro primo appuntamento - il regalo perfetto.","robots":{"index":"index","follow":"follow","max-snippet":"max-snippet:-1","max-image-preview":"max-image-preview:large","max-video-preview":"max-video-preview:-1"},"canonical":"https:\/\/positiveprints.com\/it\/prodotto\/mappa-acquerellata-il-nostro-primo-appuntamento\/","og_locale":"it_IT","og_type":"article","og_title":"Mappa acquerellata - Il nostro primo appuntamento","og_description":"Riporta la sensazione speciale del vostro primo appuntamento  Scegli un simbolo per mettere in risalto un luogo speciale  Personalizzala in 3 semplici passaggi  Seleziona un template o scatena la tua creativit\u00e0  Tieni d\u2019occhio l\u2019anteprima a ogni modifica","og_url":"https:\/\/positiveprints.com\/it\/prodotto\/mappa-acquerellata-il-nostro-primo-appuntamento\/","og_site_name":"Positive Prints","article_publisher":"https:\/\/www.facebook.com\/positiveprintscom","article_modified_time":"2026-04-23T10:12:29+00:00","og_image":[{"width":1080,"height":1080,"url":"https:\/\/positiveprints.com\/wp-content\/uploads\/2024\/01\/Mappa-acquerellata-del-nostro-primo-appuntamento.jpg","type":"image\/jpeg"}],"twitter_card":"summary_large_image","schema":{"@context":"https:\/\/schema.org","@graph":[{"@type":["WebPage","ItemPage"],"@id":"https:\/\/positiveprints.com\/it\/prodotto\/mappa-acquerellata-il-nostro-primo-appuntamento\/","url":"https:\/\/positiveprints.com\/it\/prodotto\/mappa-acquerellata-il-nostro-primo-appuntamento\/","name":"Mappa acquerellata - Il nostro primo appuntamento - Positive Prints","isPartOf":{"@id":"https:\/\/positiveprints.com\/it\/#website"},"primaryImageOfPage":{"@id":"https:\/\/positiveprints.com\/it\/prodotto\/mappa-acquerellata-il-nostro-primo-appuntamento\/#primaryimage"},"image":{"@id":"https:\/\/positiveprints.com\/it\/prodotto\/mappa-acquerellata-il-nostro-primo-appuntamento\/#primaryimage"},"thumbnailUrl":"https:\/\/positiveprints.com\/wp-content\/uploads\/2024\/01\/Mappa-acquerellata-del-nostro-primo-appuntamento.jpg","datePublished":"2023-11-30T14:40:12+00:00","dateModified":"2026-04-23T10:12:29+00:00","description":"Crea ricordi indimenticabili con la nostra mappa acquerellata personalizzata del vostro primo appuntamento - il regalo perfetto.","breadcrumb":{"@id":"https:\/\/positiveprints.com\/it\/prodotto\/mappa-acquerellata-il-nostro-primo-appuntamento\/#breadcrumb"},"inLanguage":"it-IT","potentialAction":[{"@type":"ReadAction","target":["https:\/\/positiveprints.com\/it\/prodotto\/mappa-acquerellata-il-nostro-primo-appuntamento\/"]}]},{"@type":"ImageObject","inLanguage":"it-IT","@id":"https:\/\/positiveprints.com\/it\/prodotto\/mappa-acquerellata-il-nostro-primo-appuntamento\/#primaryimage","url":"https:\/\/positiveprints.com\/wp-content\/uploads\/2024\/01\/Mappa-acquerellata-del-nostro-primo-appuntamento.jpg","contentUrl":"https:\/\/positiveprints.com\/wp-content\/uploads\/2024\/01\/Mappa-acquerellata-del-nostro-primo-appuntamento.jpg","width":1080,"height":1080,"caption":"Mappa acquerellata del nostro primo appuntamento"},{"@type":"BreadcrumbList","@id":"https:\/\/positiveprints.com\/it\/prodotto\/mappa-acquerellata-il-nostro-primo-appuntamento\/#breadcrumb","itemListElement":[{"@type":"ListItem","position":1,"name":"Home","item":"https:\/\/positiveprints.com\/it\/"},{"@type":"ListItem","position":2,"name":"Prodotti","item":"https:\/\/positiveprints.com\/it\/shop\/"},{"@type":"ListItem","position":3,"name":"Mappa acquerellata &#8211; Il nostro primo appuntamento"}]},{"@type":"WebSite","@id":"https:\/\/positiveprints.com\/it\/#website","url":"https:\/\/positiveprints.com\/it\/","name":"Positive Prints","description":"Amazing Custom Personalized Gifts","publisher":{"@id":"https:\/\/positiveprints.com\/it\/#organization"},"potentialAction":[{"@type":"SearchAction","target":{"@type":"EntryPoint","urlTemplate":"https:\/\/positiveprints.com\/it\/?s={search_term_string}"},"query-input":{"@type":"PropertyValueSpecification","valueRequired":true,"valueName":"search_term_string"}}],"inLanguage":"it-IT"},{"@type":"Organization","@id":"https:\/\/positiveprints.com\/it\/#organization","name":"Positive Prints","alternateName":"Positive Prints","url":"https:\/\/positiveprints.com\/it\/","logo":{"@type":"ImageObject","inLanguage":"it-IT","@id":"https:\/\/positiveprints.com\/it\/#\/schema\/logo\/image\/","url":"https:\/\/positiveprints.com\/wp-content\/uploads\/2026\/03\/245815646_1337939713319158_5671353136411139666_n.png","contentUrl":"https:\/\/positiveprints.com\/wp-content\/uploads\/2026\/03\/245815646_1337939713319158_5671353136411139666_n.png","width":800,"height":800,"caption":"Positive Prints"},"image":{"@id":"https:\/\/positiveprints.com\/it\/#\/schema\/logo\/image\/"},"sameAs":["https:\/\/www.facebook.com\/positiveprintscom","https:\/\/www.instagram.com\/positiveprintscom\/","https:\/\/www.tiktok.com\/@positiveprintscom","https:\/\/www.pinterest.com\/positiveprintscom\/"]}]}},"jetpack_sharing_enabled":true,"_links":{"self":[{"href":"https:\/\/positiveprints.com\/it\/wp-json\/wp\/v2\/product\/1007195","targetHints":{"allow":["GET"]}}],"collection":[{"href":"https:\/\/positiveprints.com\/it\/wp-json\/wp\/v2\/product"}],"about":[{"href":"https:\/\/positiveprints.com\/it\/wp-json\/wp\/v2\/types\/product"}],"wp:featuredmedia":[{"embeddable":true,"href":"https:\/\/positiveprints.com\/it\/wp-json\/wp\/v2\/media\/1030640"}],"wp:attachment":[{"href":"https:\/\/positiveprints.com\/it\/wp-json\/wp\/v2\/media?parent=1007195"}],"wp:term":[{"taxonomy":"product_brand","embeddable":true,"href":"https:\/\/positiveprints.com\/it\/wp-json\/wp\/v2\/product_brand?post=1007195"},{"taxonomy":"product_cat","embeddable":true,"href":"https:\/\/positiveprints.com\/it\/wp-json\/wp\/v2\/product_cat?post=1007195"},{"taxonomy":"product_tag","embeddable":true,"href":"https:\/\/positiveprints.com\/it\/wp-json\/wp\/v2\/product_tag?post=1007195"}],"curies":[{"name":"wp","href":"https:\/\/api.w.org\/{rel}","templated":true}]}}