{"id":41018,"date":"2021-01-15T12:49:58","date_gmt":"2021-01-15T10:49:58","guid":{"rendered":"https:\/\/positiveprints.com\/politica-di-reso\/"},"modified":"2024-09-12T11:14:44","modified_gmt":"2024-09-12T09:14:44","slug":"politica-di-reso","status":"publish","type":"page","link":"https:\/\/positiveprints.com\/it\/politica-di-reso\/","title":{"rendered":"Politica Di Reso"},"content":{"rendered":"<h1 class=\"grenB\" style=\"text-align: center;\">Politica Di Reso<\/h1><br>\n\n<span style=\"font-weight: 400;\">Il nostro obiettivo \u00e8 quello di fornire un servizio eccellente sotto ogni sfaccettatura: stampe di alta qualit\u00e0, consegna rapida, assistenza clienti disponibile e buon rapporto qualit\u00e0 prezzo.<\/span><br><br>\n\n<span style=\"font-weight: 400;\"><strong>Se hai cambiato idea e vuoi modificare il design della tua creazione o hai trovato un errore di battitura nel tuo testo, contattaci immediatamente scrivendo a hello@positiveprints.com. Qualsiasi eventuale modifica deve essere richiesta entro 2 ore dalla conferma dell&#8217;ordine.<\/strong> Trascorso questo lasso di tempo, il tuo ordine sar\u00e0 gi\u00e0 in fase di stampa e non potr\u00e0 pi\u00f9 essere modificato.<\/span><br><br>\n\n<span style=\"font-weight: 400;\">Tutti i nostri prodotti sono personalizzati e realizzati su ordinazione, motivo per cui le opzioni di reso sono limitate.<\/span><br><br>\n\n<span style=\"font-weight: 400;\">La nostra priorit\u00e0 \u00e8 quella di saperti felice al 100% con il tuo ordine, perci\u00f2 se:<\/span>\n<ul>\n \t<li><span style=\"font-weight: 400;\"><\/span> <span style=\"font-weight: 400;\">Il prodotto che hai ordinato arriva particolarmente danneggiato<\/span><\/li>\n \t<li><span style=\"font-weight: 400;\"><\/span> <span style=\"font-weight: 400;\">Hai ricevuto un prodotto diverso o la stampa \u00e8 significativamente diversa rispetto a quella mostrata nel nostro sito<\/span><\/li>\n \t<li><span style=\"font-weight: 400;\"><\/span><span style=\"font-weight: 400;\">Il tuo ordine \u00e8 stato inviato a un indirizzo sbagliato a seguito di un errore<\/span><\/li>\n<\/ul>\n<span style=\"font-weight: 400;\">Scrivi a hello@positiveprints.com, allega una foto e spiegaci cosa \u00e8 andata storto. Siamo pronti a rimborsarti o a sostituire il prodotto entro 7 giorni lavorativi. Non hai bisogno di spedire indietro il tuo primo ordine.<\/span><br><br>\n\n<span style=\"font-weight: 400;\">&nbsp;Se hai concluso il tuo ordine con una Gift Card, riceverai il rimborso tramite una nuova Gift Card.<\/span><br><br>\n\n<span style=\"font-weight: 400;\">SSe l&#8217;ordine \u00e8 stato consegnato a un indirizzo sbagliato che hai inserito per errore, ci impegniamo a realizzare e spedire una nuova creazione. Tuttavia, ti addebiteremo il 50% dei costi. Altrimenti, puoi aspettare che l&#8217;ordine venga restituito e, se il pacco non \u00e8 stato danneggiato durante il trasporto, saremo felici di rispedirtelo all&#8217;indirizzo corretto \u2013 dovrai solo farti carico dei costi di spedizione (calcolati su base individuale).<\/span><br><br>\n\n<b>I resi vengono conservati nel nostro laboratorio per un massimo di 30 giorni.<\/b><br><br>\n\n<b>Accettiamo richieste di rimborso o sostituzione entro 30 giorni dalla data di acquisto. Tutti gli acquisti in formato digitale non sono rimborsabili.<\/b>\n<br>\n<b>Per leggere di pi\u00f9 sulla nostra politica di reso, puoi trovare tutte le informazioni di cui hai bisogno nella pagina dedicata.<\/b>","protected":false},"excerpt":{"rendered":"<p>Politica Di Reso Il nostro obiettivo \u00e8 quello di fornire un servizio eccellente sotto ogni sfaccettatura: stampe di alta qualit\u00e0, consegna rapida, assistenza clienti disponibile e buon rapporto qualit\u00e0 prezzo. Se hai cambiato idea e vuoi modificare il design della tua creazione o hai trovato un errore di battitura nel tuo testo, contattaci immediatamente scrivendo [&hellip;]<\/p>\n","protected":false},"author":1,"featured_media":0,"parent":0,"menu_order":0,"comment_status":"closed","ping_status":"closed","template":"informational-page.php","meta":{"footnotes":""},"class_list":["post-41018","page","type-page","status-publish","hentry"],"yoast_head":"<!-- This site is optimized with the Yoast SEO Premium plugin v27.2 (Yoast SEO v27.2) - https:\/\/yoast.com\/product\/yoast-seo-premium-wordpress\/ -->\n<title>Politica Di Reso - Positive Prints<\/title>\n<meta name=\"robots\" content=\"noindex, follow\" \/>\n<meta property=\"og:locale\" content=\"it_IT\" \/>\n<meta property=\"og:type\" content=\"article\" \/>\n<meta property=\"og:title\" content=\"Politica Di Reso\" \/>\n<meta property=\"og:description\" content=\"Politica Di Reso Il nostro obiettivo \u00e8 quello di fornire un servizio eccellente sotto ogni sfaccettatura: stampe di alta qualit\u00e0, consegna rapida,\" \/>\n<meta property=\"og:url\" content=\"https:\/\/positiveprints.com\/it\/politica-di-reso\/\" \/>\n<meta property=\"og:site_name\" content=\"Positive Prints\" \/>\n<meta property=\"article:publisher\" content=\"https:\/\/www.facebook.com\/positiveprintscom\" \/>\n<meta property=\"article:modified_time\" content=\"2024-09-12T09:14:44+00:00\" \/>\n<meta property=\"og:image\" content=\"https:\/\/positiveprints.com\/wp-content\/uploads\/2026\/03\/Open-graph-2026-1200x630-1.jpg\" \/>\n\t<meta property=\"og:image:width\" content=\"1200\" \/>\n\t<meta property=\"og:image:height\" content=\"630\" \/>\n\t<meta property=\"og:image:type\" content=\"image\/jpeg\" \/>\n<meta name=\"twitter:card\" content=\"summary_large_image\" \/>\n<meta name=\"twitter:label1\" content=\"Tempo di lettura stimato\" \/>\n\t<meta name=\"twitter:data1\" content=\"2 minuti\" \/>\n<!-- \/ Yoast SEO Premium plugin. -->","yoast_head_json":{"title":"Politica Di Reso - Positive Prints","robots":{"index":"noindex","follow":"follow"},"og_locale":"it_IT","og_type":"article","og_title":"Politica Di Reso","og_description":"Politica Di Reso Il nostro obiettivo \u00e8 quello di fornire un servizio eccellente sotto ogni sfaccettatura: stampe di alta qualit\u00e0, consegna rapida,","og_url":"https:\/\/positiveprints.com\/it\/politica-di-reso\/","og_site_name":"Positive Prints","article_publisher":"https:\/\/www.facebook.com\/positiveprintscom","article_modified_time":"2024-09-12T09:14:44+00:00","og_image":[{"width":1200,"height":630,"url":"https:\/\/positiveprints.com\/wp-content\/uploads\/2026\/03\/Open-graph-2026-1200x630-1.jpg","type":"image\/jpeg"}],"twitter_card":"summary_large_image","twitter_misc":{"Tempo di lettura stimato":"2 minuti"},"schema":{"@context":"https:\/\/schema.org","@graph":[{"@type":"WebPage","@id":"https:\/\/positiveprints.com\/it\/politica-di-reso\/","url":"https:\/\/positiveprints.com\/it\/politica-di-reso\/","name":"Politica Di Reso - Positive Prints","isPartOf":{"@id":"https:\/\/positiveprints.com\/it\/#website"},"datePublished":"2021-01-15T10:49:58+00:00","dateModified":"2024-09-12T09:14:44+00:00","breadcrumb":{"@id":"https:\/\/positiveprints.com\/it\/politica-di-reso\/#breadcrumb"},"inLanguage":"it-IT","potentialAction":[{"@type":"ReadAction","target":["https:\/\/positiveprints.com\/it\/politica-di-reso\/"]}]},{"@type":"BreadcrumbList","@id":"https:\/\/positiveprints.com\/it\/politica-di-reso\/#breadcrumb","itemListElement":[{"@type":"ListItem","position":1,"name":"Home","item":"https:\/\/positiveprints.com\/it\/"},{"@type":"ListItem","position":2,"name":"Politica Di Reso"}]},{"@type":"WebSite","@id":"https:\/\/positiveprints.com\/it\/#website","url":"https:\/\/positiveprints.com\/it\/","name":"Positive Prints","description":"Amazing Custom Personalized Gifts","publisher":{"@id":"https:\/\/positiveprints.com\/it\/#organization"},"potentialAction":[{"@type":"SearchAction","target":{"@type":"EntryPoint","urlTemplate":"https:\/\/positiveprints.com\/it\/?s={search_term_string}"},"query-input":{"@type":"PropertyValueSpecification","valueRequired":true,"valueName":"search_term_string"}}],"inLanguage":"it-IT"},{"@type":"Organization","@id":"https:\/\/positiveprints.com\/it\/#organization","name":"Positive Prints","alternateName":"Positive Prints","url":"https:\/\/positiveprints.com\/it\/","logo":{"@type":"ImageObject","inLanguage":"it-IT","@id":"https:\/\/positiveprints.com\/it\/#\/schema\/logo\/image\/","url":"https:\/\/positiveprints.com\/wp-content\/uploads\/2026\/03\/245815646_1337939713319158_5671353136411139666_n.png","contentUrl":"https:\/\/positiveprints.com\/wp-content\/uploads\/2026\/03\/245815646_1337939713319158_5671353136411139666_n.png","width":800,"height":800,"caption":"Positive Prints"},"image":{"@id":"https:\/\/positiveprints.com\/it\/#\/schema\/logo\/image\/"},"sameAs":["https:\/\/www.facebook.com\/positiveprintscom","https:\/\/www.instagram.com\/positiveprintscom\/","https:\/\/www.tiktok.com\/@positiveprintscom","https:\/\/www.pinterest.com\/positiveprintscom\/"]}]}},"jetpack_sharing_enabled":true,"_links":{"self":[{"href":"https:\/\/positiveprints.com\/it\/wp-json\/wp\/v2\/pages\/41018","targetHints":{"allow":["GET"]}}],"collection":[{"href":"https:\/\/positiveprints.com\/it\/wp-json\/wp\/v2\/pages"}],"about":[{"href":"https:\/\/positiveprints.com\/it\/wp-json\/wp\/v2\/types\/page"}],"author":[{"embeddable":true,"href":"https:\/\/positiveprints.com\/it\/wp-json\/wp\/v2\/users\/1"}],"replies":[{"embeddable":true,"href":"https:\/\/positiveprints.com\/it\/wp-json\/wp\/v2\/comments?post=41018"}],"version-history":[{"count":0,"href":"https:\/\/positiveprints.com\/it\/wp-json\/wp\/v2\/pages\/41018\/revisions"}],"wp:attachment":[{"href":"https:\/\/positiveprints.com\/it\/wp-json\/wp\/v2\/media?parent=41018"}],"curies":[{"name":"wp","href":"https:\/\/api.w.org\/{rel}","templated":true}]}}