{"id":1480883,"date":"2023-11-16T07:14:54","date_gmt":"2023-11-16T06:14:54","guid":{"rendered":"https:\/\/positiveprints.com\/jewelry-care\/"},"modified":"2025-07-30T23:33:28","modified_gmt":"2025-07-30T21:33:28","slug":"cura-dei-gioielli","status":"publish","type":"page","link":"https:\/\/positiveprints.com\/it\/cura-dei-gioielli\/","title":{"rendered":"Jewelry Care"},"content":{"rendered":"<h2 class=\"wp-block-heading grenB\" id=\"h-come-prenderti-cura-dei-tuoi-gioielli-positive-prints\"><strong>Come prenderti cura dei tuoi gioielli Positive Prints?<\/strong><\/h2><div style=\"height:20px\" aria-hidden=\"true\" class=\"wp-block-spacer\"><\/div><h3 class=\"wp-block-heading grenB\" id=\"h-evitare-acqua-e-umidita\"><strong>Evitare acqua<\/strong> <strong>e umidit\u00e0<\/strong><\/h3><div style=\"height:10px\" aria-hidden=\"true\" class=\"wp-block-spacer\"><\/div><div class=\"wp-block-columns is-layout-flex wp-container-core-columns-is-layout-9d6595d7 wp-block-columns-is-layout-flex\"><div class=\"wp-block-column is-layout-flow wp-block-column-is-layout-flow\"><figure class=\"wp-block-image size-full is-resized\"><img loading=\"lazy\" decoding=\"async\" width=\"191\" height=\"168\" src=\"https:\/\/positiveprints.com\/wp-content\/uploads\/2024\/03\/avoid-water-and-humidity-icon.png\" alt=\"\" class=\"wp-image-1083131\" style=\"width:106px;height:auto\"\/><\/figure><\/div>\n\n<div class=\"wp-block-column is-vertically-aligned-center is-layout-flow wp-block-column-is-layout-flow\"><p>I gioielli sono beni preziosi che meritano di essere trattati con la dovuta cura e manutenzione. Il contatto diretto con l&#8217;acqua, del rubinetto, di una piscina o del mare, pu\u00f2 influire negativamente sull&#8217;aspetto dei gioielli. Potrebbero perdere la loro lucentezza, scolorirsi o opacizzarsi. Pertanto, \u00e8 essenziale rimuovere i gioielli prima di fare il bagno o di svolgere qualsiasi lavoro domestico.<\/p>\n\n<p>Togli i gioielli quando fai la doccia o il bagno, in particolare quando ti trovi in spiaggia, in mare e in acqua con cloro.<\/p><\/div><\/div><div style=\"height:25px\" aria-hidden=\"true\" class=\"wp-block-spacer\"><\/div><h3 class=\"wp-block-heading grenB\" id=\"h-protezione-dai-prodotti-chimici\"><strong>Protezione dai prodotti chimici<\/strong><\/h3><div style=\"height:10px\" aria-hidden=\"true\" class=\"wp-block-spacer\"><\/div><div class=\"wp-block-columns is-layout-flex wp-container-core-columns-is-layout-9d6595d7 wp-block-columns-is-layout-flex\"><div class=\"wp-block-column is-layout-flow wp-block-column-is-layout-flow\"><figure class=\"wp-block-image size-full is-resized\"><img loading=\"lazy\" decoding=\"async\" width=\"169\" height=\"168\" src=\"https:\/\/positiveprints.com\/wp-content\/uploads\/2024\/03\/protect-against-chemicals-icon.png\" alt=\"\" class=\"wp-image-1083146\" style=\"width:107px;height:auto\" srcset=\"https:\/\/positiveprints.com\/wp-content\/uploads\/2024\/03\/protect-against-chemicals-icon.png 169w, https:\/\/positiveprints.com\/wp-content\/uploads\/2024\/03\/protect-against-chemicals-icon-150x150.png 150w, https:\/\/positiveprints.com\/wp-content\/uploads\/2024\/03\/protect-against-chemicals-icon-100x100.png 100w\" sizes=\"auto, (max-width: 169px) 100vw, 169px\" \/><\/figure><\/div>\n\n<div class=\"wp-block-column is-vertically-aligned-center is-layout-flow wp-block-column-is-layout-flow\"><p>Detersivi e prodotti chimici utilizzati in cucina, in bagno e nei cosmetici (lacche per capelli, deodoranti, profumi) possono causare lo scolorimento dei gioielli o della pelle nella zona di contatto. L&#8217;argento reagisce in modo particolarmente forte ai composti chimici cambiando colore.<\/p>\n\n<p>Evita di spruzzare profumi o applicare creme direttamente sui gioielli.<\/p><\/div><\/div><div style=\"height:25px\" aria-hidden=\"true\" class=\"wp-block-spacer\"><\/div><h3 class=\"wp-block-heading grenB\" id=\"h-conserva-i-tuoi-gioielli-in-un-luogo-pulito-e-asciutto\"><strong>Conserva i tuoi gioielli in un luogo pulito e asciutto<\/strong><\/h3><div style=\"height:10px\" aria-hidden=\"true\" class=\"wp-block-spacer\"><\/div><div class=\"wp-block-columns is-layout-flex wp-container-core-columns-is-layout-9d6595d7 wp-block-columns-is-layout-flex\"><div class=\"wp-block-column is-vertically-aligned-top is-layout-flow wp-block-column-is-layout-flow\"><figure class=\"wp-block-image size-full is-resized\"><img loading=\"lazy\" decoding=\"async\" width=\"167\" height=\"168\" src=\"https:\/\/positiveprints.com\/wp-content\/uploads\/2024\/03\/store-your-jewelry-in-a-clean-dry-space-icon.png\" alt=\"\" class=\"wp-image-1083162\" style=\"width:96px;height:auto\" srcset=\"https:\/\/positiveprints.com\/wp-content\/uploads\/2024\/03\/store-your-jewelry-in-a-clean-dry-space-icon.png 167w, https:\/\/positiveprints.com\/wp-content\/uploads\/2024\/03\/store-your-jewelry-in-a-clean-dry-space-icon-150x150.png 150w, https:\/\/positiveprints.com\/wp-content\/uploads\/2024\/03\/store-your-jewelry-in-a-clean-dry-space-icon-100x100.png 100w\" sizes=\"auto, (max-width: 167px) 100vw, 167px\" \/><\/figure><\/div>\n\n<div class=\"wp-block-column is-vertically-aligned-center is-layout-flow wp-block-column-is-layout-flow\"><p>\u00c8 fondamentale conservare correttamente i gioielli in oro e argento per garantirne l&#8217;integrit\u00e0. I gioielli che non vengono indossati quotidianamente devono essere avvolti in un panno morbido e chiusi in un sacchetto di corda separato. Questo limiter\u00e0 l&#8217;ingresso dell&#8217;aria ed eviter\u00e0 che i gioielli si scuriscano, o che siano esposti a danni, graffi o polvere.<\/p>\n\n<p>Quando si ripongono le catene, non devono essere piegate o arrotolate troppo strette, poich\u00e9 ci\u00f2 potrebbe causare la deformazione permanente o la rottura.<\/p>\n\n<p>\u00c8 fondamentale ricordare di mantenere i gioielli a una temperatura di conservazione costante: non deve essere n\u00e9 troppo bassa, n\u00e9 troppo alta. Il nostro contenitore portagioie deve inoltre essere posizionato lontano da qualsiasi fonte di umidit\u00e0.<\/p><\/div><\/div><div style=\"height:25px\" aria-hidden=\"true\" class=\"wp-block-spacer\"><\/div><h3 class=\"wp-block-heading grenB\" id=\"h-pulire-per-ripristinare-la-lucentezza\"><strong>Pulire per ripristinare la lucentezza<\/strong><\/h3><div style=\"height:10px\" aria-hidden=\"true\" class=\"wp-block-spacer\"><\/div><div class=\"wp-block-columns is-layout-flex wp-container-core-columns-is-layout-9d6595d7 wp-block-columns-is-layout-flex\"><div class=\"wp-block-column is-vertically-aligned-top is-layout-flow wp-block-column-is-layout-flow\"><figure class=\"wp-block-image size-full is-resized\"><img loading=\"lazy\" decoding=\"async\" width=\"195\" height=\"168\" src=\"https:\/\/positiveprints.com\/wp-content\/uploads\/2024\/03\/clean-to-bring-back-its-shine-icon.png\" alt=\"\" class=\"wp-image-1083179\" style=\"width:104px;height:auto\"\/><\/figure><\/div>\n\n<div class=\"wp-block-column is-vertically-aligned-center is-layout-flow wp-block-column-is-layout-flow\"><p>Se i gioielli si ossidano, il modo migliore per pulirli \u00e8 con un panno apposito per la lucidatura dei gioielli o un panno morbido e privo di pelucchi.<\/p><\/div><\/div>","protected":false},"excerpt":{"rendered":"<p>Come prenderti cura dei tuoi gioielli Positive Prints?Evitare acqua e umidit\u00e0I gioielli sono beni preziosi che meritano di essere trattati con la dovuta cura e manutenzione. Il contatto diretto con l&#8217;acqua, del rubinetto, di una piscina o del mare, pu\u00f2 influire negativamente sull&#8217;aspetto dei gioielli. Potrebbero perdere la loro lucentezza, scolorirsi o opacizzarsi. Pertanto, \u00e8 [&hellip;]<\/p>\n","protected":false},"author":1,"featured_media":0,"parent":0,"menu_order":0,"comment_status":"closed","ping_status":"closed","template":"","meta":{"footnotes":""},"class_list":["post-1480883","page","type-page","status-publish","hentry"],"yoast_head":"<!-- This site is optimized with the Yoast SEO Premium plugin v27.2 (Yoast SEO v27.2) - https:\/\/yoast.com\/product\/yoast-seo-premium-wordpress\/ -->\n<title>Jewelry Care - Positive Prints<\/title>\n<meta name=\"description\" content=\"Jewelry is a precious possession that deserves proper care and maintenance. Ensure the lasting beauty of your treasures.\" \/>\n<meta name=\"robots\" content=\"index, follow, max-snippet:-1, max-image-preview:large, max-video-preview:-1\" \/>\n<link rel=\"canonical\" href=\"https:\/\/positiveprints.com\/it\/cura-dei-gioielli\/\" \/>\n<meta property=\"og:locale\" content=\"it_IT\" \/>\n<meta property=\"og:type\" content=\"article\" \/>\n<meta property=\"og:title\" content=\"Jewelry Care\" \/>\n<meta property=\"og:description\" content=\"Come prenderti cura dei tuoi gioielli Positive Prints? Evitare acqua e umidit\u00e0 I gioielli sono beni preziosi che meritano di essere trattati con la dovuta\" \/>\n<meta property=\"og:url\" content=\"https:\/\/positiveprints.com\/it\/cura-dei-gioielli\/\" \/>\n<meta property=\"og:site_name\" content=\"Positive Prints\" \/>\n<meta property=\"article:publisher\" content=\"https:\/\/www.facebook.com\/positiveprintscom\" \/>\n<meta property=\"article:modified_time\" content=\"2025-07-30T21:33:28+00:00\" \/>\n<meta property=\"og:image\" content=\"https:\/\/positiveprints.com\/wp-content\/uploads\/2024\/03\/avoid-water-and-humidity-icon.png\" \/>\n<meta name=\"twitter:card\" content=\"summary_large_image\" \/>\n<meta name=\"twitter:label1\" content=\"Tempo di lettura stimato\" \/>\n\t<meta name=\"twitter:data1\" content=\"3 minuti\" \/>\n<!-- \/ Yoast SEO Premium plugin. -->","yoast_head_json":{"title":"Jewelry Care - Positive Prints","description":"Jewelry is a precious possession that deserves proper care and maintenance. Ensure the lasting beauty of your treasures.","robots":{"index":"index","follow":"follow","max-snippet":"max-snippet:-1","max-image-preview":"max-image-preview:large","max-video-preview":"max-video-preview:-1"},"canonical":"https:\/\/positiveprints.com\/it\/cura-dei-gioielli\/","og_locale":"it_IT","og_type":"article","og_title":"Jewelry Care","og_description":"Come prenderti cura dei tuoi gioielli Positive Prints? Evitare acqua e umidit\u00e0 I gioielli sono beni preziosi che meritano di essere trattati con la dovuta","og_url":"https:\/\/positiveprints.com\/it\/cura-dei-gioielli\/","og_site_name":"Positive Prints","article_publisher":"https:\/\/www.facebook.com\/positiveprintscom","article_modified_time":"2025-07-30T21:33:28+00:00","og_image":[{"url":"https:\/\/positiveprints.com\/wp-content\/uploads\/2024\/03\/avoid-water-and-humidity-icon.png","type":"","width":"","height":""}],"twitter_card":"summary_large_image","twitter_misc":{"Tempo di lettura stimato":"3 minuti"},"schema":{"@context":"https:\/\/schema.org","@graph":[{"@type":"WebPage","@id":"https:\/\/positiveprints.com\/it\/cura-dei-gioielli\/","url":"https:\/\/positiveprints.com\/it\/cura-dei-gioielli\/","name":"Jewelry Care - Positive Prints","isPartOf":{"@id":"https:\/\/positiveprints.com\/it\/#website"},"primaryImageOfPage":{"@id":"https:\/\/positiveprints.com\/it\/cura-dei-gioielli\/#primaryimage"},"image":{"@id":"https:\/\/positiveprints.com\/it\/cura-dei-gioielli\/#primaryimage"},"thumbnailUrl":"https:\/\/positiveprints.com\/wp-content\/uploads\/2024\/03\/avoid-water-and-humidity-icon.png","datePublished":"2023-11-16T06:14:54+00:00","dateModified":"2025-07-30T21:33:28+00:00","description":"Jewelry is a precious possession that deserves proper care and maintenance. Ensure the lasting beauty of your treasures.","breadcrumb":{"@id":"https:\/\/positiveprints.com\/it\/cura-dei-gioielli\/#breadcrumb"},"inLanguage":"it-IT","potentialAction":[{"@type":"ReadAction","target":["https:\/\/positiveprints.com\/it\/cura-dei-gioielli\/"]}]},{"@type":"ImageObject","inLanguage":"it-IT","@id":"https:\/\/positiveprints.com\/it\/cura-dei-gioielli\/#primaryimage","url":"https:\/\/positiveprints.com\/wp-content\/uploads\/2024\/03\/avoid-water-and-humidity-icon.png","contentUrl":"https:\/\/positiveprints.com\/wp-content\/uploads\/2024\/03\/avoid-water-and-humidity-icon.png"},{"@type":"BreadcrumbList","@id":"https:\/\/positiveprints.com\/it\/cura-dei-gioielli\/#breadcrumb","itemListElement":[{"@type":"ListItem","position":1,"name":"Home","item":"https:\/\/positiveprints.com\/it\/"},{"@type":"ListItem","position":2,"name":"Jewelry Care"}]},{"@type":"WebSite","@id":"https:\/\/positiveprints.com\/it\/#website","url":"https:\/\/positiveprints.com\/it\/","name":"Positive Prints","description":"Amazing Custom Personalized Gifts","publisher":{"@id":"https:\/\/positiveprints.com\/it\/#organization"},"potentialAction":[{"@type":"SearchAction","target":{"@type":"EntryPoint","urlTemplate":"https:\/\/positiveprints.com\/it\/?s={search_term_string}"},"query-input":{"@type":"PropertyValueSpecification","valueRequired":true,"valueName":"search_term_string"}}],"inLanguage":"it-IT"},{"@type":"Organization","@id":"https:\/\/positiveprints.com\/it\/#organization","name":"Positive Prints","alternateName":"Positive Prints","url":"https:\/\/positiveprints.com\/it\/","logo":{"@type":"ImageObject","inLanguage":"it-IT","@id":"https:\/\/positiveprints.com\/it\/#\/schema\/logo\/image\/","url":"https:\/\/positiveprints.com\/wp-content\/uploads\/2026\/03\/245815646_1337939713319158_5671353136411139666_n.png","contentUrl":"https:\/\/positiveprints.com\/wp-content\/uploads\/2026\/03\/245815646_1337939713319158_5671353136411139666_n.png","width":800,"height":800,"caption":"Positive Prints"},"image":{"@id":"https:\/\/positiveprints.com\/it\/#\/schema\/logo\/image\/"},"sameAs":["https:\/\/www.facebook.com\/positiveprintscom","https:\/\/www.instagram.com\/positiveprintscom\/","https:\/\/www.tiktok.com\/@positiveprintscom","https:\/\/www.pinterest.com\/positiveprintscom\/"]}]}},"jetpack_sharing_enabled":true,"_links":{"self":[{"href":"https:\/\/positiveprints.com\/it\/wp-json\/wp\/v2\/pages\/1480883","targetHints":{"allow":["GET"]}}],"collection":[{"href":"https:\/\/positiveprints.com\/it\/wp-json\/wp\/v2\/pages"}],"about":[{"href":"https:\/\/positiveprints.com\/it\/wp-json\/wp\/v2\/types\/page"}],"author":[{"embeddable":true,"href":"https:\/\/positiveprints.com\/it\/wp-json\/wp\/v2\/users\/1"}],"replies":[{"embeddable":true,"href":"https:\/\/positiveprints.com\/it\/wp-json\/wp\/v2\/comments?post=1480883"}],"version-history":[{"count":0,"href":"https:\/\/positiveprints.com\/it\/wp-json\/wp\/v2\/pages\/1480883\/revisions"}],"wp:attachment":[{"href":"https:\/\/positiveprints.com\/it\/wp-json\/wp\/v2\/media?parent=1480883"}],"curies":[{"name":"wp","href":"https:\/\/api.w.org\/{rel}","templated":true}]}}