{"id":1199139,"date":"2024-10-01T21:46:13","date_gmt":"2024-10-01T19:46:13","guid":{"rendered":"https:\/\/positiveprints.com\/regali-di-anniversario-per-coppie\/"},"modified":"2024-10-01T21:46:13","modified_gmt":"2024-10-01T19:46:13","slug":"regali-di-anniversario-per-coppie","status":"publish","type":"page","link":"https:\/\/positiveprints.com\/it\/regali-di-anniversario-per-coppie\/","title":{"rendered":"Regali di Anniversario per Coppie"},"content":{"rendered":"","protected":false},"excerpt":{"rendered":"","protected":false},"author":1,"featured_media":0,"parent":0,"menu_order":0,"comment_status":"closed","ping_status":"closed","template":"SINGLE_OCCASION_TEMPLATE.php","meta":{"footnotes":""},"class_list":["post-1199139","page","type-page","status-publish","hentry"],"yoast_head":"<!-- This site is optimized with the Yoast SEO Premium plugin v27.2 (Yoast SEO v27.2) - https:\/\/yoast.com\/product\/yoast-seo-premium-wordpress\/ -->\n<title>Regali di Anniversario per Coppie - Positive Prints<\/title>\n<meta name=\"description\" content=\"Trova il regalo personalizzato perfetto per festeggiare i vostri momenti speciali con Positive Prints. Celebra la vostra storia d&#039;amore con opere d&#039;arte uniche e capaci di ricordarvi la strada percorsa mano nella mano. Sorprendi la persona pi\u00f9 importante della tua vita con una stampa personalizzata che porter\u00e0 gioia giorno dopo giorno. Personalizzare la vostra stampa \u00e8 facilissimo con Positive Prints. Immortalate i vostri ricordi in un regalo di anniversario personalizzato che durer\u00e0 per sempre.\" \/>\n<meta name=\"robots\" content=\"index, follow, max-snippet:-1, max-image-preview:large, max-video-preview:-1\" \/>\n<link rel=\"canonical\" href=\"https:\/\/positiveprints.com\/it\/regali-di-anniversario-per-coppie\/\" \/>\n<meta property=\"og:locale\" content=\"it_IT\" \/>\n<meta property=\"og:type\" content=\"article\" \/>\n<meta property=\"og:title\" content=\"Regali di Anniversario per Coppie\" \/>\n<meta property=\"og:url\" content=\"https:\/\/positiveprints.com\/it\/regali-di-anniversario-per-coppie\/\" \/>\n<meta property=\"og:site_name\" content=\"Positive Prints\" \/>\n<meta property=\"article:publisher\" content=\"https:\/\/www.facebook.com\/positiveprintscom\" \/>\n<meta property=\"og:image\" content=\"https:\/\/positiveprints.com\/wp-content\/uploads\/2026\/03\/Open-graph-2026-1200x630-1.jpg\" \/>\n\t<meta property=\"og:image:width\" content=\"1200\" \/>\n\t<meta property=\"og:image:height\" content=\"630\" \/>\n\t<meta property=\"og:image:type\" content=\"image\/jpeg\" \/>\n<meta name=\"twitter:card\" content=\"summary_large_image\" \/>\n<!-- \/ Yoast SEO Premium plugin. -->","yoast_head_json":{"title":"Regali di Anniversario per Coppie - Positive Prints","description":"Trova il regalo personalizzato perfetto per festeggiare i vostri momenti speciali con Positive Prints. Celebra la vostra storia d'amore con opere d'arte uniche e capaci di ricordarvi la strada percorsa mano nella mano. Sorprendi la persona pi\u00f9 importante della tua vita con una stampa personalizzata che porter\u00e0 gioia giorno dopo giorno. Personalizzare la vostra stampa \u00e8 facilissimo con Positive Prints. Immortalate i vostri ricordi in un regalo di anniversario personalizzato che durer\u00e0 per sempre.","robots":{"index":"index","follow":"follow","max-snippet":"max-snippet:-1","max-image-preview":"max-image-preview:large","max-video-preview":"max-video-preview:-1"},"canonical":"https:\/\/positiveprints.com\/it\/regali-di-anniversario-per-coppie\/","og_locale":"it_IT","og_type":"article","og_title":"Regali di Anniversario per Coppie","og_url":"https:\/\/positiveprints.com\/it\/regali-di-anniversario-per-coppie\/","og_site_name":"Positive Prints","article_publisher":"https:\/\/www.facebook.com\/positiveprintscom","og_image":[{"width":1200,"height":630,"url":"https:\/\/positiveprints.com\/wp-content\/uploads\/2026\/03\/Open-graph-2026-1200x630-1.jpg","type":"image\/jpeg"}],"twitter_card":"summary_large_image","schema":{"@context":"https:\/\/schema.org","@graph":[{"@type":"WebPage","@id":"https:\/\/positiveprints.com\/it\/regali-di-anniversario-per-coppie\/","url":"https:\/\/positiveprints.com\/it\/regali-di-anniversario-per-coppie\/","name":"Regali di Anniversario per Coppie - Positive Prints","isPartOf":{"@id":"https:\/\/positiveprints.com\/it\/#website"},"datePublished":"2024-10-01T19:46:13+00:00","description":"Trova il regalo personalizzato perfetto per festeggiare i vostri momenti speciali con Positive Prints. Celebra la vostra storia d'amore con opere d'arte uniche e capaci di ricordarvi la strada percorsa mano nella mano. Sorprendi la persona pi\u00f9 importante della tua vita con una stampa personalizzata che porter\u00e0 gioia giorno dopo giorno. Personalizzare la vostra stampa \u00e8 facilissimo con Positive Prints. Immortalate i vostri ricordi in un regalo di anniversario personalizzato che durer\u00e0 per sempre.","breadcrumb":{"@id":"https:\/\/positiveprints.com\/it\/regali-di-anniversario-per-coppie\/#breadcrumb"},"inLanguage":"it-IT","potentialAction":[{"@type":"ReadAction","target":["https:\/\/positiveprints.com\/it\/regali-di-anniversario-per-coppie\/"]}]},{"@type":"BreadcrumbList","@id":"https:\/\/positiveprints.com\/it\/regali-di-anniversario-per-coppie\/#breadcrumb","itemListElement":[{"@type":"ListItem","position":1,"name":"Home","item":"https:\/\/positiveprints.com\/it\/"},{"@type":"ListItem","position":2,"name":"Regali di Anniversario per Coppie"}]},{"@type":"WebSite","@id":"https:\/\/positiveprints.com\/it\/#website","url":"https:\/\/positiveprints.com\/it\/","name":"Positive Prints","description":"Amazing Custom Personalized Gifts","publisher":{"@id":"https:\/\/positiveprints.com\/it\/#organization"},"potentialAction":[{"@type":"SearchAction","target":{"@type":"EntryPoint","urlTemplate":"https:\/\/positiveprints.com\/it\/?s={search_term_string}"},"query-input":{"@type":"PropertyValueSpecification","valueRequired":true,"valueName":"search_term_string"}}],"inLanguage":"it-IT"},{"@type":"Organization","@id":"https:\/\/positiveprints.com\/it\/#organization","name":"Positive Prints","alternateName":"Positive Prints","url":"https:\/\/positiveprints.com\/it\/","logo":{"@type":"ImageObject","inLanguage":"it-IT","@id":"https:\/\/positiveprints.com\/it\/#\/schema\/logo\/image\/","url":"https:\/\/positiveprints.com\/wp-content\/uploads\/2026\/03\/245815646_1337939713319158_5671353136411139666_n.png","contentUrl":"https:\/\/positiveprints.com\/wp-content\/uploads\/2026\/03\/245815646_1337939713319158_5671353136411139666_n.png","width":800,"height":800,"caption":"Positive Prints"},"image":{"@id":"https:\/\/positiveprints.com\/it\/#\/schema\/logo\/image\/"},"sameAs":["https:\/\/www.facebook.com\/positiveprintscom","https:\/\/www.instagram.com\/positiveprintscom\/","https:\/\/www.tiktok.com\/@positiveprintscom","https:\/\/www.pinterest.com\/positiveprintscom\/"]}]}},"jetpack_sharing_enabled":true,"_links":{"self":[{"href":"https:\/\/positiveprints.com\/it\/wp-json\/wp\/v2\/pages\/1199139","targetHints":{"allow":["GET"]}}],"collection":[{"href":"https:\/\/positiveprints.com\/it\/wp-json\/wp\/v2\/pages"}],"about":[{"href":"https:\/\/positiveprints.com\/it\/wp-json\/wp\/v2\/types\/page"}],"author":[{"embeddable":true,"href":"https:\/\/positiveprints.com\/it\/wp-json\/wp\/v2\/users\/1"}],"replies":[{"embeddable":true,"href":"https:\/\/positiveprints.com\/it\/wp-json\/wp\/v2\/comments?post=1199139"}],"version-history":[{"count":0,"href":"https:\/\/positiveprints.com\/it\/wp-json\/wp\/v2\/pages\/1199139\/revisions"}],"wp:attachment":[{"href":"https:\/\/positiveprints.com\/it\/wp-json\/wp\/v2\/media?parent=1199139"}],"curies":[{"name":"wp","href":"https:\/\/api.w.org\/{rel}","templated":true}]}}