{"id":1198821,"date":"2024-10-01T13:44:07","date_gmt":"2024-10-01T11:44:07","guid":{"rendered":"https:\/\/positiveprints.com\/regali-di-anniversario-per-lui\/"},"modified":"2024-10-01T13:44:07","modified_gmt":"2024-10-01T11:44:07","slug":"regali-di-anniversario-per-lui","status":"publish","type":"page","link":"https:\/\/positiveprints.com\/it\/regali-di-anniversario-per-lui\/","title":{"rendered":"Regali di Anniversario per Lui"},"content":{"rendered":"","protected":false},"excerpt":{"rendered":"","protected":false},"author":1,"featured_media":0,"parent":0,"menu_order":0,"comment_status":"closed","ping_status":"closed","template":"SINGLE_OCCASION_TEMPLATE.php","meta":{"footnotes":""},"class_list":["post-1198821","page","type-page","status-publish","hentry"],"yoast_head":"<!-- This site is optimized with the Yoast SEO Premium plugin v27.2 (Yoast SEO v27.2) - https:\/\/yoast.com\/product\/yoast-seo-premium-wordpress\/ -->\n<title>Regali di Anniversario per Lui - Positive Prints<\/title>\n<meta name=\"description\" content=\"Trova il regalo personalizzato perfetto per festeggiare i tuoi momenti speciali con Positive Prints. Regali di anniversario per lui. Celebra la tua storia d&#039;amore con opere d&#039;arte uniche e capaci di ricordarti la strada percorsa mano nella mano. Sorprendi la persona pi\u00f9 importante della tua vita con una stampa personalizzata che porter\u00e0 gioia giorno dopo giorno. Personalizzare la tua stampa \u00e8 facilissimo con Positive Prints. Immortala i tuoi ricordi in un regalo di anniversario personalizzato che durer\u00e0 per sempre.\" \/>\n<meta name=\"robots\" content=\"index, follow, max-snippet:-1, max-image-preview:large, max-video-preview:-1\" \/>\n<link rel=\"canonical\" href=\"https:\/\/positiveprints.com\/it\/regali-di-anniversario-per-lui\/\" \/>\n<meta property=\"og:locale\" content=\"it_IT\" \/>\n<meta property=\"og:type\" content=\"article\" \/>\n<meta property=\"og:title\" content=\"Regali di Anniversario per Lui\" \/>\n<meta property=\"og:url\" content=\"https:\/\/positiveprints.com\/it\/regali-di-anniversario-per-lui\/\" \/>\n<meta property=\"og:site_name\" content=\"Positive Prints\" \/>\n<meta property=\"article:publisher\" content=\"https:\/\/www.facebook.com\/positiveprintscom\" \/>\n<meta property=\"og:image\" content=\"https:\/\/positiveprints.com\/wp-content\/uploads\/2026\/03\/Open-graph-2026-1200x630-1.jpg\" \/>\n\t<meta property=\"og:image:width\" content=\"1200\" \/>\n\t<meta property=\"og:image:height\" content=\"630\" \/>\n\t<meta property=\"og:image:type\" content=\"image\/jpeg\" \/>\n<meta name=\"twitter:card\" content=\"summary_large_image\" \/>\n<!-- \/ Yoast SEO Premium plugin. -->","yoast_head_json":{"title":"Regali di Anniversario per Lui - Positive Prints","description":"Trova il regalo personalizzato perfetto per festeggiare i tuoi momenti speciali con Positive Prints. Regali di anniversario per lui. Celebra la tua storia d'amore con opere d'arte uniche e capaci di ricordarti la strada percorsa mano nella mano. Sorprendi la persona pi\u00f9 importante della tua vita con una stampa personalizzata che porter\u00e0 gioia giorno dopo giorno. Personalizzare la tua stampa \u00e8 facilissimo con Positive Prints. Immortala i tuoi ricordi in un regalo di anniversario personalizzato che durer\u00e0 per sempre.","robots":{"index":"index","follow":"follow","max-snippet":"max-snippet:-1","max-image-preview":"max-image-preview:large","max-video-preview":"max-video-preview:-1"},"canonical":"https:\/\/positiveprints.com\/it\/regali-di-anniversario-per-lui\/","og_locale":"it_IT","og_type":"article","og_title":"Regali di Anniversario per Lui","og_url":"https:\/\/positiveprints.com\/it\/regali-di-anniversario-per-lui\/","og_site_name":"Positive Prints","article_publisher":"https:\/\/www.facebook.com\/positiveprintscom","og_image":[{"width":1200,"height":630,"url":"https:\/\/positiveprints.com\/wp-content\/uploads\/2026\/03\/Open-graph-2026-1200x630-1.jpg","type":"image\/jpeg"}],"twitter_card":"summary_large_image","schema":{"@context":"https:\/\/schema.org","@graph":[{"@type":"WebPage","@id":"https:\/\/positiveprints.com\/it\/regali-di-anniversario-per-lui\/","url":"https:\/\/positiveprints.com\/it\/regali-di-anniversario-per-lui\/","name":"Regali di Anniversario per Lui - Positive Prints","isPartOf":{"@id":"https:\/\/positiveprints.com\/it\/#website"},"datePublished":"2024-10-01T11:44:07+00:00","description":"Trova il regalo personalizzato perfetto per festeggiare i tuoi momenti speciali con Positive Prints. Regali di anniversario per lui. Celebra la tua storia d'amore con opere d'arte uniche e capaci di ricordarti la strada percorsa mano nella mano. Sorprendi la persona pi\u00f9 importante della tua vita con una stampa personalizzata che porter\u00e0 gioia giorno dopo giorno. Personalizzare la tua stampa \u00e8 facilissimo con Positive Prints. Immortala i tuoi ricordi in un regalo di anniversario personalizzato che durer\u00e0 per sempre.","breadcrumb":{"@id":"https:\/\/positiveprints.com\/it\/regali-di-anniversario-per-lui\/#breadcrumb"},"inLanguage":"it-IT","potentialAction":[{"@type":"ReadAction","target":["https:\/\/positiveprints.com\/it\/regali-di-anniversario-per-lui\/"]}]},{"@type":"BreadcrumbList","@id":"https:\/\/positiveprints.com\/it\/regali-di-anniversario-per-lui\/#breadcrumb","itemListElement":[{"@type":"ListItem","position":1,"name":"Home","item":"https:\/\/positiveprints.com\/it\/"},{"@type":"ListItem","position":2,"name":"Regali di Anniversario per Lui"}]},{"@type":"WebSite","@id":"https:\/\/positiveprints.com\/it\/#website","url":"https:\/\/positiveprints.com\/it\/","name":"Positive Prints","description":"Amazing Custom Personalized Gifts","publisher":{"@id":"https:\/\/positiveprints.com\/it\/#organization"},"potentialAction":[{"@type":"SearchAction","target":{"@type":"EntryPoint","urlTemplate":"https:\/\/positiveprints.com\/it\/?s={search_term_string}"},"query-input":{"@type":"PropertyValueSpecification","valueRequired":true,"valueName":"search_term_string"}}],"inLanguage":"it-IT"},{"@type":"Organization","@id":"https:\/\/positiveprints.com\/it\/#organization","name":"Positive Prints","alternateName":"Positive Prints","url":"https:\/\/positiveprints.com\/it\/","logo":{"@type":"ImageObject","inLanguage":"it-IT","@id":"https:\/\/positiveprints.com\/it\/#\/schema\/logo\/image\/","url":"https:\/\/positiveprints.com\/wp-content\/uploads\/2026\/03\/245815646_1337939713319158_5671353136411139666_n.png","contentUrl":"https:\/\/positiveprints.com\/wp-content\/uploads\/2026\/03\/245815646_1337939713319158_5671353136411139666_n.png","width":800,"height":800,"caption":"Positive Prints"},"image":{"@id":"https:\/\/positiveprints.com\/it\/#\/schema\/logo\/image\/"},"sameAs":["https:\/\/www.facebook.com\/positiveprintscom","https:\/\/www.instagram.com\/positiveprintscom\/","https:\/\/www.tiktok.com\/@positiveprintscom","https:\/\/www.pinterest.com\/positiveprintscom\/"]}]}},"jetpack_sharing_enabled":true,"_links":{"self":[{"href":"https:\/\/positiveprints.com\/it\/wp-json\/wp\/v2\/pages\/1198821","targetHints":{"allow":["GET"]}}],"collection":[{"href":"https:\/\/positiveprints.com\/it\/wp-json\/wp\/v2\/pages"}],"about":[{"href":"https:\/\/positiveprints.com\/it\/wp-json\/wp\/v2\/types\/page"}],"author":[{"embeddable":true,"href":"https:\/\/positiveprints.com\/it\/wp-json\/wp\/v2\/users\/1"}],"replies":[{"embeddable":true,"href":"https:\/\/positiveprints.com\/it\/wp-json\/wp\/v2\/comments?post=1198821"}],"version-history":[{"count":0,"href":"https:\/\/positiveprints.com\/it\/wp-json\/wp\/v2\/pages\/1198821\/revisions"}],"wp:attachment":[{"href":"https:\/\/positiveprints.com\/it\/wp-json\/wp\/v2\/media?parent=1198821"}],"curies":[{"name":"wp","href":"https:\/\/api.w.org\/{rel}","templated":true}]}}