{"id":1003480,"date":"2023-11-27T14:32:01","date_gmt":"2023-11-27T13:32:01","guid":{"rendered":"https:\/\/positiveprints.com\/informativa-sulla-privacy-e-sui-cookie\/"},"modified":"2023-11-27T14:32:05","modified_gmt":"2023-11-27T13:32:05","slug":"informativa-sulla-privacy-e-sui-cookie","status":"publish","type":"page","link":"https:\/\/positiveprints.com\/it\/informativa-sulla-privacy-e-sui-cookie\/","title":{"rendered":"Informativa sulla privacy e sui cookie"},"content":{"rendered":"<h1 class=\"grenB\" style=\"text-align: center;\" id=\"h-privacy-and-cookie-policy\">Informativa sulla privacy e sui cookie<\/h1><div style=\"height:30px\" aria-hidden=\"true\" class=\"wp-block-spacer\"><\/div><p>\n          <b>\n            <strong>Informazioni generali<\/strong>\n          <\/b>\n        <\/p><p>L&#8217;Informativa sulla privacy e sui cookie definisce le regole di trattamento dei dati e di protezione dei dati personali, nonch\u00e9 l&#8217;utilizzo dei cookie e di altre tecnologie quali: Google Analytics, Pixel di Facebook in relazione al loro utilizzo da parte degli utenti del nostro sito web, del negozio e degli account dei social media gestiti dall&#8217;Amministratore.<\/p><div style=\"height:30px\" aria-hidden=\"true\" class=\"wp-block-spacer\"><\/div><p>\n          <strong>\u00a71. Definizioni<\/strong>\n        <\/p><p>Ai fini della Politica sulla privacy e sui cookie, si assume il seguente significato dei concetti riportati di seguito:<\/p><ol class=\"wp-block-list\"><li><strong>Amministratore<\/strong> &#8211; Positive Prints Sp. z o.o. (LLC) con sede legale a Varsavia, ul. Pu\u0142awska 145, (codice postale 02-715), iscritta nel Registro degli Imprenditori del Registro Nazionale dei Tribunali tenuto dal Tribunale Distrettuale della Capitale di Varsavia a Varsavia, XIII Dipartimento Economico del Registro Nazionale dei Tribunali, con il numero KRS: 0000839033 (Numero del Registro Nazionale dei Tribunali), NIP: 9512500986 (Numero di Identificazione del Contribuente), REGON: 38597711 (Numero del Registro Nazionale delle Imprese).<\/li>\n\n<li><strong>Sito web<\/strong> &#8211; Sito web disponibile all&#8217;indirizzo<a href=\"http:\/\/positiveprints.com\/\"> http:\/\/positiveprints.com,<\/a> con il quale \u00e8 disponibile il negozio online.<\/li>\n\n<li><strong>Utente<\/strong> &#8211; chiunque navighi tra i contenuti del sito web.<\/li>\n\n<li><strong>GDPR <\/strong>&#8211; Regolamento (UE) 2016\/679 del Parlamento Europeo e del Consiglio del 27 aprile 2016 relativo alla protezione delle persone fisiche con riguardo al trattamento dei dati personali, nonch\u00e9 alla libera circolazione di tali dati e che abroga la direttiva 95\/46\/CE.<\/li><\/ol><div style=\"height:30px\" aria-hidden=\"true\" class=\"wp-block-spacer\"><\/div><p>\n          <strong>\u00a72. Dati personali  <\/strong>\n        <\/p><ol class=\"wp-block-list\"><li>Ai sensi del GDPR, l&#8217;amministratore dei dati personali dell&#8217;Utente \u00e8 l&#8217;Amministratore.<\/li>\n\n<li>L&#8217;Utente pu\u00f2 condividere i propri dati personali con l&#8217;Amministratore utilizzando i moduli disponibili sul sito web e sul negozio, nonch\u00e9 le applicazioni di messaggi online e gli account dei social media.<\/li>\n\n<li>  La base legale per il trattamento dei dati personali degli Utenti pu\u00f2 essere il consenso volontario, specifico, consapevole e inequivocabile dato dall&#8217;Utente attraverso il modulo applicabile sul sito web. I dati personali possono essere trattati anche nei casi in cui l&#8217;Amministratore sia autorizzato a trattare i dati personali sulla base della legge o allo scopo di attuare il contratto concluso tra le parti, nonch\u00e9 sulla base di un interesse legittimo attuato dall&#8217;Amministratore. In particolare:<\/li><\/ol><p><strong>a.<\/strong> <strong>[ORDER FORM]<\/strong><\/p><p>I dati personali forniti dall&#8217;Utente all&#8217;Amministratore nell&#8217;ambito del modulo d&#8217;ordine disponibile nel Negozio online sono trattati per l&#8217;esecuzione del contratto concluso attraverso il Negozio. La base giuridica del trattamento \u00e8 il contratto e le azioni intraprese su richiesta dell&#8217;interessato prima dell&#8217;esecuzione del contratto (articolo 6, paragrafo 1(B) GDPR). Il conferimento dei dati personali da parte dell&#8217;Utente \u00e8 volontario, tuttavia \u00e8 necessario affinch\u00e9 l&#8217;Utente possa concludere un contratto con l&#8217;Amministratore. I dati saranno trattati durante l&#8217;esecuzione dell&#8217;ordine. Dopo aver completato l&#8217;ordine, l&#8217;Amministratore tratter\u00e0 i dati personali al fine di adempiere agli obblighi di legge dell&#8217;Amministratore, ad esempio quelli fiscali, contabili o l&#8217;obbligo di esaminare il reclamo (Articolo 6, paragrafo 1(C) GDPR). L&#8217;Amministratore tratter\u00e0 i dati per un periodo di 5 anni a partire dalla fine dell&#8217;anno fiscale in cui \u00e8 avvenuta la vendita. L&#8217;Amministratore tratter\u00e0 inoltre i dati di cui sopra, in caso di eventuali reclami, sulla base del legittimo interesse dell&#8217;Amministratore (Articolo 6, paragrafo 1(F) GDPR), fino alla scadenza del periodo di prescrizione per i reclami di diritto civile.<\/p><p><strong>b.<\/strong> <strong>[NEWSLETTER SUBSCRIPTION FORM]<\/strong><\/p><p>I dati personali forniti all&#8217;Amministratore dall&#8217;Utente nell&#8217;ambito del modulo di iscrizione alla newsletter vengono elaborati al fine di inviare all&#8217;Utente la newsletter contenente informazioni su prodotti, novit\u00e0 e offerte speciali. Il conferimento dei dati personali da parte dell&#8217;Utente \u00e8 volontario, tuttavia \u00e8 necessario per consentire all&#8217;Utente di iscriversi e ricevere la newsletter. In questo caso il trattamento dei dati avviene solo con il consenso dell&#8217;Utente (articolo 6, paragrafo 1(A) GDPR), che l&#8217;Utente pu\u00f2 fornire nel modulo di iscrizione alla newsletter e che pu\u00f2 ritirare in qualsiasi momento. I dati di cui sopra saranno trattati fino a quando l&#8217;Amministratore non smetter\u00e0 di inviare la newsletter o fino alla revoca del consenso da parte dell&#8217;Utente.<\/p><p><strong>c.<\/strong> <strong>[CONTACT FORM]<\/strong><\/p><p>I dati personali forniti dall&#8217;Utente all&#8217;Amministratore nell&#8217;ambito del modulo di contatto o in un&#8217;e-mail inviata all&#8217;indirizzo dell&#8217;Amministratore fornito sul Sito web vengono elaborati al fine di rispondere alla richiesta inviata. Il conferimento dei dati personali da parte dell&#8217;Utente \u00e8 volontario, tuttavia \u00e8 necessario per ricevere una risposta. In questo caso, il trattamento dei dati si basa su un interesse legittimo perseguito dall&#8217;Amministratore (Articolo 6, paragrafo 1(F) GDPR). I dati citati saranno trattati fino al termine della corrispondenza e anche fino alla scadenza del periodo di prescrizione per i reclami di diritto civile.<\/p><p><strong>d.<\/strong>  <strong>[FEEDBACK FORM]<\/strong><\/p><p>I dati personali forniti all&#8217;Amministratore dall&#8217;Utente nell&#8217;ambito del modulo di feedback vengono elaborati per visualizzare il feedback dell&#8217;Utente sul Sito web. Il conferimento dei dati personali da parte dell&#8217;Utente \u00e8 volontario, tuttavia \u00e8 necessario per consentire all&#8217;Utente di fornire il proprio feedback. In questo caso, il trattamento dei dati si basa sul consenso dell&#8217;Utente (articolo 6, paragrafo 1(A) GDPR). I dati di cui sopra saranno trattati per tutta la durata del Sito o fino alla revoca del consenso da parte dell&#8217;Utente.<\/p><p><strong>e.<\/strong> <strong>[COMPETITION ENTRY FORM]<\/strong><\/p><p>I dati personali forniti all&#8217;Amministratore dall&#8217;Utente nell&#8217;ambito del modulo di iscrizione al concorso sono trattati al fine di garantire la possibilit\u00e0 di partecipare al concorso, nonch\u00e9 di adempiere agli obblighi derivanti dall&#8217;appalto pubblico, che costituisce il concorso, e specificati nel regolamento del concorso. Il conferimento dei dati personali \u00e8 facoltativo, ma \u00e8 necessario per poter partecipare al concorso. In questo caso, il trattamento dei dati si basa sui legittimi interessi dell&#8217;Amministratore (Articolo 6, paragrafo 1(F) GDPR). I dati citati saranno trattati per tutto il tempo necessario allo svolgimento del concorso e alla selezione dei vincitori, nonch\u00e9 fino alla scadenza del periodo di prescrizione per i reclami di diritto civile.<\/p><p><strong>f.<\/strong>  <strong>[SAVE MY DESIGN]<\/strong><\/p><p>I dati personali forniti all&#8217;Amministratore dall&#8217;Utente nell&#8217;ambito del servizio SAVE MY DESIGN vengono elaborati per consentire all&#8217;Utente di accedere al progetto da lui creato, utilizzando l&#8217;editor disponibile sul Sito web. L&#8217;accesso sar\u00e0 disponibile per un periodo di 30 giorni dopo l&#8217;utilizzo del servizio. Il conferimento dei dati personali da parte dell&#8217;Utente \u00e8 volontario, tuttavia \u00e8 necessario per consentire all&#8217;Utente di utilizzare il servizio. In questo caso, il trattamento dei dati si basa sul consenso dell&#8217;Utente (articolo 6, paragrafo 1(A) GDPR). I dati indicati saranno trattati per 30 giorni o fino a quando l&#8217;Utente non ritirer\u00e0 il consenso.<\/p><ol class=\"wp-block-list\" start=\"4\"><li>L&#8217;Amministratore pu\u00f2 condividere i dati personali con terze parti, con l&#8217;aiuto delle quali raggiunge gli obiettivi indicati nei punti precedenti (ad esempio, a societ\u00e0 che forniscono servizi di hosting, fornitori di servizi di pagamento, tipografie che stampano gli ordini effettuati dall&#8217;Utente, Call Center, portali esterni di Marketplace, societ\u00e0 di contabilit\u00e0, societ\u00e0 di spedizione, una societ\u00e0 che fornisce un&#8217;applicazione di posta elettronica).<\/li>\n\n<li>I dati personali dell&#8217;utente possono essere divulgati alle autorit\u00e0 pubbliche competenti qualora la legge applicabile lo richieda.<\/li>\n\n<li>I dati personali dell&#8217;utente non saranno condivisi con destinatari di paesi terzi o organizzazioni internazionali che non garantiscono un adeguato grado di protezione. Il grado di protezione adeguato deve essere confermato da un&#8217;apposita decisione della Commissione Europea o da un altro strumento giuridico vincolante.<\/li>\n\n<li>L&#8217;Amministratore garantisce la riservatezza di tutti i dati personali che gli vengono forniti.<\/li>\n\n<li>I dati personali vengono raccolti con la dovuta diligenza e protetti adeguatamente dall&#8217;accesso di persone non autorizzate. Il trattamento dei dati avviene in conformit\u00e0 alle condizioni specificate in:<\/li><\/ol><p>a. Regolamento (UE) 2016\/679 del Parlamento Europeo e del Consiglio del 27 aprile 2016 relativo alla protezione delle persone fisiche con riguardo al trattamento dei dati personali, nonch\u00e9 alla libera circolazione di tali dati e che abroga la direttiva 95\/46\/CE,<\/p><p>b. La legge del 18 luglio 2002 sulla fornitura di servizi tramite mezzi elettronici,<\/p><p>c. La legge del 10 maggio 2018 sulla protezione dei dati personali.<\/p><div style=\"height:30px\" aria-hidden=\"true\" class=\"wp-block-spacer\"><\/div><p>\n          <strong>\u00a73. Diritti dell&#8217;utente  <\/strong>\n        <\/p><ol class=\"wp-block-list\"><li>L&#8217;utente ha i diritti relativi al trattamento dei propri dati personali, tra cui<\/li><\/ol><ul class=\"wp-block-list\"><li>Il diritto di accesso ai dati<\/li>\n\n<li>Il diritto alla rettifica<\/li>\n\n<li>Diritto alla limitazione del trattamento<\/li>\n\n<li>Il diritto di opporsi<\/li>\n\n<li>Il diritto alla cancellazione (&#8220;diritto all&#8217;oblio&#8221;)<\/li>\n\n<li>Il diritto alla portabilit\u00e0 dei dati<\/li>\n\n<li>Il diritto di presentare un reclamo a un&#8217;autorit\u00e0 di controllo in relazione al trattamento dei dati personali da parte dell&#8217;Amministratore.<\/li><\/ul><ol class=\"wp-block-list\" start=\"2\"><li>L&#8217;utente ha il diritto di ritirare il proprio consenso in qualsiasi momento se ha precedentemente acconsentito.<\/li>\n\n<li>Per far valere i propri diritti, l&#8217;Utente dovr\u00e0 rivolgere un&#8217;adeguata richiesta a: <em>hello@positiveprints.com<\/em><\/li><\/ol><div style=\"height:30px\" aria-hidden=\"true\" class=\"wp-block-spacer\"><\/div><p>\n          <strong>\u00a74. Cookie e altre informazioni  <\/strong>\n        <\/p><p>1. I dati dell&#8217;Utente vengono raccolti automaticamente mentre l&#8217;Utente naviga sul Sito. Questi dati includono ad esempio l&#8217;indirizzo IP, il nome del dominio, il tipo di browser e il tipo di sistema operativo. I dati potrebbero essere raccolti dai cookie e potrebbero anche essere salvati nei file di log del server.<\/p><p>2. I cookie sono file inviati al computer o ad altri dispositivi (ad es. laptop, smartphone, tablet) dell&#8217;utente e ivi salvati durante la navigazione del Sito. I cookie memorizzano le preferenze e i comportamenti di navigazione dell&#8217;Utente, il che consente di migliorare la qualit\u00e0 dei servizi offerti, di migliorare i risultati della ricerca e l&#8217;accuratezza delle informazioni visualizzate, compresa la pubblicit\u00e0, e di tracciare in modo anonimo le preferenze dell&#8217;Utente. L&#8217;elenco aggiornato dei cookie utilizzati sul Sito \u00e8 disponibile nella scheda cookie condivisa sul Sito.<\/p><p>3. L&#8217;Utente pu\u00f2 dare il consenso e accettare i cookie attraverso la scheda cookie disponibile sul Sito. Pu\u00f2 anche essere fatto utilizzando le impostazioni del browser installato sul dispositivo dell&#8217;Utente. L&#8217;Utente pu\u00f2 ritirare il proprio consenso in qualsiasi momento o modificarne la portata con le stesse modalit\u00e0.<\/p><p>4. L&#8217;Utente pu\u00f2 inoltre eliminare i cookie esistenti dal proprio dispositivo utilizzando le apposite funzioni del browser, i programmi progettati a tale scopo o gli strumenti disponibili nell&#8217;ambito del sistema operativo utilizzato dall&#8217;Utente.<\/p><p>5. I dati salvati nei file di log del server o tramite l&#8217;utilizzo di cookie non sono collegati dall&#8217;Amministratore a particolari Utenti del Sito Web e non sono utilizzati dall&#8217;Amministratore per identificare l&#8217;Utente. I file di log del server sono utilizzati per gestire il Sito web. Il loro contenuto non viene divulgato a nessuno, se non alle persone autorizzate a gestire il server.<\/p><p>6. Il Sito utilizza tecnologie per registrare in modo anonimo le azioni intraprese dall&#8217;Utente durante l&#8217;utilizzo del Sito. Questi includono:<\/p><p>a. Google Analytics &#8211; utilizzato per analizzare le statistiche del sito web,<\/p><p>b. Pixel di Facebook &#8211; utilizzato per gestire e ottimizzare le inserzioni su Facebook.<\/p><p>L&#8217;elenco completo dei cookie di terze parti \u00e8 disponibile nelle impostazioni dei cookie.<\/p><p>I dati ottenuti da questi strumenti non saranno in alcun modo collegati dall&#8217;Amministratore ai singoli Utenti del Sito e non saranno utilizzati dall&#8217;Amministratore per identificare l&#8217;Utente senza il suo consenso. Tuttavia, occorre tenere presente che questi dati vengono elaborati dalle parti che forniscono le tecnologie sopra menzionate e possono combinarli con i dati dell&#8217;Utente raccolti da tali parti da altre fonti.<\/p><div style=\"height:30px\" aria-hidden=\"true\" class=\"wp-block-spacer\"><\/div><p>\n          <strong>\u00a75. Scopo dell&#8217;utilizzo dei dati<\/strong>\n        <\/p><p>1. L&#8217;utilizzo dei cookie e delle tecnologie elencate al paragrafo 4(6) ha come conseguenza l&#8217;ottimizzazione del Sito, dei suoi contenuti e della linea di prodotti per le esigenze dell&#8217;Utente.<\/p><p>2. L&#8217;Amministratore utilizza i dati elencati al punto precedente per:<\/p><p>a. il corretto funzionamento, la configurazione e la sicurezza del sito web,<\/p><p>b. Autenticazione dell&#8217;utente in relazione all&#8217;utilizzo dei servizi del negozio e mantenimento della sessione dell&#8217;utente dopo l&#8217;accesso,<\/p><p>c. analisi, ricerca e verifica delle visualizzazioni del sito web,<\/p><p>d. nonch\u00e9 per fini statistici e di marketing.<\/p><div style=\"height:30px\" aria-hidden=\"true\" class=\"wp-block-spacer\"><\/div><p>\n          <strong>\u00a76. Disposizioni finali<\/strong>\n        <\/p><p>1. In futuro potrebbero essere apportate modifiche al presente documento, influenzate dallo sviluppo della tecnologia internet, dai cambiamenti della legge in materia di protezione dei dati personali e dallo sviluppo del nostro Sito web e del Negozio. Tutte le modifiche saranno comunicate agli Utenti in modo tempestivo, visibile e comprensibile.<\/p><p>2. Tutte le domande o i commenti relativi alla Politica sulla privacy e sui cookie devono essere inviati al seguente indirizzo: info@positiveprints.com<\/p><p><\/p>","protected":false},"excerpt":{"rendered":"<p>Informativa sulla privacy e sui cookie Informazioni generali L&#8217;Informativa sulla privacy e sui cookie definisce le regole di trattamento dei dati e di protezione dei dati personali, nonch\u00e9 l&#8217;utilizzo dei cookie e di altre tecnologie quali: Google Analytics, Pixel di Facebook in relazione al loro utilizzo da parte degli utenti del nostro sito web, del [&hellip;]<\/p>\n","protected":false},"author":1,"featured_media":0,"parent":0,"menu_order":0,"comment_status":"closed","ping_status":"closed","template":"informational-page.php","meta":{"footnotes":""},"class_list":["post-1003480","page","type-page","status-publish","hentry"],"yoast_head":"<!-- This site is optimized with the Yoast SEO Premium plugin v27.2 (Yoast SEO v27.2) - https:\/\/yoast.com\/product\/yoast-seo-premium-wordpress\/ -->\n<title>Informativa sulla privacy - Positive Prints<\/title>\n<meta name=\"description\" content=\"Siamo lieti che tu stia visitando il nostro sito web e ti ringraziamo per il tuo interesse. Di seguito ti informiamo sul trattamento dei tuoi dati personali quando utilizzi il nostro sito web. I dati personali sono tutti i dati con i quali puoi essere identificato personalmente.\" \/>\n<meta name=\"robots\" content=\"noindex, follow\" \/>\n<meta property=\"og:locale\" content=\"it_IT\" \/>\n<meta property=\"og:type\" content=\"article\" \/>\n<meta property=\"og:title\" content=\"Informativa sulla privacy e sui cookie\" \/>\n<meta property=\"og:description\" content=\"Informativa sulla privacy e sui cookie Informazioni generali L&#039;Informativa sulla privacy e sui cookie definisce le regole di trattamento dei dati e di\" \/>\n<meta property=\"og:url\" content=\"https:\/\/positiveprints.com\/it\/informativa-sulla-privacy-e-sui-cookie\/\" \/>\n<meta property=\"og:site_name\" content=\"Positive Prints\" \/>\n<meta property=\"article:publisher\" content=\"https:\/\/www.facebook.com\/positiveprintscom\" \/>\n<meta property=\"article:modified_time\" content=\"2023-11-27T13:32:05+00:00\" \/>\n<meta property=\"og:image\" content=\"https:\/\/positiveprints.com\/wp-content\/uploads\/2026\/03\/Open-graph-2026-1200x630-1.jpg\" \/>\n\t<meta property=\"og:image:width\" content=\"1200\" \/>\n\t<meta property=\"og:image:height\" content=\"630\" \/>\n\t<meta property=\"og:image:type\" content=\"image\/jpeg\" \/>\n<meta name=\"twitter:card\" content=\"summary_large_image\" \/>\n<meta name=\"twitter:label1\" content=\"Tempo di lettura stimato\" \/>\n\t<meta name=\"twitter:data1\" content=\"9 minuti\" \/>\n<!-- \/ Yoast SEO Premium plugin. -->","yoast_head_json":{"title":"Informativa sulla privacy - Positive Prints","description":"Siamo lieti che tu stia visitando il nostro sito web e ti ringraziamo per il tuo interesse. Di seguito ti informiamo sul trattamento dei tuoi dati personali quando utilizzi il nostro sito web. I dati personali sono tutti i dati con i quali puoi essere identificato personalmente.","robots":{"index":"noindex","follow":"follow"},"og_locale":"it_IT","og_type":"article","og_title":"Informativa sulla privacy e sui cookie","og_description":"Informativa sulla privacy e sui cookie Informazioni generali L'Informativa sulla privacy e sui cookie definisce le regole di trattamento dei dati e di","og_url":"https:\/\/positiveprints.com\/it\/informativa-sulla-privacy-e-sui-cookie\/","og_site_name":"Positive Prints","article_publisher":"https:\/\/www.facebook.com\/positiveprintscom","article_modified_time":"2023-11-27T13:32:05+00:00","og_image":[{"width":1200,"height":630,"url":"https:\/\/positiveprints.com\/wp-content\/uploads\/2026\/03\/Open-graph-2026-1200x630-1.jpg","type":"image\/jpeg"}],"twitter_card":"summary_large_image","twitter_misc":{"Tempo di lettura stimato":"9 minuti"},"schema":{"@context":"https:\/\/schema.org","@graph":[{"@type":"WebPage","@id":"https:\/\/positiveprints.com\/it\/informativa-sulla-privacy-e-sui-cookie\/","url":"https:\/\/positiveprints.com\/it\/informativa-sulla-privacy-e-sui-cookie\/","name":"Informativa sulla privacy - Positive Prints","isPartOf":{"@id":"https:\/\/positiveprints.com\/it\/#website"},"datePublished":"2023-11-27T13:32:01+00:00","dateModified":"2023-11-27T13:32:05+00:00","description":"Siamo lieti che tu stia visitando il nostro sito web e ti ringraziamo per il tuo interesse. Di seguito ti informiamo sul trattamento dei tuoi dati personali quando utilizzi il nostro sito web. I dati personali sono tutti i dati con i quali puoi essere identificato personalmente.","breadcrumb":{"@id":"https:\/\/positiveprints.com\/it\/informativa-sulla-privacy-e-sui-cookie\/#breadcrumb"},"inLanguage":"it-IT","potentialAction":[{"@type":"ReadAction","target":["https:\/\/positiveprints.com\/it\/informativa-sulla-privacy-e-sui-cookie\/"]}]},{"@type":"BreadcrumbList","@id":"https:\/\/positiveprints.com\/it\/informativa-sulla-privacy-e-sui-cookie\/#breadcrumb","itemListElement":[{"@type":"ListItem","position":1,"name":"Home","item":"https:\/\/positiveprints.com\/it\/"},{"@type":"ListItem","position":2,"name":"Informativa sulla privacy e sui cookie"}]},{"@type":"WebSite","@id":"https:\/\/positiveprints.com\/it\/#website","url":"https:\/\/positiveprints.com\/it\/","name":"Positive Prints","description":"Amazing Custom Personalized Gifts","publisher":{"@id":"https:\/\/positiveprints.com\/it\/#organization"},"potentialAction":[{"@type":"SearchAction","target":{"@type":"EntryPoint","urlTemplate":"https:\/\/positiveprints.com\/it\/?s={search_term_string}"},"query-input":{"@type":"PropertyValueSpecification","valueRequired":true,"valueName":"search_term_string"}}],"inLanguage":"it-IT"},{"@type":"Organization","@id":"https:\/\/positiveprints.com\/it\/#organization","name":"Positive Prints","alternateName":"Positive Prints","url":"https:\/\/positiveprints.com\/it\/","logo":{"@type":"ImageObject","inLanguage":"it-IT","@id":"https:\/\/positiveprints.com\/it\/#\/schema\/logo\/image\/","url":"https:\/\/positiveprints.com\/wp-content\/uploads\/2026\/03\/245815646_1337939713319158_5671353136411139666_n.png","contentUrl":"https:\/\/positiveprints.com\/wp-content\/uploads\/2026\/03\/245815646_1337939713319158_5671353136411139666_n.png","width":800,"height":800,"caption":"Positive Prints"},"image":{"@id":"https:\/\/positiveprints.com\/it\/#\/schema\/logo\/image\/"},"sameAs":["https:\/\/www.facebook.com\/positiveprintscom","https:\/\/www.instagram.com\/positiveprintscom\/","https:\/\/www.tiktok.com\/@positiveprintscom","https:\/\/www.pinterest.com\/positiveprintscom\/"]}]}},"jetpack_sharing_enabled":true,"_links":{"self":[{"href":"https:\/\/positiveprints.com\/it\/wp-json\/wp\/v2\/pages\/1003480","targetHints":{"allow":["GET"]}}],"collection":[{"href":"https:\/\/positiveprints.com\/it\/wp-json\/wp\/v2\/pages"}],"about":[{"href":"https:\/\/positiveprints.com\/it\/wp-json\/wp\/v2\/types\/page"}],"author":[{"embeddable":true,"href":"https:\/\/positiveprints.com\/it\/wp-json\/wp\/v2\/users\/1"}],"replies":[{"embeddable":true,"href":"https:\/\/positiveprints.com\/it\/wp-json\/wp\/v2\/comments?post=1003480"}],"version-history":[{"count":0,"href":"https:\/\/positiveprints.com\/it\/wp-json\/wp\/v2\/pages\/1003480\/revisions"}],"wp:attachment":[{"href":"https:\/\/positiveprints.com\/it\/wp-json\/wp\/v2\/media?parent=1003480"}],"curies":[{"name":"wp","href":"https:\/\/api.w.org\/{rel}","templated":true}]}}