{"id":978314,"date":"2023-10-08T21:53:59","date_gmt":"2023-10-08T20:53:59","guid":{"rendered":"https:\/\/positiveprints.com\/?post_type=product&#038;p=978314"},"modified":"2026-04-03T03:04:33","modified_gmt":"2026-04-03T02:04:33","slug":"carte-aquarelle-personnalisee","status":"publish","type":"product","link":"https:\/\/positiveprints.com\/fr\/produit\/carte-aquarelle-personnalisee\/","title":{"rendered":"Carte aquarelle personnalis\u00e9e"},"content":{"rendered":"<p style=\"margin-top: 1rem;\">Vous cherchez un cadeau unique, qui vient du c\u0153ur ? Ne cherchez pas plus loin ; voici notre carte aquarelle personnalis\u00e9e. Quelle belle fa\u00e7on de c\u00e9l\u00e9brer des occasions sp\u00e9ciales comme des anniversaires, des mariages, des fian\u00e7ailles ou des pendaisons de cr\u00e9maill\u00e8re avec ce cadeau personnalis\u00e9 extraordinaire. Il est \u00e0 pr\u00e9sent tr\u00e8s facile de cr\u00e9er votre propre chef-d&#8217;\u0153uvre personnalis\u00e9 avec notre \u00e9diteur en ligne intuitif.<\/p>\r\n\r\n<h2 class=\"grenB f24 cblue\" style=\"margin-top: 3rem;\">Souvenirs artisanaux : tenez l&#8217;aventure de votre carte aquarelle personnalis\u00e9e<\/h2>\r\n<p style=\"margin-top: 1rem;\">Notre carte aquarelle personnalis\u00e9e vous permet de cr\u00e9er une \u0153uvre d&#8217;art unique en son genre qui captera l&#8217;essence d&#8217;un lieu et d&#8217;un moment singulier. Choisissez parmi une large gamme de couleurs pr\u00e9d\u00e9finies afin de commencer la cr\u00e9ation de cette incroyable carte aquarelle personnalis\u00e9e. Pour les plus inspir\u00e9s, il est m\u00eame possible de facilement jouer avec les couleurs en customisant une couleur de fond et une autre couleur pour l&#8217;emplacement s\u00e9lectionn\u00e9.<\/p>\r\n\r\n<p style=\"margin-top: 1rem;\">Continuez \u00e0 personnaliser votre carte aquarelle avec un marqueur en forme de c\u0153ur pour mettre l&#8217;accent sur l&#8217;endroit exact o\u00f9 cet instant m\u00e9morable s&#8217;est produit \u2013 l&#8217;endroit o\u00f9 vous vous \u00eates rencontr\u00e9s, fianc\u00e9s ou pass\u00e9s la bague au doigt. Pour finir, vous ajouterez sous la carte une citation ou un message \u00e9loquent qui suscitera certainement beaucoup d&#8217;\u00e9motions chez votre destinataire. La touche finale consiste \u00e0 choisir votre format pr\u00e9f\u00e9r\u00e9 : encadr\u00e9e, affiche imprim\u00e9e, toile ou fichier num\u00e9rique.<\/p>\r\n\r\n<h2 class=\"grenB f24 cblue\" style=\"margin-top: 3rem;\">Mais pourquoi choisir une carte aquarelle personnalis\u00e9e ? Offrez le plaisir de souvenirs cordiaux<\/h2>\r\n<p style=\"margin-top: 1rem;\">Avec la carte aquarelle personnalis\u00e9e vous avez trouv\u00e9 le cadeau parfait, car c&#8217;est un m\u00e9lange d&#8217;art, de sentimentalit\u00e9 et de personnalisation. Il ne s&#8217;agit pas l\u00e0 d&#8217;une simple carte, c&#8217;est un souvenir pr\u00e9cieux magnifiquement repr\u00e9sent\u00e9 sur papier. Ce cadeau exprimera parfaitement votre amour et votre m\u00e9nagement pour le d\u00e9but d&#8217;un nouveau chapitre dans une nouvelle maison, votre nouvelle vie \u00e0 deux ou des nombreuses ann\u00e9es pass\u00e9es ensemble. Grace \u00e0 ses couleurs vibrantes, son message \u00e9loquent et son marqueur en forme de c\u0153ur, cette carte aquarelle personnalis\u00e9e se transformera en une marque d&#8217;affection imp\u00e9rissable. Rendez votre prochain cadeau inoubliable avec notre carte aquarelle personnalis\u00e9e &#8211; une fa\u00e7on vraiment sp\u00e9ciale de dire \u00ab Je t&#8217;aime \u00bb ou \u00ab F\u00e9licitations ! \u00bb<\/p>","protected":false},"excerpt":{"rendered":"<ul class=\"check-list\">\n<li>Ornez votre maison d&#8217;une magnifique carte aquarelle de votre pays, \u00eele ou \u00e9tendue d&#8217;eau pr\u00e9f\u00e9r\u00e9e<\/li>\n<li>Marquez un endroit particulier avec le symbole de votre choix<\/li>\n<li>Personnalisez-la en 3 \u00e9tapes simples<\/li>\n<li>Choisissez un mod\u00e8le pr\u00e9d\u00e9fini ou faites preuve de cr\u00e9ativit\u00e9<\/li>\n<li>Vois le r\u00e9sultat imm\u00e9diatement \u2013 l\u2019aper\u00e7u interactif te permet de peaufiner chaque d\u00e9tail<\/li>\n<\/ul>\n","protected":false},"featured_media":1554590,"template":"","meta":[],"product_brand":[],"product_cat":[15109,9686,8243,104,264],"product_tag":[14858],"class_list":{"0":"post-978314","1":"product","2":"type-product","3":"status-publish","4":"has-post-thumbnail","6":"product_cat-bestsellers-menu-fr","7":"product_cat-carte-de-votre-pays","8":"product_cat-digital-products-fr","9":"product_cat-tous-les-produits","10":"product_cat-creators-fr-2","11":"product_tag-creators-fr-2","13":"first","14":"instock","15":"sale","16":"taxable","17":"shipping-taxable","18":"purchasable","19":"product-type-variable"},"yoast_head":"<!-- This site is optimized with the Yoast SEO Premium plugin v27.2 (Yoast SEO v27.2) - https:\/\/yoast.com\/product\/yoast-seo-premium-wordpress\/ -->\n<title>Carte aquarelle personnalis\u00e9e - Positive Prints<\/title>\n<meta name=\"description\" content=\"C\u00e9l\u00e9brez l&#039;amour, les jalons de la vie et vos meilleurs souvenirs avec une carte aquarelle personnalis\u00e9e. Commencez \u00e0 cr\u00e9er votre cadeau unique et original ici.\" \/>\n<meta name=\"robots\" content=\"index, follow, max-snippet:-1, max-image-preview:large, max-video-preview:-1\" \/>\n<link rel=\"canonical\" href=\"https:\/\/positiveprints.com\/fr\/produit\/carte-aquarelle-personnalisee\/\" \/>\n<meta property=\"og:locale\" content=\"fr_FR\" \/>\n<meta property=\"og:type\" content=\"article\" \/>\n<meta property=\"og:title\" content=\"Carte aquarelle personnalis\u00e9e\" \/>\n<meta property=\"og:description\" content=\"Ornez votre maison d&#039;une magnifique carte aquarelle de votre pays, \u00eele ou \u00e9tendue d&#039;eau pr\u00e9f\u00e9r\u00e9e   Marquez un endroit particulier avec le symbole de votre choix   Personnalisez-la en 3 \u00e9tapes simples   Choisissez un mod\u00e8le pr\u00e9d\u00e9fini ou faites preuve de cr\u00e9ativit\u00e9   Vois le r\u00e9sultat imm\u00e9diatement \u2013 l\u2019aper\u00e7u interactif te permet de peaufiner chaque d\u00e9tail\" \/>\n<meta property=\"og:url\" content=\"https:\/\/positiveprints.com\/fr\/produit\/carte-aquarelle-personnalisee\/\" \/>\n<meta property=\"og:site_name\" content=\"Positive Prints\" \/>\n<meta property=\"article:publisher\" content=\"https:\/\/www.facebook.com\/positiveprintscom\" \/>\n<meta property=\"article:modified_time\" content=\"2026-04-03T02:04:33+00:00\" \/>\n<meta property=\"og:image\" content=\"https:\/\/positiveprints.com\/wp-content\/uploads\/2023\/10\/Carte-aquarelle-personnalisee.jpg\" \/>\n\t<meta property=\"og:image:width\" content=\"1080\" \/>\n\t<meta property=\"og:image:height\" content=\"1080\" \/>\n\t<meta property=\"og:image:type\" content=\"image\/jpeg\" \/>\n<meta name=\"twitter:card\" content=\"summary_large_image\" \/>\n<meta name=\"twitter:label1\" content=\"Dur\u00e9e de lecture estim\u00e9e\" \/>\n\t<meta name=\"twitter:data1\" content=\"2 minutes\" \/>\n<!-- \/ Yoast SEO Premium plugin. -->","yoast_head_json":{"title":"Carte aquarelle personnalis\u00e9e - Positive Prints","description":"C\u00e9l\u00e9brez l'amour, les jalons de la vie et vos meilleurs souvenirs avec une carte aquarelle personnalis\u00e9e. Commencez \u00e0 cr\u00e9er votre cadeau unique et original ici.","robots":{"index":"index","follow":"follow","max-snippet":"max-snippet:-1","max-image-preview":"max-image-preview:large","max-video-preview":"max-video-preview:-1"},"canonical":"https:\/\/positiveprints.com\/fr\/produit\/carte-aquarelle-personnalisee\/","og_locale":"fr_FR","og_type":"article","og_title":"Carte aquarelle personnalis\u00e9e","og_description":"Ornez votre maison d'une magnifique carte aquarelle de votre pays, \u00eele ou \u00e9tendue d'eau pr\u00e9f\u00e9r\u00e9e   Marquez un endroit particulier avec le symbole de votre choix   Personnalisez-la en 3 \u00e9tapes simples   Choisissez un mod\u00e8le pr\u00e9d\u00e9fini ou faites preuve de cr\u00e9ativit\u00e9   Vois le r\u00e9sultat imm\u00e9diatement \u2013 l\u2019aper\u00e7u interactif te permet de peaufiner chaque d\u00e9tail","og_url":"https:\/\/positiveprints.com\/fr\/produit\/carte-aquarelle-personnalisee\/","og_site_name":"Positive Prints","article_publisher":"https:\/\/www.facebook.com\/positiveprintscom","article_modified_time":"2026-04-03T02:04:33+00:00","og_image":[{"width":1080,"height":1080,"url":"https:\/\/positiveprints.com\/wp-content\/uploads\/2023\/10\/Carte-aquarelle-personnalisee.jpg","type":"image\/jpeg"}],"twitter_card":"summary_large_image","twitter_misc":{"Dur\u00e9e de lecture estim\u00e9e":"2 minutes"},"schema":{"@context":"https:\/\/schema.org","@graph":[{"@type":["WebPage","ItemPage"],"@id":"https:\/\/positiveprints.com\/fr\/produit\/carte-aquarelle-personnalisee\/","url":"https:\/\/positiveprints.com\/fr\/produit\/carte-aquarelle-personnalisee\/","name":"Carte aquarelle personnalis\u00e9e - Positive Prints","isPartOf":{"@id":"https:\/\/positiveprints.com\/fr\/#website"},"primaryImageOfPage":{"@id":"https:\/\/positiveprints.com\/fr\/produit\/carte-aquarelle-personnalisee\/#primaryimage"},"image":{"@id":"https:\/\/positiveprints.com\/fr\/produit\/carte-aquarelle-personnalisee\/#primaryimage"},"thumbnailUrl":"https:\/\/positiveprints.com\/wp-content\/uploads\/2025\/10\/Carte-aquarelle-personnalisee-8.webp","datePublished":"2023-10-08T20:53:59+00:00","dateModified":"2026-04-03T02:04:33+00:00","description":"C\u00e9l\u00e9brez l'amour, les jalons de la vie et vos meilleurs souvenirs avec une carte aquarelle personnalis\u00e9e. Commencez \u00e0 cr\u00e9er votre cadeau unique et original ici.","breadcrumb":{"@id":"https:\/\/positiveprints.com\/fr\/produit\/carte-aquarelle-personnalisee\/#breadcrumb"},"inLanguage":"fr-FR","potentialAction":[{"@type":"ReadAction","target":["https:\/\/positiveprints.com\/fr\/produit\/carte-aquarelle-personnalisee\/"]}]},{"@type":"ImageObject","inLanguage":"fr-FR","@id":"https:\/\/positiveprints.com\/fr\/produit\/carte-aquarelle-personnalisee\/#primaryimage","url":"https:\/\/positiveprints.com\/wp-content\/uploads\/2025\/10\/Carte-aquarelle-personnalisee-8.webp","contentUrl":"https:\/\/positiveprints.com\/wp-content\/uploads\/2025\/10\/Carte-aquarelle-personnalisee-8.webp","width":1450,"height":1450,"caption":"Carte aquarelle personnalis\u00e9e (8)"},{"@type":"BreadcrumbList","@id":"https:\/\/positiveprints.com\/fr\/produit\/carte-aquarelle-personnalisee\/#breadcrumb","itemListElement":[{"@type":"ListItem","position":1,"name":"Home","item":"https:\/\/positiveprints.com\/fr\/"},{"@type":"ListItem","position":2,"name":"Produits","item":"https:\/\/positiveprints.com\/fr\/shop\/"},{"@type":"ListItem","position":3,"name":"Carte aquarelle personnalis\u00e9e"}]},{"@type":"WebSite","@id":"https:\/\/positiveprints.com\/fr\/#website","url":"https:\/\/positiveprints.com\/fr\/","name":"Positive Prints","description":"Amazing Custom Personalized Gifts","publisher":{"@id":"https:\/\/positiveprints.com\/fr\/#organization"},"potentialAction":[{"@type":"SearchAction","target":{"@type":"EntryPoint","urlTemplate":"https:\/\/positiveprints.com\/fr\/?s={search_term_string}"},"query-input":{"@type":"PropertyValueSpecification","valueRequired":true,"valueName":"search_term_string"}}],"inLanguage":"fr-FR"},{"@type":"Organization","@id":"https:\/\/positiveprints.com\/fr\/#organization","name":"Positive Prints","alternateName":"Positive Prints","url":"https:\/\/positiveprints.com\/fr\/","logo":{"@type":"ImageObject","inLanguage":"fr-FR","@id":"https:\/\/positiveprints.com\/fr\/#\/schema\/logo\/image\/","url":"https:\/\/positiveprints.com\/wp-content\/uploads\/2026\/03\/245815646_1337939713319158_5671353136411139666_n.png","contentUrl":"https:\/\/positiveprints.com\/wp-content\/uploads\/2026\/03\/245815646_1337939713319158_5671353136411139666_n.png","width":800,"height":800,"caption":"Positive Prints"},"image":{"@id":"https:\/\/positiveprints.com\/fr\/#\/schema\/logo\/image\/"},"sameAs":["https:\/\/www.facebook.com\/positiveprintscom","https:\/\/www.instagram.com\/positiveprintscom\/","https:\/\/www.tiktok.com\/@positiveprintscom","https:\/\/www.pinterest.com\/positiveprintscom\/"]}]}},"jetpack_sharing_enabled":true,"_links":{"self":[{"href":"https:\/\/positiveprints.com\/fr\/wp-json\/wp\/v2\/product\/978314","targetHints":{"allow":["GET"]}}],"collection":[{"href":"https:\/\/positiveprints.com\/fr\/wp-json\/wp\/v2\/product"}],"about":[{"href":"https:\/\/positiveprints.com\/fr\/wp-json\/wp\/v2\/types\/product"}],"wp:featuredmedia":[{"embeddable":true,"href":"https:\/\/positiveprints.com\/fr\/wp-json\/wp\/v2\/media\/1554590"}],"wp:attachment":[{"href":"https:\/\/positiveprints.com\/fr\/wp-json\/wp\/v2\/media?parent=978314"}],"wp:term":[{"taxonomy":"product_brand","embeddable":true,"href":"https:\/\/positiveprints.com\/fr\/wp-json\/wp\/v2\/product_brand?post=978314"},{"taxonomy":"product_cat","embeddable":true,"href":"https:\/\/positiveprints.com\/fr\/wp-json\/wp\/v2\/product_cat?post=978314"},{"taxonomy":"product_tag","embeddable":true,"href":"https:\/\/positiveprints.com\/fr\/wp-json\/wp\/v2\/product_tag?post=978314"}],"curies":[{"name":"wp","href":"https:\/\/api.w.org\/{rel}","templated":true}]}}