{"id":953552,"date":"2023-06-07T21:37:46","date_gmt":"2023-06-07T20:37:46","guid":{"rendered":"https:\/\/positiveprints.com\/?post_type=product&#038;p=953552"},"modified":"2026-04-03T03:13:43","modified_gmt":"2026-04-03T02:13:43","slug":"collage-photo-en-lettre-chien","status":"publish","type":"product","link":"https:\/\/positiveprints.com\/fr\/produit\/collage-photo-en-lettre-chien\/","title":{"rendered":"Collage Photo en Lettre Chien"},"content":{"rendered":"<h2 class=\"grenB f24 cblue\" style=\"margin-top: 3rem;\">Collage Photo en Lettre Chien : Un Cadeau Personnalis\u00e9 Et Unique Pour Les Amoureux Des Chiens<\/h2>\r\n<p style=\"margin-top: 1rem;\">Vous cherchez le cadeau parfait pour les amoureux des chiens ? Ne cherchez pas plus loin que le Collage Photo en Lettre Chien ! Cette impression ou toile personnalis\u00e9e est une fa\u00e7on sp\u00e9ciale et unique de c\u00e9l\u00e9brer le lien entre vous et votre animal de compagnie bien-aim\u00e9. Avec ce collage unique en son genre, vos photos pr\u00e9f\u00e9r\u00e9es peuvent \u00eatre fa\u00e7onn\u00e9es pour former le nom de votre chien ou tout autre mot qui a une signification particuli\u00e8re dans votre c\u0153ur.<\/p>\r\n\r\n<h2 class=\"grenB f24 cblue\" style=\"margin-top: 3rem;\">Cr\u00e9ez Un Collage Photo En Lettre Chien Significatif Et Personnalis\u00e9<\/h2>\r\n<p style=\"margin-top: 1rem;\">Cr\u00e9er un Collage Photo en Lettre Chien est simple avec notre \u00e9diteur en ligne facile \u00e0 utiliser. En trois \u00e9tapes simples, vous pouvez cr\u00e9er un cadeau personnalis\u00e9 qui r\u00e9jouira le c\u0153ur de tous les amoureux des chiens. Notre \u00e9diteur en ligne est con\u00e7u pour \u00eatre adapt\u00e9 aux mobiles, ce qui vous permet de cr\u00e9er le collage parfait lors de vos d\u00e9placements.<\/p>\r\n<p style=\"margin-top: 1rem;\">Commencez par saisir le nom de votre chien ou tout autre mot important pour vous. Qu&#8217;il s&#8217;agisse de \u00ab amour \u00bb, de \u00ab meilleur ami \u00bb ou de quelque chose d&#8217;autre qui symbolise le lien que vous partagez avec votre compagnon \u00e0 fourrure, vous \u00eates libre de choisir. De plus, vous pouvez s\u00e9lectionner la couleur du contour des symboles ou opter pour un contour blanc \u00e9pur\u00e9 et classique.<\/p>\r\n<p style=\"margin-top: 1rem;\">Ensuite, il est temps de donner vie \u00e0 votre Collage Photo en Lettre Chien en t\u00e9l\u00e9chargeant vos photos pr\u00e9f\u00e9r\u00e9es. Vous aurez besoin d&#8217;une photo pour chaque lettre du mot choisi. Notre \u00e9diteur intuitif vous permet de zoomer, d&#8217;ajuster la position de chaque photo et de vous assurer qu&#8217;elles s&#8217;int\u00e8grent parfaitement dans le collage. Pour ajouter une touche personnelle, vous pouvez inclure un message sinc\u00e8re sous le collage.<\/p>\r\n<p style=\"margin-top: 1rem;\">Au cours de la derni\u00e8re \u00e9tape, vous d\u00e9cidez de la mani\u00e8re dont vous souhaitez que votre collage de photos de lettres personnalis\u00e9 soit affich\u00e9. Nous offrons diverses options, y compris des impressions encadr\u00e9es, des affiches imprim\u00e9es, des toiles ou des fichiers de t\u00e9l\u00e9chargement num\u00e9rique instantan\u00e9. S\u00e9lectionnez la taille et le format qui correspondent le mieux \u00e0 vos pr\u00e9f\u00e9rences, et nous nous occuperons du reste.<\/p>\r\n\r\n<h2 class=\"grenB f24 cblue\" style=\"margin-top: 3rem;\">Un Cadeau Personnel et Magnifique<\/h2>\r\n<p style=\"margin-top: 1rem;\">Le Collage Photo en Lettre Chien est plus qu&#8217;un simple cadeau ; c&#8217;est un souvenir pr\u00e9cieux encapsul\u00e9 dans une \u0153uvre d&#8217;art personnalis\u00e9e. Contrairement \u00e0 tout autre cadeau que vous pouvez trouver dans les rayons d&#8217;un magasin, ce collage est fait sur mesure pour refl\u00e9ter le lien unique qui vous unit \u00e0 votre ami \u00e0 fourrure. Qu&#8217;il s&#8217;agisse d&#8217;une occasion sp\u00e9ciale ou d&#8217;un hommage affectueux \u00e0 un animal de compagnie bien-aim\u00e9, ce collage apportera chaleur et joie au c\u0153ur du destinataire.<\/p>\r\n<p style=\"margin-top: 1rem;\">Commandez votre Collage de Photos en Lettre de Chien aujourd&#8217;hui et offrez au passionn\u00e9 de chiens de votre vie un cadeau qu&#8217;il ch\u00e9rira pour toujours. Laissez-vous s\u00e9duire par la beaut\u00e9 d&#8217;un cadeau personnalis\u00e9 et sinc\u00e8re qui c\u00e9l\u00e8bre l&#8217;amour inconditionnel et la camaraderie que seul un chien peut offrir.<\/p>","protected":false},"excerpt":{"rendered":"<ul class=\"check-list\">\n<li>Mettez en valeur votre ami \u00e0 fourrure et partagez votre amour pour votre animal de compagnie avec tous ceux qui entrent dans votre maison ou votre bureau<\/li>\n<li>Ajoutez un texte personnalis\u00e9 significatif<\/li>\n<li>Personnalisez en 3 \u00e9tapes simples<\/li>\n<li>Choisissez un mod\u00e8le ou faites preuve de cr\u00e9ativit\u00e9<\/li>\n<li>Vois le r\u00e9sultat imm\u00e9diatement \u2013 l\u2019aper\u00e7u interactif te permet de peaufiner chaque d\u00e9tail<\/li>\n<\/ul>\n","protected":false},"featured_media":1671687,"template":"","meta":[],"product_brand":[],"product_cat":[9123,104,7893],"product_tag":[15627,13901,13899,16105,16106,16108,8689,16107],"class_list":{"0":"post-953552","1":"product","2":"type-product","3":"status-publish","4":"has-post-thumbnail","6":"product_cat-photo-letter-fr","7":"product_cat-tous-les-produits","8":"product_cat-cadeaux-pour-amoureux-des-chiens","9":"product_tag-animals-fr","10":"product_tag-cadeaux-pour-amoureux-des-chiens","11":"product_tag-cadeaux-pour-papa-chien","12":"product_tag-custom-dog-gifts-fr","13":"product_tag-dog-mom-gifts-fr","14":"product_tag-dog-owner-fr","15":"product_tag-dog-lovers-fr","16":"product_tag-gifts-for-dog-owners-fr","18":"first","19":"instock","20":"sale","21":"taxable","22":"shipping-taxable","23":"purchasable","24":"product-type-variable"},"yoast_head":"<!-- This site is optimized with the Yoast SEO Premium plugin v27.2 (Yoast SEO v27.2) - https:\/\/yoast.com\/product\/yoast-seo-premium-wordpress\/ -->\n<title>Collage Photo en Lettre Chien - Positive Prints<\/title>\n<meta name=\"description\" content=\"Cr\u00e9ez un Collage Photo en Lettre Chien. Cette impression ou toile personnalis\u00e9e est une fa\u00e7on sp\u00e9ciale et unique de c\u00e9l\u00e9brer le lien entre vous et votre animal de compagnie bien-aim\u00e9.\" \/>\n<meta name=\"robots\" content=\"index, follow, max-snippet:-1, max-image-preview:large, max-video-preview:-1\" \/>\n<link rel=\"canonical\" href=\"https:\/\/positiveprints.com\/fr\/produit\/collage-photo-en-lettre-chien\/\" \/>\n<meta property=\"og:locale\" content=\"fr_FR\" \/>\n<meta property=\"og:type\" content=\"article\" \/>\n<meta property=\"og:title\" content=\"Collage Photo en Lettre Chien\" \/>\n<meta property=\"og:description\" content=\"Mettez en valeur votre ami \u00e0 fourrure et partagez votre amour pour votre animal de compagnie avec tous ceux qui entrent dans votre maison ou votre bureau Ajoutez un texte personnalis\u00e9 significatif Personnalisez en 3 \u00e9tapes simples Choisissez un mod\u00e8le ou faites preuve de cr\u00e9ativit\u00e9 Vois le r\u00e9sultat imm\u00e9diatement \u2013 l\u2019aper\u00e7u interactif te permet de peaufiner chaque d\u00e9tail\" \/>\n<meta property=\"og:url\" content=\"https:\/\/positiveprints.com\/fr\/produit\/collage-photo-en-lettre-chien\/\" \/>\n<meta property=\"og:site_name\" content=\"Positive Prints\" \/>\n<meta property=\"article:publisher\" content=\"https:\/\/www.facebook.com\/positiveprintscom\" \/>\n<meta property=\"article:modified_time\" content=\"2026-04-03T02:13:43+00:00\" \/>\n<meta property=\"og:image\" content=\"https:\/\/positiveprints.com\/wp-content\/uploads\/2024\/11\/Packshot_FR_Dog-Letter-Photo-Collage-product-image-.webp\" \/>\n\t<meta property=\"og:image:width\" content=\"1450\" \/>\n\t<meta property=\"og:image:height\" content=\"1450\" \/>\n\t<meta property=\"og:image:type\" content=\"image\/webp\" \/>\n<meta name=\"twitter:card\" content=\"summary_large_image\" \/>\n<meta name=\"twitter:label1\" content=\"Dur\u00e9e de lecture estim\u00e9e\" \/>\n\t<meta name=\"twitter:data1\" content=\"3 minutes\" \/>\n<!-- \/ Yoast SEO Premium plugin. -->","yoast_head_json":{"title":"Collage Photo en Lettre Chien - Positive Prints","description":"Cr\u00e9ez un Collage Photo en Lettre Chien. Cette impression ou toile personnalis\u00e9e est une fa\u00e7on sp\u00e9ciale et unique de c\u00e9l\u00e9brer le lien entre vous et votre animal de compagnie bien-aim\u00e9.","robots":{"index":"index","follow":"follow","max-snippet":"max-snippet:-1","max-image-preview":"max-image-preview:large","max-video-preview":"max-video-preview:-1"},"canonical":"https:\/\/positiveprints.com\/fr\/produit\/collage-photo-en-lettre-chien\/","og_locale":"fr_FR","og_type":"article","og_title":"Collage Photo en Lettre Chien","og_description":"Mettez en valeur votre ami \u00e0 fourrure et partagez votre amour pour votre animal de compagnie avec tous ceux qui entrent dans votre maison ou votre bureau Ajoutez un texte personnalis\u00e9 significatif Personnalisez en 3 \u00e9tapes simples Choisissez un mod\u00e8le ou faites preuve de cr\u00e9ativit\u00e9 Vois le r\u00e9sultat imm\u00e9diatement \u2013 l\u2019aper\u00e7u interactif te permet de peaufiner chaque d\u00e9tail","og_url":"https:\/\/positiveprints.com\/fr\/produit\/collage-photo-en-lettre-chien\/","og_site_name":"Positive Prints","article_publisher":"https:\/\/www.facebook.com\/positiveprintscom","article_modified_time":"2026-04-03T02:13:43+00:00","og_image":[{"width":1450,"height":1450,"url":"https:\/\/positiveprints.com\/wp-content\/uploads\/2024\/11\/Packshot_FR_Dog-Letter-Photo-Collage-product-image-.webp","type":"image\/webp"}],"twitter_card":"summary_large_image","twitter_misc":{"Dur\u00e9e de lecture estim\u00e9e":"3 minutes"},"schema":{"@context":"https:\/\/schema.org","@graph":[{"@type":["WebPage","ItemPage"],"@id":"https:\/\/positiveprints.com\/fr\/produit\/collage-photo-en-lettre-chien\/","url":"https:\/\/positiveprints.com\/fr\/produit\/collage-photo-en-lettre-chien\/","name":"Collage Photo en Lettre Chien - Positive Prints","isPartOf":{"@id":"https:\/\/positiveprints.com\/fr\/#website"},"primaryImageOfPage":{"@id":"https:\/\/positiveprints.com\/fr\/produit\/collage-photo-en-lettre-chien\/#primaryimage"},"image":{"@id":"https:\/\/positiveprints.com\/fr\/produit\/collage-photo-en-lettre-chien\/#primaryimage"},"thumbnailUrl":"https:\/\/positiveprints.com\/wp-content\/uploads\/2026\/03\/chien_FR.webp","datePublished":"2023-06-07T20:37:46+00:00","dateModified":"2026-04-03T02:13:43+00:00","description":"Cr\u00e9ez un Collage Photo en Lettre Chien. Cette impression ou toile personnalis\u00e9e est une fa\u00e7on sp\u00e9ciale et unique de c\u00e9l\u00e9brer le lien entre vous et votre animal de compagnie bien-aim\u00e9.","breadcrumb":{"@id":"https:\/\/positiveprints.com\/fr\/produit\/collage-photo-en-lettre-chien\/#breadcrumb"},"inLanguage":"fr-FR","potentialAction":[{"@type":"ReadAction","target":["https:\/\/positiveprints.com\/fr\/produit\/collage-photo-en-lettre-chien\/"]}]},{"@type":"ImageObject","inLanguage":"fr-FR","@id":"https:\/\/positiveprints.com\/fr\/produit\/collage-photo-en-lettre-chien\/#primaryimage","url":"https:\/\/positiveprints.com\/wp-content\/uploads\/2026\/03\/chien_FR.webp","contentUrl":"https:\/\/positiveprints.com\/wp-content\/uploads\/2026\/03\/chien_FR.webp","width":1450,"height":1450},{"@type":"BreadcrumbList","@id":"https:\/\/positiveprints.com\/fr\/produit\/collage-photo-en-lettre-chien\/#breadcrumb","itemListElement":[{"@type":"ListItem","position":1,"name":"Home","item":"https:\/\/positiveprints.com\/fr\/"},{"@type":"ListItem","position":2,"name":"Produits","item":"https:\/\/positiveprints.com\/fr\/shop\/"},{"@type":"ListItem","position":3,"name":"Collage Photo en Lettre Chien"}]},{"@type":"WebSite","@id":"https:\/\/positiveprints.com\/fr\/#website","url":"https:\/\/positiveprints.com\/fr\/","name":"Positive Prints","description":"Amazing Custom Personalized Gifts","publisher":{"@id":"https:\/\/positiveprints.com\/fr\/#organization"},"potentialAction":[{"@type":"SearchAction","target":{"@type":"EntryPoint","urlTemplate":"https:\/\/positiveprints.com\/fr\/?s={search_term_string}"},"query-input":{"@type":"PropertyValueSpecification","valueRequired":true,"valueName":"search_term_string"}}],"inLanguage":"fr-FR"},{"@type":"Organization","@id":"https:\/\/positiveprints.com\/fr\/#organization","name":"Positive Prints","alternateName":"Positive Prints","url":"https:\/\/positiveprints.com\/fr\/","logo":{"@type":"ImageObject","inLanguage":"fr-FR","@id":"https:\/\/positiveprints.com\/fr\/#\/schema\/logo\/image\/","url":"https:\/\/positiveprints.com\/wp-content\/uploads\/2026\/03\/245815646_1337939713319158_5671353136411139666_n.png","contentUrl":"https:\/\/positiveprints.com\/wp-content\/uploads\/2026\/03\/245815646_1337939713319158_5671353136411139666_n.png","width":800,"height":800,"caption":"Positive Prints"},"image":{"@id":"https:\/\/positiveprints.com\/fr\/#\/schema\/logo\/image\/"},"sameAs":["https:\/\/www.facebook.com\/positiveprintscom","https:\/\/www.instagram.com\/positiveprintscom\/","https:\/\/www.tiktok.com\/@positiveprintscom","https:\/\/www.pinterest.com\/positiveprintscom\/"]}]}},"jetpack_sharing_enabled":true,"_links":{"self":[{"href":"https:\/\/positiveprints.com\/fr\/wp-json\/wp\/v2\/product\/953552","targetHints":{"allow":["GET"]}}],"collection":[{"href":"https:\/\/positiveprints.com\/fr\/wp-json\/wp\/v2\/product"}],"about":[{"href":"https:\/\/positiveprints.com\/fr\/wp-json\/wp\/v2\/types\/product"}],"wp:featuredmedia":[{"embeddable":true,"href":"https:\/\/positiveprints.com\/fr\/wp-json\/wp\/v2\/media\/1671687"}],"wp:attachment":[{"href":"https:\/\/positiveprints.com\/fr\/wp-json\/wp\/v2\/media?parent=953552"}],"wp:term":[{"taxonomy":"product_brand","embeddable":true,"href":"https:\/\/positiveprints.com\/fr\/wp-json\/wp\/v2\/product_brand?post=953552"},{"taxonomy":"product_cat","embeddable":true,"href":"https:\/\/positiveprints.com\/fr\/wp-json\/wp\/v2\/product_cat?post=953552"},{"taxonomy":"product_tag","embeddable":true,"href":"https:\/\/positiveprints.com\/fr\/wp-json\/wp\/v2\/product_tag?post=953552"}],"curies":[{"name":"wp","href":"https:\/\/api.w.org\/{rel}","templated":true}]}}