{"id":953548,"date":"2023-06-07T12:25:32","date_gmt":"2023-06-07T11:25:32","guid":{"rendered":"https:\/\/positiveprints.com\/?post_type=product&#038;p=953548"},"modified":"2026-04-07T14:52:22","modified_gmt":"2026-04-07T13:52:22","slug":"collage-photos-nom-de-famille","status":"publish","type":"product","link":"https:\/\/positiveprints.com\/fr\/produit\/collage-photos-nom-de-famille\/","title":{"rendered":"Collage Photos Nom de Famille"},"content":{"rendered":"<h2 class=\"grenB f24 cblue\" style=\"margin-top: 3rem\">Personnalis\u00e9 et Unique : Collage Photos Nom de Famille<\/h2>\r\n\r\n<p style=\"margin-top: 1rem\">Cr\u00e9ez un cadeau sp\u00e9cial et unique avec le Collage Photos Nom de Famille. Cette impression ou toile personnalis\u00e9e transforme vos photos de famille ch\u00e8res en un collage \u00e9poustouflant sous la forme de votre nom de famille. Que vous soyez \u00e0 la recherche d&#8217;un cadeau de No\u00ebl attentionn\u00e9, d&#8217;un cadeau de pendaison de cr\u00e9maill\u00e8re ou d&#8217;une surprise pour vos parents ou tout autre membre de votre famille, ce collage est le choix id\u00e9al.<\/p>\r\n\r\n<h2 class=\"grenB f24 cblue\" style=\"margin-top: 3rem\">Processus De Cr\u00e9ation Simple Et Pratique<\/h2>\r\n\r\n<p style=\"margin-top: 1rem\">Cr\u00e9er votre propre Collage Photos Nom de Famille est un jeu d&#8217;enfant avec notre \u00e9diteur en ligne facile \u00e0 utiliser. En seulement trois \u00e9tapes faciles, vous pouvez cr\u00e9er un cadeau qui laissera une impression durable. Notre \u00e9diteur en ligne est con\u00e7u pour \u00eatre accessible et peut \u00eatre utilis\u00e9 sans effort sur les ordinateurs et les appareils mobiles, ce qui le rend pratique pour tout le monde. Commencez par saisir votre nom de famille, puis choisissez la couleur du contour des symboles ou optez pour un contour blanc \u00e9pur\u00e9. Ensuite, t\u00e9l\u00e9chargez une photo pour chaque lettre de votre nom de famille, et vous pouvez zoomer, ajuster leur position et ajouter un message personnel en dessous. Enfin, s\u00e9lectionnez la taille et le format qui conviennent le mieux \u00e0 vos pr\u00e9f\u00e9rences, qu&#8217;il s&#8217;agisse d&#8217;une impression encadr\u00e9e, d&#8217;une toile ou d&#8217;un fichier de t\u00e9l\u00e9chargement num\u00e9rique instantan\u00e9.<\/p>\r\n\r\n<h2 class=\"grenB f24 cblue\" style=\"margin-top: 3rem\">Significatif et Beau<\/h2>\r\n\r\n<p style=\"margin-top: 1rem\">\u00c0 la recherche d&#8217;un cadeau qui symbolise vraiment l&#8217;esprit familial ? Le Collage Photos Nom de Famille est l&#8217;option parfaite. Cette \u0153uvre d&#8217;art personnalis\u00e9e est non seulement touchante, mais aussi visuellement magnifique. Il se distingue des cadeaux classiques achet\u00e9s dans le commerce, car il refl\u00e8te les liens et les souvenirs uniques partag\u00e9s par les membres de la famille. Vos proches seront touch\u00e9s par la bienveillance de ce cadeau remarquable, sachant que leur nom de famille est magnifiquement mis en valeur \u00e0 l&#8217;aide des moments pr\u00e9cieux captur\u00e9s dans les photos.<\/p>\r\n\r\n<h2 class=\"grenB f24 cblue\" style=\"margin-top: 3rem\">Lib\u00e9rez votre cr\u00e9ativit\u00e9 avec le Collage Photos Nom de Famille<\/h2>\r\n\r\n<p style=\"margin-top: 1rem\">Exprimez votre cr\u00e9ativit\u00e9 et montrez l&#8217;amour que vous portez \u00e0 votre famille gr\u00e2ce \u00e0 ce remarquable collage. Chaque photo raconte une histoire et symbolise un souvenir particulier, faisant du Collage Photos Nom de Famille une \u0153uvre d&#8217;art vraiment personnelle. Vous avez le pouvoir de classer les photos et de les arranger de mani\u00e8re \u00e0 ce qu&#8217;elles correspondent \u00e0 la personnalit\u00e9 et \u00e0 l&#8217;histoire de votre famille. Le r\u00e9sultat final est un chef-d&#8217;\u0153uvre \u00e9tonnant et personnalis\u00e9 qui deviendra un h\u00e9ritage pr\u00e9cieux, c\u00e9l\u00e9brant les liens qui unissent votre famille.<\/p>\r\n\r\n<p style=\"margin-top: 1rem\">Commandez d\u00e8s aujourd&#8217;hui votre Collage Photos Nom de Famille et surprenez vos proches avec un cadeau sinc\u00e8re et visuellement captivant. Laissez cette cr\u00e9ation unique vous rappeler l&#8217;amour, les rires et la joie que partage votre famille, et cr\u00e9ez un souvenir durable qui sera ch\u00e9ri pendant des ann\u00e9es.<\/p>","protected":false},"excerpt":{"rendered":"<ul class=\"check-list\">\n<li>Cr\u00e9ez un tr\u00e9sor familial sp\u00e9cial et pr\u00e9sentez l&#8217;histoire de votre famille d&#8217;une mani\u00e8re originale et attrayante.<\/li>\n<li>Ajoutez un texte personnalis\u00e9 significatif<\/li>\n<li>Personnalisez en 3 \u00e9tapes simples<\/li>\n<li>Choisissez un mod\u00e8le ou faites preuve de cr\u00e9ativit\u00e9<\/li>\n<li>Vois le r\u00e9sultat imm\u00e9diatement \u2013 l\u2019aper\u00e7u interactif te permet de peaufiner chaque d\u00e9tail<\/li>\n<\/ul>\n","protected":false},"featured_media":1282756,"template":"","meta":[],"product_brand":[],"product_cat":[9123,104,5264,15055,11400,7845],"product_tag":[13465,8533],"class_list":{"0":"post-953548","1":"product","2":"type-product","3":"status-publish","4":"has-post-thumbnail","6":"product_cat-photo-letter-fr","7":"product_cat-tous-les-produits","8":"product_cat-cadeaux-de-noel","9":"product_cat-cadeaux-de-noel-pour-la-famille","10":"product_cat-cadeaux-de-noel-pour-les-parents","11":"product_cat-cadeaux-pour-la-famille","12":"product_tag-cadeaux-de-noel-pour-la-famille","13":"product_tag-family-fr","15":"first","16":"instock","17":"sale","18":"taxable","19":"shipping-taxable","20":"purchasable","21":"product-type-variable"},"yoast_head":"<!-- This site is optimized with the Yoast SEO Premium plugin v27.2 (Yoast SEO v27.2) - https:\/\/yoast.com\/product\/yoast-seo-premium-wordpress\/ -->\n<title>Collage Photos Nom de Famille - Positive Prints<\/title>\n<meta name=\"description\" content=\"Le Collage Photos Nom de Famille est une impression personnalis\u00e9e qui transforme vos photos de famille les plus ch\u00e8res en un superbe collage en forme de votre nom de famille.\" \/>\n<meta name=\"robots\" content=\"index, follow, max-snippet:-1, max-image-preview:large, max-video-preview:-1\" \/>\n<link rel=\"canonical\" href=\"https:\/\/positiveprints.com\/fr\/produit\/collage-photos-nom-de-famille\/\" \/>\n<meta property=\"og:locale\" content=\"fr_FR\" \/>\n<meta property=\"og:type\" content=\"article\" \/>\n<meta property=\"og:title\" content=\"Collage Photos Nom de Famille\" \/>\n<meta property=\"og:description\" content=\"Cr\u00e9ez un tr\u00e9sor familial sp\u00e9cial et pr\u00e9sentez l&#039;histoire de votre famille d&#039;une mani\u00e8re originale et attrayante. Ajoutez un texte personnalis\u00e9 significatif Personnalisez en 3 \u00e9tapes simples Choisissez un mod\u00e8le ou faites preuve de cr\u00e9ativit\u00e9 Vois le r\u00e9sultat imm\u00e9diatement \u2013 l\u2019aper\u00e7u interactif te permet de peaufiner chaque d\u00e9tail\" \/>\n<meta property=\"og:url\" content=\"https:\/\/positiveprints.com\/fr\/produit\/collage-photos-nom-de-famille\/\" \/>\n<meta property=\"og:site_name\" content=\"Positive Prints\" \/>\n<meta property=\"article:publisher\" content=\"https:\/\/www.facebook.com\/positiveprintscom\" \/>\n<meta property=\"article:modified_time\" content=\"2026-04-07T13:52:22+00:00\" \/>\n<meta property=\"og:image\" content=\"https:\/\/positiveprints.com\/wp-content\/uploads\/2024\/11\/Packshot_FR_Family-Name-Photo-Collage-product-image-1.webp\" \/>\n\t<meta property=\"og:image:width\" content=\"1450\" \/>\n\t<meta property=\"og:image:height\" content=\"1450\" \/>\n\t<meta property=\"og:image:type\" content=\"image\/webp\" \/>\n<meta name=\"twitter:card\" content=\"summary_large_image\" \/>\n<!-- \/ Yoast SEO Premium plugin. -->","yoast_head_json":{"title":"Collage Photos Nom de Famille - Positive Prints","description":"Le Collage Photos Nom de Famille est une impression personnalis\u00e9e qui transforme vos photos de famille les plus ch\u00e8res en un superbe collage en forme de votre nom de famille.","robots":{"index":"index","follow":"follow","max-snippet":"max-snippet:-1","max-image-preview":"max-image-preview:large","max-video-preview":"max-video-preview:-1"},"canonical":"https:\/\/positiveprints.com\/fr\/produit\/collage-photos-nom-de-famille\/","og_locale":"fr_FR","og_type":"article","og_title":"Collage Photos Nom de Famille","og_description":"Cr\u00e9ez un tr\u00e9sor familial sp\u00e9cial et pr\u00e9sentez l'histoire de votre famille d'une mani\u00e8re originale et attrayante. Ajoutez un texte personnalis\u00e9 significatif Personnalisez en 3 \u00e9tapes simples Choisissez un mod\u00e8le ou faites preuve de cr\u00e9ativit\u00e9 Vois le r\u00e9sultat imm\u00e9diatement \u2013 l\u2019aper\u00e7u interactif te permet de peaufiner chaque d\u00e9tail","og_url":"https:\/\/positiveprints.com\/fr\/produit\/collage-photos-nom-de-famille\/","og_site_name":"Positive Prints","article_publisher":"https:\/\/www.facebook.com\/positiveprintscom","article_modified_time":"2026-04-07T13:52:22+00:00","og_image":[{"width":1450,"height":1450,"url":"https:\/\/positiveprints.com\/wp-content\/uploads\/2024\/11\/Packshot_FR_Family-Name-Photo-Collage-product-image-1.webp","type":"image\/webp"}],"twitter_card":"summary_large_image","schema":{"@context":"https:\/\/schema.org","@graph":[{"@type":["WebPage","ItemPage"],"@id":"https:\/\/positiveprints.com\/fr\/produit\/collage-photos-nom-de-famille\/","url":"https:\/\/positiveprints.com\/fr\/produit\/collage-photos-nom-de-famille\/","name":"Collage Photos Nom de Famille - Positive Prints","isPartOf":{"@id":"https:\/\/positiveprints.com\/fr\/#website"},"primaryImageOfPage":{"@id":"https:\/\/positiveprints.com\/fr\/produit\/collage-photos-nom-de-famille\/#primaryimage"},"image":{"@id":"https:\/\/positiveprints.com\/fr\/produit\/collage-photos-nom-de-famille\/#primaryimage"},"thumbnailUrl":"https:\/\/positiveprints.com\/wp-content\/uploads\/2024\/11\/Packshot_FR_Family-Name-Photo-Collage-product-image-1.webp","datePublished":"2023-06-07T11:25:32+00:00","dateModified":"2026-04-07T13:52:22+00:00","description":"Le Collage Photos Nom de Famille est une impression personnalis\u00e9e qui transforme vos photos de famille les plus ch\u00e8res en un superbe collage en forme de votre nom de famille.","breadcrumb":{"@id":"https:\/\/positiveprints.com\/fr\/produit\/collage-photos-nom-de-famille\/#breadcrumb"},"inLanguage":"fr-FR","potentialAction":[{"@type":"ReadAction","target":["https:\/\/positiveprints.com\/fr\/produit\/collage-photos-nom-de-famille\/"]}]},{"@type":"ImageObject","inLanguage":"fr-FR","@id":"https:\/\/positiveprints.com\/fr\/produit\/collage-photos-nom-de-famille\/#primaryimage","url":"https:\/\/positiveprints.com\/wp-content\/uploads\/2024\/11\/Packshot_FR_Family-Name-Photo-Collage-product-image-1.webp","contentUrl":"https:\/\/positiveprints.com\/wp-content\/uploads\/2024\/11\/Packshot_FR_Family-Name-Photo-Collage-product-image-1.webp","width":1450,"height":1450},{"@type":"BreadcrumbList","@id":"https:\/\/positiveprints.com\/fr\/produit\/collage-photos-nom-de-famille\/#breadcrumb","itemListElement":[{"@type":"ListItem","position":1,"name":"Home","item":"https:\/\/positiveprints.com\/fr\/"},{"@type":"ListItem","position":2,"name":"Produits","item":"https:\/\/positiveprints.com\/fr\/shop\/"},{"@type":"ListItem","position":3,"name":"Collage Photos Nom de Famille"}]},{"@type":"WebSite","@id":"https:\/\/positiveprints.com\/fr\/#website","url":"https:\/\/positiveprints.com\/fr\/","name":"Positive Prints","description":"Amazing Custom Personalized Gifts","publisher":{"@id":"https:\/\/positiveprints.com\/fr\/#organization"},"potentialAction":[{"@type":"SearchAction","target":{"@type":"EntryPoint","urlTemplate":"https:\/\/positiveprints.com\/fr\/?s={search_term_string}"},"query-input":{"@type":"PropertyValueSpecification","valueRequired":true,"valueName":"search_term_string"}}],"inLanguage":"fr-FR"},{"@type":"Organization","@id":"https:\/\/positiveprints.com\/fr\/#organization","name":"Positive Prints","alternateName":"Positive Prints","url":"https:\/\/positiveprints.com\/fr\/","logo":{"@type":"ImageObject","inLanguage":"fr-FR","@id":"https:\/\/positiveprints.com\/fr\/#\/schema\/logo\/image\/","url":"https:\/\/positiveprints.com\/wp-content\/uploads\/2026\/03\/245815646_1337939713319158_5671353136411139666_n.png","contentUrl":"https:\/\/positiveprints.com\/wp-content\/uploads\/2026\/03\/245815646_1337939713319158_5671353136411139666_n.png","width":800,"height":800,"caption":"Positive Prints"},"image":{"@id":"https:\/\/positiveprints.com\/fr\/#\/schema\/logo\/image\/"},"sameAs":["https:\/\/www.facebook.com\/positiveprintscom","https:\/\/www.instagram.com\/positiveprintscom\/","https:\/\/www.tiktok.com\/@positiveprintscom","https:\/\/www.pinterest.com\/positiveprintscom\/"]}]}},"jetpack_sharing_enabled":true,"_links":{"self":[{"href":"https:\/\/positiveprints.com\/fr\/wp-json\/wp\/v2\/product\/953548","targetHints":{"allow":["GET"]}}],"collection":[{"href":"https:\/\/positiveprints.com\/fr\/wp-json\/wp\/v2\/product"}],"about":[{"href":"https:\/\/positiveprints.com\/fr\/wp-json\/wp\/v2\/types\/product"}],"wp:featuredmedia":[{"embeddable":true,"href":"https:\/\/positiveprints.com\/fr\/wp-json\/wp\/v2\/media\/1282756"}],"wp:attachment":[{"href":"https:\/\/positiveprints.com\/fr\/wp-json\/wp\/v2\/media?parent=953548"}],"wp:term":[{"taxonomy":"product_brand","embeddable":true,"href":"https:\/\/positiveprints.com\/fr\/wp-json\/wp\/v2\/product_brand?post=953548"},{"taxonomy":"product_cat","embeddable":true,"href":"https:\/\/positiveprints.com\/fr\/wp-json\/wp\/v2\/product_cat?post=953548"},{"taxonomy":"product_tag","embeddable":true,"href":"https:\/\/positiveprints.com\/fr\/wp-json\/wp\/v2\/product_tag?post=953548"}],"curies":[{"name":"wp","href":"https:\/\/api.w.org\/{rel}","templated":true}]}}