{"id":953515,"date":"2023-06-07T11:04:30","date_gmt":"2023-06-07T10:04:30","guid":{"rendered":"https:\/\/positiveprints.com\/?post_type=product&#038;p=953515"},"modified":"2026-04-12T22:14:19","modified_gmt":"2026-04-12T21:14:19","slug":"collage-photos-en-lettre-pour-la-famille","status":"publish","type":"product","link":"https:\/\/positiveprints.com\/fr\/produit\/collage-photos-en-lettre-pour-la-famille\/","title":{"rendered":"Collage Photos de Lettres pour la Famille"},"content":{"rendered":"<h2 class=\"grenB f24 cblue\" style=\"margin-top: 3rem;\">Collage Photos en Lettre pour la Famille : Un Hommage Personnalis\u00e9 aux Souvenirs de Famille<\/h2>\r\n<p style=\"margin-top: 1rem;\">Capturer les moments les plus pr\u00e9cieux de la famille n&#8217;a jamais \u00e9t\u00e9 aussi facile avec le Collage Photos en Lettre pour la Famille. Ce produit unique vous permet de transformer vos photos pr\u00e9f\u00e9r\u00e9es en une superbe impression ou une toile ayant la forme du mot \u00ab famille \u00bb. Qu&#8217;il s&#8217;agisse d&#8217;un cadeau de No\u00ebl, d&#8217;une pendaison de cr\u00e9maill\u00e8re ou d&#8217;un geste sinc\u00e8re pour les parents ou tout autre membre de votre famille, ce collage est le choix id\u00e9al.<\/p>\r\n\r\n<h2 class=\"grenB f24 cblue\" style=\"margin-top: 3rem;\">Processus de Cr\u00e9ation Facile<\/h2>\r\n<p style=\"margin-top: 1rem;\">Cr\u00e9er votre propre Collage Photos en Lettre pour la Famille est un jeu d&#8217;enfant \u00e0 l&#8217;aide de notre \u00e9diteur en ligne intuitif. Suivez notre processus simple en trois \u00e9tapes, et vous aurez le cadeau id\u00e9al en un rien de temps. Notre plateforme conviviale est \u00e9galement mobile, ce qui vous permet de cr\u00e9er votre chef-d&#8217; \u0153uvre sur n&#8217;importe quel appareil.<\/p>\r\n<p style=\"margin-top: 1rem;\">Contrairement aux cadeaux g\u00e9n\u00e9riques, le Collage Photos en Lettre pour la Famille est un hommage sinc\u00e8re qui en dit long sur l&#8217;amour et la reconnaissance que vous portez \u00e0 votre famille. Sa nature personnalis\u00e9e en fait un cadeau qui sera ch\u00e9ri pendant des ann\u00e9es et qui rappellera constamment les moments sp\u00e9ciaux et les liens que vous partagez.<\/p>\r\n<p style=\"margin-top: 1rem;\">Pour commencer, il suffit de saisir le mot \u00ab famille \u00bb dans notre \u00e9diteur. Si vous avez un mot diff\u00e9rent en t\u00eate, comme votre nom de famille ou une date importante, vous pouvez l&#8217;utiliser \u00e0 la place. Les possibilit\u00e9s sont infinies, ce qui vous permet d&#8217;adapter le collage \u00e0 vos propres pr\u00e9f\u00e9rences. De plus, vous avez la possibilit\u00e9 de s\u00e9lectionner une couleur pour le contour des symboles ou d&#8217;opter pour le blanc afin d&#8217;obtenir un aspect net et homog\u00e8ne.<\/p>\r\n<p style=\"margin-top: 1rem;\">Ensuite, t\u00e9l\u00e9chargez vos photos &#8211; une pour chaque lettre du mot que vous avez choisi. Notre \u00e9diteur vous permet de zoomer, d&#8217;ajuster les positions et de vous assurer que chaque image est correcte. Vous pouvez m\u00eame inclure un message personnalis\u00e9 sous le collage, ajoutant une touche suppl\u00e9mentaire de chaleur et de sentimentalit\u00e9.<\/p>\r\n<p style=\"margin-top: 1rem;\">Dans la derni\u00e8re \u00e9tape, vous pouvez s\u00e9lectionner la taille et le format qui conviennent le mieux \u00e0 vos besoins. Que vous pr\u00e9f\u00e9riez une affiche encadr\u00e9e ou imprim\u00e9e, une toile ou un fichier de t\u00e9l\u00e9chargement num\u00e9rique instantan\u00e9, nous avons ce qu&#8217;il vous faut. Vous pouvez \u00eatre s\u00fbr que votre Collage Photos en Lettre pour la Famille sera livr\u00e9 dans le format qui correspond \u00e0 votre id\u00e9e.<\/p>\r\n\r\n<h2 class=\"grenB f24 cblue\" style=\"margin-top: 3rem;\">Collage Photos en Lettre pour la Famille : Un Beau Cadeau Plein De Sens<\/h2>\r\n<p style=\"margin-top: 1rem;\">Lorsqu&#8217;il s&#8217;agit de trouver un cadeau significatif pour votre famille, ne cherchez pas plus loin que le Collage Photos en Lettre pour la Famille. Ce chef-d&#8217;\u0153uvre personnalis\u00e9 est une fa\u00e7on sinc\u00e8re de c\u00e9l\u00e9brer les liens qui nous unissent. Contrairement \u00e0 tout autre cadeau achet\u00e9 en magasin, ce collage est une \u0153uvre d&#8217;art vraiment unique et belle qui capture l&#8217;essence de l&#8217;amour et de la convivialit\u00e9 de votre famille.<\/p>\r\n<p style=\"margin-top: 1rem;\">Chaque Collage Photos en Lettre pour la Famille est con\u00e7u pour pr\u00e9server vos souvenirs les plus pr\u00e9cieux d&#8217;une mani\u00e8re vraiment remarquable. Il repr\u00e9sente une capsule temporelle visuelle, contenant les joies, les rires et l&#8217;amour qui caract\u00e9risent votre famille.<\/p>\r\n<p style=\"margin-top: 1rem;\">Avec le Collage Photos en Lettre pour la Famille, vous avez un contr\u00f4le total sur le produit final. Du choix du mot qui repr\u00e9sente votre famille \u00e0 la personnalisation du jeu de couleurs et \u00e0 l&#8217;ajout de messages personnels, vous pouvez personnaliser chaque aspect pour refl\u00e9ter vos go\u00fbts et pr\u00e9f\u00e9rences uniques.<\/p>\r\n<p style=\"margin-top: 1rem;\">Enfin, le Collage de Photos en Lettre pour la Famille est la meilleure fa\u00e7on de c\u00e9l\u00e9brer la famille et de cr\u00e9er un souvenir inoubliable. Avec son processus de cr\u00e9ation facile, sa touche personnalis\u00e9e et son beau design, il s&#8217;agit d&#8217;un cadeau vraiment sp\u00e9cial. Pr\u00e9servez vos pr\u00e9cieux souvenirs, mettez en valeur votre individualit\u00e9 et exprimez votre amour pour votre famille avec ce collage exceptionnel.<\/p>","protected":false},"excerpt":{"rendered":"<ul class=\"check-list\">\n<li>Ajoutez un texte personnalis\u00e9 significatif<\/li>\n<li>Personnalisez votre design en 3 \u00e9tapes simples<\/li>\n<li>Choisissez un mod\u00e8le ou faites preuve de cr\u00e9ativit\u00e9<\/li>\n<li>Visualisez le r\u00e9sultat imm\u00e9diatement avec l&#8217;aper\u00e7u interactif<\/li>\n<\/ul>\n","protected":false},"featured_media":1671202,"template":"","meta":[],"product_brand":[],"product_cat":[8998,5264,9123,7685,8006,15055,7845,11400,104],"product_tag":[13465,16017,16018,8533,16019,16020,16021],"class_list":{"0":"post-953515","1":"product","2":"type-product","3":"status-publish","4":"has-post-thumbnail","6":"product_cat-fete-des-grands-parents","7":"product_cat-cadeaux-de-noel","8":"product_cat-photo-letter-fr","9":"product_cat-cadeaux-pour-femmes","10":"product_cat-cadeaux-pour-hommes","11":"product_cat-cadeaux-de-noel-pour-la-famille","12":"product_cat-cadeaux-pour-la-famille","13":"product_cat-cadeaux-de-noel-pour-les-parents","14":"product_cat-tous-les-produits","15":"product_tag-cadeaux-de-noel-pour-la-famille","16":"product_tag-family-gift-ideas-fr","17":"product_tag-family-gifts-fr","18":"product_tag-family-fr","19":"product_tag-gift-for-family-fr","20":"product_tag-gifts-for-family-fr","21":"product_tag-personalized-family-gifts-fr","23":"first","24":"instock","25":"sale","26":"taxable","27":"shipping-taxable","28":"purchasable","29":"product-type-variable"},"yoast_head":"<!-- This site is optimized with the Yoast SEO Premium plugin v27.2 (Yoast SEO v27.2) - https:\/\/yoast.com\/product\/yoast-seo-premium-wordpress\/ -->\n<title>Collage Photos de Lettres pour la Famille - Positive Prints<\/title>\n<meta name=\"description\" content=\"C\u00e9l\u00e9brez les moments pr\u00e9cieux avec un collage photo personnalis\u00e9 Famille ! Rassemblez vos plus beaux souvenirs dans une cr\u00e9ation unique en forme de lettres et offrez-vous un souvenir intemporel \u00e0 partager avec vos proches.\" \/>\n<meta name=\"robots\" content=\"index, follow, max-snippet:-1, max-image-preview:large, max-video-preview:-1\" \/>\n<link rel=\"canonical\" href=\"https:\/\/positiveprints.com\/fr\/produit\/collage-photos-en-lettre-pour-la-famille\/\" \/>\n<meta property=\"og:locale\" content=\"fr_FR\" \/>\n<meta property=\"og:type\" content=\"article\" \/>\n<meta property=\"og:title\" content=\"Collage Photos de Lettres pour la Famille\" \/>\n<meta property=\"og:description\" content=\"Ajoutez un texte personnalis\u00e9 significatif  Personnalisez votre design en 3 \u00e9tapes simples  Choisissez un mod\u00e8le ou faites preuve de cr\u00e9ativit\u00e9  Visualisez le r\u00e9sultat imm\u00e9diatement avec l&#039;aper\u00e7u interactif\" \/>\n<meta property=\"og:url\" content=\"https:\/\/positiveprints.com\/fr\/produit\/collage-photos-en-lettre-pour-la-famille\/\" \/>\n<meta property=\"og:site_name\" content=\"Positive Prints\" \/>\n<meta property=\"article:publisher\" content=\"https:\/\/www.facebook.com\/positiveprintscom\" \/>\n<meta property=\"article:modified_time\" content=\"2026-04-12T21:14:19+00:00\" \/>\n<meta property=\"og:image\" content=\"https:\/\/positiveprints.com\/wp-content\/uploads\/2025\/03\/Packshot_FR_FAMILLE.webp\" \/>\n\t<meta property=\"og:image:width\" content=\"1450\" \/>\n\t<meta property=\"og:image:height\" content=\"1450\" \/>\n\t<meta property=\"og:image:type\" content=\"image\/webp\" \/>\n<meta name=\"twitter:card\" content=\"summary_large_image\" \/>\n<meta name=\"twitter:label1\" content=\"Dur\u00e9e de lecture estim\u00e9e\" \/>\n\t<meta name=\"twitter:data1\" content=\"3 minutes\" \/>\n<!-- \/ Yoast SEO Premium plugin. -->","yoast_head_json":{"title":"Collage Photos de Lettres pour la Famille - Positive Prints","description":"C\u00e9l\u00e9brez les moments pr\u00e9cieux avec un collage photo personnalis\u00e9 Famille ! Rassemblez vos plus beaux souvenirs dans une cr\u00e9ation unique en forme de lettres et offrez-vous un souvenir intemporel \u00e0 partager avec vos proches.","robots":{"index":"index","follow":"follow","max-snippet":"max-snippet:-1","max-image-preview":"max-image-preview:large","max-video-preview":"max-video-preview:-1"},"canonical":"https:\/\/positiveprints.com\/fr\/produit\/collage-photos-en-lettre-pour-la-famille\/","og_locale":"fr_FR","og_type":"article","og_title":"Collage Photos de Lettres pour la Famille","og_description":"Ajoutez un texte personnalis\u00e9 significatif  Personnalisez votre design en 3 \u00e9tapes simples  Choisissez un mod\u00e8le ou faites preuve de cr\u00e9ativit\u00e9  Visualisez le r\u00e9sultat imm\u00e9diatement avec l'aper\u00e7u interactif","og_url":"https:\/\/positiveprints.com\/fr\/produit\/collage-photos-en-lettre-pour-la-famille\/","og_site_name":"Positive Prints","article_publisher":"https:\/\/www.facebook.com\/positiveprintscom","article_modified_time":"2026-04-12T21:14:19+00:00","og_image":[{"width":1450,"height":1450,"url":"https:\/\/positiveprints.com\/wp-content\/uploads\/2025\/03\/Packshot_FR_FAMILLE.webp","type":"image\/webp"}],"twitter_card":"summary_large_image","twitter_misc":{"Dur\u00e9e de lecture estim\u00e9e":"3 minutes"},"schema":{"@context":"https:\/\/schema.org","@graph":[{"@type":["WebPage","ItemPage"],"@id":"https:\/\/positiveprints.com\/fr\/produit\/collage-photos-en-lettre-pour-la-famille\/","url":"https:\/\/positiveprints.com\/fr\/produit\/collage-photos-en-lettre-pour-la-famille\/","name":"Collage Photos de Lettres pour la Famille - Positive Prints","isPartOf":{"@id":"https:\/\/positiveprints.com\/fr\/#website"},"primaryImageOfPage":{"@id":"https:\/\/positiveprints.com\/fr\/produit\/collage-photos-en-lettre-pour-la-famille\/#primaryimage"},"image":{"@id":"https:\/\/positiveprints.com\/fr\/produit\/collage-photos-en-lettre-pour-la-famille\/#primaryimage"},"thumbnailUrl":"https:\/\/positiveprints.com\/wp-content\/uploads\/2026\/03\/Famille_FR.webp","datePublished":"2023-06-07T10:04:30+00:00","dateModified":"2026-04-12T21:14:19+00:00","description":"C\u00e9l\u00e9brez les moments pr\u00e9cieux avec un collage photo personnalis\u00e9 Famille ! Rassemblez vos plus beaux souvenirs dans une cr\u00e9ation unique en forme de lettres et offrez-vous un souvenir intemporel \u00e0 partager avec vos proches.","breadcrumb":{"@id":"https:\/\/positiveprints.com\/fr\/produit\/collage-photos-en-lettre-pour-la-famille\/#breadcrumb"},"inLanguage":"fr-FR","potentialAction":[{"@type":"ReadAction","target":["https:\/\/positiveprints.com\/fr\/produit\/collage-photos-en-lettre-pour-la-famille\/"]}]},{"@type":"ImageObject","inLanguage":"fr-FR","@id":"https:\/\/positiveprints.com\/fr\/produit\/collage-photos-en-lettre-pour-la-famille\/#primaryimage","url":"https:\/\/positiveprints.com\/wp-content\/uploads\/2026\/03\/Famille_FR.webp","contentUrl":"https:\/\/positiveprints.com\/wp-content\/uploads\/2026\/03\/Famille_FR.webp","width":1450,"height":1450},{"@type":"BreadcrumbList","@id":"https:\/\/positiveprints.com\/fr\/produit\/collage-photos-en-lettre-pour-la-famille\/#breadcrumb","itemListElement":[{"@type":"ListItem","position":1,"name":"Home","item":"https:\/\/positiveprints.com\/fr\/"},{"@type":"ListItem","position":2,"name":"Produits","item":"https:\/\/positiveprints.com\/fr\/shop\/"},{"@type":"ListItem","position":3,"name":"Collage Photos de Lettres pour la Famille"}]},{"@type":"WebSite","@id":"https:\/\/positiveprints.com\/fr\/#website","url":"https:\/\/positiveprints.com\/fr\/","name":"Positive Prints","description":"Amazing Custom Personalized Gifts","publisher":{"@id":"https:\/\/positiveprints.com\/fr\/#organization"},"potentialAction":[{"@type":"SearchAction","target":{"@type":"EntryPoint","urlTemplate":"https:\/\/positiveprints.com\/fr\/?s={search_term_string}"},"query-input":{"@type":"PropertyValueSpecification","valueRequired":true,"valueName":"search_term_string"}}],"inLanguage":"fr-FR"},{"@type":"Organization","@id":"https:\/\/positiveprints.com\/fr\/#organization","name":"Positive Prints","alternateName":"Positive Prints","url":"https:\/\/positiveprints.com\/fr\/","logo":{"@type":"ImageObject","inLanguage":"fr-FR","@id":"https:\/\/positiveprints.com\/fr\/#\/schema\/logo\/image\/","url":"https:\/\/positiveprints.com\/wp-content\/uploads\/2026\/03\/245815646_1337939713319158_5671353136411139666_n.png","contentUrl":"https:\/\/positiveprints.com\/wp-content\/uploads\/2026\/03\/245815646_1337939713319158_5671353136411139666_n.png","width":800,"height":800,"caption":"Positive Prints"},"image":{"@id":"https:\/\/positiveprints.com\/fr\/#\/schema\/logo\/image\/"},"sameAs":["https:\/\/www.facebook.com\/positiveprintscom","https:\/\/www.instagram.com\/positiveprintscom\/","https:\/\/www.tiktok.com\/@positiveprintscom","https:\/\/www.pinterest.com\/positiveprintscom\/"]}]}},"jetpack_sharing_enabled":true,"_links":{"self":[{"href":"https:\/\/positiveprints.com\/fr\/wp-json\/wp\/v2\/product\/953515","targetHints":{"allow":["GET"]}}],"collection":[{"href":"https:\/\/positiveprints.com\/fr\/wp-json\/wp\/v2\/product"}],"about":[{"href":"https:\/\/positiveprints.com\/fr\/wp-json\/wp\/v2\/types\/product"}],"wp:featuredmedia":[{"embeddable":true,"href":"https:\/\/positiveprints.com\/fr\/wp-json\/wp\/v2\/media\/1671202"}],"wp:attachment":[{"href":"https:\/\/positiveprints.com\/fr\/wp-json\/wp\/v2\/media?parent=953515"}],"wp:term":[{"taxonomy":"product_brand","embeddable":true,"href":"https:\/\/positiveprints.com\/fr\/wp-json\/wp\/v2\/product_brand?post=953515"},{"taxonomy":"product_cat","embeddable":true,"href":"https:\/\/positiveprints.com\/fr\/wp-json\/wp\/v2\/product_cat?post=953515"},{"taxonomy":"product_tag","embeddable":true,"href":"https:\/\/positiveprints.com\/fr\/wp-json\/wp\/v2\/product_tag?post=953515"}],"curies":[{"name":"wp","href":"https:\/\/api.w.org\/{rel}","templated":true}]}}