{"id":953512,"date":"2023-09-21T13:34:10","date_gmt":"2023-09-21T12:34:10","guid":{"rendered":"https:\/\/positiveprints.com\/?post_type=product&#038;p=953512"},"modified":"2026-04-12T21:40:45","modified_gmt":"2026-04-12T20:40:45","slug":"collage-photos-en-lettre-pour-jeunes-maries","status":"publish","type":"product","link":"https:\/\/positiveprints.com\/fr\/produit\/collage-photos-en-lettre-pour-jeunes-maries\/","title":{"rendered":"Collage Photos en Lettre pour Jeunes Mari\u00e9s"},"content":{"rendered":"<h2 class=\"grenB f24 cblue\" style=\"margin-top: 3rem\">Immortalisez leur amour avec un Collage Photos en Lettre personnalis\u00e9 pour Jeunes Mari\u00e9s<\/h2>\r\n\r\n<p style=\"margin-top: 1rem\">Le Collage Photos en Lettre personnalis\u00e9 pour Jeunes Mari\u00e9s est une impression ou une toile personnalis\u00e9e extraordinaire et unique, cr\u00e9\u00e9e \u00e0 partir de vos propres photos. Ce collage exceptionnel vous permet de fa\u00e7onner vos photos en un mot, ce qui en fait un cadeau vraiment sp\u00e9cial pour les jeunes mari\u00e9s.<\/p>\r\n\r\n<h2 class=\"grenB f24 cblue\" style=\"margin-top: 3rem\">Cr\u00e9ez votre Collage Photos en Lettre pour Jeunes Mari\u00e9s en Seulement Trois \u00c9tapes Simples<\/h2>\r\n\r\n<p style=\"margin-top: 1rem\">Cr\u00e9er un Collage Photos en Lettre pour Jeunes Mari\u00e9s est super facile avec notre \u00e9diteur en ligne pratique. En seulement trois \u00e9tapes simples, vous pouvez concevoir le cadeau parfait en toute simplicit\u00e9. Notre \u00e9diteur facile \u00e0 utiliser est compatible avec les appareils mobiles, vous permettant de cr\u00e9er votre chef-d&#8217;\u0153uvre o\u00f9 que vous soyez. Dites adieu aux heures de frustration et bonjour \u00e0 une exp\u00e9rience sans stress !<\/p>\r\n\r\n<p style=\"margin-top: 1rem\">Pour commencer, il suffit de choisir un mot qui a une importance pour le couple. Il peut s&#8217;agir de leur nom de famille, de leurs initiales, de leur date de mariage ou m\u00eame de mots comme \u00ab amour \u00bb ou \u00ab toujours \u00bb \u2013 les options sont infinies ! Apr\u00e8s avoir s\u00e9lectionn\u00e9 le mot, vous avez la libert\u00e9 de personnaliser davantage le collage en choisissant une couleur pour le contour des symboles ou en optant pour un contour blanc \u00e9pur\u00e9.<\/p>\r\n\r\n<p style=\"margin-top: 1rem\">L&#8217;\u00e9tape suivante consiste \u00e0 t\u00e9l\u00e9charger vos photos. Vous aurez besoin d&#8217;une photo pour chaque lettre du mot choisi. Notre \u00e9diteur vous permet de zoomer, d&#8217;ajuster la position des photos et de vraiment personnaliser l&#8217;arrangement. Vous pouvez aussi ajouter un message personnel sous le collage pour le rendre encore plus chaleureux.<\/p>\r\n\r\n<p style=\"margin-top: 1rem\">Une fois que vous \u00eates satisfait de votre cr\u00e9ation, il est temps de choisir la taille et le format qui vous conviennent. Vous pouvez commander une impression encadr\u00e9e, un poster imprim\u00e9, une superbe toile ou m\u00eame un fichier num\u00e9rique \u00e0 t\u00e9l\u00e9charger instantan\u00e9ment &#8211; \u00e0 vous de choisir !<\/p>\r\n\r\n<h2 class=\"grenB f24 cblue\" style=\"margin-top: 3rem\">Un Ajout Unique Et Significatif Pour Le Salon Des Jeunes Mari\u00e9s<\/h2>\r\n\r\n<p style=\"margin-top: 1rem\">Si vous \u00eates \u00e0 la recherche d&#8217;un cadeau significatif pour les jeunes mari\u00e9s, le Collage Photos en Lettre pour Jeunes Mari\u00e9s est le choix parfait. Il constituera sans aucun doute une touche personnelle dans leur salon et mettra en valeur les moments qu&#8217;ils ch\u00e9rissent ensemble. Contrairement \u00e0 tout autre cadeau que vous pourriez trouver dans les rayons d&#8217;un magasin, ce collage est unique et magnifique, capturant l&#8217;essence de leur amour et de leur engagement.<\/p>\r\n\r\n<p style=\"margin-top: 1rem\">Surprenez le joyeux couple avec un Collage Photos en Lettre pour Jeunes Mari\u00e9s, et voyez leurs visages s&#8217;illuminer de joie et d&#8217;appr\u00e9ciation. C\u00e9l\u00e9brez leur union d&#8217;une mani\u00e8re vraiment remarquable avec ce cadeau inoubliable. Commandez le v\u00f4tre d\u00e8s aujourd&#8217;hui et laissez l&#8217;amour briller !<\/p>","protected":false},"excerpt":{"rendered":"<ul class=\"check-list\">\n<li>Cr\u00e9ez un souvenir inoubliable de la journ\u00e9e sp\u00e9ciale des jeunes mari\u00e9s, qui leur rappellera leur amour et leur engagement l&#8217;un envers l&#8217;aut<\/li>\n<li>Ajoutez un texte personnalis\u00e9 significatif<\/li>\n<li>Personnalisez en 3 \u00e9tapes simples<\/li>\n<li>Choisissez un mod\u00e8le ou faites preuve de cr\u00e9ativit\u00e9<\/li>\n<li>Vois le r\u00e9sultat imm\u00e9diatement \u2013 l\u2019aper\u00e7u interactif te permet de peaufiner chaque d\u00e9tail<\/li>\n<\/ul>\n","protected":false},"featured_media":1288080,"template":"","meta":[],"product_brand":[],"product_cat":[9123,104],"product_tag":[],"class_list":{"0":"post-953512","1":"product","2":"type-product","3":"status-publish","4":"has-post-thumbnail","6":"product_cat-photo-letter-fr","7":"product_cat-tous-les-produits","9":"first","10":"instock","11":"sale","12":"taxable","13":"shipping-taxable","14":"purchasable","15":"product-type-variable"},"yoast_head":"<!-- This site is optimized with the Yoast SEO Premium plugin v27.2 (Yoast SEO v27.2) - https:\/\/yoast.com\/product\/yoast-seo-premium-wordpress\/ -->\n<title>Collage Photos en Lettre pour Jeunes Mari\u00e9s - Positive Prints<\/title>\n<meta name=\"description\" content=\"Surprenez le joyeux couple avec un Collage Photos en Lettre pour Jeunes Mari\u00e9s, et voyez leurs visages s&#039;illuminer de joie et d&#039;appr\u00e9ciation.\" \/>\n<meta name=\"robots\" content=\"index, follow, max-snippet:-1, max-image-preview:large, max-video-preview:-1\" \/>\n<link rel=\"canonical\" href=\"https:\/\/positiveprints.com\/fr\/produit\/collage-photos-en-lettre-pour-jeunes-maries\/\" \/>\n<meta property=\"og:locale\" content=\"fr_FR\" \/>\n<meta property=\"og:type\" content=\"article\" \/>\n<meta property=\"og:title\" content=\"Collage Photos en Lettre pour Jeunes Mari\u00e9s\" \/>\n<meta property=\"og:description\" content=\"Cr\u00e9ez un souvenir inoubliable de la journ\u00e9e sp\u00e9ciale des jeunes mari\u00e9s, qui leur rappellera leur amour et leur engagement l&#039;un envers l&#039;aut Ajoutez un texte personnalis\u00e9 significatif Personnalisez en 3 \u00e9tapes simples Choisissez un mod\u00e8le ou faites preuve de cr\u00e9ativit\u00e9 Vois le r\u00e9sultat imm\u00e9diatement \u2013 l\u2019aper\u00e7u interactif te permet de peaufiner chaque d\u00e9tail\" \/>\n<meta property=\"og:url\" content=\"https:\/\/positiveprints.com\/fr\/produit\/collage-photos-en-lettre-pour-jeunes-maries\/\" \/>\n<meta property=\"og:site_name\" content=\"Positive Prints\" \/>\n<meta property=\"article:publisher\" content=\"https:\/\/www.facebook.com\/positiveprintscom\" \/>\n<meta property=\"article:modified_time\" content=\"2026-04-12T20:40:45+00:00\" \/>\n<meta property=\"og:image\" content=\"https:\/\/positiveprints.com\/wp-content\/uploads\/2024\/11\/Packshot_FR_Newlyweds-Letter-Photo-Collage-product-image.webp\" \/>\n\t<meta property=\"og:image:width\" content=\"1450\" \/>\n\t<meta property=\"og:image:height\" content=\"1450\" \/>\n\t<meta property=\"og:image:type\" content=\"image\/webp\" \/>\n<meta name=\"twitter:card\" content=\"summary_large_image\" \/>\n<meta name=\"twitter:label1\" content=\"Dur\u00e9e de lecture estim\u00e9e\" \/>\n\t<meta name=\"twitter:data1\" content=\"2 minutes\" \/>\n<!-- \/ Yoast SEO Premium plugin. -->","yoast_head_json":{"title":"Collage Photos en Lettre pour Jeunes Mari\u00e9s - Positive Prints","description":"Surprenez le joyeux couple avec un Collage Photos en Lettre pour Jeunes Mari\u00e9s, et voyez leurs visages s'illuminer de joie et d'appr\u00e9ciation.","robots":{"index":"index","follow":"follow","max-snippet":"max-snippet:-1","max-image-preview":"max-image-preview:large","max-video-preview":"max-video-preview:-1"},"canonical":"https:\/\/positiveprints.com\/fr\/produit\/collage-photos-en-lettre-pour-jeunes-maries\/","og_locale":"fr_FR","og_type":"article","og_title":"Collage Photos en Lettre pour Jeunes Mari\u00e9s","og_description":"Cr\u00e9ez un souvenir inoubliable de la journ\u00e9e sp\u00e9ciale des jeunes mari\u00e9s, qui leur rappellera leur amour et leur engagement l'un envers l'aut Ajoutez un texte personnalis\u00e9 significatif Personnalisez en 3 \u00e9tapes simples Choisissez un mod\u00e8le ou faites preuve de cr\u00e9ativit\u00e9 Vois le r\u00e9sultat imm\u00e9diatement \u2013 l\u2019aper\u00e7u interactif te permet de peaufiner chaque d\u00e9tail","og_url":"https:\/\/positiveprints.com\/fr\/produit\/collage-photos-en-lettre-pour-jeunes-maries\/","og_site_name":"Positive Prints","article_publisher":"https:\/\/www.facebook.com\/positiveprintscom","article_modified_time":"2026-04-12T20:40:45+00:00","og_image":[{"width":1450,"height":1450,"url":"https:\/\/positiveprints.com\/wp-content\/uploads\/2024\/11\/Packshot_FR_Newlyweds-Letter-Photo-Collage-product-image.webp","type":"image\/webp"}],"twitter_card":"summary_large_image","twitter_misc":{"Dur\u00e9e de lecture estim\u00e9e":"2 minutes"},"schema":{"@context":"https:\/\/schema.org","@graph":[{"@type":["WebPage","ItemPage"],"@id":"https:\/\/positiveprints.com\/fr\/produit\/collage-photos-en-lettre-pour-jeunes-maries\/","url":"https:\/\/positiveprints.com\/fr\/produit\/collage-photos-en-lettre-pour-jeunes-maries\/","name":"Collage Photos en Lettre pour Jeunes Mari\u00e9s - Positive Prints","isPartOf":{"@id":"https:\/\/positiveprints.com\/fr\/#website"},"primaryImageOfPage":{"@id":"https:\/\/positiveprints.com\/fr\/produit\/collage-photos-en-lettre-pour-jeunes-maries\/#primaryimage"},"image":{"@id":"https:\/\/positiveprints.com\/fr\/produit\/collage-photos-en-lettre-pour-jeunes-maries\/#primaryimage"},"thumbnailUrl":"https:\/\/positiveprints.com\/wp-content\/uploads\/2024\/11\/Packshot_FR_Newlyweds-Letter-Photo-Collage-product-image.webp","datePublished":"2023-09-21T12:34:10+00:00","dateModified":"2026-04-12T20:40:45+00:00","description":"Surprenez le joyeux couple avec un Collage Photos en Lettre pour Jeunes Mari\u00e9s, et voyez leurs visages s'illuminer de joie et d'appr\u00e9ciation.","breadcrumb":{"@id":"https:\/\/positiveprints.com\/fr\/produit\/collage-photos-en-lettre-pour-jeunes-maries\/#breadcrumb"},"inLanguage":"fr-FR","potentialAction":[{"@type":"ReadAction","target":["https:\/\/positiveprints.com\/fr\/produit\/collage-photos-en-lettre-pour-jeunes-maries\/"]}]},{"@type":"ImageObject","inLanguage":"fr-FR","@id":"https:\/\/positiveprints.com\/fr\/produit\/collage-photos-en-lettre-pour-jeunes-maries\/#primaryimage","url":"https:\/\/positiveprints.com\/wp-content\/uploads\/2024\/11\/Packshot_FR_Newlyweds-Letter-Photo-Collage-product-image.webp","contentUrl":"https:\/\/positiveprints.com\/wp-content\/uploads\/2024\/11\/Packshot_FR_Newlyweds-Letter-Photo-Collage-product-image.webp","width":1450,"height":1450},{"@type":"BreadcrumbList","@id":"https:\/\/positiveprints.com\/fr\/produit\/collage-photos-en-lettre-pour-jeunes-maries\/#breadcrumb","itemListElement":[{"@type":"ListItem","position":1,"name":"Home","item":"https:\/\/positiveprints.com\/fr\/"},{"@type":"ListItem","position":2,"name":"Produits","item":"https:\/\/positiveprints.com\/fr\/shop\/"},{"@type":"ListItem","position":3,"name":"Collage Photos en Lettre pour Jeunes Mari\u00e9s"}]},{"@type":"WebSite","@id":"https:\/\/positiveprints.com\/fr\/#website","url":"https:\/\/positiveprints.com\/fr\/","name":"Positive Prints","description":"Amazing Custom Personalized Gifts","publisher":{"@id":"https:\/\/positiveprints.com\/fr\/#organization"},"potentialAction":[{"@type":"SearchAction","target":{"@type":"EntryPoint","urlTemplate":"https:\/\/positiveprints.com\/fr\/?s={search_term_string}"},"query-input":{"@type":"PropertyValueSpecification","valueRequired":true,"valueName":"search_term_string"}}],"inLanguage":"fr-FR"},{"@type":"Organization","@id":"https:\/\/positiveprints.com\/fr\/#organization","name":"Positive Prints","alternateName":"Positive Prints","url":"https:\/\/positiveprints.com\/fr\/","logo":{"@type":"ImageObject","inLanguage":"fr-FR","@id":"https:\/\/positiveprints.com\/fr\/#\/schema\/logo\/image\/","url":"https:\/\/positiveprints.com\/wp-content\/uploads\/2026\/03\/245815646_1337939713319158_5671353136411139666_n.png","contentUrl":"https:\/\/positiveprints.com\/wp-content\/uploads\/2026\/03\/245815646_1337939713319158_5671353136411139666_n.png","width":800,"height":800,"caption":"Positive Prints"},"image":{"@id":"https:\/\/positiveprints.com\/fr\/#\/schema\/logo\/image\/"},"sameAs":["https:\/\/www.facebook.com\/positiveprintscom","https:\/\/www.instagram.com\/positiveprintscom\/","https:\/\/www.tiktok.com\/@positiveprintscom","https:\/\/www.pinterest.com\/positiveprintscom\/"]}]}},"jetpack_sharing_enabled":true,"_links":{"self":[{"href":"https:\/\/positiveprints.com\/fr\/wp-json\/wp\/v2\/product\/953512","targetHints":{"allow":["GET"]}}],"collection":[{"href":"https:\/\/positiveprints.com\/fr\/wp-json\/wp\/v2\/product"}],"about":[{"href":"https:\/\/positiveprints.com\/fr\/wp-json\/wp\/v2\/types\/product"}],"wp:featuredmedia":[{"embeddable":true,"href":"https:\/\/positiveprints.com\/fr\/wp-json\/wp\/v2\/media\/1288080"}],"wp:attachment":[{"href":"https:\/\/positiveprints.com\/fr\/wp-json\/wp\/v2\/media?parent=953512"}],"wp:term":[{"taxonomy":"product_brand","embeddable":true,"href":"https:\/\/positiveprints.com\/fr\/wp-json\/wp\/v2\/product_brand?post=953512"},{"taxonomy":"product_cat","embeddable":true,"href":"https:\/\/positiveprints.com\/fr\/wp-json\/wp\/v2\/product_cat?post=953512"},{"taxonomy":"product_tag","embeddable":true,"href":"https:\/\/positiveprints.com\/fr\/wp-json\/wp\/v2\/product_tag?post=953512"}],"curies":[{"name":"wp","href":"https:\/\/api.w.org\/{rel}","templated":true}]}}