{"id":953502,"date":"2023-09-21T13:12:09","date_gmt":"2023-09-21T12:12:09","guid":{"rendered":"https:\/\/positiveprints.com\/?post_type=product&#038;p=953502"},"modified":"2026-04-23T11:18:08","modified_gmt":"2026-04-23T10:18:08","slug":"collage-photos-de-bebe","status":"publish","type":"product","link":"https:\/\/positiveprints.com\/fr\/produit\/collage-photos-de-bebe\/","title":{"rendered":"Collage Photos de B\u00e9b\u00e9"},"content":{"rendered":"<h2 class=\"grenB f24 cblue\" style=\"margin-top: 3rem\">Personnalisez vos souvenirs avec un Collage Photos de B\u00e9b\u00e9<\/h2>\r\n\r\n\r\n<p style=\"margin-top: 1rem\">Baby Photo Collage est un moyen fantastique de pr\u00e9server vos pr\u00e9cieux souvenirs et de cr\u00e9er un imprim\u00e9 ou une toile unique et personnalis\u00e9. Avec ce collage sp\u00e9cial, vous pouvez fa\u00e7onner vos photos en divers symboles, tels que des \u00e9toiles, des empreintes de pas, des c\u0153urs ou des mains. De plus, vous avez la possibilit\u00e9 d&#8217;utiliser des chiffres ou des lettres pour le rendre encore plus significatif. Cette cr\u00e9ation extraordinaire est non seulement un cadeau parfait pour l&#8217;anniversaire d&#8217;un b\u00e9b\u00e9, mais elle sert \u00e9galement de merveilleuse d\u00e9coration pour la chambre de n&#8217;importe quel enfant.<\/p>\r\n\r\n<h2 class=\"grenB f24 cblue\" style=\"margin-top: 3rem\">Comment Cr\u00e9er un Superbe Collage Photos de B\u00e9b\u00e9<\/h2>\r\n\r\n<p style=\"margin-top: 1rem\">Vous pouvez cr\u00e9er un Collage Photos de B\u00e9b\u00e9 avec notre \u00e9diteur en ligne facile \u00e0 utiliser. Le processus est aussi simple que 1-2-3, et vous pouvez le terminer en un rien de temps. Que vous utilisiez un ordinateur ou un appareil mobile, notre \u00e9diteur garantit une exp\u00e9rience fluide. Tout d&#8217;abord, choisissez les symboles ou les lettres que vous souhaitez inclure dans votre mise en page. C&#8217;est l\u00e0 que vous pouvez laisser briller votre cr\u00e9ativit\u00e9 en organisant une s\u00e9quence unique de symboles, de lettres et de chiffres. Par exemple, vous pouvez s\u00e9lectionner la premi\u00e8re lettre du nom de votre enfant et l&#8217;associer \u00e0 des symboles sp\u00e9ciaux pour b\u00e9b\u00e9 tels que des ballons ou des empreintes de pas. Les possibilit\u00e9s sont infinies ! Pour ajouter une touche de style, vous pouvez s\u00e9lectionner une couleur pour le contour des symboles ou opter pour un contour blanc propre et simple.<\/p>\r\n\r\n<p style=\"margin-top: 1rem\">Apr\u00e8s avoir finalis\u00e9 votre mise en page, il est temps de t\u00e9l\u00e9charger vos photos. Vous pouvez facilement t\u00e9l\u00e9charger une photo pour chaque symbole, et notre \u00e9diteur vous permet de zoomer, d&#8217;ajuster la position et m\u00eame d&#8217;ajouter un message personnel sous les photos. De cette fa\u00e7on, vous pouvez ajouter une touche sinc\u00e8re \u00e0 votre collage. Enfin, choisissez la taille et le format souhait\u00e9s pour votre collage de photos de b\u00e9b\u00e9. Que vous pr\u00e9f\u00e9riez une affiche encadr\u00e9e, une toile imprim\u00e9e ou un fichier de t\u00e9l\u00e9chargement num\u00e9rique instantan\u00e9, nous avons des options pour r\u00e9pondre \u00e0 vos besoins.<\/p>\r\n\r\n<h2 class=\"grenB f24 cblue\" style=\"margin-top: 3rem\">Le Cadeau Id\u00e9al Pour C\u00e9l\u00e9brer Les \u00c9tapes Importantes De La Vie De B\u00e9b\u00e9<\/h2>\r\n\r\n<p style=\"margin-top: 1rem\">Vous \u00eates \u00e0 la recherche d&#8217;un cadeau original pour le premier, le deuxi\u00e8me ou le prochain anniversaire d&#8217;un b\u00e9b\u00e9 ? Ne cherchez pas plus loin que le Collage Photo du Pr\u00e9nom du B\u00e9b\u00e9. Cette cr\u00e9ation \u00e9poustouflante attirera non seulement l&#8217;attention de tous, mais apportera \u00e9galement une touche de chaleur et de personnalisation \u00e0 la chambre de tout enfant. Contrairement aux cadeaux g\u00e9n\u00e9riques achet\u00e9s en magasin, notre collage est un cadeau unique et magnifique qui se d\u00e9marque des autres. Pr\u00e9servez ces souvenirs sp\u00e9ciaux et c\u00e9l\u00e9brez la joie de l&#8217;enfance avec le Collage Photo B\u00e9b\u00e9.<\/p>","protected":false},"excerpt":{"rendered":"<ul class=\"check-list\">\n<li>Faites un collage qui sera un souvenir sp\u00e9cial pour l&#8217;enfant et ses parents<\/li>\n<li>Ajoutez un texte personnalis\u00e9 significatif<\/li>\n<li>Personnalisez en 3 \u00e9tapes simples<\/li>\n<li>Choisissez un mod\u00e8le ou faites preuve de cr\u00e9ativit\u00e9<\/li>\n<li>Vois le r\u00e9sultat imm\u00e9diatement \u2013 l\u2019aper\u00e7u interactif te permet de peaufiner chaque d\u00e9tail<\/li>\n<\/ul>\n","protected":false},"featured_media":1270413,"template":"","meta":[],"product_brand":[],"product_cat":[3127,11211,11212,5249,9123,7813,104],"product_tag":[],"class_list":{"0":"post-953502","1":"product","2":"type-product","3":"status-publish","4":"has-post-thumbnail","6":"product_cat-cadeaux-danniversaire","7":"product_cat-cadeau-anniversaire-femme","8":"product_cat-cadeau-anniversaire-homme","9":"product_cat-cadeaux-de-naissance-bebe","10":"product_cat-photo-letter-fr","11":"product_cat-cadeaux-pour-nouveaux-parents","12":"product_cat-tous-les-produits","14":"first","15":"instock","16":"sale","17":"taxable","18":"shipping-taxable","19":"purchasable","20":"product-type-variable"},"yoast_head":"<!-- This site is optimized with the Yoast SEO Premium plugin v27.2 (Yoast SEO v27.2) - https:\/\/yoast.com\/product\/yoast-seo-premium-wordpress\/ -->\n<title>Collage Photos de B\u00e9b\u00e9 - Positive Prints<\/title>\n<meta name=\"description\" content=\"Le Collage Photos de B\u00e9b\u00e9 est non seulement un cadeau parfait pour l&#039;anniversaire d&#039;un b\u00e9b\u00e9, mais elle sert \u00e9galement de merveilleuse d\u00e9coration pour la chambre de n&#039;importe quel enfant.\" \/>\n<meta name=\"robots\" content=\"index, follow, max-snippet:-1, max-image-preview:large, max-video-preview:-1\" \/>\n<link rel=\"canonical\" href=\"https:\/\/positiveprints.com\/fr\/produit\/collage-photos-de-bebe\/\" \/>\n<meta property=\"og:locale\" content=\"fr_FR\" \/>\n<meta property=\"og:type\" content=\"article\" \/>\n<meta property=\"og:title\" content=\"Collage Photos de B\u00e9b\u00e9\" \/>\n<meta property=\"og:description\" content=\"Faites un collage qui sera un souvenir sp\u00e9cial pour l&#039;enfant et ses parents  Ajoutez un texte personnalis\u00e9 significatif  Personnalisez en 3 \u00e9tapes simples  Choisissez un mod\u00e8le ou faites preuve de cr\u00e9ativit\u00e9  Vois le r\u00e9sultat imm\u00e9diatement \u2013 l\u2019aper\u00e7u interactif te permet de peaufiner chaque d\u00e9tail\" \/>\n<meta property=\"og:url\" content=\"https:\/\/positiveprints.com\/fr\/produit\/collage-photos-de-bebe\/\" \/>\n<meta property=\"og:site_name\" content=\"Positive Prints\" \/>\n<meta property=\"article:publisher\" content=\"https:\/\/www.facebook.com\/positiveprintscom\" \/>\n<meta property=\"article:modified_time\" content=\"2026-04-23T10:18:08+00:00\" \/>\n<meta property=\"og:image\" content=\"https:\/\/positiveprints.com\/wp-content\/uploads\/2024\/11\/Packshot_FR_Baby-Photo-Collage-product-image-.webp\" \/>\n\t<meta property=\"og:image:width\" content=\"1450\" \/>\n\t<meta property=\"og:image:height\" content=\"1450\" \/>\n\t<meta property=\"og:image:type\" content=\"image\/webp\" \/>\n<meta name=\"twitter:card\" content=\"summary_large_image\" \/>\n<!-- \/ Yoast SEO Premium plugin. -->","yoast_head_json":{"title":"Collage Photos de B\u00e9b\u00e9 - Positive Prints","description":"Le Collage Photos de B\u00e9b\u00e9 est non seulement un cadeau parfait pour l'anniversaire d'un b\u00e9b\u00e9, mais elle sert \u00e9galement de merveilleuse d\u00e9coration pour la chambre de n'importe quel enfant.","robots":{"index":"index","follow":"follow","max-snippet":"max-snippet:-1","max-image-preview":"max-image-preview:large","max-video-preview":"max-video-preview:-1"},"canonical":"https:\/\/positiveprints.com\/fr\/produit\/collage-photos-de-bebe\/","og_locale":"fr_FR","og_type":"article","og_title":"Collage Photos de B\u00e9b\u00e9","og_description":"Faites un collage qui sera un souvenir sp\u00e9cial pour l'enfant et ses parents  Ajoutez un texte personnalis\u00e9 significatif  Personnalisez en 3 \u00e9tapes simples  Choisissez un mod\u00e8le ou faites preuve de cr\u00e9ativit\u00e9  Vois le r\u00e9sultat imm\u00e9diatement \u2013 l\u2019aper\u00e7u interactif te permet de peaufiner chaque d\u00e9tail","og_url":"https:\/\/positiveprints.com\/fr\/produit\/collage-photos-de-bebe\/","og_site_name":"Positive Prints","article_publisher":"https:\/\/www.facebook.com\/positiveprintscom","article_modified_time":"2026-04-23T10:18:08+00:00","og_image":[{"width":1450,"height":1450,"url":"https:\/\/positiveprints.com\/wp-content\/uploads\/2024\/11\/Packshot_FR_Baby-Photo-Collage-product-image-.webp","type":"image\/webp"}],"twitter_card":"summary_large_image","schema":{"@context":"https:\/\/schema.org","@graph":[{"@type":["WebPage","ItemPage"],"@id":"https:\/\/positiveprints.com\/fr\/produit\/collage-photos-de-bebe\/","url":"https:\/\/positiveprints.com\/fr\/produit\/collage-photos-de-bebe\/","name":"Collage Photos de B\u00e9b\u00e9 - Positive Prints","isPartOf":{"@id":"https:\/\/positiveprints.com\/fr\/#website"},"primaryImageOfPage":{"@id":"https:\/\/positiveprints.com\/fr\/produit\/collage-photos-de-bebe\/#primaryimage"},"image":{"@id":"https:\/\/positiveprints.com\/fr\/produit\/collage-photos-de-bebe\/#primaryimage"},"thumbnailUrl":"https:\/\/positiveprints.com\/wp-content\/uploads\/2024\/11\/Packshot_FR_Baby-Photo-Collage-product-image-.webp","datePublished":"2023-09-21T12:12:09+00:00","dateModified":"2026-04-23T10:18:08+00:00","description":"Le Collage Photos de B\u00e9b\u00e9 est non seulement un cadeau parfait pour l'anniversaire d'un b\u00e9b\u00e9, mais elle sert \u00e9galement de merveilleuse d\u00e9coration pour la chambre de n'importe quel enfant.","breadcrumb":{"@id":"https:\/\/positiveprints.com\/fr\/produit\/collage-photos-de-bebe\/#breadcrumb"},"inLanguage":"fr-FR","potentialAction":[{"@type":"ReadAction","target":["https:\/\/positiveprints.com\/fr\/produit\/collage-photos-de-bebe\/"]}]},{"@type":"ImageObject","inLanguage":"fr-FR","@id":"https:\/\/positiveprints.com\/fr\/produit\/collage-photos-de-bebe\/#primaryimage","url":"https:\/\/positiveprints.com\/wp-content\/uploads\/2024\/11\/Packshot_FR_Baby-Photo-Collage-product-image-.webp","contentUrl":"https:\/\/positiveprints.com\/wp-content\/uploads\/2024\/11\/Packshot_FR_Baby-Photo-Collage-product-image-.webp","width":1450,"height":1450},{"@type":"BreadcrumbList","@id":"https:\/\/positiveprints.com\/fr\/produit\/collage-photos-de-bebe\/#breadcrumb","itemListElement":[{"@type":"ListItem","position":1,"name":"Home","item":"https:\/\/positiveprints.com\/fr\/"},{"@type":"ListItem","position":2,"name":"Produits","item":"https:\/\/positiveprints.com\/fr\/shop\/"},{"@type":"ListItem","position":3,"name":"Collage Photos de B\u00e9b\u00e9"}]},{"@type":"WebSite","@id":"https:\/\/positiveprints.com\/fr\/#website","url":"https:\/\/positiveprints.com\/fr\/","name":"Positive Prints","description":"Amazing Custom Personalized Gifts","publisher":{"@id":"https:\/\/positiveprints.com\/fr\/#organization"},"potentialAction":[{"@type":"SearchAction","target":{"@type":"EntryPoint","urlTemplate":"https:\/\/positiveprints.com\/fr\/?s={search_term_string}"},"query-input":{"@type":"PropertyValueSpecification","valueRequired":true,"valueName":"search_term_string"}}],"inLanguage":"fr-FR"},{"@type":"Organization","@id":"https:\/\/positiveprints.com\/fr\/#organization","name":"Positive Prints","alternateName":"Positive Prints","url":"https:\/\/positiveprints.com\/fr\/","logo":{"@type":"ImageObject","inLanguage":"fr-FR","@id":"https:\/\/positiveprints.com\/fr\/#\/schema\/logo\/image\/","url":"https:\/\/positiveprints.com\/wp-content\/uploads\/2026\/03\/245815646_1337939713319158_5671353136411139666_n.png","contentUrl":"https:\/\/positiveprints.com\/wp-content\/uploads\/2026\/03\/245815646_1337939713319158_5671353136411139666_n.png","width":800,"height":800,"caption":"Positive Prints"},"image":{"@id":"https:\/\/positiveprints.com\/fr\/#\/schema\/logo\/image\/"},"sameAs":["https:\/\/www.facebook.com\/positiveprintscom","https:\/\/www.instagram.com\/positiveprintscom\/","https:\/\/www.tiktok.com\/@positiveprintscom","https:\/\/www.pinterest.com\/positiveprintscom\/"]}]}},"jetpack_sharing_enabled":true,"_links":{"self":[{"href":"https:\/\/positiveprints.com\/fr\/wp-json\/wp\/v2\/product\/953502","targetHints":{"allow":["GET"]}}],"collection":[{"href":"https:\/\/positiveprints.com\/fr\/wp-json\/wp\/v2\/product"}],"about":[{"href":"https:\/\/positiveprints.com\/fr\/wp-json\/wp\/v2\/types\/product"}],"wp:featuredmedia":[{"embeddable":true,"href":"https:\/\/positiveprints.com\/fr\/wp-json\/wp\/v2\/media\/1270413"}],"wp:attachment":[{"href":"https:\/\/positiveprints.com\/fr\/wp-json\/wp\/v2\/media?parent=953502"}],"wp:term":[{"taxonomy":"product_brand","embeddable":true,"href":"https:\/\/positiveprints.com\/fr\/wp-json\/wp\/v2\/product_brand?post=953502"},{"taxonomy":"product_cat","embeddable":true,"href":"https:\/\/positiveprints.com\/fr\/wp-json\/wp\/v2\/product_cat?post=953502"},{"taxonomy":"product_tag","embeddable":true,"href":"https:\/\/positiveprints.com\/fr\/wp-json\/wp\/v2\/product_tag?post=953502"}],"curies":[{"name":"wp","href":"https:\/\/api.w.org\/{rel}","templated":true}]}}