{"id":953493,"date":"2023-06-02T13:37:25","date_gmt":"2023-09-21T11:47:37","guid":{"rendered":"https:\/\/positiveprints.com\/?post_type=product&#038;p=953493"},"modified":"2026-04-12T22:14:29","modified_gmt":"2026-04-12T21:14:29","slug":"collage-photos-du-prenom-de-bebe","status":"publish","type":"product","link":"https:\/\/positiveprints.com\/fr\/produit\/collage-photos-du-prenom-de-bebe\/","title":{"rendered":"Collage Photos du Pr\u00e9nom de B\u00e9b\u00e9"},"content":{"rendered":"<h2>Cr\u00e9ez un Collage Photos du Pr\u00e9nom de B\u00e9b\u00e9 personnalis\u00e9 et unique<\/h2>\r\n<span style=\"font-weight: 400;\">Le Collage Photos du Pr\u00e9nom de B\u00e9b\u00e9 est un cadeau sp\u00e9cial et unique pour b\u00e9b\u00e9. Ce collage photo apportera de la joie aux nouveaux parents et ajoutera une touche parfaite de d\u00e9coration \u00e0 n&#8217;importe quelle chambre de b\u00e9b\u00e9. R\u00e9alis\u00e9 avec les photos que vous choisissez, ce collage unique transforme chaque lettre du pr\u00e9nom du b\u00e9b\u00e9 en un v\u00e9ritable patchwork de souvenirs pr\u00e9cieux.<\/span>\r\n<h2>\u00c9tapes faciles pour cr\u00e9er un collage de photos avec le pr\u00e9nom de votre b\u00e9b\u00e9<\/h2>\r\n<ol>\r\n \t<li style=\"font-weight: 400;\" aria-level=\"1\"><strong>Entrez le pr\u00e9nom du b\u00e9b\u00e9<\/strong><span style=\"font-weight: 400;\"> \u2013 Une mise en page automatique est g\u00e9n\u00e9r\u00e9e avec des lettres pr\u00eates \u00e0 \u00eatre personnalis\u00e9es.<\/span><span style=\"font-weight: 400;\">\r\n\r\n<\/span><\/li>\r\n \t<li style=\"font-weight: 400;\" aria-level=\"1\"><strong>Ajoutez vos photos pr\u00e9f\u00e9r\u00e9es<\/strong><span style=\"font-weight: 400;\"> \u2013 Une image pour chaque lettre du pr\u00e9nom, avec la possibilit\u00e9 de zoomer et d\u2019ajuster chaque clich\u00e9.<\/span><span style=\"font-weight: 400;\">\r\n\r\n<\/span><\/li>\r\n \t<li style=\"font-weight: 400;\" aria-level=\"1\"><strong>Personnalisez votre cr\u00e9ation<\/strong><span style=\"font-weight: 400;\"> \u2013 Choisissez la couleur du contour des lettres, ajoutez un message personnel et s\u00e9lectionnez le format souhait\u00e9 (affiche encadr\u00e9e, toile imprim\u00e9e ou fichier num\u00e9rique).<\/span><span style=\"font-weight: 400;\">\r\n\r\n<\/span><\/li>\r\n<\/ol>\r\n<span style=\"font-weight: 400;\">L\u2019aper\u00e7u interactif vous permet de visualiser imm\u00e9diatement votre cr\u00e9ation et d\u2019ajuster chaque d\u00e9tail pour obtenir un rendu parfait.<\/span>\r\n<h2>Le Cadeau Parfait pour les Jeunes Parents et la D\u00e9coration de la Chambre du B\u00e9b\u00e9<\/h2>\r\n<span style=\"font-weight: 400;\">Si vous recherchez un cadeau de naissance personnalis\u00e9, le Collage Photos Pr\u00e9nom de B\u00e9b\u00e9 est le choix parfait. Il ne s&#8217;agit pas seulement d&#8217;une belle d\u00e9coration pour une chambre d&#8217;enfant. C\u2019est aussi un cadeau unique et personnel, bien plus original que ce que l&#8217;on trouve en magasin. Avec sa combinaison unique du pr\u00e9nom du b\u00e9b\u00e9 et de photos pr\u00e9cieuses, ce collage deviendra \u00e0 coup s\u00fbr un souvenir pr\u00e9cieux pour l&#8217;enfant et ses parents.<\/span>\r\n\r\n<span style=\"font-weight: 400;\">Offrez un cadeau plein d\u2019\u00e9motions et de tendresse. Cr\u00e9ez votre collage d\u00e8s maintenant et faites plaisir aux jeunes parents avec une d\u00e9coration unique et m\u00e9morable.<\/span>","protected":false},"excerpt":{"rendered":"<ul class=\"check-list\">\n<li>Ajoutez un texte personnalis\u00e9 significatif<\/li>\n<li>Personnalisez votre design en 3 \u00e9tapes simples<\/li>\n<li>Choisissez un mod\u00e8le ou faites preuve de cr\u00e9ativit\u00e9<\/li>\n<li>Visualisez le r\u00e9sultat imm\u00e9diatement avec l&#8217;aper\u00e7u interactif<\/li>\n<\/ul>\n","protected":false},"featured_media":1399887,"template":"","meta":[],"product_brand":[],"product_cat":[9274,9123,104,5249,3127,11211,11212,7685,7765,7813],"product_tag":[16169,16156,8447,9494],"class_list":{"0":"post-953493","1":"product","2":"type-product","3":"status-publish","4":"has-post-thumbnail","6":"product_cat-bestsellers-label-fr","7":"product_cat-photo-letter-fr","8":"product_cat-tous-les-produits","9":"product_cat-cadeaux-de-naissance-bebe","10":"product_cat-cadeaux-danniversaire","11":"product_cat-cadeau-anniversaire-femme","12":"product_cat-cadeau-anniversaire-homme","13":"product_cat-cadeaux-pour-femmes","14":"product_cat-cadeaux-pour-fille","15":"product_cat-cadeaux-pour-nouveaux-parents","16":"product_tag-cadeau-pour-bebe","17":"product_tag-naissance-dun-bebe","18":"product_tag-new-parents-fr","19":"product_tag-nouveau-ne","21":"first","22":"instock","23":"sale","24":"taxable","25":"shipping-taxable","26":"purchasable","27":"product-type-variable"},"yoast_head":"<!-- This site is optimized with the Yoast SEO Premium plugin v27.2 (Yoast SEO v27.2) - https:\/\/yoast.com\/product\/yoast-seo-premium-wordpress\/ -->\n<title>Collage Photos du Pr\u00e9nom de B\u00e9b\u00e9 - Positive Prints<\/title>\n<meta name=\"description\" content=\"Cr\u00e9ez un collage photo avec le nom du b\u00e9b\u00e9 ! Personnalisez-le avec vos photos pr\u00e9f\u00e9r\u00e9es pour former un magnifique motif de pr\u00e9nom, immortalisant ainsi de pr\u00e9cieux souvenirs pour toujours.\" \/>\n<meta name=\"robots\" content=\"index, follow, max-snippet:-1, max-image-preview:large, max-video-preview:-1\" \/>\n<link rel=\"canonical\" href=\"https:\/\/positiveprints.com\/fr\/produit\/collage-photos-du-prenom-de-bebe\/\" \/>\n<meta property=\"og:locale\" content=\"fr_FR\" \/>\n<meta property=\"og:type\" content=\"article\" \/>\n<meta property=\"og:title\" content=\"Collage Photos du Pr\u00e9nom de B\u00e9b\u00e9\" \/>\n<meta property=\"og:description\" content=\"Ajoutez un texte personnalis\u00e9 significatif  Personnalisez votre design en 3 \u00e9tapes simples  Choisissez un mod\u00e8le ou faites preuve de cr\u00e9ativit\u00e9  Visualisez le r\u00e9sultat imm\u00e9diatement avec l&#039;aper\u00e7u interactif\" \/>\n<meta property=\"og:url\" content=\"https:\/\/positiveprints.com\/fr\/produit\/collage-photos-du-prenom-de-bebe\/\" \/>\n<meta property=\"og:site_name\" content=\"Positive Prints\" \/>\n<meta property=\"article:publisher\" content=\"https:\/\/www.facebook.com\/positiveprintscom\" \/>\n<meta property=\"article:modified_time\" content=\"2026-04-12T21:14:29+00:00\" \/>\n<meta property=\"og:image\" content=\"https:\/\/positiveprints.com\/wp-content\/uploads\/2024\/11\/Packshot_FR_Baby-Name-Photo-Collage-product-image-.webp\" \/>\n\t<meta property=\"og:image:width\" content=\"1450\" \/>\n\t<meta property=\"og:image:height\" content=\"1450\" \/>\n\t<meta property=\"og:image:type\" content=\"image\/webp\" \/>\n<meta name=\"twitter:card\" content=\"summary_large_image\" \/>\n<meta name=\"twitter:label1\" content=\"Dur\u00e9e de lecture estim\u00e9e\" \/>\n\t<meta name=\"twitter:data1\" content=\"2 minutes\" \/>\n<!-- \/ Yoast SEO Premium plugin. -->","yoast_head_json":{"title":"Collage Photos du Pr\u00e9nom de B\u00e9b\u00e9 - Positive Prints","description":"Cr\u00e9ez un collage photo avec le nom du b\u00e9b\u00e9 ! Personnalisez-le avec vos photos pr\u00e9f\u00e9r\u00e9es pour former un magnifique motif de pr\u00e9nom, immortalisant ainsi de pr\u00e9cieux souvenirs pour toujours.","robots":{"index":"index","follow":"follow","max-snippet":"max-snippet:-1","max-image-preview":"max-image-preview:large","max-video-preview":"max-video-preview:-1"},"canonical":"https:\/\/positiveprints.com\/fr\/produit\/collage-photos-du-prenom-de-bebe\/","og_locale":"fr_FR","og_type":"article","og_title":"Collage Photos du Pr\u00e9nom de B\u00e9b\u00e9","og_description":"Ajoutez un texte personnalis\u00e9 significatif  Personnalisez votre design en 3 \u00e9tapes simples  Choisissez un mod\u00e8le ou faites preuve de cr\u00e9ativit\u00e9  Visualisez le r\u00e9sultat imm\u00e9diatement avec l'aper\u00e7u interactif","og_url":"https:\/\/positiveprints.com\/fr\/produit\/collage-photos-du-prenom-de-bebe\/","og_site_name":"Positive Prints","article_publisher":"https:\/\/www.facebook.com\/positiveprintscom","article_modified_time":"2026-04-12T21:14:29+00:00","og_image":[{"width":1450,"height":1450,"url":"https:\/\/positiveprints.com\/wp-content\/uploads\/2024\/11\/Packshot_FR_Baby-Name-Photo-Collage-product-image-.webp","type":"image\/webp"}],"twitter_card":"summary_large_image","twitter_misc":{"Dur\u00e9e de lecture estim\u00e9e":"2 minutes"},"schema":{"@context":"https:\/\/schema.org","@graph":[{"@type":["WebPage","ItemPage"],"@id":"https:\/\/positiveprints.com\/fr\/produit\/collage-photos-du-prenom-de-bebe\/","url":"https:\/\/positiveprints.com\/fr\/produit\/collage-photos-du-prenom-de-bebe\/","name":"Collage Photos du Pr\u00e9nom de B\u00e9b\u00e9 - Positive Prints","isPartOf":{"@id":"https:\/\/positiveprints.com\/fr\/#website"},"primaryImageOfPage":{"@id":"https:\/\/positiveprints.com\/fr\/produit\/collage-photos-du-prenom-de-bebe\/#primaryimage"},"image":{"@id":"https:\/\/positiveprints.com\/fr\/produit\/collage-photos-du-prenom-de-bebe\/#primaryimage"},"thumbnailUrl":"https:\/\/positiveprints.com\/wp-content\/uploads\/2025\/04\/Packshot_FR_BABY_NAME.webp","datePublished":"2023-09-21T11:47:37+00:00","dateModified":"2026-04-12T21:14:29+00:00","description":"Cr\u00e9ez un collage photo avec le nom du b\u00e9b\u00e9 ! Personnalisez-le avec vos photos pr\u00e9f\u00e9r\u00e9es pour former un magnifique motif de pr\u00e9nom, immortalisant ainsi de pr\u00e9cieux souvenirs pour toujours.","breadcrumb":{"@id":"https:\/\/positiveprints.com\/fr\/produit\/collage-photos-du-prenom-de-bebe\/#breadcrumb"},"inLanguage":"fr-FR","potentialAction":[{"@type":"ReadAction","target":["https:\/\/positiveprints.com\/fr\/produit\/collage-photos-du-prenom-de-bebe\/"]}]},{"@type":"ImageObject","inLanguage":"fr-FR","@id":"https:\/\/positiveprints.com\/fr\/produit\/collage-photos-du-prenom-de-bebe\/#primaryimage","url":"https:\/\/positiveprints.com\/wp-content\/uploads\/2025\/04\/Packshot_FR_BABY_NAME.webp","contentUrl":"https:\/\/positiveprints.com\/wp-content\/uploads\/2025\/04\/Packshot_FR_BABY_NAME.webp","width":1450,"height":1450,"caption":"Packshot_FR_BABY_NAME"},{"@type":"BreadcrumbList","@id":"https:\/\/positiveprints.com\/fr\/produit\/collage-photos-du-prenom-de-bebe\/#breadcrumb","itemListElement":[{"@type":"ListItem","position":1,"name":"Home","item":"https:\/\/positiveprints.com\/fr\/"},{"@type":"ListItem","position":2,"name":"Produits","item":"https:\/\/positiveprints.com\/fr\/shop\/"},{"@type":"ListItem","position":3,"name":"Collage Photos du Pr\u00e9nom de B\u00e9b\u00e9"}]},{"@type":"WebSite","@id":"https:\/\/positiveprints.com\/fr\/#website","url":"https:\/\/positiveprints.com\/fr\/","name":"Positive Prints","description":"Amazing Custom Personalized Gifts","publisher":{"@id":"https:\/\/positiveprints.com\/fr\/#organization"},"potentialAction":[{"@type":"SearchAction","target":{"@type":"EntryPoint","urlTemplate":"https:\/\/positiveprints.com\/fr\/?s={search_term_string}"},"query-input":{"@type":"PropertyValueSpecification","valueRequired":true,"valueName":"search_term_string"}}],"inLanguage":"fr-FR"},{"@type":"Organization","@id":"https:\/\/positiveprints.com\/fr\/#organization","name":"Positive Prints","alternateName":"Positive Prints","url":"https:\/\/positiveprints.com\/fr\/","logo":{"@type":"ImageObject","inLanguage":"fr-FR","@id":"https:\/\/positiveprints.com\/fr\/#\/schema\/logo\/image\/","url":"https:\/\/positiveprints.com\/wp-content\/uploads\/2026\/03\/245815646_1337939713319158_5671353136411139666_n.png","contentUrl":"https:\/\/positiveprints.com\/wp-content\/uploads\/2026\/03\/245815646_1337939713319158_5671353136411139666_n.png","width":800,"height":800,"caption":"Positive Prints"},"image":{"@id":"https:\/\/positiveprints.com\/fr\/#\/schema\/logo\/image\/"},"sameAs":["https:\/\/www.facebook.com\/positiveprintscom","https:\/\/www.instagram.com\/positiveprintscom\/","https:\/\/www.tiktok.com\/@positiveprintscom","https:\/\/www.pinterest.com\/positiveprintscom\/"]}]}},"jetpack_sharing_enabled":true,"_links":{"self":[{"href":"https:\/\/positiveprints.com\/fr\/wp-json\/wp\/v2\/product\/953493","targetHints":{"allow":["GET"]}}],"collection":[{"href":"https:\/\/positiveprints.com\/fr\/wp-json\/wp\/v2\/product"}],"about":[{"href":"https:\/\/positiveprints.com\/fr\/wp-json\/wp\/v2\/types\/product"}],"wp:featuredmedia":[{"embeddable":true,"href":"https:\/\/positiveprints.com\/fr\/wp-json\/wp\/v2\/media\/1399887"}],"wp:attachment":[{"href":"https:\/\/positiveprints.com\/fr\/wp-json\/wp\/v2\/media?parent=953493"}],"wp:term":[{"taxonomy":"product_brand","embeddable":true,"href":"https:\/\/positiveprints.com\/fr\/wp-json\/wp\/v2\/product_brand?post=953493"},{"taxonomy":"product_cat","embeddable":true,"href":"https:\/\/positiveprints.com\/fr\/wp-json\/wp\/v2\/product_cat?post=953493"},{"taxonomy":"product_tag","embeddable":true,"href":"https:\/\/positiveprints.com\/fr\/wp-json\/wp\/v2\/product_tag?post=953493"}],"curies":[{"name":"wp","href":"https:\/\/api.w.org\/{rel}","templated":true}]}}