{"id":953479,"date":"2023-06-01T20:16:55","date_gmt":"2023-06-01T19:16:55","guid":{"rendered":"https:\/\/positiveprints.com\/?post_type=product&#038;p=953479"},"modified":"2026-04-03T03:14:48","modified_gmt":"2026-04-03T02:14:48","slug":"collage-photo-en-forme-de-lettres-du-prenom","status":"publish","type":"product","link":"https:\/\/positiveprints.com\/fr\/produit\/collage-photo-en-forme-de-lettres-du-prenom\/","title":{"rendered":"Collage Photo en Lettrage pour Pr\u00e9nom"},"content":{"rendered":"","protected":false},"excerpt":{"rendered":"<ul class=\"check-list\">\n<li>Inclure un texte personnalis\u00e9 significatif<\/li>\n<li>Personnalisez votre design en 3 \u00e9tapes simples<\/li>\n<li>Choisissez un mod\u00e8le ou faites preuve de cr\u00e9ativit\u00e9<\/li>\n<li>Visualisez le r\u00e9sultat imm\u00e9diatement avec l&#8217;aper\u00e7u interactif<\/li>\n<\/ul>\n","protected":false},"featured_media":1679291,"template":"","meta":[],"product_brand":[],"product_cat":[3127,11535,11536,11537,11538,11624,11625,11626,11627,9274,11211,11212,5264,9123,7653,7621,8006,11398,8217,7638,7670,104],"product_tag":[16732,16730,16731,17074,16566,16577],"class_list":{"0":"post-953479","1":"product","2":"type-product","3":"status-publish","4":"has-post-thumbnail","6":"product_cat-cadeaux-danniversaire","7":"product_cat-anniversaire-de-18-ans","8":"product_cat-anniversaire-de-21-ans","9":"product_cat-anniversaire-de-30-ans","10":"product_cat-anniversaire-de-40-ans","11":"product_cat-anniversaire-de-50-ans","12":"product_cat-anniversaire-de-60-ans","13":"product_cat-anniversaire-de-70-ans","14":"product_cat-anniversaire-de-80-ans","15":"product_cat-bestsellers-label-fr","16":"product_cat-cadeau-anniversaire-femme","17":"product_cat-cadeau-anniversaire-homme","18":"product_cat-cadeaux-de-noel","19":"product_cat-photo-letter-fr","20":"product_cat-cadeaux-pour-fils","21":"product_cat-cadeaux-pour-frere","22":"product_cat-cadeaux-pour-hommes","23":"product_cat-cadeaux-de-noel-pour-les-enfants","24":"product_cat-pour-lui","25":"product_cat-cadeaux-pour-mari","26":"product_cat-cadeaux-pour-petit-ami","27":"product_cat-tous-les-produits","28":"product_tag-cadeaux-pour-hommes","29":"product_tag-cadeaux-pour-lui","30":"product_tag-cadeaux-pour-mari","31":"product_tag-cadeaux-pour-petit-ami","32":"product_tag-hommes","33":"product_tag-mari","35":"first","36":"instock","37":"sale","38":"taxable","39":"shipping-taxable","40":"purchasable","41":"product-type-variable"},"yoast_head":"<!-- This site is optimized with the Yoast SEO Premium plugin v27.2 (Yoast SEO v27.2) - https:\/\/yoast.com\/product\/yoast-seo-premium-wordpress\/ -->\n<title>Collage Photo en Lettrage pour Pr\u00e9nom - Positive Prints<\/title>\n<meta name=\"description\" content=\"Offrez un cadeau personnalis\u00e9 pour toutes les occasions ! Cr\u00e9ez un collage unique de photos de lettres avec des moments sp\u00e9ciaux et un nom pour le rendre vraiment inoubliable.\" \/>\n<meta name=\"robots\" content=\"index, follow, max-snippet:-1, max-image-preview:large, max-video-preview:-1\" \/>\n<link rel=\"canonical\" href=\"https:\/\/positiveprints.com\/fr\/produit\/collage-photo-en-forme-de-lettres-du-prenom\/\" \/>\n<meta property=\"og:locale\" content=\"fr_FR\" \/>\n<meta property=\"og:type\" content=\"article\" \/>\n<meta property=\"og:title\" content=\"Collage Photo en Lettrage pour Pr\u00e9nom\" \/>\n<meta property=\"og:description\" content=\"Inclure un texte personnalis\u00e9 significatif  Personnalisez votre design en 3 \u00e9tapes simples  Choisissez un mod\u00e8le ou faites preuve de cr\u00e9ativit\u00e9  Visualisez le r\u00e9sultat imm\u00e9diatement avec l&#039;aper\u00e7u interactif\" \/>\n<meta property=\"og:url\" content=\"https:\/\/positiveprints.com\/fr\/produit\/collage-photo-en-forme-de-lettres-du-prenom\/\" \/>\n<meta property=\"og:site_name\" content=\"Positive Prints\" \/>\n<meta property=\"article:publisher\" content=\"https:\/\/www.facebook.com\/positiveprintscom\" \/>\n<meta property=\"article:modified_time\" content=\"2026-04-03T02:14:48+00:00\" \/>\n<meta property=\"og:image\" content=\"https:\/\/positiveprints.com\/wp-content\/uploads\/2024\/11\/Packshot_FR_Name-Letter-Photo-Collage-product-image.webp\" \/>\n\t<meta property=\"og:image:width\" content=\"1450\" \/>\n\t<meta property=\"og:image:height\" content=\"1450\" \/>\n\t<meta property=\"og:image:type\" content=\"image\/webp\" \/>\n<meta name=\"twitter:card\" content=\"summary_large_image\" \/>\n<meta name=\"twitter:label1\" content=\"Dur\u00e9e de lecture estim\u00e9e\" \/>\n\t<meta name=\"twitter:data1\" content=\"1 minute\" \/>\n<!-- \/ Yoast SEO Premium plugin. -->","yoast_head_json":{"title":"Collage Photo en Lettrage pour Pr\u00e9nom - Positive Prints","description":"Offrez un cadeau personnalis\u00e9 pour toutes les occasions ! Cr\u00e9ez un collage unique de photos de lettres avec des moments sp\u00e9ciaux et un nom pour le rendre vraiment inoubliable.","robots":{"index":"index","follow":"follow","max-snippet":"max-snippet:-1","max-image-preview":"max-image-preview:large","max-video-preview":"max-video-preview:-1"},"canonical":"https:\/\/positiveprints.com\/fr\/produit\/collage-photo-en-forme-de-lettres-du-prenom\/","og_locale":"fr_FR","og_type":"article","og_title":"Collage Photo en Lettrage pour Pr\u00e9nom","og_description":"Inclure un texte personnalis\u00e9 significatif  Personnalisez votre design en 3 \u00e9tapes simples  Choisissez un mod\u00e8le ou faites preuve de cr\u00e9ativit\u00e9  Visualisez le r\u00e9sultat imm\u00e9diatement avec l'aper\u00e7u interactif","og_url":"https:\/\/positiveprints.com\/fr\/produit\/collage-photo-en-forme-de-lettres-du-prenom\/","og_site_name":"Positive Prints","article_publisher":"https:\/\/www.facebook.com\/positiveprintscom","article_modified_time":"2026-04-03T02:14:48+00:00","og_image":[{"width":1450,"height":1450,"url":"https:\/\/positiveprints.com\/wp-content\/uploads\/2024\/11\/Packshot_FR_Name-Letter-Photo-Collage-product-image.webp","type":"image\/webp"}],"twitter_card":"summary_large_image","twitter_misc":{"Dur\u00e9e de lecture estim\u00e9e":"1 minute"},"schema":{"@context":"https:\/\/schema.org","@graph":[{"@type":["WebPage","ItemPage"],"@id":"https:\/\/positiveprints.com\/fr\/produit\/collage-photo-en-forme-de-lettres-du-prenom\/","url":"https:\/\/positiveprints.com\/fr\/produit\/collage-photo-en-forme-de-lettres-du-prenom\/","name":"Collage Photo en Lettrage pour Pr\u00e9nom - Positive Prints","isPartOf":{"@id":"https:\/\/positiveprints.com\/fr\/#website"},"primaryImageOfPage":{"@id":"https:\/\/positiveprints.com\/fr\/produit\/collage-photo-en-forme-de-lettres-du-prenom\/#primaryimage"},"image":{"@id":"https:\/\/positiveprints.com\/fr\/produit\/collage-photo-en-forme-de-lettres-du-prenom\/#primaryimage"},"thumbnailUrl":"https:\/\/positiveprints.com\/wp-content\/uploads\/2026\/03\/nom_FR-Packshot.webp","datePublished":"2023-06-01T19:16:55+00:00","dateModified":"2026-04-03T02:14:48+00:00","description":"Offrez un cadeau personnalis\u00e9 pour toutes les occasions ! Cr\u00e9ez un collage unique de photos de lettres avec des moments sp\u00e9ciaux et un nom pour le rendre vraiment inoubliable.","breadcrumb":{"@id":"https:\/\/positiveprints.com\/fr\/produit\/collage-photo-en-forme-de-lettres-du-prenom\/#breadcrumb"},"inLanguage":"fr-FR","potentialAction":[{"@type":"ReadAction","target":["https:\/\/positiveprints.com\/fr\/produit\/collage-photo-en-forme-de-lettres-du-prenom\/"]}]},{"@type":"ImageObject","inLanguage":"fr-FR","@id":"https:\/\/positiveprints.com\/fr\/produit\/collage-photo-en-forme-de-lettres-du-prenom\/#primaryimage","url":"https:\/\/positiveprints.com\/wp-content\/uploads\/2026\/03\/nom_FR-Packshot.webp","contentUrl":"https:\/\/positiveprints.com\/wp-content\/uploads\/2026\/03\/nom_FR-Packshot.webp","width":1450,"height":1450},{"@type":"BreadcrumbList","@id":"https:\/\/positiveprints.com\/fr\/produit\/collage-photo-en-forme-de-lettres-du-prenom\/#breadcrumb","itemListElement":[{"@type":"ListItem","position":1,"name":"Home","item":"https:\/\/positiveprints.com\/fr\/"},{"@type":"ListItem","position":2,"name":"Produits","item":"https:\/\/positiveprints.com\/fr\/shop\/"},{"@type":"ListItem","position":3,"name":"Collage Photo en Lettrage pour Pr\u00e9nom"}]},{"@type":"WebSite","@id":"https:\/\/positiveprints.com\/fr\/#website","url":"https:\/\/positiveprints.com\/fr\/","name":"Positive Prints","description":"Amazing Custom Personalized Gifts","publisher":{"@id":"https:\/\/positiveprints.com\/fr\/#organization"},"potentialAction":[{"@type":"SearchAction","target":{"@type":"EntryPoint","urlTemplate":"https:\/\/positiveprints.com\/fr\/?s={search_term_string}"},"query-input":{"@type":"PropertyValueSpecification","valueRequired":true,"valueName":"search_term_string"}}],"inLanguage":"fr-FR"},{"@type":"Organization","@id":"https:\/\/positiveprints.com\/fr\/#organization","name":"Positive Prints","alternateName":"Positive Prints","url":"https:\/\/positiveprints.com\/fr\/","logo":{"@type":"ImageObject","inLanguage":"fr-FR","@id":"https:\/\/positiveprints.com\/fr\/#\/schema\/logo\/image\/","url":"https:\/\/positiveprints.com\/wp-content\/uploads\/2026\/03\/245815646_1337939713319158_5671353136411139666_n.png","contentUrl":"https:\/\/positiveprints.com\/wp-content\/uploads\/2026\/03\/245815646_1337939713319158_5671353136411139666_n.png","width":800,"height":800,"caption":"Positive Prints"},"image":{"@id":"https:\/\/positiveprints.com\/fr\/#\/schema\/logo\/image\/"},"sameAs":["https:\/\/www.facebook.com\/positiveprintscom","https:\/\/www.instagram.com\/positiveprintscom\/","https:\/\/www.tiktok.com\/@positiveprintscom","https:\/\/www.pinterest.com\/positiveprintscom\/"]}]}},"jetpack_sharing_enabled":true,"_links":{"self":[{"href":"https:\/\/positiveprints.com\/fr\/wp-json\/wp\/v2\/product\/953479","targetHints":{"allow":["GET"]}}],"collection":[{"href":"https:\/\/positiveprints.com\/fr\/wp-json\/wp\/v2\/product"}],"about":[{"href":"https:\/\/positiveprints.com\/fr\/wp-json\/wp\/v2\/types\/product"}],"wp:featuredmedia":[{"embeddable":true,"href":"https:\/\/positiveprints.com\/fr\/wp-json\/wp\/v2\/media\/1679291"}],"wp:attachment":[{"href":"https:\/\/positiveprints.com\/fr\/wp-json\/wp\/v2\/media?parent=953479"}],"wp:term":[{"taxonomy":"product_brand","embeddable":true,"href":"https:\/\/positiveprints.com\/fr\/wp-json\/wp\/v2\/product_brand?post=953479"},{"taxonomy":"product_cat","embeddable":true,"href":"https:\/\/positiveprints.com\/fr\/wp-json\/wp\/v2\/product_cat?post=953479"},{"taxonomy":"product_tag","embeddable":true,"href":"https:\/\/positiveprints.com\/fr\/wp-json\/wp\/v2\/product_tag?post=953479"}],"curies":[{"name":"wp","href":"https:\/\/api.w.org\/{rel}","templated":true}]}}