{"id":953420,"date":"2023-05-29T11:07:07","date_gmt":"2023-09-21T10:29:53","guid":{"rendered":"https:\/\/positiveprints.com\/?post_type=product&#038;p=953420"},"modified":"2026-04-12T22:16:03","modified_gmt":"2026-04-12T21:16:03","slug":"collage-photo-pour-40eme-anniversaire","status":"publish","type":"product","link":"https:\/\/positiveprints.com\/fr\/produit\/collage-photo-pour-40eme-anniversaire\/","title":{"rendered":"Collage Photo pour 40\u00e8me Anniversaire"},"content":{"rendered":"<h2 class=\"grenB f24 cblue\" style=\"margin-top: 3rem;\">Collage Photo personnalis\u00e9 pour 40\u00e8me Anniversaire<\/h2>\r\n<p style=\"margin-top: 1rem;\">Le Collage Photo pour 40\u00e8me Anniversaire est un cadeau sp\u00e9cial que vous pouvez personnaliser avec des photos. C&#8217;est un cadeau unique pour quelqu&#8217;un qui f\u00eate ses 40 ans. Le collage est compos\u00e9 d&#8217;images qui forment le nombre 40. Vous pouvez choisir les photos que vous aimez pour chaque chiffre. Il n&#8217;est pas n\u00e9cessaire qu&#8217;il ressemble exactement au chiffre 40. Vous pouvez faire preuve de cr\u00e9ativit\u00e9 et utiliser des chiffres, des mots ou des symboles \u00e0 la place. Il peut s&#8217;agir du nom de la personne qui f\u00eate son anniversaire, de l&#8217;ann\u00e9e de sa naissance ou m\u00eame de mots comme \u00ab Je t&#8217;aime \u00bb ou \u00ab bravo \u00bb.<\/p>\r\n\r\n<h2 class=\"grenB f24 cblue\" style=\"margin-top: 3rem;\">Cr\u00e9ation de votre collage unique<\/h2>\r\n<p style=\"margin-top: 1rem;\">Pour cr\u00e9er un Collage Photo pour 40\u00e8me Anniversaire, il vous suffit d&#8217;aller sur notre site Web. Un \u00e9diteur en ligne vous permet de saisir un nombre ou un mot. Vous pouvez \u00e9galement choisir la couleur des chiffres ou le contour de la lettre. Ensuite, vous pouvez t\u00e9l\u00e9charger vos photos pr\u00e9f\u00e9r\u00e9es pour chaque chiffre ou lettre. Vous pouvez m\u00eame ajouter un message personnel sous le collage.<\/p>\r\n<p style=\"margin-top: 1rem;\">Il existe diff\u00e9rentes options pour commander un collage photo personnalis\u00e9. Vous pouvez choisir de l&#8217;imprimer sous forme d&#8217;affiche ou d&#8217;encadrement, ou vous pouvez l&#8217;obtenir sur une toile. Si vous pr\u00e9f\u00e9rez, vous pouvez \u00e9galement t\u00e9l\u00e9charger un fichier num\u00e9rique instantan\u00e9ment.<\/p>\r\n\r\n<h2 class=\"grenB f24 cblue\" style=\"margin-top: 3rem;\">D\u00e9marquez-vous avec un cadeau unique et personnel<\/h2>\r\n<p style=\"margin-top: 1rem;\">Le Collage Photo pour 40\u00e8me Anniversaire est un cadeau d&#8217;anniversaire sp\u00e9cial que vous ne trouverez pas dans un magasin ordinaire. C&#8217;est unique et personnalis\u00e9 juste pour la personne qui f\u00eate son anniversaire. C&#8217;est une excellente mani\u00e8re de leur montrer combien vous tenez \u00e0 eux. Au lieu d&#8217;un article achet\u00e9 en magasin, donnez-leur un cadeau sp\u00e9cialement con\u00e7u pour eux. C&#8217;est quelque chose qu&#8217;ils ch\u00e9riront et dont ils se souviendront longtemps. C\u00e9l\u00e9brez donc leur 40\u00e8me anniversaire avec un cadeau personnalis\u00e9 unique, et rendez ce jour encore plus m\u00e9morable.<\/p>","protected":false},"excerpt":{"rendered":"<ul class=\"check-list\">\n<li>Rendez l&#8217;anniversaire de quelqu&#8217;un encore plus sp\u00e9cial avec un cadeau qui raconte l&#8217;histoire de sa vie, et voyez son visage s&#8217;illuminer de joie<\/li>\n<li>Ajoutez un texte personnalis\u00e9 significatif<\/li>\n<li>Personnalisation en 3 \u00e9tapes simples<\/li>\n<li>Choisissez un mod\u00e8le ou faites preuve de cr\u00e9ativit\u00e9<\/li>\n<li>Vois le r\u00e9sultat imm\u00e9diatement \u2013 l\u2019aper\u00e7u interactif te permet de peaufiner chaque d\u00e9tail<\/li>\n<\/ul>\n","protected":false},"featured_media":1268957,"template":"","meta":[],"product_brand":[],"product_cat":[3127,11538,11211,11212,9123,104],"product_tag":[13126,8463,17293,17349,17363,17429],"class_list":{"0":"post-953420","1":"product","2":"type-product","3":"status-publish","4":"has-post-thumbnail","6":"product_cat-cadeaux-danniversaire","7":"product_cat-anniversaire-de-40-ans","8":"product_cat-cadeau-anniversaire-femme","9":"product_cat-cadeau-anniversaire-homme","10":"product_cat-photo-letter-fr","11":"product_cat-tous-les-produits","12":"product_tag-40e-anniversaire","13":"product_tag-birthday-fr","14":"product_tag-cadeau-danniversaire","15":"product_tag-cadeau-danniversaire-pour-elle","16":"product_tag-cadeau-danniversaire-pour-lui","17":"product_tag-cadeaux-danniversaire","19":"first","20":"instock","21":"sale","22":"taxable","23":"shipping-taxable","24":"purchasable","25":"product-type-variable"},"yoast_head":"<!-- This site is optimized with the Yoast SEO Premium plugin v27.2 (Yoast SEO v27.2) - https:\/\/yoast.com\/product\/yoast-seo-premium-wordpress\/ -->\n<title>Collage Photo pour 40\u00e8me Anniversaire - Positive Prints<\/title>\n<meta name=\"description\" content=\"Le Collage Photo pour 40\u00e8me Anniversaire est un cadeau d&#039;anniversaire sp\u00e9cial que vous ne trouverez pas dans un magasin ordinaire. Il est unique et personnalis\u00e9 pour la personne qui f\u00eate son anniversaire.\" \/>\n<meta name=\"robots\" content=\"index, follow, max-snippet:-1, max-image-preview:large, max-video-preview:-1\" \/>\n<link rel=\"canonical\" href=\"https:\/\/positiveprints.com\/fr\/produit\/collage-photo-pour-40eme-anniversaire\/\" \/>\n<meta property=\"og:locale\" content=\"fr_FR\" \/>\n<meta property=\"og:type\" content=\"article\" \/>\n<meta property=\"og:title\" content=\"Collage Photo pour 40\u00e8me Anniversaire\" \/>\n<meta property=\"og:description\" content=\"Rendez l&#039;anniversaire de quelqu&#039;un encore plus sp\u00e9cial avec un cadeau qui raconte l&#039;histoire de sa vie, et voyez son visage s&#039;illuminer de joie Ajoutez un texte personnalis\u00e9 significatif Personnalisation en 3 \u00e9tapes simples Choisissez un mod\u00e8le ou faites preuve de cr\u00e9ativit\u00e9 Vois le r\u00e9sultat imm\u00e9diatement \u2013 l\u2019aper\u00e7u interactif te permet de peaufiner chaque d\u00e9tail\" \/>\n<meta property=\"og:url\" content=\"https:\/\/positiveprints.com\/fr\/produit\/collage-photo-pour-40eme-anniversaire\/\" \/>\n<meta property=\"og:site_name\" content=\"Positive Prints\" \/>\n<meta property=\"article:publisher\" content=\"https:\/\/www.facebook.com\/positiveprintscom\" \/>\n<meta property=\"article:modified_time\" content=\"2026-04-12T21:16:03+00:00\" \/>\n<meta property=\"og:image\" content=\"https:\/\/positiveprints.com\/wp-content\/uploads\/2024\/11\/Packshot_FR_40th-Birthday-Photo-Collage-product-image-.webp\" \/>\n\t<meta property=\"og:image:width\" content=\"1450\" \/>\n\t<meta property=\"og:image:height\" content=\"1450\" \/>\n\t<meta property=\"og:image:type\" content=\"image\/webp\" \/>\n<meta name=\"twitter:card\" content=\"summary_large_image\" \/>\n<meta name=\"twitter:label1\" content=\"Dur\u00e9e de lecture estim\u00e9e\" \/>\n\t<meta name=\"twitter:data1\" content=\"2 minutes\" \/>\n<!-- \/ Yoast SEO Premium plugin. -->","yoast_head_json":{"title":"Collage Photo pour 40\u00e8me Anniversaire - Positive Prints","description":"Le Collage Photo pour 40\u00e8me Anniversaire est un cadeau d'anniversaire sp\u00e9cial que vous ne trouverez pas dans un magasin ordinaire. Il est unique et personnalis\u00e9 pour la personne qui f\u00eate son anniversaire.","robots":{"index":"index","follow":"follow","max-snippet":"max-snippet:-1","max-image-preview":"max-image-preview:large","max-video-preview":"max-video-preview:-1"},"canonical":"https:\/\/positiveprints.com\/fr\/produit\/collage-photo-pour-40eme-anniversaire\/","og_locale":"fr_FR","og_type":"article","og_title":"Collage Photo pour 40\u00e8me Anniversaire","og_description":"Rendez l'anniversaire de quelqu'un encore plus sp\u00e9cial avec un cadeau qui raconte l'histoire de sa vie, et voyez son visage s'illuminer de joie Ajoutez un texte personnalis\u00e9 significatif Personnalisation en 3 \u00e9tapes simples Choisissez un mod\u00e8le ou faites preuve de cr\u00e9ativit\u00e9 Vois le r\u00e9sultat imm\u00e9diatement \u2013 l\u2019aper\u00e7u interactif te permet de peaufiner chaque d\u00e9tail","og_url":"https:\/\/positiveprints.com\/fr\/produit\/collage-photo-pour-40eme-anniversaire\/","og_site_name":"Positive Prints","article_publisher":"https:\/\/www.facebook.com\/positiveprintscom","article_modified_time":"2026-04-12T21:16:03+00:00","og_image":[{"width":1450,"height":1450,"url":"https:\/\/positiveprints.com\/wp-content\/uploads\/2024\/11\/Packshot_FR_40th-Birthday-Photo-Collage-product-image-.webp","type":"image\/webp"}],"twitter_card":"summary_large_image","twitter_misc":{"Dur\u00e9e de lecture estim\u00e9e":"2 minutes"},"schema":{"@context":"https:\/\/schema.org","@graph":[{"@type":["WebPage","ItemPage"],"@id":"https:\/\/positiveprints.com\/fr\/produit\/collage-photo-pour-40eme-anniversaire\/","url":"https:\/\/positiveprints.com\/fr\/produit\/collage-photo-pour-40eme-anniversaire\/","name":"Collage Photo pour 40\u00e8me Anniversaire - Positive Prints","isPartOf":{"@id":"https:\/\/positiveprints.com\/fr\/#website"},"primaryImageOfPage":{"@id":"https:\/\/positiveprints.com\/fr\/produit\/collage-photo-pour-40eme-anniversaire\/#primaryimage"},"image":{"@id":"https:\/\/positiveprints.com\/fr\/produit\/collage-photo-pour-40eme-anniversaire\/#primaryimage"},"thumbnailUrl":"https:\/\/positiveprints.com\/wp-content\/uploads\/2024\/11\/Packshot_FR_40th-Birthday-Photo-Collage-product-image-.webp","datePublished":"2023-09-21T10:29:53+00:00","dateModified":"2026-04-12T21:16:03+00:00","description":"Le Collage Photo pour 40\u00e8me Anniversaire est un cadeau d'anniversaire sp\u00e9cial que vous ne trouverez pas dans un magasin ordinaire. Il est unique et personnalis\u00e9 pour la personne qui f\u00eate son anniversaire.","breadcrumb":{"@id":"https:\/\/positiveprints.com\/fr\/produit\/collage-photo-pour-40eme-anniversaire\/#breadcrumb"},"inLanguage":"fr-FR","potentialAction":[{"@type":"ReadAction","target":["https:\/\/positiveprints.com\/fr\/produit\/collage-photo-pour-40eme-anniversaire\/"]}]},{"@type":"ImageObject","inLanguage":"fr-FR","@id":"https:\/\/positiveprints.com\/fr\/produit\/collage-photo-pour-40eme-anniversaire\/#primaryimage","url":"https:\/\/positiveprints.com\/wp-content\/uploads\/2024\/11\/Packshot_FR_40th-Birthday-Photo-Collage-product-image-.webp","contentUrl":"https:\/\/positiveprints.com\/wp-content\/uploads\/2024\/11\/Packshot_FR_40th-Birthday-Photo-Collage-product-image-.webp","width":1450,"height":1450},{"@type":"BreadcrumbList","@id":"https:\/\/positiveprints.com\/fr\/produit\/collage-photo-pour-40eme-anniversaire\/#breadcrumb","itemListElement":[{"@type":"ListItem","position":1,"name":"Home","item":"https:\/\/positiveprints.com\/fr\/"},{"@type":"ListItem","position":2,"name":"Produits","item":"https:\/\/positiveprints.com\/fr\/shop\/"},{"@type":"ListItem","position":3,"name":"Collage Photo pour 40\u00e8me Anniversaire"}]},{"@type":"WebSite","@id":"https:\/\/positiveprints.com\/fr\/#website","url":"https:\/\/positiveprints.com\/fr\/","name":"Positive Prints","description":"Amazing Custom Personalized Gifts","publisher":{"@id":"https:\/\/positiveprints.com\/fr\/#organization"},"potentialAction":[{"@type":"SearchAction","target":{"@type":"EntryPoint","urlTemplate":"https:\/\/positiveprints.com\/fr\/?s={search_term_string}"},"query-input":{"@type":"PropertyValueSpecification","valueRequired":true,"valueName":"search_term_string"}}],"inLanguage":"fr-FR"},{"@type":"Organization","@id":"https:\/\/positiveprints.com\/fr\/#organization","name":"Positive Prints","alternateName":"Positive Prints","url":"https:\/\/positiveprints.com\/fr\/","logo":{"@type":"ImageObject","inLanguage":"fr-FR","@id":"https:\/\/positiveprints.com\/fr\/#\/schema\/logo\/image\/","url":"https:\/\/positiveprints.com\/wp-content\/uploads\/2026\/03\/245815646_1337939713319158_5671353136411139666_n.png","contentUrl":"https:\/\/positiveprints.com\/wp-content\/uploads\/2026\/03\/245815646_1337939713319158_5671353136411139666_n.png","width":800,"height":800,"caption":"Positive Prints"},"image":{"@id":"https:\/\/positiveprints.com\/fr\/#\/schema\/logo\/image\/"},"sameAs":["https:\/\/www.facebook.com\/positiveprintscom","https:\/\/www.instagram.com\/positiveprintscom\/","https:\/\/www.tiktok.com\/@positiveprintscom","https:\/\/www.pinterest.com\/positiveprintscom\/"]}]}},"jetpack_sharing_enabled":true,"_links":{"self":[{"href":"https:\/\/positiveprints.com\/fr\/wp-json\/wp\/v2\/product\/953420","targetHints":{"allow":["GET"]}}],"collection":[{"href":"https:\/\/positiveprints.com\/fr\/wp-json\/wp\/v2\/product"}],"about":[{"href":"https:\/\/positiveprints.com\/fr\/wp-json\/wp\/v2\/types\/product"}],"wp:featuredmedia":[{"embeddable":true,"href":"https:\/\/positiveprints.com\/fr\/wp-json\/wp\/v2\/media\/1268957"}],"wp:attachment":[{"href":"https:\/\/positiveprints.com\/fr\/wp-json\/wp\/v2\/media?parent=953420"}],"wp:term":[{"taxonomy":"product_brand","embeddable":true,"href":"https:\/\/positiveprints.com\/fr\/wp-json\/wp\/v2\/product_brand?post=953420"},{"taxonomy":"product_cat","embeddable":true,"href":"https:\/\/positiveprints.com\/fr\/wp-json\/wp\/v2\/product_cat?post=953420"},{"taxonomy":"product_tag","embeddable":true,"href":"https:\/\/positiveprints.com\/fr\/wp-json\/wp\/v2\/product_tag?post=953420"}],"curies":[{"name":"wp","href":"https:\/\/api.w.org\/{rel}","templated":true}]}}