{"id":953378,"date":"2023-05-29T09:58:20","date_gmt":"2023-05-29T08:58:20","guid":{"rendered":"https:\/\/positiveprints.com\/?post_type=product&#038;p=953378"},"modified":"2026-04-12T22:17:15","modified_gmt":"2026-04-12T21:17:15","slug":"collage-photo-danniversaire-en-chiffre","status":"publish","type":"product","link":"https:\/\/positiveprints.com\/fr\/produit\/collage-photo-danniversaire-en-chiffre\/","title":{"rendered":"Collage Photo d&#8217;Anniversaire en Chiffre"},"content":{"rendered":"<h2 class=\"grenB f24 cblue\" style=\"margin-top: 3rem\">Collage Photo d&#8217;Anniversaire en Chiffre : un cadeau personnalis\u00e9 unique<\/h2>\r\n\r\n<p style=\"margin-top: 1rem\">Le Collage Photo d&#8217;Anniversaire en Chiffre est un cadeau sp\u00e9cial et unique que vous pouvez offrir pour c\u00e9l\u00e9brer l&#8217;anniversaire de quelqu&#8217;un. Ce cadeau incroyable est une affiche ou une toile personnalis\u00e9e sp\u00e9cialement con\u00e7ue pour la personne qui f\u00eate son anniversaire. C&#8217;est un collage photo qui forme un nombre repr\u00e9sentant l&#8217;ann\u00e9e de sa naissance. Incroyable, n&#8217;est-ce pas ?<\/p>\r\n\r\n<h2 class=\"grenB f24 cblue\" style=\"margin-top: 3rem\">Cr\u00e9ez un Collage Photo d&#8217;Anniversaire en Chiffre<\/h2>\r\n\r\n<p style=\"margin-top: 1rem\">Cr\u00e9er un Collage Photo d&#8217;Anniversaire en Chiffre est super facile. Il vous suffit d\u2019utiliser notre \u00e9diteur en ligne. Ensuite, vous avez la possibilit\u00e9 de personnaliser la couleur du contour des chiffres dans le collage.<\/p>\r\n\r\n<p style=\"margin-top: 1rem\">Apr\u00e8s avoir s\u00e9lectionn\u00e9 l&#8217;ann\u00e9e et la couleur du contour, place \u00e0 la partie divertissante ! Vous pouvez t\u00e9l\u00e9charger des photos sp\u00e9ciales pour chaque chiffre de votre Collage Photo. Imaginez la possibilit\u00e9 de revivre et de montrer des instants inoubliables du pass\u00e9. Vous pouvez choisir une photo qui formera chaque chiffre de l&#8217;ann\u00e9e de naissance.<\/p>\r\n\r\n<p style=\"margin-top: 1rem\">Pour rendre ce cadeau encore plus personnel, vous avez la possibilit\u00e9 d&#8217;ajouter un texte ou un message sinc\u00e8re sous le Collage Photo d\u2019Anniversaire. C&#8217;est l&#8217;occasion d&#8217;exprimer votre amour, de partager des blagues ou simplement de lui souhaiter un anniversaire fantastique.<\/p>\r\n\r\n<h2 class=\"grenB f24 cblue\" style=\"margin-top: 3rem\">Options de commande pour votre cadeau parfait<\/h2>\r\n\r\n<p style=\"margin-top: 1rem\">Le Collage Photo d&#8217;Anniversaire en Chiffre peut \u00eatre command\u00e9 dans une large vari\u00e9t\u00e9 de formats et de tailles. Vous pouvez choisir de le faire imprimer ou encadrer comme une affiche. Si vous pr\u00e9f\u00e9rez une touche plus artistique, vous pouvez la faire imprimer sur toile. Et pour ceux qui veulent un rendu instantan\u00e9, nous proposons \u00e9galement une option de t\u00e9l\u00e9chargement num\u00e9rique. \u00c0 vous de choisir !<\/p>\r\n\r\n<h2 class=\"grenB f24 cblue\" style=\"margin-top: 3rem\">Un cadeau qui se d\u00e9marque des autres<\/h2>\r\n\r\n<p style=\"margin-top: 1rem\">Ce cadeau extraordinaire se distingue des autres que vous pourriez d\u00e9nicher dans les rayons des magasins. Il ne s&#8217;agit pas d&#8217;un simple objet que l&#8217;on peut facilement oublier. C&#8217;est un cadeau vraiment unique et personnel. Le Collage Photo d&#8217;Anniversaire en Chiffre c\u00e9l\u00e8bre l&#8217;ann\u00e9e sp\u00e9ciale de la naissance de quelqu&#8217;un et met en valeur ses souvenirs les plus chers. C&#8217;est un cadeau qui sera pr\u00e9cieux pour les ann\u00e9es \u00e0 venir, leur rappelant les moments joyeux qu&#8217;ils ont v\u00e9cus en cours de route.<\/p>","protected":false},"excerpt":{"rendered":"<ul class=\"check-list\">\n<li>T\u00e9l\u00e9chargez vos photos pr\u00e9f\u00e9r\u00e9es pour personnaliser chaque lettre<\/li>\n<li>Ajoutez un message sinc\u00e8re pour la rendre unique<\/li>\n<li>Personnalisez en 3 \u00e9tapes simples gr\u00e2ce \u00e0 notre \u00e9diteur facile \u00e0 utiliser<\/li>\n<li>Visualisez votre cr\u00e9ation instantan\u00e9ment gr\u00e2ce \u00e0 un aper\u00e7u interactif<\/li>\n<\/ul>\n","protected":false},"featured_media":1679400,"template":"","meta":[],"product_brand":[],"product_cat":[3127,11211,11212,9123,7685,7765,7653,8006,104],"product_tag":[8463,17293,17349,17363,17429],"class_list":{"0":"post-953378","1":"product","2":"type-product","3":"status-publish","4":"has-post-thumbnail","6":"product_cat-cadeaux-danniversaire","7":"product_cat-cadeau-anniversaire-femme","8":"product_cat-cadeau-anniversaire-homme","9":"product_cat-photo-letter-fr","10":"product_cat-cadeaux-pour-femmes","11":"product_cat-cadeaux-pour-fille","12":"product_cat-cadeaux-pour-fils","13":"product_cat-cadeaux-pour-hommes","14":"product_cat-tous-les-produits","15":"product_tag-birthday-fr","16":"product_tag-cadeau-danniversaire","17":"product_tag-cadeau-danniversaire-pour-elle","18":"product_tag-cadeau-danniversaire-pour-lui","19":"product_tag-cadeaux-danniversaire","21":"first","22":"instock","23":"sale","24":"taxable","25":"shipping-taxable","26":"purchasable","27":"product-type-variable"},"yoast_head":"<!-- This site is optimized with the Yoast SEO Premium plugin v27.2 (Yoast SEO v27.2) - https:\/\/yoast.com\/product\/yoast-seo-premium-wordpress\/ -->\n<title>Collage Photo d&#039;Anniversaire en Chiffre - Positive Prints<\/title>\n<meta name=\"description\" content=\"Vous cherchez une id\u00e9e de cadeau d\u2019anniversaire originale ? Cr\u00e9ez un collage photo personnalis\u00e9 rempli de moments pr\u00e9cieux \u2013 un souvenir qu\u2019ils garderont pour toujours.\" \/>\n<meta name=\"robots\" content=\"index, follow, max-snippet:-1, max-image-preview:large, max-video-preview:-1\" \/>\n<link rel=\"canonical\" href=\"https:\/\/positiveprints.com\/fr\/produit\/collage-photo-danniversaire-en-chiffre\/\" \/>\n<meta property=\"og:locale\" content=\"fr_FR\" \/>\n<meta property=\"og:type\" content=\"article\" \/>\n<meta property=\"og:title\" content=\"Collage Photo d&#039;Anniversaire en Chiffre\" \/>\n<meta property=\"og:description\" content=\"T\u00e9l\u00e9chargez vos photos pr\u00e9f\u00e9r\u00e9es pour personnaliser chaque lettre  Ajoutez un message sinc\u00e8re pour la rendre unique  Personnalisez en 3 \u00e9tapes simples gr\u00e2ce \u00e0 notre \u00e9diteur facile \u00e0 utiliser  Visualisez votre cr\u00e9ation instantan\u00e9ment gr\u00e2ce \u00e0 un aper\u00e7u interactif\" \/>\n<meta property=\"og:url\" content=\"https:\/\/positiveprints.com\/fr\/produit\/collage-photo-danniversaire-en-chiffre\/\" \/>\n<meta property=\"og:site_name\" content=\"Positive Prints\" \/>\n<meta property=\"article:publisher\" content=\"https:\/\/www.facebook.com\/positiveprintscom\" \/>\n<meta property=\"article:modified_time\" content=\"2026-04-12T21:17:15+00:00\" \/>\n<meta property=\"og:image\" content=\"https:\/\/positiveprints.com\/wp-content\/uploads\/2025\/06\/Packshot_FR_Collage-Photo-dAnniversaire-en-Chiffre.webp\" \/>\n\t<meta property=\"og:image:width\" content=\"1450\" \/>\n\t<meta property=\"og:image:height\" content=\"1450\" \/>\n\t<meta property=\"og:image:type\" content=\"image\/webp\" \/>\n<meta name=\"twitter:card\" content=\"summary_large_image\" \/>\n<meta name=\"twitter:label1\" content=\"Dur\u00e9e de lecture estim\u00e9e\" \/>\n\t<meta name=\"twitter:data1\" content=\"2 minutes\" \/>\n<!-- \/ Yoast SEO Premium plugin. -->","yoast_head_json":{"title":"Collage Photo d'Anniversaire en Chiffre - Positive Prints","description":"Vous cherchez une id\u00e9e de cadeau d\u2019anniversaire originale ? Cr\u00e9ez un collage photo personnalis\u00e9 rempli de moments pr\u00e9cieux \u2013 un souvenir qu\u2019ils garderont pour toujours.","robots":{"index":"index","follow":"follow","max-snippet":"max-snippet:-1","max-image-preview":"max-image-preview:large","max-video-preview":"max-video-preview:-1"},"canonical":"https:\/\/positiveprints.com\/fr\/produit\/collage-photo-danniversaire-en-chiffre\/","og_locale":"fr_FR","og_type":"article","og_title":"Collage Photo d'Anniversaire en Chiffre","og_description":"T\u00e9l\u00e9chargez vos photos pr\u00e9f\u00e9r\u00e9es pour personnaliser chaque lettre  Ajoutez un message sinc\u00e8re pour la rendre unique  Personnalisez en 3 \u00e9tapes simples gr\u00e2ce \u00e0 notre \u00e9diteur facile \u00e0 utiliser  Visualisez votre cr\u00e9ation instantan\u00e9ment gr\u00e2ce \u00e0 un aper\u00e7u interactif","og_url":"https:\/\/positiveprints.com\/fr\/produit\/collage-photo-danniversaire-en-chiffre\/","og_site_name":"Positive Prints","article_publisher":"https:\/\/www.facebook.com\/positiveprintscom","article_modified_time":"2026-04-12T21:17:15+00:00","og_image":[{"width":1450,"height":1450,"url":"https:\/\/positiveprints.com\/wp-content\/uploads\/2025\/06\/Packshot_FR_Collage-Photo-dAnniversaire-en-Chiffre.webp","type":"image\/webp"}],"twitter_card":"summary_large_image","twitter_misc":{"Dur\u00e9e de lecture estim\u00e9e":"2 minutes"},"schema":{"@context":"https:\/\/schema.org","@graph":[{"@type":["WebPage","ItemPage"],"@id":"https:\/\/positiveprints.com\/fr\/produit\/collage-photo-danniversaire-en-chiffre\/","url":"https:\/\/positiveprints.com\/fr\/produit\/collage-photo-danniversaire-en-chiffre\/","name":"Collage Photo d'Anniversaire en Chiffre - Positive Prints","isPartOf":{"@id":"https:\/\/positiveprints.com\/fr\/#website"},"primaryImageOfPage":{"@id":"https:\/\/positiveprints.com\/fr\/produit\/collage-photo-danniversaire-en-chiffre\/#primaryimage"},"image":{"@id":"https:\/\/positiveprints.com\/fr\/produit\/collage-photo-danniversaire-en-chiffre\/#primaryimage"},"thumbnailUrl":"https:\/\/positiveprints.com\/wp-content\/uploads\/2026\/03\/Annee_FR-Packshot.webp","datePublished":"2023-05-29T08:58:20+00:00","dateModified":"2026-04-12T21:17:15+00:00","description":"Vous cherchez une id\u00e9e de cadeau d\u2019anniversaire originale ? Cr\u00e9ez un collage photo personnalis\u00e9 rempli de moments pr\u00e9cieux \u2013 un souvenir qu\u2019ils garderont pour toujours.","breadcrumb":{"@id":"https:\/\/positiveprints.com\/fr\/produit\/collage-photo-danniversaire-en-chiffre\/#breadcrumb"},"inLanguage":"fr-FR","potentialAction":[{"@type":"ReadAction","target":["https:\/\/positiveprints.com\/fr\/produit\/collage-photo-danniversaire-en-chiffre\/"]}]},{"@type":"ImageObject","inLanguage":"fr-FR","@id":"https:\/\/positiveprints.com\/fr\/produit\/collage-photo-danniversaire-en-chiffre\/#primaryimage","url":"https:\/\/positiveprints.com\/wp-content\/uploads\/2026\/03\/Annee_FR-Packshot.webp","contentUrl":"https:\/\/positiveprints.com\/wp-content\/uploads\/2026\/03\/Annee_FR-Packshot.webp","width":1450,"height":1450},{"@type":"BreadcrumbList","@id":"https:\/\/positiveprints.com\/fr\/produit\/collage-photo-danniversaire-en-chiffre\/#breadcrumb","itemListElement":[{"@type":"ListItem","position":1,"name":"Home","item":"https:\/\/positiveprints.com\/fr\/"},{"@type":"ListItem","position":2,"name":"Produits","item":"https:\/\/positiveprints.com\/fr\/shop\/"},{"@type":"ListItem","position":3,"name":"Collage Photo d&#8217;Anniversaire en Chiffre"}]},{"@type":"WebSite","@id":"https:\/\/positiveprints.com\/fr\/#website","url":"https:\/\/positiveprints.com\/fr\/","name":"Positive Prints","description":"Amazing Custom Personalized Gifts","publisher":{"@id":"https:\/\/positiveprints.com\/fr\/#organization"},"potentialAction":[{"@type":"SearchAction","target":{"@type":"EntryPoint","urlTemplate":"https:\/\/positiveprints.com\/fr\/?s={search_term_string}"},"query-input":{"@type":"PropertyValueSpecification","valueRequired":true,"valueName":"search_term_string"}}],"inLanguage":"fr-FR"},{"@type":"Organization","@id":"https:\/\/positiveprints.com\/fr\/#organization","name":"Positive Prints","alternateName":"Positive Prints","url":"https:\/\/positiveprints.com\/fr\/","logo":{"@type":"ImageObject","inLanguage":"fr-FR","@id":"https:\/\/positiveprints.com\/fr\/#\/schema\/logo\/image\/","url":"https:\/\/positiveprints.com\/wp-content\/uploads\/2026\/03\/245815646_1337939713319158_5671353136411139666_n.png","contentUrl":"https:\/\/positiveprints.com\/wp-content\/uploads\/2026\/03\/245815646_1337939713319158_5671353136411139666_n.png","width":800,"height":800,"caption":"Positive Prints"},"image":{"@id":"https:\/\/positiveprints.com\/fr\/#\/schema\/logo\/image\/"},"sameAs":["https:\/\/www.facebook.com\/positiveprintscom","https:\/\/www.instagram.com\/positiveprintscom\/","https:\/\/www.tiktok.com\/@positiveprintscom","https:\/\/www.pinterest.com\/positiveprintscom\/"]}]}},"jetpack_sharing_enabled":true,"_links":{"self":[{"href":"https:\/\/positiveprints.com\/fr\/wp-json\/wp\/v2\/product\/953378","targetHints":{"allow":["GET"]}}],"collection":[{"href":"https:\/\/positiveprints.com\/fr\/wp-json\/wp\/v2\/product"}],"about":[{"href":"https:\/\/positiveprints.com\/fr\/wp-json\/wp\/v2\/types\/product"}],"wp:featuredmedia":[{"embeddable":true,"href":"https:\/\/positiveprints.com\/fr\/wp-json\/wp\/v2\/media\/1679400"}],"wp:attachment":[{"href":"https:\/\/positiveprints.com\/fr\/wp-json\/wp\/v2\/media?parent=953378"}],"wp:term":[{"taxonomy":"product_brand","embeddable":true,"href":"https:\/\/positiveprints.com\/fr\/wp-json\/wp\/v2\/product_brand?post=953378"},{"taxonomy":"product_cat","embeddable":true,"href":"https:\/\/positiveprints.com\/fr\/wp-json\/wp\/v2\/product_cat?post=953378"},{"taxonomy":"product_tag","embeddable":true,"href":"https:\/\/positiveprints.com\/fr\/wp-json\/wp\/v2\/product_tag?post=953378"}],"curies":[{"name":"wp","href":"https:\/\/api.w.org\/{rel}","templated":true}]}}