{"id":952970,"date":"2023-09-21T10:34:42","date_gmt":"2023-09-21T09:34:42","guid":{"rendered":"https:\/\/positiveprints.com\/?post_type=product&#038;p=952970"},"modified":"2026-04-28T14:08:25","modified_gmt":"2026-04-28T13:08:25","slug":"collage-de-photos-en-lettre-de-fiancailles","status":"publish","type":"product","link":"https:\/\/positiveprints.com\/fr\/produit\/collage-de-photos-en-lettre-de-fiancailles\/","title":{"rendered":"Collage de Photos en Lettre de Fian\u00e7ailles"},"content":{"rendered":"<p style=\"margin-top: 1rem\">Le Collage de Photos en Lettre de Fian\u00e7aille est un super cadeau pour les fian\u00e7ailles. C&#8217;est une impression photo ou une toile sp\u00e9ciale enti\u00e8rement consacr\u00e9e \u00e0 vous ! Il s&#8217;agit d&#8217;un collage fait d&#8217;images, o\u00f9 vous pouvez choisir n&#8217;importe quel petit mot que vous aimez. Il peut s&#8217;agir de votre date de fian\u00e7ailles ou de mots comme \u00ab oui ! \u00bb, \u00ab fianc\u00e9s \u00bb ou \u00ab je t&#8217;aime \u00bb. C&#8217;est \u00e0 vous de d\u00e9cider !<\/p>\r\n\r\n<p style=\"margin-top: 1rem\">Cr\u00e9er un Collage de Photos en Lettre de Fian\u00e7ailles est super facile. Rendez-vous simplement sur notre site Web et utilisez notre outil sp\u00e9cial. Tout d&#8217;abord, choisissez un mot ou tapez le v\u00f4tre. Vous pouvez m\u00eame choisir la couleur du contour autour de chaque lettre. Ensuite, vous pouvez ajouter une image pour chaque lettre. N&#8217;oubliez pas, vous pouvez \u00e9galement inclure un message personnel sous le collage.<\/p>\r\n\r\n<p style=\"margin-top: 1rem\">La meilleure partie est que vous pouvez choisir comment vous voulez votre \u0153uvre d&#8217;art personnalis\u00e9e. Nous proposons diff\u00e9rentes tailles et formats. Vous pouvez obtenir une affiche imprim\u00e9e, une version encadr\u00e9e, une super toile, ou m\u00eame un t\u00e9l\u00e9chargement num\u00e9rique que vous pouvez avoir instantan\u00e9ment.<\/p>\r\n\r\n<p style=\"margin-top: 1rem\">Ce qui rend le Collage de Photos en Lettre de Fian\u00e7aille si sp\u00e9cial, c&#8217;est qu&#8217;il ne ressemble \u00e0 aucun autre cadeau que vous pouvez simplement acheter dans un magasin. Il est unique en son genre et con\u00e7u sp\u00e9cialement pour vous. C&#8217;est une fa\u00e7on d&#8217;exprimer votre amour et de faire durer les souvenirs pour toujours. C&#8217;est un cadeau unique et personnel, tout comme l&#8217;amour entre vous et votre \u00eatre cher.<\/p>\r\n\r\n<p style=\"margin-top: 1rem\">Alors, c\u00e9l\u00e9brez vos fian\u00e7ailles avec un Collage de Photos en Lettre de Fian\u00e7ailles. C&#8217;est un cadeau qui vous repr\u00e9sente enti\u00e8rement, rempli d&#8217;amour et de souvenirs inestimables. Il s&#8217;agit d&#8217;un rappel de votre lien sp\u00e9cial qui vous fera sourire \u00e0 chaque fois que vous le verrez. Soyez cr\u00e9atif, partagez votre histoire et cr\u00e9ez un cadeau qui sera ch\u00e9ri pour toujours.<\/p>","protected":false},"excerpt":{"rendered":"<ul class=\"check-list\">\n<li>C\u00e9l\u00e9brez l&#8217;inoubliable moment de vos fian\u00e7ailles en exprimant votre amour et votre gratitude d&#8217;une mani\u00e8re unique et significative<\/li>\n<li>Ajoutez un texte personnalis\u00e9 significatif<\/li>\n<li>Personnalisez en 3 \u00e9tapes simples<\/li>\n<li>Choisissez un mod\u00e8le ou faites preuve de cr\u00e9ativit\u00e9<\/li>\n<li>Vois le r\u00e9sultat imm\u00e9diatement \u2013 l\u2019aper\u00e7u interactif te permet de peaufiner chaque d\u00e9tail<\/li>\n<\/ul>\n","protected":false},"featured_media":1280250,"template":"","meta":[],"product_brand":[],"product_cat":[7925,5276,9123,104],"product_tag":[17670,8432],"class_list":{"0":"post-952970","1":"product","2":"type-product","3":"status-publish","4":"has-post-thumbnail","6":"product_cat-cadeaux-denterrement-de-vie-de-jeune-fille","7":"product_cat-cadeaux-de-fiancailles-idees-cadeaux","8":"product_cat-photo-letter-fr","9":"product_cat-tous-les-produits","10":"product_tag-engagement-fr","11":"product_tag-fiancailles","13":"first","14":"instock","15":"sale","16":"taxable","17":"shipping-taxable","18":"purchasable","19":"product-type-variable"},"yoast_head":"<!-- This site is optimized with the Yoast SEO Premium plugin v27.2 (Yoast SEO v27.2) - https:\/\/yoast.com\/product\/yoast-seo-premium-wordpress\/ -->\n<title>Collage de Photos en Lettre de Fian\u00e7ailles - Positive Prints<\/title>\n<meta name=\"description\" content=\"C\u00e9l\u00e9brez vos fian\u00e7ailles avec un Collage de Photos en Lettre de Fian\u00e7ailles. C&#039;est un cadeau qui vous repr\u00e9sente enti\u00e8rement, rempli d&#039;amour et de souvenirs inestimables.\" \/>\n<meta name=\"robots\" content=\"index, follow, max-snippet:-1, max-image-preview:large, max-video-preview:-1\" \/>\n<link rel=\"canonical\" href=\"https:\/\/positiveprints.com\/fr\/produit\/collage-de-photos-en-lettre-de-fiancailles\/\" \/>\n<meta property=\"og:locale\" content=\"fr_FR\" \/>\n<meta property=\"og:type\" content=\"article\" \/>\n<meta property=\"og:title\" content=\"Collage de Photos en Lettre de Fian\u00e7ailles\" \/>\n<meta property=\"og:description\" content=\"C\u00e9l\u00e9brez l&#039;inoubliable moment de vos fian\u00e7ailles en exprimant votre amour et votre gratitude d&#039;une mani\u00e8re unique et significative Ajoutez un texte personnalis\u00e9 significatif Personnalisez en 3 \u00e9tapes simples Choisissez un mod\u00e8le ou faites preuve de cr\u00e9ativit\u00e9 Vois le r\u00e9sultat imm\u00e9diatement \u2013 l\u2019aper\u00e7u interactif te permet de peaufiner chaque d\u00e9tail\" \/>\n<meta property=\"og:url\" content=\"https:\/\/positiveprints.com\/fr\/produit\/collage-de-photos-en-lettre-de-fiancailles\/\" \/>\n<meta property=\"og:site_name\" content=\"Positive Prints\" \/>\n<meta property=\"article:publisher\" content=\"https:\/\/www.facebook.com\/positiveprintscom\" \/>\n<meta property=\"article:modified_time\" content=\"2026-04-28T13:08:25+00:00\" \/>\n<meta property=\"og:image\" content=\"https:\/\/positiveprints.com\/wp-content\/uploads\/2024\/11\/Packshot_FR_Engagement-Letter-Photo-Collage-product-image.webp\" \/>\n\t<meta property=\"og:image:width\" content=\"1450\" \/>\n\t<meta property=\"og:image:height\" content=\"1450\" \/>\n\t<meta property=\"og:image:type\" content=\"image\/webp\" \/>\n<meta name=\"twitter:card\" content=\"summary_large_image\" \/>\n<!-- \/ Yoast SEO Premium plugin. -->","yoast_head_json":{"title":"Collage de Photos en Lettre de Fian\u00e7ailles - Positive Prints","description":"C\u00e9l\u00e9brez vos fian\u00e7ailles avec un Collage de Photos en Lettre de Fian\u00e7ailles. C'est un cadeau qui vous repr\u00e9sente enti\u00e8rement, rempli d'amour et de souvenirs inestimables.","robots":{"index":"index","follow":"follow","max-snippet":"max-snippet:-1","max-image-preview":"max-image-preview:large","max-video-preview":"max-video-preview:-1"},"canonical":"https:\/\/positiveprints.com\/fr\/produit\/collage-de-photos-en-lettre-de-fiancailles\/","og_locale":"fr_FR","og_type":"article","og_title":"Collage de Photos en Lettre de Fian\u00e7ailles","og_description":"C\u00e9l\u00e9brez l'inoubliable moment de vos fian\u00e7ailles en exprimant votre amour et votre gratitude d'une mani\u00e8re unique et significative Ajoutez un texte personnalis\u00e9 significatif Personnalisez en 3 \u00e9tapes simples Choisissez un mod\u00e8le ou faites preuve de cr\u00e9ativit\u00e9 Vois le r\u00e9sultat imm\u00e9diatement \u2013 l\u2019aper\u00e7u interactif te permet de peaufiner chaque d\u00e9tail","og_url":"https:\/\/positiveprints.com\/fr\/produit\/collage-de-photos-en-lettre-de-fiancailles\/","og_site_name":"Positive Prints","article_publisher":"https:\/\/www.facebook.com\/positiveprintscom","article_modified_time":"2026-04-28T13:08:25+00:00","og_image":[{"width":1450,"height":1450,"url":"https:\/\/positiveprints.com\/wp-content\/uploads\/2024\/11\/Packshot_FR_Engagement-Letter-Photo-Collage-product-image.webp","type":"image\/webp"}],"twitter_card":"summary_large_image","schema":{"@context":"https:\/\/schema.org","@graph":[{"@type":["WebPage","ItemPage"],"@id":"https:\/\/positiveprints.com\/fr\/produit\/collage-de-photos-en-lettre-de-fiancailles\/","url":"https:\/\/positiveprints.com\/fr\/produit\/collage-de-photos-en-lettre-de-fiancailles\/","name":"Collage de Photos en Lettre de Fian\u00e7ailles - Positive Prints","isPartOf":{"@id":"https:\/\/positiveprints.com\/fr\/#website"},"primaryImageOfPage":{"@id":"https:\/\/positiveprints.com\/fr\/produit\/collage-de-photos-en-lettre-de-fiancailles\/#primaryimage"},"image":{"@id":"https:\/\/positiveprints.com\/fr\/produit\/collage-de-photos-en-lettre-de-fiancailles\/#primaryimage"},"thumbnailUrl":"https:\/\/positiveprints.com\/wp-content\/uploads\/2024\/11\/Packshot_FR_Engagement-Letter-Photo-Collage-product-image.webp","datePublished":"2023-09-21T09:34:42+00:00","dateModified":"2026-04-28T13:08:25+00:00","description":"C\u00e9l\u00e9brez vos fian\u00e7ailles avec un Collage de Photos en Lettre de Fian\u00e7ailles. C'est un cadeau qui vous repr\u00e9sente enti\u00e8rement, rempli d'amour et de souvenirs inestimables.","breadcrumb":{"@id":"https:\/\/positiveprints.com\/fr\/produit\/collage-de-photos-en-lettre-de-fiancailles\/#breadcrumb"},"inLanguage":"fr-FR","potentialAction":[{"@type":"ReadAction","target":["https:\/\/positiveprints.com\/fr\/produit\/collage-de-photos-en-lettre-de-fiancailles\/"]}]},{"@type":"ImageObject","inLanguage":"fr-FR","@id":"https:\/\/positiveprints.com\/fr\/produit\/collage-de-photos-en-lettre-de-fiancailles\/#primaryimage","url":"https:\/\/positiveprints.com\/wp-content\/uploads\/2024\/11\/Packshot_FR_Engagement-Letter-Photo-Collage-product-image.webp","contentUrl":"https:\/\/positiveprints.com\/wp-content\/uploads\/2024\/11\/Packshot_FR_Engagement-Letter-Photo-Collage-product-image.webp","width":1450,"height":1450},{"@type":"BreadcrumbList","@id":"https:\/\/positiveprints.com\/fr\/produit\/collage-de-photos-en-lettre-de-fiancailles\/#breadcrumb","itemListElement":[{"@type":"ListItem","position":1,"name":"Home","item":"https:\/\/positiveprints.com\/fr\/"},{"@type":"ListItem","position":2,"name":"Produits","item":"https:\/\/positiveprints.com\/fr\/shop\/"},{"@type":"ListItem","position":3,"name":"Collage de Photos en Lettre de Fian\u00e7ailles"}]},{"@type":"WebSite","@id":"https:\/\/positiveprints.com\/fr\/#website","url":"https:\/\/positiveprints.com\/fr\/","name":"Positive Prints","description":"Amazing Custom Personalized Gifts","publisher":{"@id":"https:\/\/positiveprints.com\/fr\/#organization"},"potentialAction":[{"@type":"SearchAction","target":{"@type":"EntryPoint","urlTemplate":"https:\/\/positiveprints.com\/fr\/?s={search_term_string}"},"query-input":{"@type":"PropertyValueSpecification","valueRequired":true,"valueName":"search_term_string"}}],"inLanguage":"fr-FR"},{"@type":"Organization","@id":"https:\/\/positiveprints.com\/fr\/#organization","name":"Positive Prints","alternateName":"Positive Prints","url":"https:\/\/positiveprints.com\/fr\/","logo":{"@type":"ImageObject","inLanguage":"fr-FR","@id":"https:\/\/positiveprints.com\/fr\/#\/schema\/logo\/image\/","url":"https:\/\/positiveprints.com\/wp-content\/uploads\/2026\/03\/245815646_1337939713319158_5671353136411139666_n.png","contentUrl":"https:\/\/positiveprints.com\/wp-content\/uploads\/2026\/03\/245815646_1337939713319158_5671353136411139666_n.png","width":800,"height":800,"caption":"Positive Prints"},"image":{"@id":"https:\/\/positiveprints.com\/fr\/#\/schema\/logo\/image\/"},"sameAs":["https:\/\/www.facebook.com\/positiveprintscom","https:\/\/www.instagram.com\/positiveprintscom\/","https:\/\/www.tiktok.com\/@positiveprintscom","https:\/\/www.pinterest.com\/positiveprintscom\/"]}]}},"jetpack_sharing_enabled":true,"_links":{"self":[{"href":"https:\/\/positiveprints.com\/fr\/wp-json\/wp\/v2\/product\/952970","targetHints":{"allow":["GET"]}}],"collection":[{"href":"https:\/\/positiveprints.com\/fr\/wp-json\/wp\/v2\/product"}],"about":[{"href":"https:\/\/positiveprints.com\/fr\/wp-json\/wp\/v2\/types\/product"}],"wp:featuredmedia":[{"embeddable":true,"href":"https:\/\/positiveprints.com\/fr\/wp-json\/wp\/v2\/media\/1280250"}],"wp:attachment":[{"href":"https:\/\/positiveprints.com\/fr\/wp-json\/wp\/v2\/media?parent=952970"}],"wp:term":[{"taxonomy":"product_brand","embeddable":true,"href":"https:\/\/positiveprints.com\/fr\/wp-json\/wp\/v2\/product_brand?post=952970"},{"taxonomy":"product_cat","embeddable":true,"href":"https:\/\/positiveprints.com\/fr\/wp-json\/wp\/v2\/product_cat?post=952970"},{"taxonomy":"product_tag","embeddable":true,"href":"https:\/\/positiveprints.com\/fr\/wp-json\/wp\/v2\/product_tag?post=952970"}],"curies":[{"name":"wp","href":"https:\/\/api.w.org\/{rel}","templated":true}]}}