{"id":839897,"date":"2023-05-23T11:25:45","date_gmt":"2023-05-23T10:25:45","guid":{"rendered":"https:\/\/positiveprints.com\/?post_type=product&#038;p=839897"},"modified":"2026-04-28T14:19:56","modified_gmt":"2026-04-28T13:19:56","slug":"collage-de-photos-en-lettre-pour-anniversaire-de-1-an","status":"publish","type":"product","link":"https:\/\/positiveprints.com\/fr\/produit\/collage-de-photos-en-lettre-pour-anniversaire-de-1-an\/","title":{"rendered":"1 Ann\u00e9es d&#8217;anniversaire &#8211; Affiche personnalis\u00e9e"},"content":{"rendered":"<p style=\"margin-top: 1rem;\">Voici le Collage de Photos en Lettre pour Anniversaire de 1 An ! C&#8217;est un cadeau sp\u00e9cial et personnalis\u00e9 que vous pouvez offrir pour c\u00e9l\u00e9brer votre premier anniversaire de mariage. C&#8217;est comme une image compos\u00e9e de diff\u00e9rentes photos qui forment un mot ou un symbole. Vous pouvez choisir n&#8217;importe quel petit mot que vous aimez, comme \u00ab 1 an \u00bb, \u00ab ensemble \u00bb ou \u00ab amour \u00bb C&#8217;est \u00e0 vous de d\u00e9cider !<\/p>\r\n<p style=\"margin-top: 1rem;\">Pour cr\u00e9er votre \u0153uvre personnalis\u00e9e, il vous suffit de vous rendre sur notre site web et d&#8217;utiliser notre \u00e9diteur en ligne. Vous pouvez choisir un mot ou le taper vous-m\u00eame. Vous pouvez \u00e9galement choisir la couleur du contour autour des lettres. Ensuite, vous pouvez t\u00e9l\u00e9charger une photo pour chaque lettre. Vous pouvez m\u00eame ajouter un message personnel sous le collage.<\/p>\r\n<p style=\"margin-top: 1rem;\">Il existe diff\u00e9rentes fa\u00e7ons de commander votre Collage de Photos en Lettre pour Anniversaire de 1 An. Vous pouvez l&#8217;imprimer sous forme d&#8217;affiche ou d&#8217;image encadr\u00e9e. Ou vous pouvez choisir une version canevas. Si vous pr\u00e9f\u00e9rez, vous pouvez \u00e9galement obtenir un fichier de t\u00e9l\u00e9chargement num\u00e9rique instantan\u00e9.<\/p>\r\n<p style=\"margin-top: 1rem;\">Le Collage de Photos en Lettre pour Anniversaire de 1 An n&#8217;est pas comme les autres cadeaux que vous trouvez dans les magasins. C&#8217;est unique et sp\u00e9cial parce qu&#8217;il s&#8217;agit de vous et de votre relation. C&#8217;est une fa\u00e7on de se souvenir de tous les bons moments que vous avez pass\u00e9s ensemble. Montrez \u00e0 quel point vous tenez \u00e0 elle\/lui avec le Collage de Photos en Lettre pour Anniversaire de 1 An !<\/p>\r\n<p style=\"margin-top: 1rem;\">Imaginez l&#8217;\u00e9merveillement sur le visage de votre partenaire lorsqu&#8217;il ou elle d\u00e9couvrira le magnifique collage que vous avez soigneusement con\u00e7u rien que pour lui ou elle. C&#8217;est un cadeau qui montre \u00e0 quel point vous vous souciez de votre relation et \u00e0 quel point elle est importante. De plus, c&#8217;est quelque chose qu&#8217;ils pourront ch\u00e9rir pendant des ann\u00e9es.<\/p>\r\n<p style=\"margin-top: 1rem;\">Le Collage de Photos en Lettre pour Anniversaire de 1 An est non seulement un cadeau attentionn\u00e9 et sentimental, mais il est \u00e9galement amusant \u00e0 cr\u00e9er. Vous pouvez prendre le temps d&#8217;examiner vos photos et de choisir celles qui correspondent le mieux \u00e0 chaque lettre. C&#8217;est l&#8217;occasion de vous rem\u00e9morer vos moments pr\u00e9f\u00e9r\u00e9s et de r\u00e9fl\u00e9chir au chemin parcouru par votre couple.<\/p>\r\n<p style=\"margin-top: 1rem;\">Alors, pourquoi se contenter d&#8217;un cadeau g\u00e9n\u00e9rique alors que vous pouvez offrir quelque chose de vraiment unique ? Le Collage de Photos en Lettre est une merveilleuse fa\u00e7on de c\u00e9l\u00e9brer votre amour et de comm\u00e9morer cette \u00e9tape sp\u00e9ciale. C&#8217;est un cadeau qui rendra votre anniversaire de mariage encore plus m\u00e9morable et significatif. N&#8217;attendez pas &#8211; commencez \u00e0 cr\u00e9er votre collage personnalis\u00e9 d\u00e8s aujourd&#8217;hui et donnez vie \u00e0 vos souvenirs !<\/p>","protected":false},"excerpt":{"rendered":"<ul class=\"check-list\">\n<li>Incluez un texte personnalis\u00e9 significatif<\/li>\n<li>Personnalisez votre design en 3 \u00e9tapes simples<\/li>\n<li>Choisissez un mod\u00e8le ou faites preuve de cr\u00e9ativit\u00e9<\/li>\n<li>Visualisez votre cr\u00e9ation gr\u00e2ce \u00e0 l\u2019aper\u00e7u interactif<\/li>\n<\/ul>\n","protected":false},"featured_media":1672377,"template":"","meta":[],"product_brand":[],"product_cat":[9123,104,5328,11529,11177,11175,11176,8006,7685],"product_tag":[14849,14854,14866,14853,14681,14857,14859,14848,14852,14856,14868,14864,14869,14851,14865,14850],"class_list":{"0":"post-839897","1":"product","2":"type-product","3":"status-publish","4":"has-post-thumbnail","6":"product_cat-photo-letter-fr","7":"product_cat-tous-les-produits","8":"product_cat-cadeaux-de-commemorations","9":"product_cat-1-an-de-mariage","10":"product_cat-cadeaux-danniversaire-pour-couples","11":"product_cat-cadeaux-danniversaire-pour-femme","12":"product_cat-cadeaux-danniversaire-pour-homme","13":"product_cat-cadeaux-pour-hommes","14":"product_cat-cadeaux-pour-femmes","15":"product_tag-anniversary-fr","16":"product_tag-anniversary-gift-fr","17":"product_tag-anniversary-gifts-fr","18":"product_tag-anniversary-present-fr","19":"product_tag-cadeau-romantique","20":"product_tag-couple-gift-fr","21":"product_tag-gift-for-couple-fr","22":"product_tag-love-fr","23":"product_tag-love-gift-fr","24":"product_tag-personalized-gift-fr","25":"product_tag-romantic-gifts-fr","26":"product_tag-sentimental-gift-fr","27":"product_tag-special-occasion-fr","28":"product_tag-thoughtful-gift-fr","29":"product_tag-unique-gift-fr","30":"product_tag-wedding-anniversary-fr","32":"first","33":"instock","34":"sale","35":"taxable","36":"shipping-taxable","37":"purchasable","38":"product-type-variable"},"yoast_head":"<!-- This site is optimized with the Yoast SEO Premium plugin v27.2 (Yoast SEO v27.2) - https:\/\/yoast.com\/product\/yoast-seo-premium-wordpress\/ -->\n<title>1 Ann\u00e9es d&#039;anniversaire - Affiche personnalis\u00e9e - Positive Prints<\/title>\n<meta name=\"description\" content=\"C\u00e9l\u00e9brez votre amour avec un cadeau personnalis\u00e9 pour votre premier anniversaire ! Pour vos 1 an, cr\u00e9ez un collage photo unique en forme de lettres avec vos plus beaux souvenirs.\" \/>\n<meta name=\"robots\" content=\"index, follow, max-snippet:-1, max-image-preview:large, max-video-preview:-1\" \/>\n<link rel=\"canonical\" href=\"https:\/\/positiveprints.com\/fr\/produit\/collage-de-photos-en-lettre-pour-anniversaire-de-1-an\/\" \/>\n<meta property=\"og:locale\" content=\"fr_FR\" \/>\n<meta property=\"og:type\" content=\"article\" \/>\n<meta property=\"og:title\" content=\"1 Ann\u00e9es d&#039;anniversaire - Affiche personnalis\u00e9e\" \/>\n<meta property=\"og:description\" content=\"Incluez un texte personnalis\u00e9 significatif  Personnalisez votre design en 3 \u00e9tapes simples  Choisissez un mod\u00e8le ou faites preuve de cr\u00e9ativit\u00e9  Visualisez votre cr\u00e9ation gr\u00e2ce \u00e0 l\u2019aper\u00e7u interactif\" \/>\n<meta property=\"og:url\" content=\"https:\/\/positiveprints.com\/fr\/produit\/collage-de-photos-en-lettre-pour-anniversaire-de-1-an\/\" \/>\n<meta property=\"og:site_name\" content=\"Positive Prints\" \/>\n<meta property=\"article:publisher\" content=\"https:\/\/www.facebook.com\/positiveprintscom\" \/>\n<meta property=\"article:modified_time\" content=\"2026-04-28T13:19:56+00:00\" \/>\n<meta property=\"og:image\" content=\"https:\/\/positiveprints.com\/wp-content\/uploads\/2024\/11\/Packshot_FR_1-Year-Anniversary-Letter-Photo-Collage-product-image-.webp\" \/>\n\t<meta property=\"og:image:width\" content=\"1450\" \/>\n\t<meta property=\"og:image:height\" content=\"1450\" \/>\n\t<meta property=\"og:image:type\" content=\"image\/webp\" \/>\n<meta name=\"twitter:card\" content=\"summary_large_image\" \/>\n<!-- \/ Yoast SEO Premium plugin. -->","yoast_head_json":{"title":"1 Ann\u00e9es d'anniversaire - Affiche personnalis\u00e9e - Positive Prints","description":"C\u00e9l\u00e9brez votre amour avec un cadeau personnalis\u00e9 pour votre premier anniversaire ! Pour vos 1 an, cr\u00e9ez un collage photo unique en forme de lettres avec vos plus beaux souvenirs.","robots":{"index":"index","follow":"follow","max-snippet":"max-snippet:-1","max-image-preview":"max-image-preview:large","max-video-preview":"max-video-preview:-1"},"canonical":"https:\/\/positiveprints.com\/fr\/produit\/collage-de-photos-en-lettre-pour-anniversaire-de-1-an\/","og_locale":"fr_FR","og_type":"article","og_title":"1 Ann\u00e9es d'anniversaire - Affiche personnalis\u00e9e","og_description":"Incluez un texte personnalis\u00e9 significatif  Personnalisez votre design en 3 \u00e9tapes simples  Choisissez un mod\u00e8le ou faites preuve de cr\u00e9ativit\u00e9  Visualisez votre cr\u00e9ation gr\u00e2ce \u00e0 l\u2019aper\u00e7u interactif","og_url":"https:\/\/positiveprints.com\/fr\/produit\/collage-de-photos-en-lettre-pour-anniversaire-de-1-an\/","og_site_name":"Positive Prints","article_publisher":"https:\/\/www.facebook.com\/positiveprintscom","article_modified_time":"2026-04-28T13:19:56+00:00","og_image":[{"width":1450,"height":1450,"url":"https:\/\/positiveprints.com\/wp-content\/uploads\/2024\/11\/Packshot_FR_1-Year-Anniversary-Letter-Photo-Collage-product-image-.webp","type":"image\/webp"}],"twitter_card":"summary_large_image","schema":{"@context":"https:\/\/schema.org","@graph":[{"@type":["WebPage","ItemPage"],"@id":"https:\/\/positiveprints.com\/fr\/produit\/collage-de-photos-en-lettre-pour-anniversaire-de-1-an\/","url":"https:\/\/positiveprints.com\/fr\/produit\/collage-de-photos-en-lettre-pour-anniversaire-de-1-an\/","name":"1 Ann\u00e9es d'anniversaire - Affiche personnalis\u00e9e - Positive Prints","isPartOf":{"@id":"https:\/\/positiveprints.com\/fr\/#website"},"primaryImageOfPage":{"@id":"https:\/\/positiveprints.com\/fr\/produit\/collage-de-photos-en-lettre-pour-anniversaire-de-1-an\/#primaryimage"},"image":{"@id":"https:\/\/positiveprints.com\/fr\/produit\/collage-de-photos-en-lettre-pour-anniversaire-de-1-an\/#primaryimage"},"thumbnailUrl":"https:\/\/positiveprints.com\/wp-content\/uploads\/2026\/03\/collage-photo-de-la-premiere-annee_FR.webp","datePublished":"2023-05-23T10:25:45+00:00","dateModified":"2026-04-28T13:19:56+00:00","description":"C\u00e9l\u00e9brez votre amour avec un cadeau personnalis\u00e9 pour votre premier anniversaire ! Pour vos 1 an, cr\u00e9ez un collage photo unique en forme de lettres avec vos plus beaux souvenirs.","breadcrumb":{"@id":"https:\/\/positiveprints.com\/fr\/produit\/collage-de-photos-en-lettre-pour-anniversaire-de-1-an\/#breadcrumb"},"inLanguage":"fr-FR","potentialAction":[{"@type":"ReadAction","target":["https:\/\/positiveprints.com\/fr\/produit\/collage-de-photos-en-lettre-pour-anniversaire-de-1-an\/"]}]},{"@type":"ImageObject","inLanguage":"fr-FR","@id":"https:\/\/positiveprints.com\/fr\/produit\/collage-de-photos-en-lettre-pour-anniversaire-de-1-an\/#primaryimage","url":"https:\/\/positiveprints.com\/wp-content\/uploads\/2026\/03\/collage-photo-de-la-premiere-annee_FR.webp","contentUrl":"https:\/\/positiveprints.com\/wp-content\/uploads\/2026\/03\/collage-photo-de-la-premiere-annee_FR.webp","width":1450,"height":1450},{"@type":"BreadcrumbList","@id":"https:\/\/positiveprints.com\/fr\/produit\/collage-de-photos-en-lettre-pour-anniversaire-de-1-an\/#breadcrumb","itemListElement":[{"@type":"ListItem","position":1,"name":"Home","item":"https:\/\/positiveprints.com\/fr\/"},{"@type":"ListItem","position":2,"name":"Produits","item":"https:\/\/positiveprints.com\/fr\/shop\/"},{"@type":"ListItem","position":3,"name":"1 Ann\u00e9es d&#8217;anniversaire &#8211; Affiche personnalis\u00e9e"}]},{"@type":"WebSite","@id":"https:\/\/positiveprints.com\/fr\/#website","url":"https:\/\/positiveprints.com\/fr\/","name":"Positive Prints","description":"Amazing Custom Personalized Gifts","publisher":{"@id":"https:\/\/positiveprints.com\/fr\/#organization"},"potentialAction":[{"@type":"SearchAction","target":{"@type":"EntryPoint","urlTemplate":"https:\/\/positiveprints.com\/fr\/?s={search_term_string}"},"query-input":{"@type":"PropertyValueSpecification","valueRequired":true,"valueName":"search_term_string"}}],"inLanguage":"fr-FR"},{"@type":"Organization","@id":"https:\/\/positiveprints.com\/fr\/#organization","name":"Positive Prints","alternateName":"Positive Prints","url":"https:\/\/positiveprints.com\/fr\/","logo":{"@type":"ImageObject","inLanguage":"fr-FR","@id":"https:\/\/positiveprints.com\/fr\/#\/schema\/logo\/image\/","url":"https:\/\/positiveprints.com\/wp-content\/uploads\/2026\/03\/245815646_1337939713319158_5671353136411139666_n.png","contentUrl":"https:\/\/positiveprints.com\/wp-content\/uploads\/2026\/03\/245815646_1337939713319158_5671353136411139666_n.png","width":800,"height":800,"caption":"Positive Prints"},"image":{"@id":"https:\/\/positiveprints.com\/fr\/#\/schema\/logo\/image\/"},"sameAs":["https:\/\/www.facebook.com\/positiveprintscom","https:\/\/www.instagram.com\/positiveprintscom\/","https:\/\/www.tiktok.com\/@positiveprintscom","https:\/\/www.pinterest.com\/positiveprintscom\/"]}]}},"jetpack_sharing_enabled":true,"_links":{"self":[{"href":"https:\/\/positiveprints.com\/fr\/wp-json\/wp\/v2\/product\/839897","targetHints":{"allow":["GET"]}}],"collection":[{"href":"https:\/\/positiveprints.com\/fr\/wp-json\/wp\/v2\/product"}],"about":[{"href":"https:\/\/positiveprints.com\/fr\/wp-json\/wp\/v2\/types\/product"}],"wp:featuredmedia":[{"embeddable":true,"href":"https:\/\/positiveprints.com\/fr\/wp-json\/wp\/v2\/media\/1672377"}],"wp:attachment":[{"href":"https:\/\/positiveprints.com\/fr\/wp-json\/wp\/v2\/media?parent=839897"}],"wp:term":[{"taxonomy":"product_brand","embeddable":true,"href":"https:\/\/positiveprints.com\/fr\/wp-json\/wp\/v2\/product_brand?post=839897"},{"taxonomy":"product_cat","embeddable":true,"href":"https:\/\/positiveprints.com\/fr\/wp-json\/wp\/v2\/product_cat?post=839897"},{"taxonomy":"product_tag","embeddable":true,"href":"https:\/\/positiveprints.com\/fr\/wp-json\/wp\/v2\/product_tag?post=839897"}],"curies":[{"name":"wp","href":"https:\/\/api.w.org\/{rel}","templated":true}]}}