{"id":839895,"date":"2023-05-24T09:36:42","date_gmt":"2023-05-24T08:36:42","guid":{"rendered":"https:\/\/positiveprints.com\/?post_type=product&#038;p=839895"},"modified":"2026-04-03T03:15:44","modified_gmt":"2026-04-03T02:15:44","slug":"collage-de-photos-en-lettre-pour-anniversaire-de-mariage","status":"publish","type":"product","link":"https:\/\/positiveprints.com\/fr\/produit\/collage-de-photos-en-lettre-pour-anniversaire-de-mariage\/","title":{"rendered":"Anniversaire &#8211; Collage Photo"},"content":{"rendered":"<p>Le collage photo d\u2019anniversaire est un cadeau personnalis\u00e9 unique, con\u00e7u pour c\u00e9l\u00e9brer les moments les plus pr\u00e9cieux de la vie : naissance, anniversaire de mariage ou de rencontre, etc. Ce visuel original, imprim\u00e9 sur toile, affiche ou en version num\u00e9rique, vous permet de transformer vos souvenirs en un mot fort de sens \u2013 une date importante, un pr\u00e9nom, ou un mot symbolique comme \u00ab amour \u00bb, \u00ab toujours \u00bb ou \u00ab famille \u00bb.<\/p>\r\n\r\n<p>Facile \u00e0 cr\u00e9er, ce collage est enti\u00e8rement personnalisable gr\u00e2ce \u00e0 notre \u00e9diteur en ligne intuitif. Vous choisissez le mot qui vous tient \u00e0 c\u0153ur, s\u00e9lectionnez les contours des lettres et importez vos photos pr\u00e9f\u00e9r\u00e9es \u2014 une pour chaque lettre. Il est \u00e9galement possible d\u2019ajouter un texte personnel en bas de l\u2019affiche, pour faire passer un message touchant ou dr\u00f4le, selon l\u2019occasion.<\/p>\r\n\r\n<p>Le collage photo d\u2019anniversaire est propos\u00e9 en plusieurs formats pour s\u2019adapter \u00e0 vos envies : affiche simple ou encadr\u00e9e, toile sur ch\u00e2ssis ou fichier num\u00e9rique t\u00e9l\u00e9chargeable pour une impression \u00e0 domicile. Peu importe l\u2019option choisie, chaque produit est con\u00e7u avec soin pour garantir une qualit\u00e9 d\u2019impression exceptionnelle et des finitions durables.<\/p>\r\n\r\n<p>Ce cadeau se distingue par sa dimension \u00e9motionnelle. Il ne s\u2019agit pas d\u2019un objet impersonnel achet\u00e9 \u00e0 la derni\u00e8re minute, mais d\u2019une cr\u00e9ation pens\u00e9e avec attention, qui retrace une histoire, un lien ou une \u00e9tape de vie. C\u2019est ce qui en fait un pr\u00e9sent marquant, \u00e0 la fois d\u00e9coratif et charg\u00e9 de sens.<\/p>\r\n\r\n<p>Offrez un collage photo en lettres pour faire plaisir \u00e0 un \u00eatre cher et marquer une date importante. Que ce soit pour un couple, un ami, un parent ou un enfant, ce cadeau personnalis\u00e9 touche en plein c\u0153ur et restera un souvenir pr\u00e9cieux pendant de longues ann\u00e9es.<\/p>","protected":false},"excerpt":{"rendered":"<ul class=\"check-list\">\n<li>T\u00e9l\u00e9chargez vos photos pr\u00e9f\u00e9r\u00e9es pour personnaliser chaque caract\u00e8re<\/li>\n<li>Ajoutez un message sinc\u00e8re pour rendre votre cr\u00e9ation unique<\/li>\n<li>Personnalisez votre design en 3 \u00e9tapes simples gr\u00e2ce \u00e0 notre \u00e9diteur intuitif<\/li>\n<li>Visualisez votre cr\u00e9ation instantan\u00e9ment gr\u00e2ce \u00e0 un aper\u00e7u interactif<\/li>\n<\/ul>\n","protected":false},"featured_media":1672463,"template":"","meta":[],"product_brand":[],"product_cat":[11175,11176,11177,5328,9123,104,9760],"product_tag":[14849,14854,14866,14853,14681,14857,14859,14848,14852,14856,14868,14864,14869,14851,14865,14850],"class_list":{"0":"post-839895","1":"product","2":"type-product","3":"status-publish","4":"has-post-thumbnail","6":"product_cat-cadeaux-danniversaire-pour-femme","7":"product_cat-cadeaux-danniversaire-pour-homme","8":"product_cat-cadeaux-danniversaire-pour-couples","9":"product_cat-cadeaux-de-commemorations","10":"product_cat-photo-letter-fr","11":"product_cat-tous-les-produits","12":"product_cat-trending-label-fr","13":"product_tag-anniversary-fr","14":"product_tag-anniversary-gift-fr","15":"product_tag-anniversary-gifts-fr","16":"product_tag-anniversary-present-fr","17":"product_tag-cadeau-romantique","18":"product_tag-couple-gift-fr","19":"product_tag-gift-for-couple-fr","20":"product_tag-love-fr","21":"product_tag-love-gift-fr","22":"product_tag-personalized-gift-fr","23":"product_tag-romantic-gifts-fr","24":"product_tag-sentimental-gift-fr","25":"product_tag-special-occasion-fr","26":"product_tag-thoughtful-gift-fr","27":"product_tag-unique-gift-fr","28":"product_tag-wedding-anniversary-fr","30":"first","31":"instock","32":"sale","33":"taxable","34":"shipping-taxable","35":"purchasable","36":"product-type-variable"},"yoast_head":"<!-- This site is optimized with the Yoast SEO Premium plugin v27.2 (Yoast SEO v27.2) - https:\/\/yoast.com\/product\/yoast-seo-premium-wordpress\/ -->\n<title>Anniversaire - Collage Photo - Positive Prints<\/title>\n<meta name=\"description\" content=\"C\u00e9l\u00e9brez votre amour avec un cadeau d&#039;anniversaire unique ! Transformez votre date sp\u00e9ciale en un superbe collage photo rempli de souvenirs que vous ch\u00e9rirez pour toujours.\" \/>\n<meta name=\"robots\" content=\"index, follow, max-snippet:-1, max-image-preview:large, max-video-preview:-1\" \/>\n<link rel=\"canonical\" href=\"https:\/\/positiveprints.com\/fr\/produit\/collage-de-photos-en-lettre-pour-anniversaire-de-mariage\/\" \/>\n<meta property=\"og:locale\" content=\"fr_FR\" \/>\n<meta property=\"og:type\" content=\"article\" \/>\n<meta property=\"og:title\" content=\"Anniversaire - Collage Photo\" \/>\n<meta property=\"og:description\" content=\"T\u00e9l\u00e9chargez vos photos pr\u00e9f\u00e9r\u00e9es pour personnaliser chaque caract\u00e8re  Ajoutez un message sinc\u00e8re pour rendre votre cr\u00e9ation unique  Personnalisez votre design en 3 \u00e9tapes simples gr\u00e2ce \u00e0 notre \u00e9diteur intuitif  Visualisez votre cr\u00e9ation instantan\u00e9ment gr\u00e2ce \u00e0 un aper\u00e7u interactif\" \/>\n<meta property=\"og:url\" content=\"https:\/\/positiveprints.com\/fr\/produit\/collage-de-photos-en-lettre-pour-anniversaire-de-mariage\/\" \/>\n<meta property=\"og:site_name\" content=\"Positive Prints\" \/>\n<meta property=\"article:publisher\" content=\"https:\/\/www.facebook.com\/positiveprintscom\" \/>\n<meta property=\"article:modified_time\" content=\"2026-04-03T02:15:44+00:00\" \/>\n<meta property=\"og:image\" content=\"https:\/\/positiveprints.com\/wp-content\/uploads\/2024\/11\/Packshot_FR_Anniversay-Letter-Photo-Collage-product-image-.webp\" \/>\n\t<meta property=\"og:image:width\" content=\"1450\" \/>\n\t<meta property=\"og:image:height\" content=\"1450\" \/>\n\t<meta property=\"og:image:type\" content=\"image\/webp\" \/>\n<meta name=\"twitter:card\" content=\"summary_large_image\" \/>\n<meta name=\"twitter:label1\" content=\"Dur\u00e9e de lecture estim\u00e9e\" \/>\n\t<meta name=\"twitter:data1\" content=\"2 minutes\" \/>\n<!-- \/ Yoast SEO Premium plugin. -->","yoast_head_json":{"title":"Anniversaire - Collage Photo - Positive Prints","description":"C\u00e9l\u00e9brez votre amour avec un cadeau d'anniversaire unique ! Transformez votre date sp\u00e9ciale en un superbe collage photo rempli de souvenirs que vous ch\u00e9rirez pour toujours.","robots":{"index":"index","follow":"follow","max-snippet":"max-snippet:-1","max-image-preview":"max-image-preview:large","max-video-preview":"max-video-preview:-1"},"canonical":"https:\/\/positiveprints.com\/fr\/produit\/collage-de-photos-en-lettre-pour-anniversaire-de-mariage\/","og_locale":"fr_FR","og_type":"article","og_title":"Anniversaire - Collage Photo","og_description":"T\u00e9l\u00e9chargez vos photos pr\u00e9f\u00e9r\u00e9es pour personnaliser chaque caract\u00e8re  Ajoutez un message sinc\u00e8re pour rendre votre cr\u00e9ation unique  Personnalisez votre design en 3 \u00e9tapes simples gr\u00e2ce \u00e0 notre \u00e9diteur intuitif  Visualisez votre cr\u00e9ation instantan\u00e9ment gr\u00e2ce \u00e0 un aper\u00e7u interactif","og_url":"https:\/\/positiveprints.com\/fr\/produit\/collage-de-photos-en-lettre-pour-anniversaire-de-mariage\/","og_site_name":"Positive Prints","article_publisher":"https:\/\/www.facebook.com\/positiveprintscom","article_modified_time":"2026-04-03T02:15:44+00:00","og_image":[{"width":1450,"height":1450,"url":"https:\/\/positiveprints.com\/wp-content\/uploads\/2024\/11\/Packshot_FR_Anniversay-Letter-Photo-Collage-product-image-.webp","type":"image\/webp"}],"twitter_card":"summary_large_image","twitter_misc":{"Dur\u00e9e de lecture estim\u00e9e":"2 minutes"},"schema":{"@context":"https:\/\/schema.org","@graph":[{"@type":["WebPage","ItemPage"],"@id":"https:\/\/positiveprints.com\/fr\/produit\/collage-de-photos-en-lettre-pour-anniversaire-de-mariage\/","url":"https:\/\/positiveprints.com\/fr\/produit\/collage-de-photos-en-lettre-pour-anniversaire-de-mariage\/","name":"Anniversaire - Collage Photo - Positive Prints","isPartOf":{"@id":"https:\/\/positiveprints.com\/fr\/#website"},"primaryImageOfPage":{"@id":"https:\/\/positiveprints.com\/fr\/produit\/collage-de-photos-en-lettre-pour-anniversaire-de-mariage\/#primaryimage"},"image":{"@id":"https:\/\/positiveprints.com\/fr\/produit\/collage-de-photos-en-lettre-pour-anniversaire-de-mariage\/#primaryimage"},"thumbnailUrl":"https:\/\/positiveprints.com\/wp-content\/uploads\/2026\/03\/collage-photo-danniversaire_FR.webp","datePublished":"2023-05-24T08:36:42+00:00","dateModified":"2026-04-03T02:15:44+00:00","description":"C\u00e9l\u00e9brez votre amour avec un cadeau d'anniversaire unique ! Transformez votre date sp\u00e9ciale en un superbe collage photo rempli de souvenirs que vous ch\u00e9rirez pour toujours.","breadcrumb":{"@id":"https:\/\/positiveprints.com\/fr\/produit\/collage-de-photos-en-lettre-pour-anniversaire-de-mariage\/#breadcrumb"},"inLanguage":"fr-FR","potentialAction":[{"@type":"ReadAction","target":["https:\/\/positiveprints.com\/fr\/produit\/collage-de-photos-en-lettre-pour-anniversaire-de-mariage\/"]}]},{"@type":"ImageObject","inLanguage":"fr-FR","@id":"https:\/\/positiveprints.com\/fr\/produit\/collage-de-photos-en-lettre-pour-anniversaire-de-mariage\/#primaryimage","url":"https:\/\/positiveprints.com\/wp-content\/uploads\/2026\/03\/collage-photo-danniversaire_FR.webp","contentUrl":"https:\/\/positiveprints.com\/wp-content\/uploads\/2026\/03\/collage-photo-danniversaire_FR.webp","width":1450,"height":1450},{"@type":"BreadcrumbList","@id":"https:\/\/positiveprints.com\/fr\/produit\/collage-de-photos-en-lettre-pour-anniversaire-de-mariage\/#breadcrumb","itemListElement":[{"@type":"ListItem","position":1,"name":"Home","item":"https:\/\/positiveprints.com\/fr\/"},{"@type":"ListItem","position":2,"name":"Produits","item":"https:\/\/positiveprints.com\/fr\/shop\/"},{"@type":"ListItem","position":3,"name":"Anniversaire &#8211; Collage Photo"}]},{"@type":"WebSite","@id":"https:\/\/positiveprints.com\/fr\/#website","url":"https:\/\/positiveprints.com\/fr\/","name":"Positive Prints","description":"Amazing Custom Personalized Gifts","publisher":{"@id":"https:\/\/positiveprints.com\/fr\/#organization"},"potentialAction":[{"@type":"SearchAction","target":{"@type":"EntryPoint","urlTemplate":"https:\/\/positiveprints.com\/fr\/?s={search_term_string}"},"query-input":{"@type":"PropertyValueSpecification","valueRequired":true,"valueName":"search_term_string"}}],"inLanguage":"fr-FR"},{"@type":"Organization","@id":"https:\/\/positiveprints.com\/fr\/#organization","name":"Positive Prints","alternateName":"Positive Prints","url":"https:\/\/positiveprints.com\/fr\/","logo":{"@type":"ImageObject","inLanguage":"fr-FR","@id":"https:\/\/positiveprints.com\/fr\/#\/schema\/logo\/image\/","url":"https:\/\/positiveprints.com\/wp-content\/uploads\/2026\/03\/245815646_1337939713319158_5671353136411139666_n.png","contentUrl":"https:\/\/positiveprints.com\/wp-content\/uploads\/2026\/03\/245815646_1337939713319158_5671353136411139666_n.png","width":800,"height":800,"caption":"Positive Prints"},"image":{"@id":"https:\/\/positiveprints.com\/fr\/#\/schema\/logo\/image\/"},"sameAs":["https:\/\/www.facebook.com\/positiveprintscom","https:\/\/www.instagram.com\/positiveprintscom\/","https:\/\/www.tiktok.com\/@positiveprintscom","https:\/\/www.pinterest.com\/positiveprintscom\/"]}]}},"jetpack_sharing_enabled":true,"_links":{"self":[{"href":"https:\/\/positiveprints.com\/fr\/wp-json\/wp\/v2\/product\/839895","targetHints":{"allow":["GET"]}}],"collection":[{"href":"https:\/\/positiveprints.com\/fr\/wp-json\/wp\/v2\/product"}],"about":[{"href":"https:\/\/positiveprints.com\/fr\/wp-json\/wp\/v2\/types\/product"}],"wp:featuredmedia":[{"embeddable":true,"href":"https:\/\/positiveprints.com\/fr\/wp-json\/wp\/v2\/media\/1672463"}],"wp:attachment":[{"href":"https:\/\/positiveprints.com\/fr\/wp-json\/wp\/v2\/media?parent=839895"}],"wp:term":[{"taxonomy":"product_brand","embeddable":true,"href":"https:\/\/positiveprints.com\/fr\/wp-json\/wp\/v2\/product_brand?post=839895"},{"taxonomy":"product_cat","embeddable":true,"href":"https:\/\/positiveprints.com\/fr\/wp-json\/wp\/v2\/product_cat?post=839895"},{"taxonomy":"product_tag","embeddable":true,"href":"https:\/\/positiveprints.com\/fr\/wp-json\/wp\/v2\/product_tag?post=839895"}],"curies":[{"name":"wp","href":"https:\/\/api.w.org\/{rel}","templated":true}]}}