{"id":664496,"date":"2023-08-28T23:30:52","date_gmt":"2023-08-30T21:58:11","guid":{"rendered":"https:\/\/positiveprints.com\/product\/aura-des-poissons-signe-du-zodiaque\/"},"modified":"2026-04-28T14:08:27","modified_gmt":"2026-04-28T13:08:27","slug":"poissons-aura-signe-du-zodiaque","status":"publish","type":"product","link":"https:\/\/positiveprints.com\/fr\/produit\/poissons-aura-signe-du-zodiaque\/","title":{"rendered":"Aura des Poissons Signe du zodiaque"},"content":{"rendered":"<h2 class=\"grenB f24 cblue\" style=\"margin-top: 3rem\">Poissons Aura Zodiac : Art c\u00e9leste personnalis\u00e9<\/h2>\n\n<p style=\"margin-top: 1rem\">Entre dans le monde magique de l&#8217;art personnalis\u00e9 avec notre poster du signe du zodiaque Pisces Aura. Exprime ton style particulier avec cet incroyable chef-d&#8217;\u0153uvre, disponible en trois styles fantastiques : spirituel, moderne ou vintage. Choisis le style qui te convient et qui met en valeur ta personnalit\u00e9 unique.<\/p>\n\n<h2 class=\"grenB f24 cblue\" style=\"margin-top: 3rem\">L&#8217;\u00e9nergie r\u00eaveuse des Poissons<\/h2>\n\n<p style=\"margin-top: 1rem\">Ressens l&#8217;\u00e9nergie r\u00eaveuse et imaginative des Poissons comme jamais auparavant. Notre design Aura transforme la toile en un m\u00e9lange de couleurs \u00e9th\u00e9r\u00e9es, tout comme la nature sensible des Poissons. Imagine des bleus doux et des violets tendres qui capturent l&#8217;esprit intuitif de ce signe du zodiaque.<\/p>\n\n<h2 class=\"grenB f24 cblue\" style=\"margin-top: 3rem\">Cr\u00e9\u00e9 juste pour toi<\/h2>\n\n<p style=\"margin-top: 1rem\">Fais en sorte que le poster soit tout \u00e0 fait \u00e0 toi en y ajoutant tes touches personnelles. Ajoute ton nom de zodiaque, un message gentil, ou choisis de mettre en valeur le nom de la pierre de naissance des Poissons, la plan\u00e8te dominante et l&#8217;\u00e9l\u00e9ment sp\u00e9cial. Ces d\u00e9tails rendent ton \u0153uvre encore plus sp\u00e9ciale et montrent ta connexion avec l&#8217;essence des Poissons.<\/p>\n\n<h2 class=\"grenB f24 cblue\" style=\"margin-top: 3rem\">Fais la f\u00eate avec l&#8217;Aura des Poissons du Zodiaque<\/h2>\n\n<p style=\"margin-top: 1rem\">Tu cherches un cadeau parfait ? Ne cherche pas plus loin. Le poster du signe du zodiaque Pisces Aura est une merveilleuse fa\u00e7on de c\u00e9l\u00e9brer un anniversaire sp\u00e9cial. M\u00e9langeant l&#8217;art et l&#8217;astrologie, il devient un souvenir qui capture le c\u0153ur de leur signe du zodiaque et leurs traits uniques.<\/p>\n\n<h2 class=\"grenB f24 cblue\" style=\"margin-top: 3rem\">Facile \u00e0 cr\u00e9er<\/h2>\n\n<p style=\"margin-top: 1rem\">Cr\u00e9er ton propre poster est tr\u00e8s simple. Va sur notre \u00e9diteur en ligne, choisis ta mise en page et ton style pr\u00e9f\u00e9r\u00e9s, choisis les d\u00e9tails qui te plaisent et s\u00e9lectionne Poissons comme signe du zodiaque. Tu peux choisir un poster imprim\u00e9, une \u0153uvre d&#8217;art encadr\u00e9e, une toile ou un t\u00e9l\u00e9chargement num\u00e9rique instantan\u00e9 &#8211; quelle que soit ta d\u00e9cision, tu auras une cr\u00e9ation \u00e9poustouflante qui ajoutera une beaut\u00e9 cosmique \u00e0 ton espace.<\/p>\n\n<h2 class=\"grenB f24 cblue\" style=\"margin-top: 3rem\">\u00c9l\u00e8ve ton espace avec Pisces Aura Zodiac<\/h2>\n\n<p style=\"margin-top: 1rem\">Fais briller ton espace avec le poster du signe du zodiaque Poissons Aura. C&#8217;est un m\u00e9lange intemporel d&#8217;art et d&#8217;astrologie qui parle \u00e0 ton c\u0153ur et \u00e0 ton esprit, faisant briller ton espace d&#8217;une magie cosmique.<\/p>","protected":false},"excerpt":{"rendered":"<p>Poissons Aura Zodiac : Art c\u00e9leste personnalis\u00e9 Entre dans le monde magique de l&#8217;art personnalis\u00e9 avec notre poster du signe du zodiaque Pisces Aura. Exprime ton style particulier avec cet incroyable chef-d&#8217;\u0153uvre, disponible en trois styles fantastiques : spirituel, moderne ou vintage. Choisis le style qui te convient et qui met en valeur ta personnalit\u00e9 [&hellip;]<\/p>\n","protected":false},"featured_media":662216,"template":"","meta":[],"product_brand":[],"product_cat":[104,9009],"product_tag":[9149],"class_list":{"0":"post-664496","1":"product","2":"type-product","3":"status-publish","4":"has-post-thumbnail","6":"product_cat-tous-les-produits","7":"product_cat-zodiac-fr","8":"product_tag-aura-fr","10":"first","11":"instock","12":"sale","13":"taxable","14":"shipping-taxable","15":"purchasable","16":"product-type-variable"},"yoast_head":"<!-- This site is optimized with the Yoast SEO Premium plugin v27.2 (Yoast SEO v27.2) - https:\/\/yoast.com\/product\/yoast-seo-premium-wordpress\/ -->\n<title>Poissons Aura Art du zodiaque - Impressions positives<\/title>\n<meta name=\"description\" content=\"Une \u00e9l\u00e9gance de r\u00eave pour ton espace. Signe du zodiaque Pisces Aura - un cadeau sinc\u00e8re et charmant.\" \/>\n<meta name=\"robots\" content=\"index, follow, max-snippet:-1, max-image-preview:large, max-video-preview:-1\" \/>\n<link rel=\"canonical\" href=\"https:\/\/positiveprints.com\/fr\/produit\/poissons-aura-signe-du-zodiaque\/\" \/>\n<meta property=\"og:locale\" content=\"fr_FR\" \/>\n<meta property=\"og:type\" content=\"article\" \/>\n<meta property=\"og:title\" content=\"Aura des Poissons Signe du zodiaque\" \/>\n<meta property=\"og:description\" content=\"Poissons Aura Zodiac : Art c\u00e9leste personnalis\u00e9 Entre dans le monde magique de l&#039;art personnalis\u00e9 avec notre poster du signe du zodiaque Pisces Aura.\" \/>\n<meta property=\"og:url\" content=\"https:\/\/positiveprints.com\/fr\/produit\/poissons-aura-signe-du-zodiaque\/\" \/>\n<meta property=\"og:site_name\" content=\"Positive Prints\" \/>\n<meta property=\"article:publisher\" content=\"https:\/\/www.facebook.com\/positiveprintscom\" \/>\n<meta property=\"article:modified_time\" content=\"2026-04-28T13:08:27+00:00\" \/>\n<meta property=\"og:image\" content=\"https:\/\/positiveprints.com\/wp-content\/uploads\/2023\/08\/Pisces-Aura-Zodiac-Art.jpg\" \/>\n\t<meta property=\"og:image:width\" content=\"1080\" \/>\n\t<meta property=\"og:image:height\" content=\"1080\" \/>\n\t<meta property=\"og:image:type\" content=\"image\/jpeg\" \/>\n<meta name=\"twitter:card\" content=\"summary_large_image\" \/>\n<!-- \/ Yoast SEO Premium plugin. -->","yoast_head_json":{"title":"Poissons Aura Art du zodiaque - Impressions positives","description":"Une \u00e9l\u00e9gance de r\u00eave pour ton espace. Signe du zodiaque Pisces Aura - un cadeau sinc\u00e8re et charmant.","robots":{"index":"index","follow":"follow","max-snippet":"max-snippet:-1","max-image-preview":"max-image-preview:large","max-video-preview":"max-video-preview:-1"},"canonical":"https:\/\/positiveprints.com\/fr\/produit\/poissons-aura-signe-du-zodiaque\/","og_locale":"fr_FR","og_type":"article","og_title":"Aura des Poissons Signe du zodiaque","og_description":"Poissons Aura Zodiac : Art c\u00e9leste personnalis\u00e9 Entre dans le monde magique de l'art personnalis\u00e9 avec notre poster du signe du zodiaque Pisces Aura.","og_url":"https:\/\/positiveprints.com\/fr\/produit\/poissons-aura-signe-du-zodiaque\/","og_site_name":"Positive Prints","article_publisher":"https:\/\/www.facebook.com\/positiveprintscom","article_modified_time":"2026-04-28T13:08:27+00:00","og_image":[{"width":1080,"height":1080,"url":"https:\/\/positiveprints.com\/wp-content\/uploads\/2023\/08\/Pisces-Aura-Zodiac-Art.jpg","type":"image\/jpeg"}],"twitter_card":"summary_large_image","schema":{"@context":"https:\/\/schema.org","@graph":[{"@type":["WebPage","ItemPage"],"@id":"https:\/\/positiveprints.com\/fr\/produit\/poissons-aura-signe-du-zodiaque\/","url":"https:\/\/positiveprints.com\/fr\/produit\/poissons-aura-signe-du-zodiaque\/","name":"Poissons Aura Art du zodiaque - Impressions positives","isPartOf":{"@id":"https:\/\/positiveprints.com\/fr\/#website"},"primaryImageOfPage":{"@id":"https:\/\/positiveprints.com\/fr\/produit\/poissons-aura-signe-du-zodiaque\/#primaryimage"},"image":{"@id":"https:\/\/positiveprints.com\/fr\/produit\/poissons-aura-signe-du-zodiaque\/#primaryimage"},"thumbnailUrl":"https:\/\/positiveprints.com\/wp-content\/uploads\/2023\/08\/Pisces-Aura-Zodiac-Art.jpg","datePublished":"2023-08-30T21:58:11+00:00","dateModified":"2026-04-28T13:08:27+00:00","description":"Une \u00e9l\u00e9gance de r\u00eave pour ton espace. Signe du zodiaque Pisces Aura - un cadeau sinc\u00e8re et charmant.","breadcrumb":{"@id":"https:\/\/positiveprints.com\/fr\/produit\/poissons-aura-signe-du-zodiaque\/#breadcrumb"},"inLanguage":"fr-FR","potentialAction":[{"@type":"ReadAction","target":["https:\/\/positiveprints.com\/fr\/produit\/poissons-aura-signe-du-zodiaque\/"]}]},{"@type":"ImageObject","inLanguage":"fr-FR","@id":"https:\/\/positiveprints.com\/fr\/produit\/poissons-aura-signe-du-zodiaque\/#primaryimage","url":"https:\/\/positiveprints.com\/wp-content\/uploads\/2023\/08\/Pisces-Aura-Zodiac-Art.jpg","contentUrl":"https:\/\/positiveprints.com\/wp-content\/uploads\/2023\/08\/Pisces-Aura-Zodiac-Art.jpg","width":1080,"height":1080,"caption":"Pisces Aura Zodiac Art"},{"@type":"BreadcrumbList","@id":"https:\/\/positiveprints.com\/fr\/produit\/poissons-aura-signe-du-zodiaque\/#breadcrumb","itemListElement":[{"@type":"ListItem","position":1,"name":"Home","item":"https:\/\/positiveprints.com\/fr\/"},{"@type":"ListItem","position":2,"name":"Produits","item":"https:\/\/positiveprints.com\/fr\/shop\/"},{"@type":"ListItem","position":3,"name":"Aura des Poissons Signe du zodiaque"}]},{"@type":"WebSite","@id":"https:\/\/positiveprints.com\/fr\/#website","url":"https:\/\/positiveprints.com\/fr\/","name":"Positive Prints","description":"Amazing Custom Personalized Gifts","publisher":{"@id":"https:\/\/positiveprints.com\/fr\/#organization"},"potentialAction":[{"@type":"SearchAction","target":{"@type":"EntryPoint","urlTemplate":"https:\/\/positiveprints.com\/fr\/?s={search_term_string}"},"query-input":{"@type":"PropertyValueSpecification","valueRequired":true,"valueName":"search_term_string"}}],"inLanguage":"fr-FR"},{"@type":"Organization","@id":"https:\/\/positiveprints.com\/fr\/#organization","name":"Positive Prints","alternateName":"Positive Prints","url":"https:\/\/positiveprints.com\/fr\/","logo":{"@type":"ImageObject","inLanguage":"fr-FR","@id":"https:\/\/positiveprints.com\/fr\/#\/schema\/logo\/image\/","url":"https:\/\/positiveprints.com\/wp-content\/uploads\/2026\/03\/245815646_1337939713319158_5671353136411139666_n.png","contentUrl":"https:\/\/positiveprints.com\/wp-content\/uploads\/2026\/03\/245815646_1337939713319158_5671353136411139666_n.png","width":800,"height":800,"caption":"Positive Prints"},"image":{"@id":"https:\/\/positiveprints.com\/fr\/#\/schema\/logo\/image\/"},"sameAs":["https:\/\/www.facebook.com\/positiveprintscom","https:\/\/www.instagram.com\/positiveprintscom\/","https:\/\/www.tiktok.com\/@positiveprintscom","https:\/\/www.pinterest.com\/positiveprintscom\/"]}]}},"jetpack_sharing_enabled":true,"_links":{"self":[{"href":"https:\/\/positiveprints.com\/fr\/wp-json\/wp\/v2\/product\/664496","targetHints":{"allow":["GET"]}}],"collection":[{"href":"https:\/\/positiveprints.com\/fr\/wp-json\/wp\/v2\/product"}],"about":[{"href":"https:\/\/positiveprints.com\/fr\/wp-json\/wp\/v2\/types\/product"}],"wp:featuredmedia":[{"embeddable":true,"href":"https:\/\/positiveprints.com\/fr\/wp-json\/wp\/v2\/media\/662216"}],"wp:attachment":[{"href":"https:\/\/positiveprints.com\/fr\/wp-json\/wp\/v2\/media?parent=664496"}],"wp:term":[{"taxonomy":"product_brand","embeddable":true,"href":"https:\/\/positiveprints.com\/fr\/wp-json\/wp\/v2\/product_brand?post=664496"},{"taxonomy":"product_cat","embeddable":true,"href":"https:\/\/positiveprints.com\/fr\/wp-json\/wp\/v2\/product_cat?post=664496"},{"taxonomy":"product_tag","embeddable":true,"href":"https:\/\/positiveprints.com\/fr\/wp-json\/wp\/v2\/product_tag?post=664496"}],"curies":[{"name":"wp","href":"https:\/\/api.w.org\/{rel}","templated":true}]}}