{"id":629318,"date":"2022-12-14T11:54:00","date_gmt":"2022-12-14T10:54:00","guid":{"rendered":"https:\/\/positiveprints.com\/?post_type=product&#038;p=629318"},"modified":"2026-04-12T22:45:28","modified_gmt":"2026-04-12T21:45:28","slug":"le-debut-de-quelque-chose-de-special","status":"publish","type":"product","link":"https:\/\/positiveprints.com\/fr\/produit\/le-debut-de-quelque-chose-de-special\/","title":{"rendered":"Le D\u00e9but de Quelque Chose De Sp\u00e9cial"},"content":{"rendered":"<p style=\"margin-top: 1rem\">La cr\u00e9ation d&#8217;un cadeau personnalis\u00e9 sous forme de carte est l&#8217;une des meilleures fa\u00e7ons de montrer \u00e0 une personne \u00e0 quel point vous tenez \u00e0 elle et de la faire se sentir vraiment sp\u00e9ciale. Avec \u00ab Le D\u00e9but de Quelque Chose De Sp\u00e9cial \u00bb, vous trouverez certainement quelque chose de parfait pour comm\u00e9morer tout \u00e9v\u00e9nement dans la vie des gens &#8211; peu importe son ampleur !<\/p>\r\n\r\n\r\n<h2 class=\"grenB f24 cblue\" style=\"margin-top: 3rem\">Un Rappel Parfait de L&#8217;endroit O\u00f9 Tout A Commenc\u00e9<\/h2>\r\n\r\n<p style=\"margin-top: 1rem\">De nombreux endroits dans le monde ont une signification particuli\u00e8re pour nous, qu&#8217;il s&#8217;agisse de l&#8217;endroit o\u00f9 nous avons rencontr\u00e9 nos proches pour la premi\u00e8re fois, de l&#8217;endroit o\u00f9 nous nous sommes mari\u00e9s ou de l&#8217;endroit o\u00f9 nous avons v\u00e9cu un \u00e9v\u00e9nement marquant de notre vie. Chacun de ces lieux a une signification unique pour nous et peut \u00eatre source de souvenirs imp\u00e9rissables.<\/p>\r\n\r\n\r\n\r\n<p style=\"margin-top: 1rem\">Pour ceux qui souhaitent comm\u00e9morer ces occasions sp\u00e9ciales, Le D\u00e9but de Quelque Chose De Sp\u00e9cial est un moyen id\u00e9al d&#8217;immortaliser ce moment. Avec ce cadeau unique et attentionn\u00e9, vous pouvez transformer n&#8217;importe quel endroit sp\u00e9cial en un souvenir significatif qui restera \u00e0 jamais grav\u00e9 dans votre m\u00e9moire. Choisissez votre localisation et personnalisez l&#8217;\u0153uvre d&#8217;art avec votre propre design ou sch\u00e9ma de couleurs. Pour le rendre encore plus significatif, ajoutez un texte personnel d\u00e9crivant la signification du lieu et commandez un poster imprim\u00e9 ou encadr\u00e9, une toile ou un fichier de t\u00e9l\u00e9chargement num\u00e9rique instantan\u00e9.<\/p>\r\n\r\n\r\n\r\n<p style=\"margin-top: 1rem\">De cette fa\u00e7on, votre destinataire aura toujours quelque chose de tangible qui lui permettra de rester en contact avec l&#8217;endroit o\u00f9 quelque chose de sp\u00e9cial a commenc\u00e9 dans sa vie. Qu&#8217;il s&#8217;agisse d&#8217;un anniversaire, un anniversaire de mariage, une remise de dipl\u00f4me ou toute autre occasion marquante, ce cadeau attentionn\u00e9 sera le parfait rappel de l&#8217;endroit o\u00f9 tout a commenc\u00e9.<\/p>\r\n\r\n<h2 class=\"grenB f24 cblue\" style=\"margin-top: 3rem\">Cr\u00e9er Le D\u00e9but de Quelque Chose De Sp\u00e9cial Personnalis\u00e9<\/h2>\r\n\r\n<p style=\"margin-top: 1rem\">La cr\u00e9ation d&#8217;un cadeau personnalis\u00e9 est le moyen id\u00e9al de montrer \u00e0 une personne que vous tenez \u00e0 elle et de faire en sorte qu&#8217;elle se sente vraiment sp\u00e9ciale. Qu&#8217;il s&#8217;agisse d&#8217;un anniversaire, d&#8217;un anniversaire de mariage, ou d&#8217;une autre occasion sp\u00e9ciale, un cadeau personnalis\u00e9 sous forme de carte sera un souvenir inoubliable de l&#8217;endroit o\u00f9 quelque chose d&#8217;extraordinaire a commenc\u00e9.<\/p>\r\n\r\n<p style=\"margin-top: 1rem\">Pour un cadeau intemporel et attentionn\u00e9, choisissez Le D\u00e9but de Quelque Chose De Sp\u00e9cial. Ce cadeau unique sera le moyen id\u00e9al de comm\u00e9morer une occasion sp\u00e9ciale. Partagez votre histoire avec ceux que vous aimez d\u00e8s aujourd&#8217;hui !<\/p>\r\n\r\n\r\n\r\n<p style=\"margin-top: 1rem\">Bons cadeaux ! :)<\/p>","protected":false},"excerpt":{"rendered":"<ul class=\"check-list\">\n<li>Marquer un endroit sp\u00e9cial avec un symbole choisi<\/li>\n<li>Personnalisez en 3 \u00e9tapes simples<\/li>\n<li>Incluez un texte personnalis\u00e9 significatif<\/li>\n<li>Vois le r\u00e9sultat imm\u00e9diatement \u2013 l\u2019aper\u00e7u interactif te permet de peaufiner chaque d\u00e9tail<\/li>\n<\/ul>\n","protected":false},"featured_media":1214261,"template":"","meta":[],"product_brand":[],"product_cat":[8217,9760,104,7187,5264,11393,11394,15055,11401,11389,11398,8006,7621,7605,7653,7685,7845,7829],"product_tag":[13426,13455,13465,8518],"class_list":{"0":"post-629318","1":"product","2":"type-product","3":"status-publish","4":"has-post-thumbnail","6":"product_cat-pour-lui","7":"product_cat-trending-label-fr","8":"product_cat-tous-les-produits","9":"product_cat-map-fr","10":"product_cat-cadeaux-de-noel","11":"product_cat-cadeaux-de-noel-pour-mamie","12":"product_cat-cadeaux-de-noel-pour-papi","13":"product_cat-cadeaux-de-noel-pour-la-famille","14":"product_cat-cadeaux-de-noel-pour-la-soeur","15":"product_cat-cadeaux-de-noel-pour-le-frere","16":"product_cat-cadeaux-de-noel-pour-les-enfants","17":"product_cat-cadeaux-pour-hommes","18":"product_cat-cadeaux-pour-frere","19":"product_cat-cadeaux-pour-grand-pere","20":"product_cat-cadeaux-pour-fils","21":"product_cat-cadeaux-pour-femmes","22":"product_cat-cadeaux-pour-la-famille","23":"product_cat-cadeaux-pour-amis","24":"product_tag-cadeau-de-noel-pour-soeur","25":"product_tag-cadeaux-de-noel-pour-frere","26":"product_tag-cadeaux-de-noel-pour-la-famille","27":"product_tag-couples-fr","29":"first","30":"instock","31":"sale","32":"taxable","33":"shipping-taxable","34":"purchasable","35":"product-type-variable"},"yoast_head":"<!-- This site is optimized with the Yoast SEO Premium plugin v27.2 (Yoast SEO v27.2) - https:\/\/yoast.com\/product\/yoast-seo-premium-wordpress\/ -->\n<title>Le D\u00e9but de Quelque Chose De Sp\u00e9cial - Positive Prints<\/title>\n<meta name=\"robots\" content=\"index, follow, max-snippet:-1, max-image-preview:large, max-video-preview:-1\" \/>\n<link rel=\"canonical\" href=\"https:\/\/positiveprints.com\/fr\/produit\/le-debut-de-quelque-chose-de-special\/\" \/>\n<meta property=\"og:locale\" content=\"fr_FR\" \/>\n<meta property=\"og:type\" content=\"article\" \/>\n<meta property=\"og:title\" content=\"Le D\u00e9but de Quelque Chose De Sp\u00e9cial\" \/>\n<meta property=\"og:description\" content=\"Marquer un endroit sp\u00e9cial avec un symbole choisi Personnalisez en 3 \u00e9tapes simples Incluez un texte personnalis\u00e9 significatif Vois le r\u00e9sultat imm\u00e9diatement \u2013 l\u2019aper\u00e7u interactif te permet de peaufiner chaque d\u00e9tail\" \/>\n<meta property=\"og:url\" content=\"https:\/\/positiveprints.com\/fr\/produit\/le-debut-de-quelque-chose-de-special\/\" \/>\n<meta property=\"og:site_name\" content=\"Positive Prints\" \/>\n<meta property=\"article:publisher\" content=\"https:\/\/www.facebook.com\/positiveprintscom\" \/>\n<meta property=\"article:modified_time\" content=\"2026-04-12T21:45:28+00:00\" \/>\n<meta property=\"og:image\" content=\"https:\/\/positiveprints.com\/wp-content\/uploads\/2024\/10\/Packshot_FR_the-start-of-something-special-map-product-image.webp\" \/>\n\t<meta property=\"og:image:width\" content=\"1450\" \/>\n\t<meta property=\"og:image:height\" content=\"1450\" \/>\n\t<meta property=\"og:image:type\" content=\"image\/webp\" \/>\n<meta name=\"twitter:card\" content=\"summary_large_image\" \/>\n<meta name=\"twitter:label1\" content=\"Dur\u00e9e de lecture estim\u00e9e\" \/>\n\t<meta name=\"twitter:data1\" content=\"2 minutes\" \/>\n<!-- \/ Yoast SEO Premium plugin. -->","yoast_head_json":{"title":"Le D\u00e9but de Quelque Chose De Sp\u00e9cial - Positive Prints","robots":{"index":"index","follow":"follow","max-snippet":"max-snippet:-1","max-image-preview":"max-image-preview:large","max-video-preview":"max-video-preview:-1"},"canonical":"https:\/\/positiveprints.com\/fr\/produit\/le-debut-de-quelque-chose-de-special\/","og_locale":"fr_FR","og_type":"article","og_title":"Le D\u00e9but de Quelque Chose De Sp\u00e9cial","og_description":"Marquer un endroit sp\u00e9cial avec un symbole choisi Personnalisez en 3 \u00e9tapes simples Incluez un texte personnalis\u00e9 significatif Vois le r\u00e9sultat imm\u00e9diatement \u2013 l\u2019aper\u00e7u interactif te permet de peaufiner chaque d\u00e9tail","og_url":"https:\/\/positiveprints.com\/fr\/produit\/le-debut-de-quelque-chose-de-special\/","og_site_name":"Positive Prints","article_publisher":"https:\/\/www.facebook.com\/positiveprintscom","article_modified_time":"2026-04-12T21:45:28+00:00","og_image":[{"width":1450,"height":1450,"url":"https:\/\/positiveprints.com\/wp-content\/uploads\/2024\/10\/Packshot_FR_the-start-of-something-special-map-product-image.webp","type":"image\/webp"}],"twitter_card":"summary_large_image","twitter_misc":{"Dur\u00e9e de lecture estim\u00e9e":"2 minutes"},"schema":{"@context":"https:\/\/schema.org","@graph":[{"@type":["WebPage","ItemPage"],"@id":"https:\/\/positiveprints.com\/fr\/produit\/le-debut-de-quelque-chose-de-special\/","url":"https:\/\/positiveprints.com\/fr\/produit\/le-debut-de-quelque-chose-de-special\/","name":"Le D\u00e9but de Quelque Chose De Sp\u00e9cial - Positive Prints","isPartOf":{"@id":"https:\/\/positiveprints.com\/fr\/#website"},"primaryImageOfPage":{"@id":"https:\/\/positiveprints.com\/fr\/produit\/le-debut-de-quelque-chose-de-special\/#primaryimage"},"image":{"@id":"https:\/\/positiveprints.com\/fr\/produit\/le-debut-de-quelque-chose-de-special\/#primaryimage"},"thumbnailUrl":"https:\/\/positiveprints.com\/wp-content\/uploads\/2024\/10\/Packshot_FR_the-start-of-something-special-map-product-image.webp","datePublished":"2022-12-14T10:54:00+00:00","dateModified":"2026-04-12T21:45:28+00:00","breadcrumb":{"@id":"https:\/\/positiveprints.com\/fr\/produit\/le-debut-de-quelque-chose-de-special\/#breadcrumb"},"inLanguage":"fr-FR","potentialAction":[{"@type":"ReadAction","target":["https:\/\/positiveprints.com\/fr\/produit\/le-debut-de-quelque-chose-de-special\/"]}]},{"@type":"ImageObject","inLanguage":"fr-FR","@id":"https:\/\/positiveprints.com\/fr\/produit\/le-debut-de-quelque-chose-de-special\/#primaryimage","url":"https:\/\/positiveprints.com\/wp-content\/uploads\/2024\/10\/Packshot_FR_the-start-of-something-special-map-product-image.webp","contentUrl":"https:\/\/positiveprints.com\/wp-content\/uploads\/2024\/10\/Packshot_FR_the-start-of-something-special-map-product-image.webp","width":1450,"height":1450,"caption":"Packshot_FR_the start of something special map product image"},{"@type":"BreadcrumbList","@id":"https:\/\/positiveprints.com\/fr\/produit\/le-debut-de-quelque-chose-de-special\/#breadcrumb","itemListElement":[{"@type":"ListItem","position":1,"name":"Home","item":"https:\/\/positiveprints.com\/fr\/"},{"@type":"ListItem","position":2,"name":"Produits","item":"https:\/\/positiveprints.com\/fr\/shop\/"},{"@type":"ListItem","position":3,"name":"Le D\u00e9but de Quelque Chose De Sp\u00e9cial"}]},{"@type":"WebSite","@id":"https:\/\/positiveprints.com\/fr\/#website","url":"https:\/\/positiveprints.com\/fr\/","name":"Positive Prints","description":"Amazing Custom Personalized Gifts","publisher":{"@id":"https:\/\/positiveprints.com\/fr\/#organization"},"potentialAction":[{"@type":"SearchAction","target":{"@type":"EntryPoint","urlTemplate":"https:\/\/positiveprints.com\/fr\/?s={search_term_string}"},"query-input":{"@type":"PropertyValueSpecification","valueRequired":true,"valueName":"search_term_string"}}],"inLanguage":"fr-FR"},{"@type":"Organization","@id":"https:\/\/positiveprints.com\/fr\/#organization","name":"Positive Prints","alternateName":"Positive Prints","url":"https:\/\/positiveprints.com\/fr\/","logo":{"@type":"ImageObject","inLanguage":"fr-FR","@id":"https:\/\/positiveprints.com\/fr\/#\/schema\/logo\/image\/","url":"https:\/\/positiveprints.com\/wp-content\/uploads\/2026\/03\/245815646_1337939713319158_5671353136411139666_n.png","contentUrl":"https:\/\/positiveprints.com\/wp-content\/uploads\/2026\/03\/245815646_1337939713319158_5671353136411139666_n.png","width":800,"height":800,"caption":"Positive Prints"},"image":{"@id":"https:\/\/positiveprints.com\/fr\/#\/schema\/logo\/image\/"},"sameAs":["https:\/\/www.facebook.com\/positiveprintscom","https:\/\/www.instagram.com\/positiveprintscom\/","https:\/\/www.tiktok.com\/@positiveprintscom","https:\/\/www.pinterest.com\/positiveprintscom\/"]}]}},"jetpack_sharing_enabled":true,"_links":{"self":[{"href":"https:\/\/positiveprints.com\/fr\/wp-json\/wp\/v2\/product\/629318","targetHints":{"allow":["GET"]}}],"collection":[{"href":"https:\/\/positiveprints.com\/fr\/wp-json\/wp\/v2\/product"}],"about":[{"href":"https:\/\/positiveprints.com\/fr\/wp-json\/wp\/v2\/types\/product"}],"wp:featuredmedia":[{"embeddable":true,"href":"https:\/\/positiveprints.com\/fr\/wp-json\/wp\/v2\/media\/1214261"}],"wp:attachment":[{"href":"https:\/\/positiveprints.com\/fr\/wp-json\/wp\/v2\/media?parent=629318"}],"wp:term":[{"taxonomy":"product_brand","embeddable":true,"href":"https:\/\/positiveprints.com\/fr\/wp-json\/wp\/v2\/product_brand?post=629318"},{"taxonomy":"product_cat","embeddable":true,"href":"https:\/\/positiveprints.com\/fr\/wp-json\/wp\/v2\/product_cat?post=629318"},{"taxonomy":"product_tag","embeddable":true,"href":"https:\/\/positiveprints.com\/fr\/wp-json\/wp\/v2\/product_tag?post=629318"}],"curies":[{"name":"wp","href":"https:\/\/api.w.org\/{rel}","templated":true}]}}