{"id":629314,"date":"2023-03-10T13:15:20","date_gmt":"2023-03-10T12:15:20","guid":{"rendered":"https:\/\/positiveprints.com\/?post_type=product&#038;p=629314"},"modified":"2026-04-28T14:27:21","modified_gmt":"2026-04-28T13:27:21","slug":"carte-du-depart","status":"publish","type":"product","link":"https:\/\/positiveprints.com\/fr\/produit\/carte-du-depart\/","title":{"rendered":"Carte du D\u00e9part"},"content":{"rendered":"<p style=\"margin-top: 1rem\">Vous \u00eates \u00e0 la recherche d&#8217;un cadeau unique et attentionn\u00e9 pour quelqu&#8217;un de sp\u00e9cial dans votre vie ? Pensez \u00e0 leur offrir une Carte du D\u00e9part ! Cette carte personnalis\u00e9e permet d&#8217;immortaliser les souvenirs et les exp\u00e9riences d&#8217;un lieu sp\u00e9cifique qui est cher \u00e0 quelqu&#8217;un qui d\u00e9m\u00e9nage.<\/p>\r\n\r\n\r\n<h2 class=\"grenB f24 cblue\" style=\"margin-top: 3rem\">Qu&#8217;est-ce qu&#8217;une Carte du D\u00e9part ?<\/h2>\r\n\r\n<p style=\"margin-top: 1rem\">Une Carte du D\u00e9part peut repr\u00e9senter n&#8217;importe quel endroit qui est significatif pour vous et votre ami(e). Il peut s&#8217;agir d&#8217;une carte de la ville o\u00f9 votre ami d\u00e9m\u00e9nage. Il peut \u00e9galement s&#8217;agir d&#8217;une carte de l&#8217;endroit o\u00f9 vous avez tous deux partag\u00e9 des souvenirs particuliers. Qu&#8217;il s&#8217;agisse d&#8217;une maison d&#8217;enfance, d&#8217;un lieu de vacances pr\u00e9f\u00e9r\u00e9 ou d&#8217;une ville qu&#8217;ils ont toujours r\u00eav\u00e9 de visiter, la possibilit\u00e9 de personnaliser la carte avec un titre ou un texte personnel peut en faire un cadeau encore plus personnalis\u00e9. La beaut\u00e9 de notre carte imprim\u00e9e est qu&#8217;elle peut \u00eatre personnalis\u00e9e pour refl\u00e9ter votre amiti\u00e9 unique et les exp\u00e9riences que vous vivez ensemble.<\/p>\r\n\r\n<h2 class=\"grenB f24 cblue\" style=\"margin-top: 3rem\">Pourquoi Offrir une Carte du D\u00e9part ?<\/h2>\r\n\r\n<p style=\"margin-top: 1rem\">Une Carte du D\u00e9part est un cadeau personnalis\u00e9 et attentionn\u00e9 pour un(e) ami(e) qui d\u00e9m\u00e9nage, mais c&#8217;est aussi un excellent cadeau pour toute personne qui aime voyager ou qui a un lien sp\u00e9cial avec un lieu particulier. Par exemple, vous pouvez cr\u00e9er une carte imprim\u00e9e pour un membre de votre famille qui d\u00e9m\u00e9nage dans une nouvelle ville ou pour quelqu&#8217;un qui a de bons souvenirs de sa ville natale. C&#8217;est \u00e0 vous de choisir comment personnaliser la carte et la rendre significative pour le destinataire. Enfin, tous ceux qui appr\u00e9cient les cadeaux uniques et personnels seront ravis de recevoir une Carte du D\u00e9part.<\/p>\r\n\r\n\r\n\r\n<p style=\"margin-top: 1rem\">Une Carte du D\u00e9part est sp\u00e9ciale parce qu&#8217;il s&#8217;agit d&#8217;un cadeau personnalis\u00e9 et attentionn\u00e9 qui refl\u00e8te la relation unique entre vous et le destinataire. Cela montre que vous avez pris le temps de r\u00e9fl\u00e9chir \u00e0 leurs centres d&#8217;int\u00e9r\u00eat, \u00e0 leurs souvenirs et \u00e0 leurs exp\u00e9riences, et que vous avez cr\u00e9\u00e9 quelque chose juste pour eux. La carte peut servir \u00e0 rappeler votre amiti\u00e9 ou votre lien, m\u00eame si vous \u00eates physiquement s\u00e9par\u00e9s par la distance. De plus, le fait de cr\u00e9er ou de choisir un cadeau d&#8217;adieu implique un niveau de cr\u00e9ativit\u00e9 et de r\u00e9flexion qui peut en faire un cadeau particuli\u00e8rement significatif. Dans l&#8217;ensemble, une Carte du D\u00e9part est sp\u00e9ciale parce qu&#8217;elle allie la personnalisation \u00e0 l&#8217;aspect pratique, ce qui en fait un cadeau unique en son genre.<\/p>\r\n\r\n\r\n\r\n<h2 class=\"grenB f24 cblue\" style=\"margin-top: 3rem\">Un Cadeau Que Votre Ami(e) ou Membre De Votre Famille Ch\u00e9rira Pendant De Nombreuses Ann\u00e9es \u00e0 Venir<\/h2>\r\n\r\n<p style=\"margin-top: 1rem\">Avec la Carte du D\u00e9part, ous pouvez choisir parmi diff\u00e9rents styles et couleurs pour correspondre \u00e0 leur personnalit\u00e9, ajouter un titre ou un texte personnel sous la carte, et s\u00e9lectionner une vari\u00e9t\u00e9 de tailles et de formats, y compris des impressions sur toile, des impressions sur poster ou m\u00eame des t\u00e9l\u00e9chargements num\u00e9riques !<\/p>\r\n\r\n\r\n\r\n<p style=\"margin-top: 1rem\">La Carte du D\u00e9part est non seulement est une belle addition \u00e0 la d\u00e9coration de leur maison ou de leur bureau, mais elle sert \u00e9galement \u00e0 rappeler l&#8217;endroit extraordinaire o\u00f9 ils ont v\u00e9cu. Il est parfait pour ceux qui d\u00e9m\u00e9nagent ou pour ceux qui aiment voyager. Nos mat\u00e9riaux de haute qualit\u00e9 garantissent que leur cadeau durera des ann\u00e9es, ce qui en fait un investissement qui en vaut la peine. De plus, gr\u00e2ce \u00e0 notre \u00e9diteur en ligne facile \u00e0 utiliser, la cr\u00e9ation d&#8217;une carte personnalis\u00e9e n&#8217;a jamais \u00e9t\u00e9 aussi simple.<\/p>\r\n\r\n\r\n\r\n<p style=\"margin-top: 1rem\">Montrez \u00e0 vos proches \u00e0 quel point vous vous souciez d&#8217;eux en leur donnant quelque chose de vraiment sp\u00e9cial &#8211; donnez-leur une Carte du D\u00e9part. Commencez \u00e0 cr\u00e9er les leurs d\u00e8s aujourd&#8217;hui &#8211; faites-nous confiance, ils vont adorer !<\/p>","protected":false},"excerpt":{"rendered":"<ul class=\"check-list\">\n<li>Marquer un endroit sp\u00e9cial avec un symbole choisi<\/li>\n<li>Personnalisez en 3 \u00e9tapes simples<\/li>\n<li>Incluez un texte personnalis\u00e9 significatif<\/li>\n<li>Vois le r\u00e9sultat imm\u00e9diatement \u2013 l\u2019aper\u00e7u interactif te permet de peaufiner chaque d\u00e9tail<\/li>\n<\/ul>\n","protected":false},"featured_media":1213535,"template":"","meta":[],"product_brand":[],"product_cat":[7187,7829,7765,7653,7621,7734,104],"product_tag":[16555],"class_list":{"0":"post-629314","1":"product","2":"type-product","3":"status-publish","4":"has-post-thumbnail","6":"product_cat-map-fr","7":"product_cat-cadeaux-pour-amis","8":"product_cat-cadeaux-pour-fille","9":"product_cat-cadeaux-pour-fils","10":"product_cat-cadeaux-pour-frere","11":"product_cat-cadeaux-pour-soeur","12":"product_cat-tous-les-produits","13":"product_tag-demenagement","15":"first","16":"instock","17":"sale","18":"taxable","19":"shipping-taxable","20":"purchasable","21":"product-type-variable"},"yoast_head":"<!-- This site is optimized with the Yoast SEO Premium plugin v27.2 (Yoast SEO v27.2) - https:\/\/yoast.com\/product\/yoast-seo-premium-wordpress\/ -->\n<title>Carte du D\u00e9part - Positive Prints<\/title>\n<meta name=\"robots\" content=\"index, follow, max-snippet:-1, max-image-preview:large, max-video-preview:-1\" \/>\n<link rel=\"canonical\" href=\"https:\/\/positiveprints.com\/fr\/produit\/carte-du-depart\/\" \/>\n<meta property=\"og:locale\" content=\"fr_FR\" \/>\n<meta property=\"og:type\" content=\"article\" \/>\n<meta property=\"og:title\" content=\"Carte du D\u00e9part\" \/>\n<meta property=\"og:description\" content=\"Marquer un endroit sp\u00e9cial avec un symbole choisi Personnalisez en 3 \u00e9tapes simples Incluez un texte personnalis\u00e9 significatif Vois le r\u00e9sultat imm\u00e9diatement \u2013 l\u2019aper\u00e7u interactif te permet de peaufiner chaque d\u00e9tail\" \/>\n<meta property=\"og:url\" content=\"https:\/\/positiveprints.com\/fr\/produit\/carte-du-depart\/\" \/>\n<meta property=\"og:site_name\" content=\"Positive Prints\" \/>\n<meta property=\"article:publisher\" content=\"https:\/\/www.facebook.com\/positiveprintscom\" \/>\n<meta property=\"article:modified_time\" content=\"2026-04-28T13:27:21+00:00\" \/>\n<meta property=\"og:image\" content=\"https:\/\/positiveprints.com\/wp-content\/uploads\/2024\/10\/Packshot_FR_moving-away-map-product-image.webp\" \/>\n\t<meta property=\"og:image:width\" content=\"1450\" \/>\n\t<meta property=\"og:image:height\" content=\"1450\" \/>\n\t<meta property=\"og:image:type\" content=\"image\/webp\" \/>\n<meta name=\"twitter:card\" content=\"summary_large_image\" \/>\n<!-- \/ Yoast SEO Premium plugin. -->","yoast_head_json":{"title":"Carte du D\u00e9part - Positive Prints","robots":{"index":"index","follow":"follow","max-snippet":"max-snippet:-1","max-image-preview":"max-image-preview:large","max-video-preview":"max-video-preview:-1"},"canonical":"https:\/\/positiveprints.com\/fr\/produit\/carte-du-depart\/","og_locale":"fr_FR","og_type":"article","og_title":"Carte du D\u00e9part","og_description":"Marquer un endroit sp\u00e9cial avec un symbole choisi Personnalisez en 3 \u00e9tapes simples Incluez un texte personnalis\u00e9 significatif Vois le r\u00e9sultat imm\u00e9diatement \u2013 l\u2019aper\u00e7u interactif te permet de peaufiner chaque d\u00e9tail","og_url":"https:\/\/positiveprints.com\/fr\/produit\/carte-du-depart\/","og_site_name":"Positive Prints","article_publisher":"https:\/\/www.facebook.com\/positiveprintscom","article_modified_time":"2026-04-28T13:27:21+00:00","og_image":[{"width":1450,"height":1450,"url":"https:\/\/positiveprints.com\/wp-content\/uploads\/2024\/10\/Packshot_FR_moving-away-map-product-image.webp","type":"image\/webp"}],"twitter_card":"summary_large_image","schema":{"@context":"https:\/\/schema.org","@graph":[{"@type":["WebPage","ItemPage"],"@id":"https:\/\/positiveprints.com\/fr\/produit\/carte-du-depart\/","url":"https:\/\/positiveprints.com\/fr\/produit\/carte-du-depart\/","name":"Carte du D\u00e9part - Positive Prints","isPartOf":{"@id":"https:\/\/positiveprints.com\/fr\/#website"},"primaryImageOfPage":{"@id":"https:\/\/positiveprints.com\/fr\/produit\/carte-du-depart\/#primaryimage"},"image":{"@id":"https:\/\/positiveprints.com\/fr\/produit\/carte-du-depart\/#primaryimage"},"thumbnailUrl":"https:\/\/positiveprints.com\/wp-content\/uploads\/2024\/10\/Packshot_FR_moving-away-map-product-image.webp","datePublished":"2023-03-10T12:15:20+00:00","dateModified":"2026-04-28T13:27:21+00:00","breadcrumb":{"@id":"https:\/\/positiveprints.com\/fr\/produit\/carte-du-depart\/#breadcrumb"},"inLanguage":"fr-FR","potentialAction":[{"@type":"ReadAction","target":["https:\/\/positiveprints.com\/fr\/produit\/carte-du-depart\/"]}]},{"@type":"ImageObject","inLanguage":"fr-FR","@id":"https:\/\/positiveprints.com\/fr\/produit\/carte-du-depart\/#primaryimage","url":"https:\/\/positiveprints.com\/wp-content\/uploads\/2024\/10\/Packshot_FR_moving-away-map-product-image.webp","contentUrl":"https:\/\/positiveprints.com\/wp-content\/uploads\/2024\/10\/Packshot_FR_moving-away-map-product-image.webp","width":1450,"height":1450},{"@type":"BreadcrumbList","@id":"https:\/\/positiveprints.com\/fr\/produit\/carte-du-depart\/#breadcrumb","itemListElement":[{"@type":"ListItem","position":1,"name":"Home","item":"https:\/\/positiveprints.com\/fr\/"},{"@type":"ListItem","position":2,"name":"Produits","item":"https:\/\/positiveprints.com\/fr\/shop\/"},{"@type":"ListItem","position":3,"name":"Carte du D\u00e9part"}]},{"@type":"WebSite","@id":"https:\/\/positiveprints.com\/fr\/#website","url":"https:\/\/positiveprints.com\/fr\/","name":"Positive Prints","description":"Amazing Custom Personalized Gifts","publisher":{"@id":"https:\/\/positiveprints.com\/fr\/#organization"},"potentialAction":[{"@type":"SearchAction","target":{"@type":"EntryPoint","urlTemplate":"https:\/\/positiveprints.com\/fr\/?s={search_term_string}"},"query-input":{"@type":"PropertyValueSpecification","valueRequired":true,"valueName":"search_term_string"}}],"inLanguage":"fr-FR"},{"@type":"Organization","@id":"https:\/\/positiveprints.com\/fr\/#organization","name":"Positive Prints","alternateName":"Positive Prints","url":"https:\/\/positiveprints.com\/fr\/","logo":{"@type":"ImageObject","inLanguage":"fr-FR","@id":"https:\/\/positiveprints.com\/fr\/#\/schema\/logo\/image\/","url":"https:\/\/positiveprints.com\/wp-content\/uploads\/2026\/03\/245815646_1337939713319158_5671353136411139666_n.png","contentUrl":"https:\/\/positiveprints.com\/wp-content\/uploads\/2026\/03\/245815646_1337939713319158_5671353136411139666_n.png","width":800,"height":800,"caption":"Positive Prints"},"image":{"@id":"https:\/\/positiveprints.com\/fr\/#\/schema\/logo\/image\/"},"sameAs":["https:\/\/www.facebook.com\/positiveprintscom","https:\/\/www.instagram.com\/positiveprintscom\/","https:\/\/www.tiktok.com\/@positiveprintscom","https:\/\/www.pinterest.com\/positiveprintscom\/"]}]}},"jetpack_sharing_enabled":true,"_links":{"self":[{"href":"https:\/\/positiveprints.com\/fr\/wp-json\/wp\/v2\/product\/629314","targetHints":{"allow":["GET"]}}],"collection":[{"href":"https:\/\/positiveprints.com\/fr\/wp-json\/wp\/v2\/product"}],"about":[{"href":"https:\/\/positiveprints.com\/fr\/wp-json\/wp\/v2\/types\/product"}],"wp:featuredmedia":[{"embeddable":true,"href":"https:\/\/positiveprints.com\/fr\/wp-json\/wp\/v2\/media\/1213535"}],"wp:attachment":[{"href":"https:\/\/positiveprints.com\/fr\/wp-json\/wp\/v2\/media?parent=629314"}],"wp:term":[{"taxonomy":"product_brand","embeddable":true,"href":"https:\/\/positiveprints.com\/fr\/wp-json\/wp\/v2\/product_brand?post=629314"},{"taxonomy":"product_cat","embeddable":true,"href":"https:\/\/positiveprints.com\/fr\/wp-json\/wp\/v2\/product_cat?post=629314"},{"taxonomy":"product_tag","embeddable":true,"href":"https:\/\/positiveprints.com\/fr\/wp-json\/wp\/v2\/product_tag?post=629314"}],"curies":[{"name":"wp","href":"https:\/\/api.w.org\/{rel}","templated":true}]}}