{"id":629311,"date":"2023-03-09T09:11:06","date_gmt":"2023-03-09T08:11:06","guid":{"rendered":"https:\/\/positiveprints.com\/?post_type=product&#038;p=629311"},"modified":"2026-04-18T06:07:59","modified_gmt":"2026-04-18T05:07:59","slug":"carte-nouvelle-maison","status":"publish","type":"product","link":"https:\/\/positiveprints.com\/fr\/produit\/carte-nouvelle-maison\/","title":{"rendered":"Carte Nouvelle Maison"},"content":{"rendered":"<p style=\"margin-top: 1rem\">L&#8217;emm\u00e9nagement dans une nouvelle maison est une \u00e9tape importante pour toute famille, c&#8217;est donc l&#8217;occasion id\u00e9ale pour leur offrir un cadeau m\u00e9morable et attentionn\u00e9. Si vous cherchez quelque chose de sp\u00e9cial, optez pour la Carte Nouvelle Maison \u2013 une impression personnalis\u00e9e qui montre l&#8217;emplacement exact de leur nouvelle maison ou de tout autre endroit significatif. Ce magnifique souvenir peut \u00eatre personnalis\u00e9 avec des couleurs et des textes diff\u00e9rents pour le rendre unique. C&#8217;est le cadeau de pendaison de cr\u00e9maill\u00e8re parfait qu&#8217;ils ch\u00e9riront pour les ann\u00e9es \u00e0 venir ! Lisez la suite pour en savoir plus sur cette id\u00e9e cr\u00e9ative.<\/p>\r\n\r\n\r\n\r\n\r\n<h2 class=\"grenB f24 cblue\" style=\"margin-top: 3rem\">Qu&#8217;est-ce qu&#8217;une Carte Nouvelle Maison ?<\/h2>\r\n\r\n\r\n\r\n<p style=\"margin-top: 1rem\">Voici le moyen id\u00e9al de c\u00e9l\u00e9brer la nouvelle maison d&#8217;un \u00eatre cher &#8211; la Carte Nouvelle Maison ! Cette \u0153uvre d&#8217;art personnalis\u00e9e est une fa\u00e7on magnifique et unique de comm\u00e9morer une occasion sp\u00e9ciale.<\/p>\r\n\r\n<p style=\"margin-top: 1rem\">Personnalisez votre Carte Nouvelle Maison en choisissant parmi une vari\u00e9t\u00e9 de styles et de couleurs qui s&#8217;harmonisent avec n&#8217;importe quel d\u00e9cor. Ajoutez un texte personnel pour la rendre vraiment unique, par exemple \u00ab Notre premi\u00e8re maison \u00bb ou \u00ab La maison de la famille Johnson. \u00bb<\/p>\r\n\r\n<p style=\"margin-top: 1rem\">C\u00e9l\u00e9brez cette \u00e9tape importante en cr\u00e9ant une \u0153uvre d&#8217;art unique qui capture l&#8217;essence de leur nouvelle maison. La Carte Nouvelle Maisonest un excellent cadeau de pendaison de cr\u00e9maill\u00e8re ou un compl\u00e9ment \u00e0 la collection de toute la famille.<\/p>\r\n\r\n\r\n\r\n<h2 class=\"grenB f24 cblue\" style=\"margin-top: 3rem\">Comment personnaliser la Carte Nouvelle Maison ?<\/h2>\r\n\r\n<p style=\"margin-top: 1rem\">Pour commencer, choisissez le style et les couleurs que vous souhaitez pour votre carte. Indiquez l&#8217;emplacement exact de la nouvelle maison. Vous pouvez utiliser une adresse ou m\u00eame rechercher un lieu sp\u00e9cifique sur une carte. \u00c0 ce stade, vous aurez \u00e9galement la possibilit\u00e9 de zoomer ou de d\u00e9zoomer pour obtenir une meilleure vue.<\/p>\r\n\r\n<p style=\"margin-top: 1rem\">Ajoutez tout texte personnel que vous souhaitez voir appara\u00eetre sur votre carte. Il pourrait s&#8217;agir de quelque chose comme \u00ab Notre premi\u00e8re maison \u00bb ou \u00ab La maison de la famille Smith. \u00bb<\/p>\r\n\r\n<p style=\"margin-top: 1rem\">Choisissez le format et la taille de votre \u0153uvre. Vous pouvez opter pour des impressions sur toile, des impressions encadr\u00e9es ou des posters de diff\u00e9rentes tailles. Pr\u00e9visualisez votre produit final avant de passer votre commande. Nous proposons un aper\u00e7u en ligne afin que vous puissiez voir exactement \u00e0 quoi ressemblera votre Carte Nouvelle Maison personnalis\u00e9e avant qu&#8217;elle ne soit imprim\u00e9e et exp\u00e9di\u00e9e.<\/p>\r\n\r\n<p style=\"margin-top: 1rem\">Dans l&#8217;ensemble, la cr\u00e9ation d&#8217;une Carte Nouvelle Maison personnalis\u00e9e est un processus amusant et facile qui vous permet de cr\u00e9er une \u0153uvre d&#8217;art unique c\u00e9l\u00e9brant la nouvelle maison d&#8217;un \u00eatre cher. Gr\u00e2ce aux nombreuses options de personnalisation disponibles, vous pouvez vraiment le rendre unique en son genre !<\/p>\r\n\r\n\r\n\r\n<h2 class=\"grenB f24 cblue\" style=\"margin-top: 3rem\">Pourquoi la Carte Nouvelle Maison est-elle un Bon Cadeau de Pendaison de Cr\u00e9maill\u00e8re ?<\/h2>\r\n\r\n<p style=\"margin-top: 1rem\">La Carte Nouvelle Maison est un cadeau attentionn\u00e9 et personnel qui montre que vous faites des efforts pour trouver quelque chose de sp\u00e9cial pour les nouveaux propri\u00e9taires. Il ne s&#8217;agit pas d&#8217;un simple cadeau g\u00e9n\u00e9rique comme une bougie ou un cadre photo. De plus, comme il peut \u00eatre personnalis\u00e9 \u00e0 leur adresse, il constitue un beau souvenir de leur nouvelle maison et de tous les souvenirs qu&#8217;ils y cr\u00e9eront. La carte est \u00e9galement disponible dans plusieurs formats diff\u00e9rents pour s&#8217;adapter \u00e0 tous les budgets ou pr\u00e9f\u00e9rences de style. Toutes ces raisons en font un cadeau de pendaison de cr\u00e9maill\u00e8re id\u00e9al !<\/p>\r\n\r\n\r\n\r\n<p style=\"margin-top: 1rem\">Si vous \u00eates \u00e0 la recherche d&#8217;un cadeau de pendaison de cr\u00e9maill\u00e8re unique et significatif, ne cherchez pas plus loin que la Carte Nouvelle Maison. Elle est personnalis\u00e9e \u00e0 l&#8217;adresse des nouveaux propri\u00e9taires, ce qui la rend vraiment sp\u00e9ciale. Offrez-leur quelque chose qu&#8217;ils ch\u00e9riront \u00e0 jamais avec ce cadeau de pendaison de cr\u00e9maill\u00e8re cr\u00e9atif et sinc\u00e8re !<\/p>","protected":false},"excerpt":{"rendered":"<ul class=\"check-list\">\n<li>Marquer un endroit sp\u00e9cial avec un symbole choisi<\/li>\n<li>Personnalisez en 3 \u00e9tapes simples<\/li>\n<li>Incluez un texte personnalis\u00e9 significatif<\/li>\n<li>Vois le r\u00e9sultat imm\u00e9diatement \u2013 l\u2019aper\u00e7u interactif te permet de peaufiner chaque d\u00e9tail<\/li>\n<\/ul>\n","protected":false},"featured_media":1213621,"template":"","meta":[],"product_brand":[],"product_cat":[9274,7187,5290,7685,8006,7845,7813,104],"product_tag":[14860],"class_list":{"0":"post-629311","1":"product","2":"type-product","3":"status-publish","4":"has-post-thumbnail","6":"product_cat-bestsellers-label-fr","7":"product_cat-map-fr","8":"product_cat-cadeaux-de-pendaison-de-cremaillere","9":"product_cat-cadeaux-pour-femmes","10":"product_cat-cadeaux-pour-hommes","11":"product_cat-cadeaux-pour-la-famille","12":"product_cat-cadeaux-pour-nouveaux-parents","13":"product_cat-tous-les-produits","14":"product_tag-housewarming-fr-2","16":"first","17":"instock","18":"sale","19":"taxable","20":"shipping-taxable","21":"purchasable","22":"product-type-variable"},"yoast_head":"<!-- This site is optimized with the Yoast SEO Premium plugin v27.2 (Yoast SEO v27.2) - https:\/\/yoast.com\/product\/yoast-seo-premium-wordpress\/ -->\n<title>Carte Nouvelle Maison - Positive Prints<\/title>\n<meta name=\"robots\" content=\"index, follow, max-snippet:-1, max-image-preview:large, max-video-preview:-1\" \/>\n<link rel=\"canonical\" href=\"https:\/\/positiveprints.com\/fr\/produit\/carte-nouvelle-maison\/\" \/>\n<meta property=\"og:locale\" content=\"fr_FR\" \/>\n<meta property=\"og:type\" content=\"article\" \/>\n<meta property=\"og:title\" content=\"Carte Nouvelle Maison\" \/>\n<meta property=\"og:description\" content=\"Marquer un endroit sp\u00e9cial avec un symbole choisi Personnalisez en 3 \u00e9tapes simples Incluez un texte personnalis\u00e9 significatif Vois le r\u00e9sultat imm\u00e9diatement \u2013 l\u2019aper\u00e7u interactif te permet de peaufiner chaque d\u00e9tail\" \/>\n<meta property=\"og:url\" content=\"https:\/\/positiveprints.com\/fr\/produit\/carte-nouvelle-maison\/\" \/>\n<meta property=\"og:site_name\" content=\"Positive Prints\" \/>\n<meta property=\"article:publisher\" content=\"https:\/\/www.facebook.com\/positiveprintscom\" \/>\n<meta property=\"article:modified_time\" content=\"2026-04-18T05:07:59+00:00\" \/>\n<meta property=\"og:image\" content=\"https:\/\/positiveprints.com\/wp-content\/uploads\/2024\/10\/Packshot_FR_new-home-map-product-image.webp\" \/>\n\t<meta property=\"og:image:width\" content=\"1450\" \/>\n\t<meta property=\"og:image:height\" content=\"1450\" \/>\n\t<meta property=\"og:image:type\" content=\"image\/webp\" \/>\n<meta name=\"twitter:card\" content=\"summary_large_image\" \/>\n<meta name=\"twitter:label1\" content=\"Dur\u00e9e de lecture estim\u00e9e\" \/>\n\t<meta name=\"twitter:data1\" content=\"3 minutes\" \/>\n<!-- \/ Yoast SEO Premium plugin. -->","yoast_head_json":{"title":"Carte Nouvelle Maison - Positive Prints","robots":{"index":"index","follow":"follow","max-snippet":"max-snippet:-1","max-image-preview":"max-image-preview:large","max-video-preview":"max-video-preview:-1"},"canonical":"https:\/\/positiveprints.com\/fr\/produit\/carte-nouvelle-maison\/","og_locale":"fr_FR","og_type":"article","og_title":"Carte Nouvelle Maison","og_description":"Marquer un endroit sp\u00e9cial avec un symbole choisi Personnalisez en 3 \u00e9tapes simples Incluez un texte personnalis\u00e9 significatif Vois le r\u00e9sultat imm\u00e9diatement \u2013 l\u2019aper\u00e7u interactif te permet de peaufiner chaque d\u00e9tail","og_url":"https:\/\/positiveprints.com\/fr\/produit\/carte-nouvelle-maison\/","og_site_name":"Positive Prints","article_publisher":"https:\/\/www.facebook.com\/positiveprintscom","article_modified_time":"2026-04-18T05:07:59+00:00","og_image":[{"width":1450,"height":1450,"url":"https:\/\/positiveprints.com\/wp-content\/uploads\/2024\/10\/Packshot_FR_new-home-map-product-image.webp","type":"image\/webp"}],"twitter_card":"summary_large_image","twitter_misc":{"Dur\u00e9e de lecture estim\u00e9e":"3 minutes"},"schema":{"@context":"https:\/\/schema.org","@graph":[{"@type":["WebPage","ItemPage"],"@id":"https:\/\/positiveprints.com\/fr\/produit\/carte-nouvelle-maison\/","url":"https:\/\/positiveprints.com\/fr\/produit\/carte-nouvelle-maison\/","name":"Carte Nouvelle Maison - Positive Prints","isPartOf":{"@id":"https:\/\/positiveprints.com\/fr\/#website"},"primaryImageOfPage":{"@id":"https:\/\/positiveprints.com\/fr\/produit\/carte-nouvelle-maison\/#primaryimage"},"image":{"@id":"https:\/\/positiveprints.com\/fr\/produit\/carte-nouvelle-maison\/#primaryimage"},"thumbnailUrl":"https:\/\/positiveprints.com\/wp-content\/uploads\/2024\/10\/Packshot_FR_new-home-map-product-image.webp","datePublished":"2023-03-09T08:11:06+00:00","dateModified":"2026-04-18T05:07:59+00:00","breadcrumb":{"@id":"https:\/\/positiveprints.com\/fr\/produit\/carte-nouvelle-maison\/#breadcrumb"},"inLanguage":"fr-FR","potentialAction":[{"@type":"ReadAction","target":["https:\/\/positiveprints.com\/fr\/produit\/carte-nouvelle-maison\/"]}]},{"@type":"ImageObject","inLanguage":"fr-FR","@id":"https:\/\/positiveprints.com\/fr\/produit\/carte-nouvelle-maison\/#primaryimage","url":"https:\/\/positiveprints.com\/wp-content\/uploads\/2024\/10\/Packshot_FR_new-home-map-product-image.webp","contentUrl":"https:\/\/positiveprints.com\/wp-content\/uploads\/2024\/10\/Packshot_FR_new-home-map-product-image.webp","width":1450,"height":1450},{"@type":"BreadcrumbList","@id":"https:\/\/positiveprints.com\/fr\/produit\/carte-nouvelle-maison\/#breadcrumb","itemListElement":[{"@type":"ListItem","position":1,"name":"Home","item":"https:\/\/positiveprints.com\/fr\/"},{"@type":"ListItem","position":2,"name":"Produits","item":"https:\/\/positiveprints.com\/fr\/shop\/"},{"@type":"ListItem","position":3,"name":"Carte Nouvelle Maison"}]},{"@type":"WebSite","@id":"https:\/\/positiveprints.com\/fr\/#website","url":"https:\/\/positiveprints.com\/fr\/","name":"Positive Prints","description":"Amazing Custom Personalized Gifts","publisher":{"@id":"https:\/\/positiveprints.com\/fr\/#organization"},"potentialAction":[{"@type":"SearchAction","target":{"@type":"EntryPoint","urlTemplate":"https:\/\/positiveprints.com\/fr\/?s={search_term_string}"},"query-input":{"@type":"PropertyValueSpecification","valueRequired":true,"valueName":"search_term_string"}}],"inLanguage":"fr-FR"},{"@type":"Organization","@id":"https:\/\/positiveprints.com\/fr\/#organization","name":"Positive Prints","alternateName":"Positive Prints","url":"https:\/\/positiveprints.com\/fr\/","logo":{"@type":"ImageObject","inLanguage":"fr-FR","@id":"https:\/\/positiveprints.com\/fr\/#\/schema\/logo\/image\/","url":"https:\/\/positiveprints.com\/wp-content\/uploads\/2026\/03\/245815646_1337939713319158_5671353136411139666_n.png","contentUrl":"https:\/\/positiveprints.com\/wp-content\/uploads\/2026\/03\/245815646_1337939713319158_5671353136411139666_n.png","width":800,"height":800,"caption":"Positive Prints"},"image":{"@id":"https:\/\/positiveprints.com\/fr\/#\/schema\/logo\/image\/"},"sameAs":["https:\/\/www.facebook.com\/positiveprintscom","https:\/\/www.instagram.com\/positiveprintscom\/","https:\/\/www.tiktok.com\/@positiveprintscom","https:\/\/www.pinterest.com\/positiveprintscom\/"]}]}},"jetpack_sharing_enabled":true,"_links":{"self":[{"href":"https:\/\/positiveprints.com\/fr\/wp-json\/wp\/v2\/product\/629311","targetHints":{"allow":["GET"]}}],"collection":[{"href":"https:\/\/positiveprints.com\/fr\/wp-json\/wp\/v2\/product"}],"about":[{"href":"https:\/\/positiveprints.com\/fr\/wp-json\/wp\/v2\/types\/product"}],"wp:featuredmedia":[{"embeddable":true,"href":"https:\/\/positiveprints.com\/fr\/wp-json\/wp\/v2\/media\/1213621"}],"wp:attachment":[{"href":"https:\/\/positiveprints.com\/fr\/wp-json\/wp\/v2\/media?parent=629311"}],"wp:term":[{"taxonomy":"product_brand","embeddable":true,"href":"https:\/\/positiveprints.com\/fr\/wp-json\/wp\/v2\/product_brand?post=629311"},{"taxonomy":"product_cat","embeddable":true,"href":"https:\/\/positiveprints.com\/fr\/wp-json\/wp\/v2\/product_cat?post=629311"},{"taxonomy":"product_tag","embeddable":true,"href":"https:\/\/positiveprints.com\/fr\/wp-json\/wp\/v2\/product_tag?post=629311"}],"curies":[{"name":"wp","href":"https:\/\/api.w.org\/{rel}","templated":true}]}}