{"id":629307,"date":"2023-03-08T10:21:24","date_gmt":"2023-03-08T09:21:24","guid":{"rendered":"https:\/\/positiveprints.com\/?post_type=product&#038;p=629307"},"modified":"2026-04-28T14:27:34","modified_gmt":"2026-04-28T13:27:34","slug":"double-carte-ou-nous-nous-sommes-rencontres","status":"publish","type":"product","link":"https:\/\/positiveprints.com\/fr\/produit\/double-carte-ou-nous-nous-sommes-rencontres\/","title":{"rendered":"Double Carte O\u00f9 Nous Nous Sommes Rencontr\u00e9s"},"content":{"rendered":"<p style=\"margin-top: 1rem\">Dans le monde d&#8217;aujourd&#8217;hui, o\u00f9 tout va vite, il peut \u00eatre difficile de ralentir et d&#8217;appr\u00e9cier les moments sp\u00e9ciaux que nous partageons avec nos proches. Qu&#8217;il s&#8217;agisse d&#8217;une rencontre fortuite qui d\u00e9bouche sur une amiti\u00e9 durable ou d&#8217;une rencontre amoureuse qui d\u00e9bouche sur une relation, ce sont ces moments qui donnent tout son sens \u00e0 la vie. Une Double Carte O\u00f9 Nous Nous Sommes Rencontr\u00e9s est une fa\u00e7on unique et personnalis\u00e9e d&#8217;immortaliser ces souvenirs et de c\u00e9l\u00e9brer le lien sp\u00e9cial que vous partagez avec quelqu&#8217;un.<\/p>\r\n\r\n\r\n\r\n<h2 class=\"grenB f24 cblue\" style=\"margin-top: 3rem\">Qu&#8217;est-ce qu&#8217;une Double Carte O\u00f9 Nous Nous Sommes Rencontr\u00e9s ?<\/h2>\r\n\r\n\r\n<p style=\"margin-top: 1rem\">Une Double Carte O\u00f9 Nous Nous Sommes Rencontr\u00e9s est une carte personnalis\u00e9e qui affiche les endroits exacts o\u00f9 deux personnes se sont rencontr\u00e9es ou ont des souvenirs particuliers ensemble. Elle pr\u00e9sente deux cartes c\u00f4te \u00e0 c\u00f4te, chacune avec son propre marqueur indiquant l&#8217;emplacement sur la carte. Les cartes sont souvent personnalis\u00e9es avec des couleurs et des styles uniques pour repr\u00e9senter les go\u00fbts et les pr\u00e9f\u00e9rences personnels du couple. Notre impression de carte constitue un cadeau attentionn\u00e9 et significatif, id\u00e9al pour les anniversaires de mariage, les mariages ou d&#8217;autres occasions sp\u00e9ciales.<\/p>\r\n\r\n<p style=\"margin-top: 1rem\">La principale diff\u00e9rence entre une Carte O\u00f9 Nous Nous Sommes Rencontr\u00e9s et une Double Carte O\u00f9 Nous Nous Sommes Rencontr\u00e9s est le nombre d&#8217;endroits qui peuvent \u00eatre inclus. Notre impression repr\u00e9sente un lieu unique, par exemple l&#8217;endroit o\u00f9 vous avez rencontr\u00e9 votre moiti\u00e9 pour la premi\u00e8re fois ou le lieu de votre premier rendez-vous. En revanche, une Double Carte O\u00f9 Nous Nous Sommes Rencontr\u00e9s vous permet d&#8217;inclure deux endroits sur la m\u00eame \u0153uvre, ce qui la rend id\u00e9ale pour les couples qui ont partag\u00e9 plusieurs moments importants.<\/p>\r\n\r\n\r\n\r\n<h2 class=\"grenB f24 cblue\" style=\"margin-top: 3rem\">Comment cr\u00e9er une Double Carte O\u00f9 Nous Nous Sommes Rencontr\u00e9s<\/h2>\r\n\r\n\r\n<p style=\"margin-top: 1rem\">La cr\u00e9ation d&#8217;une Double Carte O\u00f9 Nous Nous Sommes Rencontr\u00e9s est un processus simple qui peut \u00eatre r\u00e9alis\u00e9 en trois \u00e9tapes. Tout d&#8217;abord, s\u00e9lectionnez le style d&#8217;impression et les couleurs de votre choix parmi les options disponibles. Vous pouvez choisir parmi des jeux de couleurs pr\u00e9d\u00e9finis ou personnaliser vos propres couleurs pour les rendre uniques.<\/p>\r\n\r\n\r\n\r\n<p style=\"margin-top: 1rem\">Ensuite, indiquez les deux endroits o\u00f9 vous et votre bien-aim\u00e9(e) vous \u00eates rencontr\u00e9s ou avez des souvenirs particuliers ensemble. Choisissez le type de marqueur qui repr\u00e9sente le mieux votre histoire, la plupart des clients pr\u00e9f\u00e9rant utiliser un c\u0153ur rouge comme marqueur. Cette \u00e9tape consiste \u00e9galement \u00e0 ajouter un message personnel sous chaque carte pour la rendre plus significative.<\/p>\r\n\r\n\r\n\r\n<p style=\"margin-top: 1rem\">Enfin, choisissez le mode d&#8217;impression de votre carte &#8211; avec ou sans cadre, sur toile ou sous la forme d&#8217;un fichier num\u00e9rique instantan\u00e9 que vous pouvez imprimer pr\u00e8s de chez vous. En suivant ces \u00e9tapes simples, vous pouvez cr\u00e9er une Double Carte O\u00f9 Nous Nous Sommes Rencontr\u00e9s belle et personnalis\u00e9e, qui capture l&#8217;essence de votre histoire d&#8217;amour.<\/p>\r\n\r\n\r\n\r\n<h2 class=\"grenB f24 cblue\" style=\"margin-top: 3rem\">Offrir un cadeau attentionn\u00e9 et significatif<\/h2>\r\n\r\n\r\n<p style=\"margin-top: 1rem\">Une Double Carte O\u00f9 Nous Nous Sommes Rencontr\u00e9s est un cadeau tr\u00e8s attentionn\u00e9 et significatif. Il vous permet d&#8217;immortaliser les souvenirs et les moments particuliers que vous avez partag\u00e9s avec votre bien-aim\u00e9(e) d&#8217;une mani\u00e8re unique et personnalis\u00e9e. La possibilit\u00e9 de personnaliser les cartes avec des couleurs, des marqueurs et des messages les rend encore plus sp\u00e9ciales, car cela montre que vous avez r\u00e9fl\u00e9chi et fait des efforts pour cr\u00e9er quelque chose de vraiment unique pour votre bien-aim\u00e9(e).<\/p>\r\n\r\n\r\n\r\n<p style=\"margin-top: 1rem\">Qu&#8217;il s&#8217;agisse d&#8217;un cadeau pour un anniversaire de mariage, un mariage ou simplement parce que vous en avez envie, une Double Carte O\u00f9 Nous Nous Sommes Rencontr\u00e9s sera certainement appr\u00e9ci\u00e9e et ch\u00e9rie pour toute personne qui la re\u00e7oit.<\/p>","protected":false},"excerpt":{"rendered":"<ul class=\"check-list\">\n<li>Immortalisez les moments m\u00e9morables que vous partagez avec votre proche gr\u00e2ce \u00e0 une carte personnalis\u00e9e indiquant le lieu exact<\/li>\n<li>Marquez deux points sp\u00e9ciaux avec les symboles choisis<\/li>\n<li>Personnalisez en 3 \u00e9tapes simples<\/li>\n<li>Incluez un texte personnalis\u00e9 significatif<\/li>\n<li>Vois le r\u00e9sultat imm\u00e9diatement \u2013 l\u2019aper\u00e7u interactif te permet de peaufiner chaque d\u00e9tail<\/li>\n<\/ul>\n","protected":false},"featured_media":1611126,"template":"","meta":[],"product_brand":[],"product_cat":[9112,7685,8006,104],"product_tag":[8767],"class_list":{"0":"post-629307","1":"product","2":"type-product","3":"status-publish","4":"has-post-thumbnail","6":"product_cat-double-maps-fr","7":"product_cat-cadeaux-pour-femmes","8":"product_cat-cadeaux-pour-hommes","9":"product_cat-tous-les-produits","10":"product_tag-where-we-met-fr","12":"first","13":"instock","14":"sale","15":"taxable","16":"shipping-taxable","17":"purchasable","18":"product-type-variable"},"yoast_head":"<!-- This site is optimized with the Yoast SEO Premium plugin v27.2 (Yoast SEO v27.2) - https:\/\/yoast.com\/product\/yoast-seo-premium-wordpress\/ -->\n<title>Double Carte Lieu de Rencontre Personnalis\u00e9- Positive Prints<\/title>\n<meta name=\"robots\" content=\"index, follow, max-snippet:-1, max-image-preview:large, max-video-preview:-1\" \/>\n<link rel=\"canonical\" href=\"https:\/\/positiveprints.com\/fr\/produit\/double-carte-ou-nous-nous-sommes-rencontres\/\" \/>\n<meta property=\"og:locale\" content=\"fr_FR\" \/>\n<meta property=\"og:type\" content=\"article\" \/>\n<meta property=\"og:title\" content=\"Double Carte O\u00f9 Nous Nous Sommes Rencontr\u00e9s\" \/>\n<meta property=\"og:description\" content=\"Immortalisez les moments m\u00e9morables que vous partagez avec votre proche gr\u00e2ce \u00e0 une carte personnalis\u00e9e indiquant le lieu exact Marquez deux points sp\u00e9ciaux avec les symboles choisis Personnalisez en 3 \u00e9tapes simples Incluez un texte personnalis\u00e9 significatif Vois le r\u00e9sultat imm\u00e9diatement \u2013 l\u2019aper\u00e7u interactif te permet de peaufiner chaque d\u00e9tail\" \/>\n<meta property=\"og:url\" content=\"https:\/\/positiveprints.com\/fr\/produit\/double-carte-ou-nous-nous-sommes-rencontres\/\" \/>\n<meta property=\"og:site_name\" content=\"Positive Prints\" \/>\n<meta property=\"article:publisher\" content=\"https:\/\/www.facebook.com\/positiveprintscom\" \/>\n<meta property=\"article:modified_time\" content=\"2026-04-28T13:27:34+00:00\" \/>\n<meta property=\"og:image\" content=\"https:\/\/positiveprints.com\/wp-content\/uploads\/2023\/03\/Where-We-Met-Double-Map.jpg\" \/>\n\t<meta property=\"og:image:width\" content=\"1080\" \/>\n\t<meta property=\"og:image:height\" content=\"1080\" \/>\n\t<meta property=\"og:image:type\" content=\"image\/jpeg\" \/>\n<meta name=\"twitter:card\" content=\"summary_large_image\" \/>\n<!-- \/ Yoast SEO Premium plugin. -->","yoast_head_json":{"title":"Double Carte Lieu de Rencontre Personnalis\u00e9- Positive Prints","robots":{"index":"index","follow":"follow","max-snippet":"max-snippet:-1","max-image-preview":"max-image-preview:large","max-video-preview":"max-video-preview:-1"},"canonical":"https:\/\/positiveprints.com\/fr\/produit\/double-carte-ou-nous-nous-sommes-rencontres\/","og_locale":"fr_FR","og_type":"article","og_title":"Double Carte O\u00f9 Nous Nous Sommes Rencontr\u00e9s","og_description":"Immortalisez les moments m\u00e9morables que vous partagez avec votre proche gr\u00e2ce \u00e0 une carte personnalis\u00e9e indiquant le lieu exact Marquez deux points sp\u00e9ciaux avec les symboles choisis Personnalisez en 3 \u00e9tapes simples Incluez un texte personnalis\u00e9 significatif Vois le r\u00e9sultat imm\u00e9diatement \u2013 l\u2019aper\u00e7u interactif te permet de peaufiner chaque d\u00e9tail","og_url":"https:\/\/positiveprints.com\/fr\/produit\/double-carte-ou-nous-nous-sommes-rencontres\/","og_site_name":"Positive Prints","article_publisher":"https:\/\/www.facebook.com\/positiveprintscom","article_modified_time":"2026-04-28T13:27:34+00:00","og_image":[{"width":1080,"height":1080,"url":"https:\/\/positiveprints.com\/wp-content\/uploads\/2023\/03\/Where-We-Met-Double-Map.jpg","type":"image\/jpeg"}],"twitter_card":"summary_large_image","schema":{"@context":"https:\/\/schema.org","@graph":[{"@type":["WebPage","ItemPage"],"@id":"https:\/\/positiveprints.com\/fr\/produit\/double-carte-ou-nous-nous-sommes-rencontres\/","url":"https:\/\/positiveprints.com\/fr\/produit\/double-carte-ou-nous-nous-sommes-rencontres\/","name":"Double Carte Lieu de Rencontre Personnalis\u00e9- Positive Prints","isPartOf":{"@id":"https:\/\/positiveprints.com\/fr\/#website"},"primaryImageOfPage":{"@id":"https:\/\/positiveprints.com\/fr\/produit\/double-carte-ou-nous-nous-sommes-rencontres\/#primaryimage"},"image":{"@id":"https:\/\/positiveprints.com\/fr\/produit\/double-carte-ou-nous-nous-sommes-rencontres\/#primaryimage"},"thumbnailUrl":"https:\/\/positiveprints.com\/wp-content\/uploads\/2026\/01\/Packshot_FR_Double-Carte-Ou-Nous-Nous-Sommes-Rencontres.webp","datePublished":"2023-03-08T09:21:24+00:00","dateModified":"2026-04-28T13:27:34+00:00","breadcrumb":{"@id":"https:\/\/positiveprints.com\/fr\/produit\/double-carte-ou-nous-nous-sommes-rencontres\/#breadcrumb"},"inLanguage":"fr-FR","potentialAction":[{"@type":"ReadAction","target":["https:\/\/positiveprints.com\/fr\/produit\/double-carte-ou-nous-nous-sommes-rencontres\/"]}]},{"@type":"ImageObject","inLanguage":"fr-FR","@id":"https:\/\/positiveprints.com\/fr\/produit\/double-carte-ou-nous-nous-sommes-rencontres\/#primaryimage","url":"https:\/\/positiveprints.com\/wp-content\/uploads\/2026\/01\/Packshot_FR_Double-Carte-Ou-Nous-Nous-Sommes-Rencontres.webp","contentUrl":"https:\/\/positiveprints.com\/wp-content\/uploads\/2026\/01\/Packshot_FR_Double-Carte-Ou-Nous-Nous-Sommes-Rencontres.webp","width":1450,"height":1450},{"@type":"BreadcrumbList","@id":"https:\/\/positiveprints.com\/fr\/produit\/double-carte-ou-nous-nous-sommes-rencontres\/#breadcrumb","itemListElement":[{"@type":"ListItem","position":1,"name":"Home","item":"https:\/\/positiveprints.com\/fr\/"},{"@type":"ListItem","position":2,"name":"Produits","item":"https:\/\/positiveprints.com\/fr\/shop\/"},{"@type":"ListItem","position":3,"name":"Double Carte O\u00f9 Nous Nous Sommes Rencontr\u00e9s"}]},{"@type":"WebSite","@id":"https:\/\/positiveprints.com\/fr\/#website","url":"https:\/\/positiveprints.com\/fr\/","name":"Positive Prints","description":"Amazing Custom Personalized Gifts","publisher":{"@id":"https:\/\/positiveprints.com\/fr\/#organization"},"potentialAction":[{"@type":"SearchAction","target":{"@type":"EntryPoint","urlTemplate":"https:\/\/positiveprints.com\/fr\/?s={search_term_string}"},"query-input":{"@type":"PropertyValueSpecification","valueRequired":true,"valueName":"search_term_string"}}],"inLanguage":"fr-FR"},{"@type":"Organization","@id":"https:\/\/positiveprints.com\/fr\/#organization","name":"Positive Prints","alternateName":"Positive Prints","url":"https:\/\/positiveprints.com\/fr\/","logo":{"@type":"ImageObject","inLanguage":"fr-FR","@id":"https:\/\/positiveprints.com\/fr\/#\/schema\/logo\/image\/","url":"https:\/\/positiveprints.com\/wp-content\/uploads\/2026\/03\/245815646_1337939713319158_5671353136411139666_n.png","contentUrl":"https:\/\/positiveprints.com\/wp-content\/uploads\/2026\/03\/245815646_1337939713319158_5671353136411139666_n.png","width":800,"height":800,"caption":"Positive Prints"},"image":{"@id":"https:\/\/positiveprints.com\/fr\/#\/schema\/logo\/image\/"},"sameAs":["https:\/\/www.facebook.com\/positiveprintscom","https:\/\/www.instagram.com\/positiveprintscom\/","https:\/\/www.tiktok.com\/@positiveprintscom","https:\/\/www.pinterest.com\/positiveprintscom\/"]}]}},"jetpack_sharing_enabled":true,"_links":{"self":[{"href":"https:\/\/positiveprints.com\/fr\/wp-json\/wp\/v2\/product\/629307","targetHints":{"allow":["GET"]}}],"collection":[{"href":"https:\/\/positiveprints.com\/fr\/wp-json\/wp\/v2\/product"}],"about":[{"href":"https:\/\/positiveprints.com\/fr\/wp-json\/wp\/v2\/types\/product"}],"wp:featuredmedia":[{"embeddable":true,"href":"https:\/\/positiveprints.com\/fr\/wp-json\/wp\/v2\/media\/1611126"}],"wp:attachment":[{"href":"https:\/\/positiveprints.com\/fr\/wp-json\/wp\/v2\/media?parent=629307"}],"wp:term":[{"taxonomy":"product_brand","embeddable":true,"href":"https:\/\/positiveprints.com\/fr\/wp-json\/wp\/v2\/product_brand?post=629307"},{"taxonomy":"product_cat","embeddable":true,"href":"https:\/\/positiveprints.com\/fr\/wp-json\/wp\/v2\/product_cat?post=629307"},{"taxonomy":"product_tag","embeddable":true,"href":"https:\/\/positiveprints.com\/fr\/wp-json\/wp\/v2\/product_tag?post=629307"}],"curies":[{"name":"wp","href":"https:\/\/api.w.org\/{rel}","templated":true}]}}