{"id":629289,"date":"2021-07-31T20:22:49","date_gmt":"2023-06-29T14:56:53","guid":{"rendered":"https:\/\/positiveprints.com\/?post_type=product&#038;p=629289"},"modified":"2026-04-28T15:04:28","modified_gmt":"2026-04-28T14:04:28","slug":"carte-notre-premier-baiser","status":"publish","type":"product","link":"https:\/\/positiveprints.com\/fr\/produit\/carte-notre-premier-baiser\/","title":{"rendered":"Carte Notre Premier Baiser"},"content":{"rendered":"<p>Votre premier baiser \u00e9tait le premier parmi tant d&#8217;autres. M\u00eame si vous avez perdu le compte depuis, il est amusant de se rem\u00e9morer le baiser qui a tout d\u00e9clench\u00e9. C\u00e9l\u00e9brez l&#8217;amour avec une Carte Notre Premier Baiser de Positive Prints.<\/p>\n\n\n\n<h2 class=\"grenB f24 cblue\" style=\"margin-top: 3rem\">Qu&#8217;est-ce qu&#8217;une Carte Notre Premier Baiser ?<\/h2>\n\n\n\n<p style=\"margin-top: 1rem\">Le premier baiser d&#8217;un couple est magique. C&#8217;est le moment o\u00f9 votre relation atteint de nouveaux sommets et o\u00f9 vous ressentez un lien sp\u00e9cial l&#8217;un avec l&#8217;autre, un lien qui pourrait bien durer toute une vie. Une Carte Notre Premier Baiser est un instantan\u00e9 de cette p\u00e9riode sp\u00e9ciale de votre vie, mettant en \u00e9vidence l&#8217;endroit exact o\u00f9 vous avez partag\u00e9 votre premier baiser. Nous transformons cette carte en une \u0153uvre d&#8217;art personnalis\u00e9e que vous pouvez afficher chez vous et qui vous rappellera toujours ce chapitre de votre relation.<\/p>\n\n\n\n<h2 class=\"grenB f24 cblue\" style=\"margin-top: 3rem\">Id\u00e9es cadeaux pour une Carte Notre Premier Baiser<\/h2>\n\n\n\n<p style=\"margin-top: 1rem\">Il y a quelque chose d&#8217;exceptionnel et de surprenant \u00e0 offrir et \u00e0 recevoir une carte personnalis\u00e9e en cadeau. C&#8217;est une chose \u00e0 laquelle votre bien-aim\u00e9(e) ne s&#8217;attend pas. C&#8217;est un cadeau qui ne peut pas simplement \u00eatre achet\u00e9 en magasin. Transformer vos id\u00e9es en illustrations demande une r\u00e9flexion et une attention particuli\u00e8res.<\/p>\n\n\n\n<p style=\"margin-top: 1rem\">Si vous \u00eates \u00e0 la recherche d&#8217;un cadeau unique pour la Saint-Valentin, u anniversaire de mariage, ou m\u00eame le jour de votre mariage, surprenez votre bien-aim\u00e9(e) en lui offrant une carte sp\u00e9cialement con\u00e7ue pour lui\/elle.<\/p>\n\n\n\n<p style=\"margin-top: 1rem\">Chez Positive Prints, nous vous avons all\u00e9g\u00e9 la t\u00e2che. Le design est en grande partie termin\u00e9, mais il manque votre touche personnelle ! Indiquez des d\u00e9tails comme le lieu de votre premier baiser et nous nous occupons du reste ! Ajoutez des citations, des paroles de chansons, des dictons ou d&#8217;autres sentiments particuliers pour rendre votre cadeau encore plus unique.<\/p>\n\n\n\n<h2 class=\"grenB f24 cblue\" style=\"margin-top: 3rem\">Personnaliser votre Carte avec Positive Prints<\/h2>\n\n\n\n<p style=\"margin-top: 1rem\">Positive Prints vous offre de multiples possibilit\u00e9s de personnaliser votre Carte Notre Premier Baiser et de la rendre unique en son genre. Commencez par s\u00e9lectionner l&#8217;un de nos mod\u00e8les de cartes et sch\u00e9mas de couleurs pr\u00e9d\u00e9finis. Testez les diff\u00e9rentes options et regardez vos changements prendre vie !<\/p>\n\n\n\n<p style=\"margin-top: 1rem\">Vous pouvez ajouter une personnalisation suppl\u00e9mentaire en choisissant le lieu de votre premier baiser avec votre partenaire. Ajoutez un message unique qui donne vie \u00e0 votre carte : une date sp\u00e9ciale, le nom du lieu, une citation tir\u00e9e d&#8217;un po\u00e8me ou d&#8217;une chanson, ou quelque chose que vous vous dites toujours l&#8217;un \u00e0 l&#8217;autre.<\/p>\n\n\n\n<p style=\"margin-top: 1rem\">Nous nous ferons un plaisir d&#8217;imprimer votre carte dans nos studios et de vous l&#8217;exp\u00e9dier, partout dans le monde. Pour une livraison plus rapide, vous pouvez \u00e9galement opter pour un t\u00e9l\u00e9chargement num\u00e9rique et recevoir votre carte dans votre bo\u00eete aux lettres \u00e9lectronique. Nous proposons \u00e9galement des impressions sur toile ainsi que des affiches encadr\u00e9es, ce qui vous donne encore plus de possibilit\u00e9s de personnaliser votre cadeau !<\/p>\n\n\n\n<h2 class=\"grenB f24 cblue\" style=\"margin-top: 3rem\">Commencez \u00e0 recr\u00e9er l&#8217;un de vos souvenirs les plus pr\u00e9cieux !<\/h2>\n\n\n\n<p style=\"margin-top: 1rem\">Votre premier baiser a \u00e9t\u00e9 une \u00e9tape importante dans votre relation. Transformez ce souvenir en un souvenir qui durera toute une vie, voire plus. Commencez votre Carte Notre Premier Baiser de Positive Prints d\u00e8s aujourd&#8217;hui !<\/p>","protected":false},"excerpt":{"rendered":"<ul class=\"check-list\">\n<li>Cr\u00e9ez un souvenir sp\u00e9cial avec la Carte Notre Premier Baiser &#8211; rep\u00e9rez l&#8217;endroit o\u00f9 votre histoire d&#8217;amour a commenc\u00e9 avec votre premier baiser<\/li>\n<li>Marquer un endroit sp\u00e9cial avec un symbole choisi<\/li>\n<li>Personnalisez en 3 \u00e9tapes simples<\/li>\n<li>Incluez un texte personnalis\u00e9 significatif<\/li>\n<li>Vois le r\u00e9sultat imm\u00e9diatement \u2013 l\u2019aper\u00e7u interactif te permet de peaufiner chaque d\u00e9tail<\/li>\n<\/ul>\n","protected":false},"featured_media":1461544,"template":"","meta":[],"product_brand":[],"product_cat":[104,7187,8006,7685],"product_tag":[8518],"class_list":{"0":"post-629289","1":"product","2":"type-product","3":"status-publish","4":"has-post-thumbnail","6":"product_cat-tous-les-produits","7":"product_cat-map-fr","8":"product_cat-cadeaux-pour-hommes","9":"product_cat-cadeaux-pour-femmes","10":"product_tag-couples-fr","12":"first","13":"instock","14":"sale","15":"taxable","16":"shipping-taxable","17":"purchasable","18":"product-type-variable"},"yoast_head":"<!-- This site is optimized with the Yoast SEO Premium plugin v27.2 (Yoast SEO v27.2) - https:\/\/yoast.com\/product\/yoast-seo-premium-wordpress\/ -->\n<title>Carte Notre Premier Baiser - Positive Prints<\/title>\n<meta name=\"robots\" content=\"index, follow, max-snippet:-1, max-image-preview:large, max-video-preview:-1\" \/>\n<link rel=\"canonical\" href=\"https:\/\/positiveprints.com\/fr\/produit\/carte-notre-premier-baiser\/\" \/>\n<meta property=\"og:locale\" content=\"fr_FR\" \/>\n<meta property=\"og:type\" content=\"article\" \/>\n<meta property=\"og:title\" content=\"Carte Notre Premier Baiser\" \/>\n<meta property=\"og:description\" content=\"Cr\u00e9ez un souvenir sp\u00e9cial avec la Carte Notre Premier Baiser - rep\u00e9rez l&#039;endroit o\u00f9 votre histoire d&#039;amour a commenc\u00e9 avec votre premier baiser Marquer un endroit sp\u00e9cial avec un symbole choisi Personnalisez en 3 \u00e9tapes simples Incluez un texte personnalis\u00e9 significatif Vois le r\u00e9sultat imm\u00e9diatement \u2013 l\u2019aper\u00e7u interactif te permet de peaufiner chaque d\u00e9tail\" \/>\n<meta property=\"og:url\" content=\"https:\/\/positiveprints.com\/fr\/produit\/carte-notre-premier-baiser\/\" \/>\n<meta property=\"og:site_name\" content=\"Positive Prints\" \/>\n<meta property=\"article:publisher\" content=\"https:\/\/www.facebook.com\/positiveprintscom\" \/>\n<meta property=\"article:modified_time\" content=\"2026-04-28T14:04:28+00:00\" \/>\n<meta property=\"og:image\" content=\"https:\/\/positiveprints.com\/wp-content\/uploads\/2023\/09\/Carte-Notre-Premier-Baiser.jpg\" \/>\n\t<meta property=\"og:image:width\" content=\"1080\" \/>\n\t<meta property=\"og:image:height\" content=\"1080\" \/>\n\t<meta property=\"og:image:type\" content=\"image\/jpeg\" \/>\n<meta name=\"twitter:card\" content=\"summary_large_image\" \/>\n<!-- \/ Yoast SEO Premium plugin. -->","yoast_head_json":{"title":"Carte Notre Premier Baiser - Positive Prints","robots":{"index":"index","follow":"follow","max-snippet":"max-snippet:-1","max-image-preview":"max-image-preview:large","max-video-preview":"max-video-preview:-1"},"canonical":"https:\/\/positiveprints.com\/fr\/produit\/carte-notre-premier-baiser\/","og_locale":"fr_FR","og_type":"article","og_title":"Carte Notre Premier Baiser","og_description":"Cr\u00e9ez un souvenir sp\u00e9cial avec la Carte Notre Premier Baiser - rep\u00e9rez l'endroit o\u00f9 votre histoire d'amour a commenc\u00e9 avec votre premier baiser Marquer un endroit sp\u00e9cial avec un symbole choisi Personnalisez en 3 \u00e9tapes simples Incluez un texte personnalis\u00e9 significatif Vois le r\u00e9sultat imm\u00e9diatement \u2013 l\u2019aper\u00e7u interactif te permet de peaufiner chaque d\u00e9tail","og_url":"https:\/\/positiveprints.com\/fr\/produit\/carte-notre-premier-baiser\/","og_site_name":"Positive Prints","article_publisher":"https:\/\/www.facebook.com\/positiveprintscom","article_modified_time":"2026-04-28T14:04:28+00:00","og_image":[{"width":1080,"height":1080,"url":"https:\/\/positiveprints.com\/wp-content\/uploads\/2023\/09\/Carte-Notre-Premier-Baiser.jpg","type":"image\/jpeg"}],"twitter_card":"summary_large_image","schema":{"@context":"https:\/\/schema.org","@graph":[{"@type":["WebPage","ItemPage"],"@id":"https:\/\/positiveprints.com\/fr\/produit\/carte-notre-premier-baiser\/","url":"https:\/\/positiveprints.com\/fr\/produit\/carte-notre-premier-baiser\/","name":"Carte Notre Premier Baiser - Positive Prints","isPartOf":{"@id":"https:\/\/positiveprints.com\/fr\/#website"},"primaryImageOfPage":{"@id":"https:\/\/positiveprints.com\/fr\/produit\/carte-notre-premier-baiser\/#primaryimage"},"image":{"@id":"https:\/\/positiveprints.com\/fr\/produit\/carte-notre-premier-baiser\/#primaryimage"},"thumbnailUrl":"https:\/\/positiveprints.com\/wp-content\/uploads\/2025\/06\/Packshot_FR_Carte-Notre-Premier-Baiser.webp","datePublished":"2023-06-29T14:56:53+00:00","dateModified":"2026-04-28T14:04:28+00:00","breadcrumb":{"@id":"https:\/\/positiveprints.com\/fr\/produit\/carte-notre-premier-baiser\/#breadcrumb"},"inLanguage":"fr-FR","potentialAction":[{"@type":"ReadAction","target":["https:\/\/positiveprints.com\/fr\/produit\/carte-notre-premier-baiser\/"]}]},{"@type":"ImageObject","inLanguage":"fr-FR","@id":"https:\/\/positiveprints.com\/fr\/produit\/carte-notre-premier-baiser\/#primaryimage","url":"https:\/\/positiveprints.com\/wp-content\/uploads\/2025\/06\/Packshot_FR_Carte-Notre-Premier-Baiser.webp","contentUrl":"https:\/\/positiveprints.com\/wp-content\/uploads\/2025\/06\/Packshot_FR_Carte-Notre-Premier-Baiser.webp","width":1450,"height":1450,"caption":"Packshot_FR_Carte Notre Premier Baiser"},{"@type":"BreadcrumbList","@id":"https:\/\/positiveprints.com\/fr\/produit\/carte-notre-premier-baiser\/#breadcrumb","itemListElement":[{"@type":"ListItem","position":1,"name":"Home","item":"https:\/\/positiveprints.com\/fr\/"},{"@type":"ListItem","position":2,"name":"Produits","item":"https:\/\/positiveprints.com\/fr\/shop\/"},{"@type":"ListItem","position":3,"name":"Carte Notre Premier Baiser"}]},{"@type":"WebSite","@id":"https:\/\/positiveprints.com\/fr\/#website","url":"https:\/\/positiveprints.com\/fr\/","name":"Positive Prints","description":"Amazing Custom Personalized Gifts","publisher":{"@id":"https:\/\/positiveprints.com\/fr\/#organization"},"potentialAction":[{"@type":"SearchAction","target":{"@type":"EntryPoint","urlTemplate":"https:\/\/positiveprints.com\/fr\/?s={search_term_string}"},"query-input":{"@type":"PropertyValueSpecification","valueRequired":true,"valueName":"search_term_string"}}],"inLanguage":"fr-FR"},{"@type":"Organization","@id":"https:\/\/positiveprints.com\/fr\/#organization","name":"Positive Prints","alternateName":"Positive Prints","url":"https:\/\/positiveprints.com\/fr\/","logo":{"@type":"ImageObject","inLanguage":"fr-FR","@id":"https:\/\/positiveprints.com\/fr\/#\/schema\/logo\/image\/","url":"https:\/\/positiveprints.com\/wp-content\/uploads\/2026\/03\/245815646_1337939713319158_5671353136411139666_n.png","contentUrl":"https:\/\/positiveprints.com\/wp-content\/uploads\/2026\/03\/245815646_1337939713319158_5671353136411139666_n.png","width":800,"height":800,"caption":"Positive Prints"},"image":{"@id":"https:\/\/positiveprints.com\/fr\/#\/schema\/logo\/image\/"},"sameAs":["https:\/\/www.facebook.com\/positiveprintscom","https:\/\/www.instagram.com\/positiveprintscom\/","https:\/\/www.tiktok.com\/@positiveprintscom","https:\/\/www.pinterest.com\/positiveprintscom\/"]}]}},"jetpack_sharing_enabled":true,"_links":{"self":[{"href":"https:\/\/positiveprints.com\/fr\/wp-json\/wp\/v2\/product\/629289","targetHints":{"allow":["GET"]}}],"collection":[{"href":"https:\/\/positiveprints.com\/fr\/wp-json\/wp\/v2\/product"}],"about":[{"href":"https:\/\/positiveprints.com\/fr\/wp-json\/wp\/v2\/types\/product"}],"wp:featuredmedia":[{"embeddable":true,"href":"https:\/\/positiveprints.com\/fr\/wp-json\/wp\/v2\/media\/1461544"}],"wp:attachment":[{"href":"https:\/\/positiveprints.com\/fr\/wp-json\/wp\/v2\/media?parent=629289"}],"wp:term":[{"taxonomy":"product_brand","embeddable":true,"href":"https:\/\/positiveprints.com\/fr\/wp-json\/wp\/v2\/product_brand?post=629289"},{"taxonomy":"product_cat","embeddable":true,"href":"https:\/\/positiveprints.com\/fr\/wp-json\/wp\/v2\/product_cat?post=629289"},{"taxonomy":"product_tag","embeddable":true,"href":"https:\/\/positiveprints.com\/fr\/wp-json\/wp\/v2\/product_tag?post=629289"}],"curies":[{"name":"wp","href":"https:\/\/api.w.org\/{rel}","templated":true}]}}